{"id":19840,"date":"2025-07-31T18:56:46","date_gmt":"2025-07-31T18:56:46","guid":{"rendered":"https:\/\/lightgray-crow-170497.hostingersite.com\/?post_type=product&#038;p=19840"},"modified":"2025-09-30T21:08:18","modified_gmt":"2025-09-30T21:08:18","slug":"salie-salie-de-barista-touch-impress-koud","status":"publish","type":"product","link":"https:\/\/routinesfashione.com\/fr\/produit\/salie-salie-de-barista-touch-impress-koud\/","title":{"rendered":"Salie Salie De Barista Touch Impress Koud"},"content":{"rendered":"<p>Geniet van een stap-voor-stap barista-begeleiding binnen handbereik. Met realtime feedback navigeert de Barista Touch Impress u door het Impress\u2122 Puck System, de precieze extractie en het hands-free zijdezacht microschuim. Het\u00a0ThermoJet\u00ae\u00a0verwarmingssysteem heeft een opwarmtijd van 3 seconden, wat betekent dat u sneller dan ooit van boon tot kopje gaat.<\/p>\n<p>&nbsp;<\/p>\n<h2>ERVAAR DE DERDE GOLF SPECIALTY KOFFIE BIJ U THUIS, MOGELIJK GEMAAKT DOOR DE FORMULE VAN DE 4 SLEUTELS<\/h2>\n<p>&nbsp;<\/p>\n<p>Onze espressomachines bevatten de formule met 4 sleutels die door professionele koffiemachines wordt gebruikt. Ze zijn ontworpen om de juiste dosis versgemalen bonen te gebruiken, zorgen voor een nauwkeurige temperatuurregeling, optimale waterdruk en cre\u00ebren echte micro-melkschuim dat essentieel is voor latte kunstwerkje. U bent er slechts een aanraking van verwijderd.<\/p>\n<p>&nbsp;<\/p>\n<h2>BARISTA-BEGELEIDING<\/h2>\n<p>&nbsp;<\/p>\n<p>Een stap-voor-stap begeleiding met realtime feedback van het\u00a0Impress\u2122 Puck System, precieze extractie &amp; hands-free zijdezacht microschuim.<\/p>\n<p>&nbsp;<\/p>\n<h2>IMPRESS\u2122 PUCK SYSTEM. MINDER ROTZOOI. MINDER DRUKTE.<\/h2>\n<p>&nbsp;<\/p>\n<p>Intelligent doseren, ondersteund 10kg aandrukken en automatische correctie van de volgende dosering voor een nauwkeurige puck, afgewerkt met een 7\u00ba barista-twist. De benodigde stappen voor het malen, doseren en aandrukken voor een indrukwekkende puck worden vereenvoudigd.<\/p>\n<p>&nbsp;<\/p>\n<h2>AUTO MILQ HANDS-FREE MICROSCHUIM<\/h2>\n<p>&nbsp;<\/p>\n<p>Met het automatische stoompijpje kunt u de melktemperatuur instellen van 40\u00baC tot 75\u00baC met een keuze uit 8 textuurniveaus afhankelijk van uw voorkeur. Het levert zijdezacht microschuim met minstens een miljoen microbelletjes per ml dat de smaak van de koffie versterkt en essentieel is voor het cre\u00ebren van latte kunstwerkjes.<\/p>\n<p>&nbsp;<\/p>\n<h2>ALTERNATIEVE MELKINSTELLINGEN<\/h2>\n<p>&nbsp;<\/p>\n<p>De Auto MilQ functie heeft drie nieuwe alternatieve melkinstellingen die de luchtinjectietijd en -temperatuur afstemmen op het type melk dat u kiest.<\/p>\n<p>&nbsp;<\/p>\n<h2>THERMOJET\u00ae VERWARMINGSSYSTEEM<\/h2>\n<p>&nbsp;<\/p>\n<p>Het innovatieve\u00a0ThermoJet\u00ae\u00a0verwarmingssysteem bereikt de optimale extractietemperatuur in 3 seconden. Klaar om uw beste koffie te zetten zonder te wachten. Het verbruikt jaarlijks tot 32% minder energie in vergelijking met een Thermoblock verwarmingssysteem.<\/p>\n<p>&nbsp;<\/p>\n<h2>BARATZA EUROPESE PRECISIEMALERS MET 30 MAALINSTELLINGEN<\/h2>\n<p>&nbsp;<\/p>\n<p>Met \u00e9\u00e9n druk op de knop levert de ge\u00efntegreerde, geharde stalen precisie-koffiemolen met doseerregeling de juiste hoeveelheid koffie op verzoek, voor een maximale smaak.<\/p>\n<p>&nbsp;<\/p>\n<h2>INDRUKWEKKENDE TOUCHSCREEN-ERVARING<\/h2>\n<p>&nbsp;<\/p>\n<p>Het verbeterde touchscreen begeleidt u bij elke stap om uw perfecte koffie te maken, alles binnen handbereik. Swipe en kies uit de 8 voorgeprogrammeerde favoriete koffierecepten (Flat White, Latte, Cappuccino, Espresso, Long Black, Babyccino, Hot Chocolate &amp; Thee) of pas tot 8 dranken aan uw persoonlijke smaak aan.<\/p>\n<p>&nbsp;<\/p>\n<h2>ACCESSOIRES INBEGREPEN<\/h2>\n<p>&nbsp;<\/p>\n<p>\u2013 54 mm roestvrijstalen portafilter<\/p>\n<p>\u2013 480 ml roestvrijstalen melkkannetje<\/p>\n<p>\u2013 1 &amp; 2 kopjes enkel- en dubbelwandige filterkorven<\/p>\n<p>\u2013 Waterfilterhouder met filter<\/p>\n<p>\u2013 Waterhardheidsstrip<\/p>\n<p>\u2013 De Razor\u2122 precisietool<\/p>\n<p>\u2013 Reinigingstabletten<\/p>\n<p>\u2013 Reinigingstool voor het stoompijpje<\/p>\n<p>\u2013 Reinigingsschijf<\/p>\n<p>\u2013 Reinigingsborstel<\/p>\n<p>\u2013 Ontkalkingspoeder<\/p>","protected":false},"excerpt":{"rendered":"<p>Geniet van een stap-voor-stap barista-begeleiding binnen handbereik. Met realtime feedback navigeert de Barista Touch Impress u door het Impress\u2122 Puck<\/p>","protected":false},"featured_media":19841,"template":"","meta":[],"product_brand":[],"product_cat":[70],"product_tag":[71],"product_country":[1504],"class_list":{"0":"post-19840","1":"product","2":"type-product","3":"status-publish","4":"has-post-thumbnail","6":"product_cat-cofee-machine","7":"product_tag-cofee-machine","8":"product_country-netherlands","10":"first","11":"instock","12":"sale","13":"taxable","14":"shipping-taxable","15":"purchasable","16":"product-type-simple"},"_links":{"self":[{"href":"https:\/\/routinesfashione.com\/fr\/wp-json\/wp\/v2\/product\/19840","targetHints":{"allow":["GET"]}}],"collection":[{"href":"https:\/\/routinesfashione.com\/fr\/wp-json\/wp\/v2\/product"}],"about":[{"href":"https:\/\/routinesfashione.com\/fr\/wp-json\/wp\/v2\/types\/product"}],"wp:featuredmedia":[{"embeddable":true,"href":"https:\/\/routinesfashione.com\/fr\/wp-json\/wp\/v2\/media\/19841"}],"wp:attachment":[{"href":"https:\/\/routinesfashione.com\/fr\/wp-json\/wp\/v2\/media?parent=19840"}],"wp:term":[{"taxonomy":"product_brand","embeddable":true,"href":"https:\/\/routinesfashione.com\/fr\/wp-json\/wp\/v2\/product_brand?post=19840"},{"taxonomy":"product_cat","embeddable":true,"href":"https:\/\/routinesfashione.com\/fr\/wp-json\/wp\/v2\/product_cat?post=19840"},{"taxonomy":"product_tag","embeddable":true,"href":"https:\/\/routinesfashione.com\/fr\/wp-json\/wp\/v2\/product_tag?post=19840"},{"taxonomy":"product_country","embeddable":true,"href":"https:\/\/routinesfashione.com\/fr\/wp-json\/wp\/v2\/product_country?post=19840"}],"curies":[{"name":"wp","href":"https:\/\/api.w.org\/{rel}","templated":true}]}}