{"id":19949,"date":"2025-07-31T21:14:48","date_gmt":"2025-07-31T21:14:48","guid":{"rendered":"https:\/\/lightgray-crow-170497.hostingersite.com\/?post_type=product&#038;p=19949"},"modified":"2025-09-30T21:08:27","modified_gmt":"2025-09-30T21:08:27","slug":"saeco-xelsis-suprema-sm8889-00-volautomatische-espressomachine","status":"publish","type":"product","link":"https:\/\/routinesfashione.com\/fr\/produit\/saeco-xelsis-suprema-sm8889-00-volautomatische-espressomachine\/","title":{"rendered":"Saeco Xelsis Suprema SM8889\/00 volautomatische espressomachine"},"content":{"rendered":"<article class=\"sc-7fcbbc1f-0 ihqGrz sc-68b91a9c-4 kuUh\">\n<div class=\"sc-68b91a9c-0 igWFex\">\n<h2 class=\"sc-5a9f6c31-0 ikjqGW\">Productbeschrijving<\/h2>\n<p class=\"sc-5a9f6c31-0 bxlJPN\">De Saeco Xelsis Suprema SM8889\/00 is een volautomatische espressomachine met ge\u00efntegreerde wifi-connectiviteit. Met dit apparaat heb je de keuze uit maar liefst 22 heerlijke koffierecepten, van cappuccino en espresso tot ristretto en flat white.<\/p>\n<\/div>\n<\/article>\n<article class=\"sc-7fcbbc1f-0 ihqGrz sc-68b91a9c-4 kuUh\">\n<div class=\"sc-12cd655e-2 TAYCs\">\n<figure>\n<div class=\"sc-525a704d-0 bUWdVX\"><\/div>\n<\/figure>\n<\/div>\n<div class=\"sc-68b91a9c-0 igWFex\">\n<h3 class=\"sc-5a9f6c31-0 dWZqHK sc-68b91a9c-1 ksKXgn\">Tot in de kleinste details gepersonaliseerd<\/h3>\n<p class=\"sc-5a9f6c31-0 bxlJPN\">De Xelsis Suprema SM8889\/00 is uitgerust met 3 voorgeprogrammeerde CoffeeMaestro-smaakprofielen: Delicato, Intenso en Forte. Het apparaat beschikt verder over 22 koffierecepten, waaronder Americano, Caff\u00e8 latte, Koffie verkeerd, Cappuccino, Espresso, Espresso Lungo, Flat White, Gal\u00e3o, Heet water, Italiaanse cappuccino, Kleiner Brauner, Latte macchiato, Ristretto, Verl\u00e4ngerter en Warme melk. Dankzij deze ruime keuze zit er altijd wel een koffie-of melkspecialiteit tussen die jij lekker vindt. Verfijn jouw kopje koffie met de Coffee Equalizer Touch+ om zelf de temperatuur, sterkte en hoeveelheid te bepalen. Gebruik LattePerfetto om jouw drank een finishing touch met zijdezacht melkschuim te geven.<\/p>\n<\/div>\n<\/article>\n<article class=\"sc-7fcbbc1f-0 ihqGrz sc-68b91a9c-4 kuUh\">\n<div class=\"sc-12cd655e-2 TAYCs\">\n<figure>\n<div class=\"sc-525a704d-0 bUWdVX\"><\/div>\n<\/figure>\n<\/div>\n<div class=\"sc-68b91a9c-0 igWFex\">\n<h3 class=\"sc-5a9f6c31-0 dWZqHK sc-68b91a9c-1 ksKXgn\">Langdurige smaak en versheid<\/h3>\n<p class=\"sc-5a9f6c31-0 bxlJPN\">De espressomachine heeft een luxe design en is voorzien van een 7.84-inch intu\u00eftief kleurendisplay met handig touchscreen. Hierop maak jij eenvoudig jouw selectie uit een wereld van koffievarianten. Ook controleer je hier de status van jouw machine via het onderhoudsdashboard. Zo kom je niet voor verrassingen te staan. Het koffiezetapparaat is geschikt voor koffiebonen en gemalen koffie. De koffiebonen worden gemalen in een duurzame molen van 100% keramiek. Ongemalen bonen worden in het AromaSeal-bonenreservoir bewaard. Dit reservoir heeft een speciale sluiting om de smaak en langdurige versheid van jouw bonen te garanderen.<\/p>\n<\/div>\n<\/article>\n<article class=\"sc-7fcbbc1f-0 ihqGrz sc-68b91a9c-4 kuUh\">\n<div class=\"sc-12cd655e-2 TAYCs\">\n<figure>\n<div class=\"sc-525a704d-0 bUWdVX\"><\/div>\n<\/figure>\n<\/div>\n<div class=\"sc-68b91a9c-0 igWFex\">\n<h3 class=\"sc-5a9f6c31-0 dWZqHK sc-68b91a9c-1 ksKXgn\">Ge\u00efntegreerde wifi-connectiviteit<\/h3>\n<p class=\"sc-5a9f6c31-0 bxlJPN\">Het apparaat is uitgerust met ge\u00efntegreerde wifi-connectiviteit. Hiermee download en installeer jij eenvoudig nieuwe content, zoals seizoensgebonden koffierecepten en tutorials. De Xelsis Suprema SM8889\/00 is daarnaast in staat om 6 tot 8 gebruikersprofielen met ingestelde smaakvoorkeuren op te slaan. Zo drink jij jouw favoriete koffie- of melkspecialiteit met slechts \u00e9\u00e9n druk op de knop. De espressomachine is verder voorzien van een AquaClean-waterfilter dat de kwaliteit van jouw koffie verbetert door water te filteren en kalkaanslag te voorkomen. HygieSteam-technologie helpt jou ook nog eens om binnen enkele seconden 99,99% van de micro-organismen uit jouw melksysteem te verwijderen.<\/p>\n<\/div>\n<\/article>\n<article class=\"sc-7fcbbc1f-0 ihqGrz sc-68b91a9c-4 kuUh\">\n<div class=\"sc-12cd655e-2 TAYCs\">\n<figure>\n<div class=\"sc-525a704d-0 bUWdVX\"><\/div>\n<\/figure>\n<\/div>\n<div class=\"sc-68b91a9c-0 igWFex\">\n<h3 class=\"sc-5a9f6c31-0 dWZqHK sc-68b91a9c-1 ksKXgn\">Direct van start<\/h3>\n<p class=\"sc-5a9f6c31-0 bxlJPN\">De machine beschikt over een krachtig vermogen van 1.500 watt. In combinatie met de LatteDuo 2-kops-functie zet jij in een handomdraai meerdere kopjes koffie achter elkaar. Dit is handig wanneer je een groot gezin hebt of als er visite langskomt. De machine is daarnaast voorzien van een pompdruk van 15 bar. Met deze hoge pompdruk komt elke koffiespecialiteit tot zijn recht. Het apparaat wordt verder met diverse onderdelen en accessoires geleverd, waaronder een melkreservoir, melkslang, AquaClean-filter, maatschepje, tester voor waterhardheid en tube met smeermiddel. Zo heb jij alles in huis om direct van start te gaan.<\/p>\n<\/div>\n<\/article>","protected":false},"excerpt":{"rendered":"<p>Productbeschrijving De Saeco Xelsis Suprema SM8889\/00 is een volautomatische espressomachine met ge\u00efntegreerde wifi-connectiviteit. Met dit apparaat heb je de keuze<\/p>","protected":false},"featured_media":19950,"template":"","meta":[],"product_brand":[],"product_cat":[70],"product_tag":[71],"product_country":[1504],"class_list":{"0":"post-19949","1":"product","2":"type-product","3":"status-publish","4":"has-post-thumbnail","6":"product_cat-cofee-machine","7":"product_tag-cofee-machine","8":"product_country-netherlands","10":"first","11":"instock","12":"sale","13":"taxable","14":"shipping-taxable","15":"purchasable","16":"product-type-simple"},"_links":{"self":[{"href":"https:\/\/routinesfashione.com\/fr\/wp-json\/wp\/v2\/product\/19949","targetHints":{"allow":["GET"]}}],"collection":[{"href":"https:\/\/routinesfashione.com\/fr\/wp-json\/wp\/v2\/product"}],"about":[{"href":"https:\/\/routinesfashione.com\/fr\/wp-json\/wp\/v2\/types\/product"}],"wp:featuredmedia":[{"embeddable":true,"href":"https:\/\/routinesfashione.com\/fr\/wp-json\/wp\/v2\/media\/19950"}],"wp:attachment":[{"href":"https:\/\/routinesfashione.com\/fr\/wp-json\/wp\/v2\/media?parent=19949"}],"wp:term":[{"taxonomy":"product_brand","embeddable":true,"href":"https:\/\/routinesfashione.com\/fr\/wp-json\/wp\/v2\/product_brand?post=19949"},{"taxonomy":"product_cat","embeddable":true,"href":"https:\/\/routinesfashione.com\/fr\/wp-json\/wp\/v2\/product_cat?post=19949"},{"taxonomy":"product_tag","embeddable":true,"href":"https:\/\/routinesfashione.com\/fr\/wp-json\/wp\/v2\/product_tag?post=19949"},{"taxonomy":"product_country","embeddable":true,"href":"https:\/\/routinesfashione.com\/fr\/wp-json\/wp\/v2\/product_country?post=19949"}],"curies":[{"name":"wp","href":"https:\/\/api.w.org\/{rel}","templated":true}]}}