{"id":200,"date":"2025-09-30T20:55:54","date_gmt":"2025-09-30T20:55:54","guid":{"rendered":"https:\/\/lightgray-crow-170497.hostingersite.com\/?post_type=product&#038;p=200"},"modified":"2025-09-30T20:55:54","modified_gmt":"2025-09-30T20:55:54","slug":"tronconneuse-stihl-ms-400-c-m","status":"publish","type":"product","link":"https:\/\/routinesfashione.com\/fr\/produit\/tronconneuse-stihl-ms-400-c-m\/","title":{"rendered":"D\u00e9broussailleuse Stihl MS 400 CM"},"content":{"rendered":"<p>Premi\u00e8re tron\u00e7onneuse dot\u00e9e d&#039;un piston en magn\u00e9sium pour une plus grande long\u00e9vit\u00e9. Tr\u00e8s bonnes performances pour les travaux dans les personnes de moyenne densit\u00e9. Le syst\u00e8me de filtre \u00e0 air longue dur\u00e9e avec le filtre HD2 garantit une filtration tr\u00e8s efficace, M-Tronic verse une puissance moteur \u00e0 l&#039;ouverture optimale et facile dans une position d&#039;ouverture et une fonction du bouton de l&#039;alarme Imperdable sur le couvercle du pignon facilitent le remplacement de la cha\u00eene, moteur 2-MIX \u00e9conomique.<\/p>\n<p>Poids sans carburateur, avec \u00e9quipement coup\u00e9.<\/p>\n<p>\u00c9quipements de s\u00e9rie :<\/p>\n<ul>\n<li>Moteur 2-MIX Stihl<\/li>\n<li>Piston en magn\u00e9sium<\/li>\n<li>Filtre HD2<\/li>\n<li>Levier combin\u00e9<\/li>\n<li>Syst\u00e8me de filtre \u00e0 air longue dur\u00e9e avec s\u00e9paration pr\u00e9liminaire<\/li>\n<li><span dir=\"auto\" style=\"vertical-align: inherit;\">Stihl M-Tronic (M)<\/span><\/li>\n<li>Imperm\u00e9able<\/li>\n<li>Syst\u00e8me anti-vibration Stihl<\/li>\n<li>Soupape de d\u00e9compression<\/li>\n<li>Compensateur<\/li>\n<li>Pumpe \u00e0 huile \u00e0 d\u00e9bit r\u00e9glable<\/li>\n<li>Tendeur de cha\u00eene lat\u00e9rale<\/li>\n<li>Syst\u00e8me Stihl ElastoStart<\/li>\n<li>Syst\u00e8me Ematic<\/li>\n<li>Pr\u00e9chauffage du carburateur<\/li>\n<li>Bouchons de r\u00e9servoir \u00e0 ouverture sans outil<\/li>\n<\/ul>\n<p>Techniques caract\u00e9ristiques :<\/p>\n<ul>\n<li>Poids du syst\u00e8me sans carburant, avec guide-cha\u00eene et cha\u00eene : 6,97 \/ 7,13 kg<\/li>\n<li>Longueur du guide : 40-45 cm<\/li>\n<li><span dir=\"auto\" style=\"vertical-align: inherit;\">CO2 : 656 g\/kWh<\/span><\/li>\n<li>Poids sans carburant, sans guide, sans cha\u00eene : 5,8 kg<\/li>\n<li>Cylindr\u00e9e : 66,8 cm\u00b3<\/li>\n<li>Niveau de pression acoustique : 107 dB(A)<\/li>\n<li>Pas de cha\u00eene : 3\/8\u2033<\/li>\n<li>Rapport poids\/puissance : 1,45 kg\/kW<\/li>\n<li>Niveau de puissance acoustique : 118 dB(A)<\/li>\n<li>Puissance : 4,0\/5,4 kW\/CV<\/li>\n<li>Indice de vibration gauche\/droite : 3,5\/3,5 m\/s\u00b2<\/li>\n<\/ul>","protected":false},"excerpt":{"rendered":"<p>Premi\u00e8re tron\u00e7onneuse dot\u00e9e d&#8217;un piston en magn\u00e9sium pour une plus grande long\u00e9vit\u00e9. Tr\u00e8s bonnes performances pour les travaux dans les<\/p>","protected":false},"featured_media":12962,"template":"","meta":[],"product_brand":[],"product_cat":[61],"product_tag":[],"product_country":[1503],"class_list":{"0":"post-200","1":"product","2":"type-product","3":"status-publish","4":"has-post-thumbnail","6":"product_cat-sale-france","7":"product_country-france","9":"first","10":"instock","11":"sale","12":"taxable","13":"shipping-taxable","14":"purchasable","15":"product-type-simple"},"_links":{"self":[{"href":"https:\/\/routinesfashione.com\/fr\/wp-json\/wp\/v2\/product\/200","targetHints":{"allow":["GET"]}}],"collection":[{"href":"https:\/\/routinesfashione.com\/fr\/wp-json\/wp\/v2\/product"}],"about":[{"href":"https:\/\/routinesfashione.com\/fr\/wp-json\/wp\/v2\/types\/product"}],"wp:featuredmedia":[{"embeddable":true,"href":"https:\/\/routinesfashione.com\/fr\/wp-json\/wp\/v2\/media\/12962"}],"wp:attachment":[{"href":"https:\/\/routinesfashione.com\/fr\/wp-json\/wp\/v2\/media?parent=200"}],"wp:term":[{"taxonomy":"product_brand","embeddable":true,"href":"https:\/\/routinesfashione.com\/fr\/wp-json\/wp\/v2\/product_brand?post=200"},{"taxonomy":"product_cat","embeddable":true,"href":"https:\/\/routinesfashione.com\/fr\/wp-json\/wp\/v2\/product_cat?post=200"},{"taxonomy":"product_tag","embeddable":true,"href":"https:\/\/routinesfashione.com\/fr\/wp-json\/wp\/v2\/product_tag?post=200"},{"taxonomy":"product_country","embeddable":true,"href":"https:\/\/routinesfashione.com\/fr\/wp-json\/wp\/v2\/product_country?post=200"}],"curies":[{"name":"wp","href":"https:\/\/api.w.org\/{rel}","templated":true}]}}