{"id":20094,"date":"2025-07-31T22:57:27","date_gmt":"2025-07-31T22:57:27","guid":{"rendered":"https:\/\/lightgray-crow-170497.hostingersite.com\/?post_type=product&#038;p=20094"},"modified":"2025-09-30T21:17:57","modified_gmt":"2025-09-30T21:17:57","slug":"jura-j8-volautomatische-koffiemachine","status":"publish","type":"product","link":"https:\/\/routinesfashione.com\/fr\/produit\/jura-j8-volautomatische-koffiemachine\/","title":{"rendered":"Jura J8 Volautomatische Koffiemachine"},"content":{"rendered":"<h2 class=\"sc-5a9f6c31-0 ikjqGW\">Productbeschrijving<\/h2>\n<div class=\"sc-b727945a-0 dmuKvL\" aria-hidden=\"true\"><\/div>\n<div id=\"description-content\" class=\"sc-70c7237b-6 biLfRQ\">\n<div class=\"sc-5a9f6c31-0 bxlJPN sc-ca7874f-0 fxZZEq\" data-test=\"pdp-description-pim-fallback\">\n<p>Voor een heerlijk koffieresultaat kies je voor de JURA J8 Piano Black (EA), de nieuwe aanvulling op de populaire J-serie. Of je nu trek hebt in een koffieklassieker of een specialiteit, de J8 zet hem voor je met slechts een druk op de knop. Deze volautomatische espressomachine is voorzien van allerlei technische snufjes. Zo aromatiseert de Sweet Foam-functie het melkschuim met een siroop naar keuze, precies zo zoet en intens als jij lekker vindt. De P.A.G.2+-molen houdt de maalgraad nauwkeurig in de gaten en de innovatieve zetgroep maakt gebruik van een 3D-bereidingsproces. Het resultaat is een heerlijke smaaksensatie. Dankzij de functie Coffee Eye herkent het apparaat het kopje en past het automatisch de beschikbare selectie aan op het display. Zelfs onderhoud is zeer eenvoudig: met de One Touch-melksysteemreiniging is dat zo gebeurd. Zo houd je meer tijd over om van je heerlijke kop koffie te genieten.<\/p>\n<h2 class=\"sc-5a9f6c31-0 ikjqGW\">Specificaties<\/h2>\n<div class=\"sc-b727945a-0 dmuKvL\" aria-hidden=\"true\"><\/div>\n<div id=\"features-content\" class=\"sc-70c7237b-6 biLfRQ\">\n<div class=\"sc-87c66558-0 hmoqqz\">\n<div data-test=\"collapse\">\n<div>\n<table class=\"sc-43bf5cfc-0 gVHLDp\">\n<thead class=\"sc-4d4fd441-0 fAxnSG\">\n<tr class=\"sc-dfa23c87-0 dkdsfi\">\n<th class=\"sc-9e8571b8-0 bhLnJg\" colspan=\"2\">\n<p class=\"sc-5a9f6c31-0 kvhKHl\">Technische eigenschappen<\/p>\n<\/th>\n<\/tr>\n<\/thead>\n<tbody class=\"sc-18c0a0ab-0 hjSrbh\">\n<tr class=\"sc-dfa23c87-0 dkdsfi\">\n<td class=\"sc-9e8571b8-0 junRgl\">\n<p class=\"sc-5a9f6c31-0 ejfRGP\">Producttype<\/p>\n<\/td>\n<td class=\"sc-9e8571b8-0 loUfPT sc-87c66558-1 fFFFYO\">\n<p class=\"sc-5a9f6c31-0 bMHOgx\">Volautomatische espressomachine<\/p>\n<\/td>\n<\/tr>\n<tr class=\"sc-dfa23c87-0 dkdsfi\">\n<td class=\"sc-9e8571b8-0 junRgl\">\n<p class=\"sc-5a9f6c31-0 ejfRGP\">Model<\/p>\n<\/td>\n<td class=\"sc-9e8571b8-0 loUfPT sc-87c66558-1 fFFFYO\">\n<p class=\"sc-5a9f6c31-0 bMHOgx\">J8<\/p>\n<\/td>\n<\/tr>\n<tr class=\"sc-dfa23c87-0 dkdsfi\">\n<td class=\"sc-9e8571b8-0 junRgl\">\n<p class=\"sc-5a9f6c31-0 ejfRGP\">Maximaal vermogen<\/p>\n<\/td>\n<td class=\"sc-9e8571b8-0 loUfPT sc-87c66558-1 fFFFYO\">\n<p class=\"sc-5a9f6c31-0 bMHOgx\">1450 W<\/p>\n<\/td>\n<\/tr>\n<tr class=\"sc-dfa23c87-0 dkdsfi\">\n<td class=\"sc-9e8571b8-0 junRgl\">\n<p class=\"sc-5a9f6c31-0 ejfRGP\">Inhoud watertank<\/p>\n<\/td>\n<td class=\"sc-9e8571b8-0 loUfPT sc-87c66558-1 fFFFYO\">\n<p class=\"sc-5a9f6c31-0 bMHOgx\">1.9 l<\/p>\n<\/td>\n<\/tr>\n<tr class=\"sc-dfa23c87-0 dkdsfi\">\n<td class=\"sc-9e8571b8-0 junRgl\">\n<p class=\"sc-5a9f6c31-0 ejfRGP\">Pompdruk<\/p>\n<\/td>\n<td class=\"sc-9e8571b8-0 loUfPT sc-87c66558-1 fFFFYO\">\n<p class=\"sc-5a9f6c31-0 bMHOgx\">15 bars<\/p>\n<\/td>\n<\/tr>\n<tr class=\"sc-dfa23c87-0 dkdsfi\">\n<td class=\"sc-9e8571b8-0 junRgl\">\n<p class=\"sc-5a9f6c31-0 ejfRGP\">Inhoud bonenreservoir<\/p>\n<\/td>\n<td class=\"sc-9e8571b8-0 loUfPT sc-87c66558-1 fFFFYO\">\n<p class=\"sc-5a9f6c31-0 bMHOgx\">280 g<\/p>\n<\/td>\n<\/tr>\n<tr class=\"sc-dfa23c87-0 dkdsfi\">\n<td class=\"sc-9e8571b8-0 junRgl\">\n<p class=\"sc-5a9f6c31-0 ejfRGP\">Verwarmingssysteem<\/p>\n<\/td>\n<td class=\"sc-9e8571b8-0 loUfPT sc-87c66558-1 fFFFYO\">\n<p class=\"sc-5a9f6c31-0 bMHOgx\">Thermoblock<\/p>\n<\/td>\n<\/tr>\n<tr class=\"sc-dfa23c87-0 dkdsfi\">\n<td class=\"sc-9e8571b8-0 junRgl\">\n<p class=\"sc-5a9f6c31-0 ejfRGP\">Instelbare koffietemperatuur<\/p>\n<\/td>\n<td class=\"sc-9e8571b8-0 loUfPT sc-87c66558-1 fFFFYO\">\n<p class=\"sc-5a9f6c31-0 bMHOgx\">Oui<\/p>\n<\/td>\n<\/tr>\n<\/tbody>\n<\/table>\n<table class=\"sc-43bf5cfc-0 gVHLDp\">\n<thead class=\"sc-4d4fd441-0 fAxnSG\">\n<tr class=\"sc-dfa23c87-0 dkdsfi\">\n<th class=\"sc-9e8571b8-0 bhLnJg\" colspan=\"2\">\n<p class=\"sc-5a9f6c31-0 kvhKHl\">Uitvoering<\/p>\n<\/th>\n<\/tr>\n<\/thead>\n<tbody class=\"sc-18c0a0ab-0 hjSrbh\">\n<tr class=\"sc-dfa23c87-0 dkdsfi\">\n<td class=\"sc-9e8571b8-0 junRgl\">\n<p class=\"sc-5a9f6c31-0 ejfRGP\">Programma&#8217;s<\/p>\n<\/td>\n<td class=\"sc-9e8571b8-0 loUfPT sc-87c66558-1 fFFFYO\">\n<p class=\"sc-5a9f6c31-0 bMHOgx\">Espresso, 2 x Espresso, Coffee, 2 x Coffee, Americano, Lungo, Hot water, Hot water for green tea, Espresso Doppio, Cappuccino, Cappuccino Extra Shot, Cappuccino Sweet Foam, Caff\u00e8 latte, Caff\u00e8 latte Extra Shot, Caff\u00e8 latte Sweet Foam, Espresso Macchiato, Espresso macchiato Sweet Foam, Cortado, Cortado Sweet Foam, Latte macchiato, Latte macchiato Extra Shot, Latte macchiato Sweet Foam, Flat White, Flat White Extra Shot, Flat White Sweet Foam, Portion of milk foam, Milk Foam, Sweet Foam, Portion of Milk, Portion of Milk Sweet Foam, Sweet Latte, Sweet Latte Extra Shot<\/p>\n<\/td>\n<\/tr>\n<tr class=\"sc-dfa23c87-0 dkdsfi\">\n<td class=\"sc-9e8571b8-0 junRgl\">\n<p class=\"sc-5a9f6c31-0 ejfRGP\">Instelbare koffiesterkte<\/p>\n<\/td>\n<td class=\"sc-9e8571b8-0 loUfPT sc-87c66558-1 fFFFYO\">\n<p class=\"sc-5a9f6c31-0 bMHOgx\">Oui<\/p>\n<\/td>\n<\/tr>\n<tr class=\"sc-dfa23c87-0 dkdsfi\">\n<td class=\"sc-9e8571b8-0 junRgl\">\n<p class=\"sc-5a9f6c31-0 ejfRGP\">2-kops-functie<\/p>\n<\/td>\n<td class=\"sc-9e8571b8-0 loUfPT sc-87c66558-1 fFFFYO\">\n<p class=\"sc-5a9f6c31-0 bMHOgx\">Oui<\/p>\n<\/td>\n<\/tr>\n<tr class=\"sc-dfa23c87-0 dkdsfi\">\n<td class=\"sc-9e8571b8-0 junRgl\">\n<p class=\"sc-5a9f6c31-0 ejfRGP\">Druppelstop<\/p>\n<\/td>\n<td class=\"sc-9e8571b8-0 loUfPT sc-87c66558-1 fFFFYO\">\n<p class=\"sc-5a9f6c31-0 bMHOgx\">Oui<\/p>\n<\/td>\n<\/tr>\n<tr class=\"sc-dfa23c87-0 dkdsfi\">\n<td class=\"sc-9e8571b8-0 junRgl\">\n<p class=\"sc-5a9f6c31-0 ejfRGP\">Ge\u00efntegreerde koffiemolen<\/p>\n<\/td>\n<td class=\"sc-9e8571b8-0 loUfPT sc-87c66558-1 fFFFYO\">\n<p class=\"sc-5a9f6c31-0 bMHOgx\">Oui<\/p>\n<\/td>\n<\/tr>\n<tr class=\"sc-dfa23c87-0 dkdsfi\">\n<td class=\"sc-9e8571b8-0 junRgl\">\n<p class=\"sc-5a9f6c31-0 ejfRGP\">Koffiemolen<\/p>\n<\/td>\n<td class=\"sc-9e8571b8-0 loUfPT sc-87c66558-1 fFFFYO\">\n<p class=\"sc-5a9f6c31-0 bMHOgx\">Oui<\/p>\n<\/td>\n<\/tr>\n<tr class=\"sc-dfa23c87-0 dkdsfi\">\n<td class=\"sc-9e8571b8-0 junRgl\">\n<p class=\"sc-5a9f6c31-0 ejfRGP\">Aantal maalgraden<\/p>\n<\/td>\n<td class=\"sc-9e8571b8-0 loUfPT sc-87c66558-1 fFFFYO\">\n<p class=\"sc-5a9f6c31-0 bMHOgx\">0<\/p>\n<\/td>\n<\/tr>\n<tr class=\"sc-dfa23c87-0 dkdsfi\">\n<td class=\"sc-9e8571b8-0 junRgl\">\n<p class=\"sc-5a9f6c31-0 ejfRGP\">Kopjeswarmer<\/p>\n<\/td>\n<td class=\"sc-9e8571b8-0 loUfPT sc-87c66558-1 fFFFYO\">\n<p class=\"sc-5a9f6c31-0 bMHOgx\">Nee<\/p>\n<\/td>\n<\/tr>\n<tr class=\"sc-dfa23c87-0 dkdsfi\">\n<td class=\"sc-9e8571b8-0 junRgl\">\n<p class=\"sc-5a9f6c31-0 ejfRGP\">Instelbare koffiehoeveelheid<\/p>\n<\/td>\n<td class=\"sc-9e8571b8-0 loUfPT sc-87c66558-1 fFFFYO\">\n<p class=\"sc-5a9f6c31-0 bMHOgx\">Oui<\/p>\n<\/td>\n<\/tr>\n<tr class=\"sc-dfa23c87-0 dkdsfi\">\n<td class=\"sc-9e8571b8-0 junRgl\">\n<p class=\"sc-5a9f6c31-0 ejfRGP\">Melkopschuimmethode<\/p>\n<\/td>\n<td class=\"sc-9e8571b8-0 loUfPT sc-87c66558-1 fFFFYO\">\n<p class=\"sc-5a9f6c31-0 bMHOgx\">Automatisch met melkslang<\/p>\n<\/td>\n<\/tr>\n<tr class=\"sc-dfa23c87-0 dkdsfi\">\n<td class=\"sc-9e8571b8-0 junRgl\">\n<p class=\"sc-5a9f6c31-0 ejfRGP\">Heetwaterfunctie<\/p>\n<\/td>\n<td class=\"sc-9e8571b8-0 loUfPT sc-87c66558-1 fFFFYO\">\n<p class=\"sc-5a9f6c31-0 bMHOgx\">Oui<\/p>\n<\/td>\n<\/tr>\n<tr id=\"pdp-features-last-always-visible\" class=\"sc-dfa23c87-0 dkdsfi\">\n<td class=\"sc-9e8571b8-0 junRgl\">\n<p class=\"sc-5a9f6c31-0 ejfRGP\">Waterfilter<\/p>\n<\/td>\n<td class=\"sc-9e8571b8-0 loUfPT sc-87c66558-1 fFFFYO\">\n<p class=\"sc-5a9f6c31-0 bMHOgx\">Oui<\/p>\n<\/td>\n<\/tr>\n<tr class=\"sc-dfa23c87-0 dkdsfi\">\n<td class=\"sc-9e8571b8-0 junRgl\">\n<p class=\"sc-5a9f6c31-0 ejfRGP\">Afneembaar waterreservoir<\/p>\n<\/td>\n<td class=\"sc-9e8571b8-0 loUfPT sc-87c66558-1 fFFFYO\">\n<p class=\"sc-5a9f6c31-0 bMHOgx\">Oui<\/p>\n<\/td>\n<\/tr>\n<tr class=\"sc-dfa23c87-0 dkdsfi\">\n<td class=\"sc-9e8571b8-0 junRgl\">\n<p class=\"sc-5a9f6c31-0 ejfRGP\">Afneembaar melkreservoir<\/p>\n<\/td>\n<td class=\"sc-9e8571b8-0 loUfPT sc-87c66558-1 fFFFYO\">\n<p class=\"sc-5a9f6c31-0 bMHOgx\">Nee<\/p>\n<\/td>\n<\/tr>\n<tr class=\"sc-dfa23c87-0 dkdsfi\">\n<td class=\"sc-9e8571b8-0 junRgl\">\n<p class=\"sc-5a9f6c31-0 ejfRGP\">Automatische uitschakeling<\/p>\n<\/td>\n<td class=\"sc-9e8571b8-0 loUfPT sc-87c66558-1 fFFFYO\">\n<p class=\"sc-5a9f6c31-0 bMHOgx\">Oui<\/p>\n<\/td>\n<\/tr>\n<tr class=\"sc-dfa23c87-0 dkdsfi\">\n<td class=\"sc-9e8571b8-0 junRgl\">\n<p class=\"sc-5a9f6c31-0 ejfRGP\">Reinigingsprogramma<\/p>\n<\/td>\n<td class=\"sc-9e8571b8-0 loUfPT sc-87c66558-1 fFFFYO\">\n<p class=\"sc-5a9f6c31-0 bMHOgx\">Oui<\/p>\n<\/td>\n<\/tr>\n<tr class=\"sc-dfa23c87-0 dkdsfi\">\n<td class=\"sc-9e8571b8-0 junRgl\">\n<p class=\"sc-5a9f6c31-0 ejfRGP\">Auto cappuccinosysteem<\/p>\n<\/td>\n<td class=\"sc-9e8571b8-0 loUfPT sc-87c66558-1 fFFFYO\">\n<p class=\"sc-5a9f6c31-0 bMHOgx\">Oui<\/p>\n<\/td>\n<\/tr>\n<tr class=\"sc-dfa23c87-0 dkdsfi\">\n<td class=\"sc-9e8571b8-0 junRgl\">\n<p class=\"sc-5a9f6c31-0 ejfRGP\">Te verbinden met app<\/p>\n<\/td>\n<td class=\"sc-9e8571b8-0 loUfPT sc-87c66558-1 fFFFYO\">\n<p class=\"sc-5a9f6c31-0 bMHOgx\">Nee<\/p>\n<\/td>\n<\/tr>\n<tr class=\"sc-dfa23c87-0 dkdsfi\">\n<td class=\"sc-9e8571b8-0 junRgl\">\n<p class=\"sc-5a9f6c31-0 ejfRGP\">Overige kenmerken<\/p>\n<\/td>\n<td class=\"sc-9e8571b8-0 loUfPT sc-87c66558-1 fFFFYO\">\n<p class=\"sc-5a9f6c31-0 bMHOgx\">Nee<\/p>\n<\/td>\n<\/tr>\n<tr class=\"sc-dfa23c87-0 dkdsfi\">\n<td class=\"sc-9e8571b8-0 junRgl\">\n<p class=\"sc-5a9f6c31-0 ejfRGP\">Ge\u00efntegreerde Wi-Fi<\/p>\n<\/td>\n<td class=\"sc-9e8571b8-0 loUfPT sc-87c66558-1 fFFFYO\">\n<p class=\"sc-5a9f6c31-0 bMHOgx\">Nee<\/p>\n<\/td>\n<\/tr>\n<\/tbody>\n<\/table>\n<\/div>\n<\/div>\n<\/div>\n<\/div>\n<\/div>\n<\/div>","protected":false},"excerpt":{"rendered":"<p>Productbeschrijving Voor een heerlijk koffieresultaat kies je voor de JURA J8 Piano Black (EA), de nieuwe aanvulling op de populaire<\/p>","protected":false},"featured_media":20095,"template":"","meta":[],"product_brand":[],"product_cat":[70],"product_tag":[71],"product_country":[1504],"class_list":{"0":"post-20094","1":"product","2":"type-product","3":"status-publish","4":"has-post-thumbnail","6":"product_cat-cofee-machine","7":"product_tag-cofee-machine","8":"product_country-netherlands","10":"first","11":"instock","12":"sale","13":"taxable","14":"shipping-taxable","15":"purchasable","16":"product-type-simple"},"_links":{"self":[{"href":"https:\/\/routinesfashione.com\/fr\/wp-json\/wp\/v2\/product\/20094","targetHints":{"allow":["GET"]}}],"collection":[{"href":"https:\/\/routinesfashione.com\/fr\/wp-json\/wp\/v2\/product"}],"about":[{"href":"https:\/\/routinesfashione.com\/fr\/wp-json\/wp\/v2\/types\/product"}],"wp:featuredmedia":[{"embeddable":true,"href":"https:\/\/routinesfashione.com\/fr\/wp-json\/wp\/v2\/media\/20095"}],"wp:attachment":[{"href":"https:\/\/routinesfashione.com\/fr\/wp-json\/wp\/v2\/media?parent=20094"}],"wp:term":[{"taxonomy":"product_brand","embeddable":true,"href":"https:\/\/routinesfashione.com\/fr\/wp-json\/wp\/v2\/product_brand?post=20094"},{"taxonomy":"product_cat","embeddable":true,"href":"https:\/\/routinesfashione.com\/fr\/wp-json\/wp\/v2\/product_cat?post=20094"},{"taxonomy":"product_tag","embeddable":true,"href":"https:\/\/routinesfashione.com\/fr\/wp-json\/wp\/v2\/product_tag?post=20094"},{"taxonomy":"product_country","embeddable":true,"href":"https:\/\/routinesfashione.com\/fr\/wp-json\/wp\/v2\/product_country?post=20094"}],"curies":[{"name":"wp","href":"https:\/\/api.w.org\/{rel}","templated":true}]}}