{"id":20206,"date":"2025-08-01T02:05:09","date_gmt":"2025-08-01T02:05:09","guid":{"rendered":"https:\/\/lightgray-crow-170497.hostingersite.com\/?post_type=product&#038;p=20206"},"modified":"2025-09-30T21:18:04","modified_gmt":"2025-09-30T21:18:04","slug":"philips-ep3321-40-koffiezetapparaat-volledig-automatische-espressomachine-1-8","status":"publish","type":"product","link":"https:\/\/routinesfashione.com\/fr\/produit\/philips-ep3321-40-koffiezetapparaat-volledig-automatische-espressomachine-1-8\/","title":{"rendered":"Philips EP3321\/40 koffiezetapparaat Volledig automatische espressomachine 1.8"},"content":{"rendered":"<h3 class=\"sc-5a9f6c31-0 kSUAHU\">Geniet zonder moeite van 5 warme en verfrissende drankjes met \u00e9\u00e9n druk op de knop<\/h3>\n<p>Geniet met \u00e9\u00e9n druk op de knop van populaire koffierecepten, van klassieke espresso, gewone zwarte koffie, espresso lungo tot ijskoffie, met de perfecte crema, aroma en temperatuur. Heet water voor thee is ook beschikbaar. Ons unieke zetsysteem extraheert de smaken van de bonen perfect met een lagere stroomsnelheid en op een lagere temperatuur. Voeg ijsblokjes toe aan uw drankje en geniet van een heerlijke ijskoffie, zonder afbreuk te doen aan de koffie-intensiteit.<\/p>\n<table class=\"sc-43bf5cfc-0 gVHLDp\">\n<thead class=\"sc-4d4fd441-0 fAxnSG\">\n<tr class=\"sc-dfa23c87-0 dkdsfi\">\n<th class=\"sc-9e8571b8-0 bhLnJg\" colspan=\"2\">\n<p class=\"sc-5a9f6c31-0 kvhKHl\">Technische eigenschappen<\/p>\n<\/th>\n<\/tr>\n<\/thead>\n<tbody class=\"sc-18c0a0ab-0 hjSrbh\">\n<tr class=\"sc-dfa23c87-0 dkdsfi\">\n<td class=\"sc-9e8571b8-0 junRgl\">\n<p class=\"sc-5a9f6c31-0 ejfRGP\">Producttype<\/p>\n<\/td>\n<td class=\"sc-9e8571b8-0 loUfPT sc-87c66558-1 fFFFYO\">\n<p class=\"sc-5a9f6c31-0 bMHOgx\">Volautomatische Espressomachine<\/p>\n<\/td>\n<\/tr>\n<tr class=\"sc-dfa23c87-0 dkdsfi\">\n<td class=\"sc-9e8571b8-0 junRgl\">\n<p class=\"sc-5a9f6c31-0 ejfRGP\">Model<\/p>\n<\/td>\n<td class=\"sc-9e8571b8-0 loUfPT sc-87c66558-1 fFFFYO\">\n<p class=\"sc-5a9f6c31-0 bMHOgx\">EP3321\/40<\/p>\n<\/td>\n<\/tr>\n<tr class=\"sc-dfa23c87-0 dkdsfi\">\n<td class=\"sc-9e8571b8-0 junRgl\">\n<p class=\"sc-5a9f6c31-0 ejfRGP\">Geschikt systeem<\/p>\n<\/td>\n<td class=\"sc-9e8571b8-0 loUfPT sc-87c66558-1 fFFFYO\">\n<p class=\"sc-5a9f6c31-0 bMHOgx\">Anders<\/p>\n<\/td>\n<\/tr>\n<tr class=\"sc-dfa23c87-0 dkdsfi\">\n<td class=\"sc-9e8571b8-0 junRgl\">\n<p class=\"sc-5a9f6c31-0 ejfRGP\">Maximaal vermogen<\/p>\n<\/td>\n<td class=\"sc-9e8571b8-0 loUfPT sc-87c66558-1 fFFFYO\">\n<p class=\"sc-5a9f6c31-0 bMHOgx\">1500 W<\/p>\n<\/td>\n<\/tr>\n<tr class=\"sc-dfa23c87-0 dkdsfi\">\n<td class=\"sc-9e8571b8-0 junRgl\">\n<p class=\"sc-5a9f6c31-0 ejfRGP\">Watervoorziening<\/p>\n<\/td>\n<td class=\"sc-9e8571b8-0 loUfPT sc-87c66558-1 fFFFYO\">\n<p class=\"sc-5a9f6c31-0 bMHOgx\">interne watertank<\/p>\n<\/td>\n<\/tr>\n<tr class=\"sc-dfa23c87-0 dkdsfi\">\n<td class=\"sc-9e8571b8-0 junRgl\">\n<p class=\"sc-5a9f6c31-0 ejfRGP\">Inhoud watertank<\/p>\n<\/td>\n<td class=\"sc-9e8571b8-0 loUfPT sc-87c66558-1 fFFFYO\">\n<p class=\"sc-5a9f6c31-0 bMHOgx\">1.8 l<\/p>\n<\/td>\n<\/tr>\n<tr class=\"sc-dfa23c87-0 dkdsfi\">\n<td class=\"sc-9e8571b8-0 junRgl\">\n<p class=\"sc-5a9f6c31-0 ejfRGP\">Inhoud melkreservoir<\/p>\n<\/td>\n<td class=\"sc-9e8571b8-0 loUfPT sc-87c66558-1 fFFFYO\">\n<p class=\"sc-5a9f6c31-0 bMHOgx\">0.26 l<\/p>\n<\/td>\n<\/tr>\n<tr class=\"sc-dfa23c87-0 dkdsfi\">\n<td class=\"sc-9e8571b8-0 junRgl\">\n<p class=\"sc-5a9f6c31-0 ejfRGP\">Energie-effici\u00ebntieklasse<\/p>\n<\/td>\n<td class=\"sc-9e8571b8-0 loUfPT sc-87c66558-1 fFFFYO\">\n<p class=\"sc-5a9f6c31-0 bMHOgx\">A<\/p>\n<\/td>\n<\/tr>\n<tr class=\"sc-dfa23c87-0 dkdsfi\">\n<td class=\"sc-9e8571b8-0 junRgl\">\n<p class=\"sc-5a9f6c31-0 ejfRGP\">Maximaal aantal kopjes<\/p>\n<\/td>\n<td class=\"sc-9e8571b8-0 loUfPT sc-87c66558-1 fFFFYO\">\n<p class=\"sc-5a9f6c31-0 bMHOgx\">2<\/p>\n<\/td>\n<\/tr>\n<tr class=\"sc-dfa23c87-0 dkdsfi\">\n<td class=\"sc-9e8571b8-0 junRgl\">\n<p class=\"sc-5a9f6c31-0 ejfRGP\">Pompdruk<\/p>\n<\/td>\n<td class=\"sc-9e8571b8-0 loUfPT sc-87c66558-1 fFFFYO\">\n<p class=\"sc-5a9f6c31-0 bMHOgx\">15 bars<\/p>\n<\/td>\n<\/tr>\n<tr class=\"sc-dfa23c87-0 dkdsfi\">\n<td class=\"sc-9e8571b8-0 junRgl\">\n<p class=\"sc-5a9f6c31-0 ejfRGP\">Inhoud bonenreservoir<\/p>\n<\/td>\n<td class=\"sc-9e8571b8-0 loUfPT sc-87c66558-1 fFFFYO\">\n<p class=\"sc-5a9f6c31-0 bMHOgx\">0 g<\/p>\n<\/td>\n<\/tr>\n<tr class=\"sc-dfa23c87-0 dkdsfi\">\n<td class=\"sc-9e8571b8-0 junRgl\">\n<p class=\"sc-5a9f6c31-0 ejfRGP\">Instelbare koffietemperatuur<\/p>\n<\/td>\n<td class=\"sc-9e8571b8-0 loUfPT sc-87c66558-1 fFFFYO\">\n<p class=\"sc-5a9f6c31-0 bMHOgx\">Oui<\/p>\n<\/td>\n<\/tr>\n<\/tbody>\n<\/table>","protected":false},"excerpt":{"rendered":"<p>Geniet zonder moeite van 5 warme en verfrissende drankjes met \u00e9\u00e9n druk op de knop Geniet met \u00e9\u00e9n druk op<\/p>","protected":false},"featured_media":20207,"template":"","meta":[],"product_brand":[],"product_cat":[70],"product_tag":[71],"product_country":[1504],"class_list":{"0":"post-20206","1":"product","2":"type-product","3":"status-publish","4":"has-post-thumbnail","6":"product_cat-cofee-machine","7":"product_tag-cofee-machine","8":"product_country-netherlands","10":"first","11":"instock","12":"sale","13":"taxable","14":"shipping-taxable","15":"purchasable","16":"product-type-simple"},"_links":{"self":[{"href":"https:\/\/routinesfashione.com\/fr\/wp-json\/wp\/v2\/product\/20206","targetHints":{"allow":["GET"]}}],"collection":[{"href":"https:\/\/routinesfashione.com\/fr\/wp-json\/wp\/v2\/product"}],"about":[{"href":"https:\/\/routinesfashione.com\/fr\/wp-json\/wp\/v2\/types\/product"}],"wp:featuredmedia":[{"embeddable":true,"href":"https:\/\/routinesfashione.com\/fr\/wp-json\/wp\/v2\/media\/20207"}],"wp:attachment":[{"href":"https:\/\/routinesfashione.com\/fr\/wp-json\/wp\/v2\/media?parent=20206"}],"wp:term":[{"taxonomy":"product_brand","embeddable":true,"href":"https:\/\/routinesfashione.com\/fr\/wp-json\/wp\/v2\/product_brand?post=20206"},{"taxonomy":"product_cat","embeddable":true,"href":"https:\/\/routinesfashione.com\/fr\/wp-json\/wp\/v2\/product_cat?post=20206"},{"taxonomy":"product_tag","embeddable":true,"href":"https:\/\/routinesfashione.com\/fr\/wp-json\/wp\/v2\/product_tag?post=20206"},{"taxonomy":"product_country","embeddable":true,"href":"https:\/\/routinesfashione.com\/fr\/wp-json\/wp\/v2\/product_country?post=20206"}],"curies":[{"name":"wp","href":"https:\/\/api.w.org\/{rel}","templated":true}]}}