{"id":2096,"date":"2025-09-30T20:53:32","date_gmt":"2025-09-30T20:53:32","guid":{"rendered":"https:\/\/lightgray-crow-170497.hostingersite.com\/?post_type=product&#038;p=2096"},"modified":"2025-09-30T20:53:32","modified_gmt":"2025-09-30T20:53:32","slug":"contimac-70190-gh-5201-generateur-4200-w","status":"publish","type":"product","link":"https:\/\/routinesfashione.com\/fr\/produit\/contimac-70190-gh-5201-generateur-4200-w\/","title":{"rendered":"G\u00e9n\u00e9rateur Contimac 70190 GH 5201 4200 W"},"content":{"rendered":"<h4 data-start=\"165\" data-end=\"186\"><strong data-start=\"170\" data-end=\"186\">Pr\u00e9sentation<\/strong><\/h4>\n<p data-start=\"187\" data-end=\"508\">Le <strong data-start=\"190\" data-end=\"210\">Contimac GH 5201<\/strong> est un g\u00e9n\u00e9rateur essence robuste de qualit\u00e9 professionnelle, con\u00e7u pour un usage intensif sur chantiers ou en milieux industriels. Il est \u00e9quip\u00e9 d\u2019un moteur <strong data-start=\"369\" data-end=\"384\">Honda GX270<\/strong> r\u00e9put\u00e9 pour sa fiabilit\u00e9, offrant une puissance maximale de <strong data-start=\"445\" data-end=\"455\">4200 W<\/strong> et une puissance continue autour de <strong data-start=\"492\" data-end=\"507\">3300\u20133400 W<\/strong>.<\/p>\n<h4 data-start=\"515\" data-end=\"551\"><strong data-start=\"520\" data-end=\"551\">Caract\u00e9ristiques techniques<\/strong><\/h4>\n<ul data-start=\"553\" data-end=\"1091\">\n<li data-start=\"553\" data-end=\"615\">\n<p data-start=\"555\" data-end=\"615\"><strong data-start=\"555\" data-end=\"565\">Moteur<\/strong> : Honda GX270 \u2013 4 temps, refroidi par air, 9 CV<\/p>\n<\/li>\n<li data-start=\"616\" data-end=\"651\">\n<p data-start=\"618\" data-end=\"651\"><strong data-start=\"618\" data-end=\"640\">Puissance maximale<\/strong> : 4200 W<\/p>\n<\/li>\n<li data-start=\"652\" data-end=\"697\">\n<p data-start=\"654\" data-end=\"697\"><strong data-start=\"654\" data-end=\"678\">Puissance en continu<\/strong> : environ 3400 W<\/p>\n<\/li>\n<li data-start=\"698\" data-end=\"761\">\n<p data-start=\"700\" data-end=\"761\"><strong data-start=\"700\" data-end=\"722\">Type d&#8217;alternateur<\/strong> : Synchrone avec enroulements cuivre<\/p>\n<\/li>\n<li data-start=\"762\" data-end=\"800\">\n<p data-start=\"764\" data-end=\"800\"><strong data-start=\"764\" data-end=\"777\">Carburant<\/strong> : Essence sans plomb<\/p>\n<\/li>\n<li data-start=\"801\" data-end=\"831\">\n<p data-start=\"803\" data-end=\"831\"><strong data-start=\"803\" data-end=\"816\">R\u00e9servoir<\/strong> : 5,3 litres<\/p>\n<\/li>\n<li data-start=\"832\" data-end=\"905\">\n<p data-start=\"834\" data-end=\"905\"><strong data-start=\"834\" data-end=\"858\">Consommation moyenne<\/strong> : environ 1,8 litre\/heure (\u00e0 75\u202f% de charge)<\/p>\n<\/li>\n<li data-start=\"906\" data-end=\"961\">\n<p data-start=\"908\" data-end=\"961\"><strong data-start=\"908\" data-end=\"921\">autonomie<\/strong> : 3 \u00e0 4 heures en utilisation normale<\/p>\n<\/li>\n<li data-start=\"962\" data-end=\"996\">\n<p data-start=\"964\" data-end=\"996\"><strong data-start=\"964\" data-end=\"973\">Poids<\/strong> : Environ 58 \u00e0 60 kg<\/p>\n<\/li>\n<li data-start=\"997\" data-end=\"1036\">\n<p data-start=\"999\" data-end=\"1036\"><strong data-start=\"999\" data-end=\"1013\">Dimensions<\/strong> : 773 \u00d7 556 \u00d7 576 mm<\/p>\n<\/li>\n<li data-start=\"1037\" data-end=\"1091\">\n<p data-start=\"1039\" data-end=\"1091\"><strong data-start=\"1039\" data-end=\"1056\">Niveau sonore<\/strong> : Environ 69\u201370 dB(A) \u00e0 7 m\u00e8tres<\/p>\n<\/li>\n<\/ul>\n<h4 data-start=\"1098\" data-end=\"1122\"><strong data-start=\"1103\" data-end=\"1122\">Fonctionnalit\u00e9s<\/strong><\/h4>\n<ul data-start=\"1124\" data-end=\"1430\">\n<li data-start=\"1124\" data-end=\"1173\">\n<p data-start=\"1126\" data-end=\"1173\"><strong data-start=\"1126\" data-end=\"1147\">Deux prises 230 V<\/strong> prot\u00e9g\u00e9es thermiquement<\/p>\n<\/li>\n<li data-start=\"1174\" data-end=\"1239\">\n<p data-start=\"1176\" data-end=\"1239\"><strong data-start=\"1176\" data-end=\"1207\">Amortisseurs antivibrations<\/strong> pour un fonctionnement stable<\/p>\n<\/li>\n<li data-start=\"1240\" data-end=\"1306\">\n<p data-start=\"1242\" data-end=\"1306\"><strong data-start=\"1242\" data-end=\"1263\">Compteur d\u2019heures<\/strong> int\u00e9gr\u00e9 pour un suivi d\u2019entretien facile<\/p>\n<\/li>\n<li data-start=\"1307\" data-end=\"1371\">\n<p data-start=\"1309\" data-end=\"1371\"><strong data-start=\"1309\" data-end=\"1349\">Protection moteur par manque d\u2019huile<\/strong> (arr\u00eat automatique)<\/p>\n<\/li>\n<li data-start=\"1372\" data-end=\"1430\">\n<p data-start=\"1374\" data-end=\"1430\"><strong data-start=\"1374\" data-end=\"1392\">Cadre renforc\u00e9<\/strong> pour un usage professionnel et mobile<\/p>\n<\/li>\n<\/ul>\n<h4 data-start=\"1437\" data-end=\"1455\"><strong data-start=\"1442\" data-end=\"1455\">Avantages<\/strong><\/h4>\n<ul data-start=\"1457\" data-end=\"1754\">\n<li data-start=\"1457\" data-end=\"1505\">\n<p data-start=\"1459\" data-end=\"1505\">Moteur Honda : tr\u00e8s fiable, d\u00e9marrage facile<\/p>\n<\/li>\n<li data-start=\"1506\" data-end=\"1610\">\n<p data-start=\"1508\" data-end=\"1610\">Bonne puissance pour alimenter des outils \u00e9lectroportatifs, \u00e9clairage de chantier, machines diverses<\/p>\n<\/li>\n<li data-start=\"1611\" data-end=\"1664\">\n<p data-start=\"1613\" data-end=\"1664\">Construction durable, adapt\u00e9e \u00e0 un usage intensif<\/p>\n<\/li>\n<li data-start=\"1665\" data-end=\"1702\">\n<p data-start=\"1667\" data-end=\"1702\">Taille compacte pour la cat\u00e9gorie<\/p>\n<\/li>\n<li data-start=\"1703\" data-end=\"1754\">\n<p data-start=\"1705\" data-end=\"1754\">Maintenance simplifi\u00e9e gr\u00e2ce au compteur d\u2019heures<\/p>\n<\/li>\n<\/ul>\n<h4 data-start=\"1761\" data-end=\"1783\"><strong data-start=\"1766\" data-end=\"1783\">Inconv\u00e9nients<\/strong><\/h4>\n<ul data-start=\"1785\" data-end=\"2012\">\n<li data-start=\"1785\" data-end=\"1828\">\n<p data-start=\"1787\" data-end=\"1828\">D\u00e9marrage manuel (pas d&#8217;\u00e9lectrostarter)<\/p>\n<\/li>\n<li data-start=\"1829\" data-end=\"1906\">\n<p data-start=\"1831\" data-end=\"1906\">Pas de roues int\u00e9gr\u00e9es \u2013 n\u00e9cessite un chariot pour d\u00e9placements fr\u00e9quents<\/p>\n<\/li>\n<li data-start=\"1907\" data-end=\"1986\">\n<p data-start=\"1909\" data-end=\"1986\">Pas de r\u00e9gulation automatique de tension (AVR) pour les appareils sensibles<\/p>\n<\/li>\n<li data-start=\"1987\" data-end=\"2012\">\n<p data-start=\"1989\" data-end=\"2012\">Pas de sortie triphas\u00e9e<\/p>\n<\/li>\n<\/ul>\n<h4 data-start=\"2019\" data-end=\"2051\"><strong data-start=\"2024\" data-end=\"2051\">Utilisation recommand\u00e9e<\/strong><\/h4>\n<ul data-start=\"2053\" data-end=\"2328\">\n<li data-start=\"2053\" data-end=\"2128\">\n<p data-start=\"2055\" data-end=\"2128\"><strong data-start=\"2055\" data-end=\"2083\">Chantiers professionnels<\/strong> : b\u00e9tonni\u00e8res, scies, \u00e9clairages, machines<\/p>\n<\/li>\n<li data-start=\"2129\" data-end=\"2204\">\n<p data-start=\"2131\" data-end=\"2204\"><strong data-start=\"2131\" data-end=\"2153\">Travaux ext\u00e9rieurs<\/strong> : interventions de maintenance, artisans mobiles<\/p>\n<\/li>\n<li data-start=\"2205\" data-end=\"2328\">\n<p data-start=\"2207\" data-end=\"2328\"><strong data-start=\"2207\" data-end=\"2241\">Usage occasionnel \u00e0 domestique<\/strong> : alimentation d\u2019urgence pour certains appareils m\u00e9nagers (hors \u00e9lectronique sensible)<\/p>\n<\/li>\n<\/ul>\n<h3 data-start=\"2335\" data-end=\"2349\"><strong data-start=\"2339\" data-end=\"2349\">R\u00e9sum\u00e9<\/strong><\/h3>\n<div class=\"_tableContainer_80l1q_1\">\n<div class=\"_tableWrapper_80l1q_14 group flex w-fit flex-col-reverse\" tabindex=\"-1\">\n<table class=\"w-fit min-w-(--thread-content-width)\" data-start=\"2351\" data-end=\"2821\">\n<thead data-start=\"2351\" data-end=\"2409\">\n<tr data-start=\"2351\" data-end=\"2409\">\n<th data-start=\"2351\" data-end=\"2375\" data-col-size=\"sm\">Sp\u00e9cification<\/th>\n<th data-start=\"2375\" data-end=\"2409\" data-col-size=\"sm\">D\u00e9tail<\/th>\n<\/tr>\n<\/thead>\n<tbody data-start=\"2468\" data-end=\"2821\">\n<tr data-start=\"2468\" data-end=\"2526\">\n<td data-start=\"2468\" data-end=\"2492\" data-col-size=\"sm\">Puissance max<\/td>\n<td data-col-size=\"sm\" data-start=\"2492\" data-end=\"2526\">4200 W<\/td>\n<\/tr>\n<tr data-start=\"2527\" data-end=\"2585\">\n<td data-start=\"2527\" data-end=\"2551\" data-col-size=\"sm\">Puissance continue<\/td>\n<td data-col-size=\"sm\" data-start=\"2551\" data-end=\"2585\">~3400 W<\/td>\n<\/tr>\n<tr data-start=\"2586\" data-end=\"2644\">\n<td data-start=\"2586\" data-end=\"2610\" data-col-size=\"sm\">Moteur<\/td>\n<td data-col-size=\"sm\" data-start=\"2610\" data-end=\"2644\">Honda GX270, 9 CV<\/td>\n<\/tr>\n<tr data-start=\"2645\" data-end=\"2703\">\n<td data-start=\"2645\" data-end=\"2669\" data-col-size=\"sm\">Poids<\/td>\n<td data-col-size=\"sm\" data-start=\"2669\" data-end=\"2703\">~60 kg<\/td>\n<\/tr>\n<tr data-start=\"2704\" data-end=\"2762\">\n<td data-start=\"2704\" data-end=\"2728\" data-col-size=\"sm\">autonomie<\/td>\n<td data-col-size=\"sm\" data-start=\"2728\" data-end=\"2762\">3 \u00e0 4 h (r\u00e9servoir 5,3 L)<\/td>\n<\/tr>\n<tr data-start=\"2763\" data-end=\"2821\">\n<td data-start=\"2763\" data-end=\"2787\" data-col-size=\"sm\">Niveau sonore<\/td>\n<td data-col-size=\"sm\" data-start=\"2787\" data-end=\"2821\">69\u201370 dB(A)<\/td>\n<\/tr>\n<\/tbody>\n<\/table>\n<\/div>\n<\/div>","protected":false},"excerpt":{"rendered":"<p>Pr\u00e9sentation Le Contimac GH 5201 est un g\u00e9n\u00e9rateur essence robuste de qualit\u00e9 professionnelle, con\u00e7u pour un usage intensif sur chantiers<\/p>","protected":false},"featured_media":28054,"template":"","meta":[],"product_brand":[],"product_cat":[61],"product_tag":[1514],"product_country":[1503],"class_list":{"0":"post-2096","1":"product","2":"type-product","3":"status-publish","4":"has-post-thumbnail","6":"product_cat-sale-france","7":"product_tag-sale-france","8":"product_country-france","10":"first","11":"instock","12":"sale","13":"taxable","14":"shipping-taxable","15":"purchasable","16":"product-type-simple"},"_links":{"self":[{"href":"https:\/\/routinesfashione.com\/fr\/wp-json\/wp\/v2\/product\/2096","targetHints":{"allow":["GET"]}}],"collection":[{"href":"https:\/\/routinesfashione.com\/fr\/wp-json\/wp\/v2\/product"}],"about":[{"href":"https:\/\/routinesfashione.com\/fr\/wp-json\/wp\/v2\/types\/product"}],"wp:featuredmedia":[{"embeddable":true,"href":"https:\/\/routinesfashione.com\/fr\/wp-json\/wp\/v2\/media\/28054"}],"wp:attachment":[{"href":"https:\/\/routinesfashione.com\/fr\/wp-json\/wp\/v2\/media?parent=2096"}],"wp:term":[{"taxonomy":"product_brand","embeddable":true,"href":"https:\/\/routinesfashione.com\/fr\/wp-json\/wp\/v2\/product_brand?post=2096"},{"taxonomy":"product_cat","embeddable":true,"href":"https:\/\/routinesfashione.com\/fr\/wp-json\/wp\/v2\/product_cat?post=2096"},{"taxonomy":"product_tag","embeddable":true,"href":"https:\/\/routinesfashione.com\/fr\/wp-json\/wp\/v2\/product_tag?post=2096"},{"taxonomy":"product_country","embeddable":true,"href":"https:\/\/routinesfashione.com\/fr\/wp-json\/wp\/v2\/product_country?post=2096"}],"curies":[{"name":"wp","href":"https:\/\/api.w.org\/{rel}","templated":true}]}}