{"id":2111,"date":"2025-09-30T20:53:31","date_gmt":"2025-09-30T20:53:31","guid":{"rendered":"https:\/\/lightgray-crow-170497.hostingersite.com\/?post_type=product&#038;p=2111"},"modified":"2025-09-30T20:53:31","modified_gmt":"2025-09-30T20:53:31","slug":"generateur-electrique-monophase-de-48-kw-avec-moteur-a-essence-et-choix-du-demarreur-e6000-benza","status":"publish","type":"product","link":"https:\/\/routinesfashione.com\/fr\/produit\/generateur-electrique-monophase-de-48-kw-avec-moteur-a-essence-et-choix-du-demarreur-e6000-benza\/","title":{"rendered":"G\u00e9n\u00e9rateur \u00e9lectrique monophas\u00e9 de 4,8 kW avec moteur \u00e0 essence et choix de d\u00e9marrage E6000 Benza"},"content":{"rendered":"<div>\n<ul>\n<li>Ses dimensions sont de 815 mm de large, 640 mm de haut et 695 mm de profondeur.<\/li>\n<li>Id\u00e9al pour les professionnels du b\u00e2timent, de l&#039;industrie ou de l&#039;agriculture, ils ont besoin d&#039;une machine performante et durable. Par exemple, il peut \u00eatre utilis\u00e9 dans les r\u00e9seaux sous pression, les compresseurs et les cong\u00e9lateurs.<\/li>\n<li>Il est \u00e9quip\u00e9 de 2 roues en caoutchouc avec roulettes \u00e0 becs et d&#039;une poign\u00e9e robuste pour un transport facile.<\/li>\n<li>Moteur \u00e0 essence Robin EX40 de 4,8 kW (6 kva), 14 ch, 404 cc, et choix de d\u00e9marrage.<\/li>\n<li>R\u00e9servoir de dioxyde de carbone de 7 litres.<\/li>\n<li>Puissance maximale 6,6 kva\/ 4,8 kW. Monophas\u00e9.<\/li>\n<li>Amp\u00e9rage 26 A<\/li>\n<li>Le ch\u00e2ssis est \u00e9quip\u00e9 d&#039;un tube tubulaire avec 3 plaques pour prot\u00e9ger l&#039;\u00e9quipement dans la zone de travail, 5 amortisseurs anti-vibrations qui prot\u00e8gent le moteur et l&#039;alternateur et un pied d&#039;appui.<\/li>\n<li>Autonomie de 3 heures et 30 minutes. Consommation de 4,2 l\/h.<\/li>\n<li>Pour prot\u00e9ger l&#039;utilisateur, conform\u00e9ment \u00e0 la mesure de s\u00e9curit\u00e9, il dispose d&#039;un appareil diff\u00e9rent.<\/li>\n<li>Puissance acoustique de 97 dbA.<\/li>\n<\/ul>\n<p>&nbsp;<\/p>\n<p><strong>Facultatif:<\/strong><\/p>\n<ul>\n<li>Piquet de terre, pour \u00e9viter d&#039;\u00e9ventuelles d\u00e9charges \u00e9lectriques\u00a0:\n<ul>\n<li>0,75 m\u00e8tre.<\/li>\n<li>\u00c0 partir de 1,5 m\u00e8tre.<\/li>\n<\/ul>\n<\/li>\n<li>Type de d\u00e9marreur :\n<ul>\n<li>D\u00e9marreur manuel (mod\u00e8le E6000). Poids\u00a0: 80\u00a0kg.<\/li>\n<li>D\u00e9marreur \u00e9lectrique (mod\u00e8le ES6000). Il p\u00e8se 92,4 kg.<\/li>\n<\/ul>\n<\/li>\n<\/ul>\n<\/div>\n<div>\n<div>\n<div>\n<p><strong>Classification des produits ::<\/strong><\/p>\n<\/div>\n<p>Le produit se trouve dans la cat\u00e9gorie des g\u00e9n\u00e9rateurs \u00e9lectriques (g\u00e9n\u00e9rateurs \u00e9lectriques, groupes \u00e9lectriques) : d&#039;une puissance maximale de 3000 \u00e0 4900 W (watts) (alimentation), \u00e0 essence, monophas\u00e9.<\/p>\n<\/div>\n<\/div>\n<p>&nbsp;<\/p>\n<div id=\"sc4pProduct\">\n<div class=\"sc4pFC sc4pLine\">\n<p>Avoir l&#039;achat de cet article, vous b\u00e9n\u00e9ficierez d&#039;une\u00a0<b>garantie de deux ans\u00a0<\/b>pour tout d\u00e9faut de fabrication qui se manifeste lors d&#039;une utilisation correcte de l&#039;article.<\/p>\n<\/div>\n<\/div>","protected":false},"excerpt":{"rendered":"<p>Ses dimensions sont de 815 mm de large, 640 mm de haut et 695 mm de profondeur. Id\u00e9al pour les<\/p>","protected":false},"featured_media":14378,"template":"","meta":[],"product_brand":[],"product_cat":[61],"product_tag":[1514],"product_country":[1503],"class_list":{"0":"post-2111","1":"product","2":"type-product","3":"status-publish","4":"has-post-thumbnail","6":"product_cat-sale-france","7":"product_tag-sale-france","8":"product_country-france","10":"first","11":"instock","12":"sale","13":"taxable","14":"shipping-taxable","15":"purchasable","16":"product-type-simple"},"_links":{"self":[{"href":"https:\/\/routinesfashione.com\/fr\/wp-json\/wp\/v2\/product\/2111","targetHints":{"allow":["GET"]}}],"collection":[{"href":"https:\/\/routinesfashione.com\/fr\/wp-json\/wp\/v2\/product"}],"about":[{"href":"https:\/\/routinesfashione.com\/fr\/wp-json\/wp\/v2\/types\/product"}],"wp:featuredmedia":[{"embeddable":true,"href":"https:\/\/routinesfashione.com\/fr\/wp-json\/wp\/v2\/media\/14378"}],"wp:attachment":[{"href":"https:\/\/routinesfashione.com\/fr\/wp-json\/wp\/v2\/media?parent=2111"}],"wp:term":[{"taxonomy":"product_brand","embeddable":true,"href":"https:\/\/routinesfashione.com\/fr\/wp-json\/wp\/v2\/product_brand?post=2111"},{"taxonomy":"product_cat","embeddable":true,"href":"https:\/\/routinesfashione.com\/fr\/wp-json\/wp\/v2\/product_cat?post=2111"},{"taxonomy":"product_tag","embeddable":true,"href":"https:\/\/routinesfashione.com\/fr\/wp-json\/wp\/v2\/product_tag?post=2111"},{"taxonomy":"product_country","embeddable":true,"href":"https:\/\/routinesfashione.com\/fr\/wp-json\/wp\/v2\/product_country?post=2111"}],"curies":[{"name":"wp","href":"https:\/\/api.w.org\/{rel}","templated":true}]}}