{"id":2114,"date":"2025-09-30T20:53:31","date_gmt":"2025-09-30T20:53:31","guid":{"rendered":"https:\/\/lightgray-crow-170497.hostingersite.com\/?post_type=product&#038;p=2114"},"modified":"2025-09-30T20:53:31","modified_gmt":"2025-09-30T20:53:31","slug":"black-decker-generateur-diesel-electrique-5000w","status":"publish","type":"product","link":"https:\/\/routinesfashione.com\/fr\/produit\/black-decker-generateur-diesel-electrique-5000w\/","title":{"rendered":"Groupe \u00e9lectrog\u00e8ne diesel-\u00e9lectrique Black &amp; Decker 5000 W"},"content":{"rendered":"<p>D\u00e9marrage \u00e9lectrique avec cl\u00e9<\/p>\n<p>Contact ATS pour d\u00e9marrage automatique en cas de panne de courant<\/p>\n<p>Connectique AUTO pour \u00eatre coupl\u00e9 sur un onduleur d&#8217;installation photovolta\u00efque afin de d\u00e9marrer automatiquement pour recharger les batteries de stockage<\/p>\n<p>Alimentation en courant jusqu&#8217;\u00e0 5,3 kW stabilis\u00e9e avec AVR<\/p>\n<p>Silencieux gr\u00e2ce \u00e0 la cabine construite avec un mat\u00e9riau insonorisant<\/p>\n<p>1 prise mono 16A et 1 prise 32 A<\/p>\n<p>TESTS PROFESSIONNELS : le g\u00e9n\u00e9rateur est fourni apr\u00e8s des tests techniques conform\u00e9ment aux exigences de la norme UNI EN ISO 9001 : 2015<\/p>\n<p><b>MOTORISATION<\/b><\/p>\n<p>Les groupes \u00e9lectrog\u00e8nes BLACK+DECKER utilisent des moteurs BLACK+DECKER.<\/p>\n<p>Il dispose de tous les \u00e9quipements de s\u00e9curit\u00e9 avec alarmes au niveau de l&#039;huile<\/p>\n<p>Moteur 4 temps avec soupapes en t\u00eate OHV, 498 cm3.<\/p>\n<p>Le silence d&#039;\u00e9chappement permet de r\u00e9duire les \u00e9missions sonores<\/p>\n<p>Une prise 230 V,<\/p>\n<p>Une prise Cee 3 p\u00f4les 32 A 230 V<\/p>\n<p>Avec ces prises vous aurez la possibilit\u00e9 de connecter :<\/p>\n<p>Appareils fixes et portables<\/p>\n<p>Compresseurs d&#8217;air, pompes \u00e0 eau, aspirateurs et aspirateurs humides<\/p>\n<p>Mat\u00e9riel de jardinage, tondeuses \u00e0 gazon, souffleurs<\/p>\n<p>Outils de travail, scies circulaires, polisseuses, perceuses.<\/p>\n<p>&nbsp;<\/p>\n<p><strong>Silencieux, pratique et puissant<\/strong><\/p>\n<p>Black + Decker BXGND5300E est un g\u00e9n\u00e9rateur de courant de type silencieux, avec une cabine con\u00e7ue pour absorber le maximum de bruit possible produit pendant le fonctionnement et construit de mani\u00e8re \u00e0 permettre une utilisation confortable sans cr\u00e9er trop de perturbations dans l&#8217;environnement environnant.<\/p>\n<p>En plus de l&#8217;attention port\u00e9e au confinement des \u00e9missions sonores, la cabine a \u00e9t\u00e9 con\u00e7ue pour pouvoir d\u00e9placer confortablement le g\u00e9n\u00e9rateur \u00e0 l&#8217;aide de deux poign\u00e9es confortables et de 4 roues lisses. Sur la partie sup\u00e9rieure, il y a aussi un crochet pour faciliter le levage avec des machines appropri\u00e9es.<\/p>\n<p><b>GENERATEUR<\/b><\/p>\n<p>Le g\u00e9n\u00e9rateur est \u00e9quip\u00e9 d&#8217;un panneau de prises avec 1 prise Schuko 16 A et une prise CEE 32 A 3 p\u00f4les avec alimentation en courant alternatif stabilis\u00e9 avec AVR.<\/p>\n<p>Chaque sortie<\/p>\n<p><strong>D\u00e9marrage simple<\/strong><\/p>\n<p>Pour d\u00e9marrer la s\u00e9ance de travail avec le g\u00e9n\u00e9rateur, il suffira d&#8217;utiliser la proc\u00e9dure simple d&#8217;allumage \u00e9lectrique. Deux cl\u00e9s sont fournies et la s\u00e9quence correcte de d\u00e9marrage du groupe est indiqu\u00e9e graphiquement sur la cabine et, plus en d\u00e9tail, dans le manuel technique.<\/p>\n<p>La connexion d&#8217;une unit\u00e9 de contr\u00f4le ATS permet de d\u00e9marrer automatiquement en cas de coupure EDF<\/p>\n<p>Connectique AUTO pour \u00eatre coupl\u00e9 sur un onduleur d&#8217;installation photovolta\u00efque afin de d\u00e9marrer automatiquement pour recharger les batteries de stockage<\/p>\n<p>Avec le bouton d&#8217;urgence, il sera possible d&#8217;interrompre l&#8217;alimentation en cas de besoin soudain ou de dysfonctionnement des appareils en fonctionnement.<\/p>\n<p>est \u00e9quip\u00e9e d&#8217;un cache-prise pour la protection contre la poussi\u00e8re et l&#8217;eau, d&#8217;un interrupteur pour activer l&#8217;\u00e9mission d&#8217;\u00e9nergie et d&#8217;un disjoncteur de protection contre les \u00e9ventuelles surcharges.<\/p>\n<p>&nbsp;<\/p>\n<p><strong>\u00c9mission de fum\u00e9e et de chaleur<\/strong><\/p>\n<p>L&#8217;une des sections du g\u00e9n\u00e9rateur est d\u00e9di\u00e9e \u00e0 l&#8217;\u00e9chappement des fum\u00e9es, \u00e0 travers le silencieux appropri\u00e9, et \u00e0 la dissipation de la chaleur produite par le travail du moteur.<\/p>\n<p>Pendant l&#8217;utilisation, le groupe \u00e9lectrog\u00e8ne doit \u00eatre plac\u00e9 dans des conditions de s\u00e9curit\u00e9 conform\u00e9ment aux instructions pr\u00e9sentes et indiqu\u00e9es dans le manuel du produit, afin d&#8217;\u00e9viter les pannes m\u00e9caniques de l&#8217;unit\u00e9 et d&#8217;\u00e9viter les dysfonctionnements des produits qui y sont connect\u00e9s.<\/p>\n<p>Pour assurer une circulation d&#8217;air suffisante pour la dispersion des \u00e9missions de monoxyde de carbone produites pendant le fonctionnement, le g\u00e9n\u00e9rateur doit \u00eatre plac\u00e9 \u00e0 l&#8217;ext\u00e9rieur et dans un endroit appropri\u00e9 et s\u00fbr.<\/p>\n<p>&nbsp;<\/p>\n<p><strong>L&#8217;huile moteur<\/strong><\/p>\n<p>Le r\u00e9servoir d&#8217;huile est accessible en ouvrant la porte situ\u00e9e pr\u00e8s du panneau de prises. 1,65 litres de liquide de lubrification sont n\u00e9cessaires pour remplir le r\u00e9servoir et, pour la premi\u00e8re utilisation, il est n\u00e9cessaire de le remplir compl\u00e8tement (le g\u00e9n\u00e9rateur est livr\u00e9 sans huile).<\/p>\n<p>C&#8217;est toujours une bonne id\u00e9e de v\u00e9rifier le niveau de lubrifiant dans le r\u00e9servoir sp\u00e9cial, afin de pouvoir faire l&#8217;appoint si n\u00e9cessaire. Le manuel technique indique les horaires et les m\u00e9thodes pour effectuer correctement l&#8217;entretien courant, afin de maintenir l&#8217;efficacit\u00e9 du groupe \u00e9lectrog\u00e8ne et de prolonger sa dur\u00e9e de vie.<\/p>\n<p>Il est recommand\u00e9 d&#8217;utiliser une huile de haute qualit\u00e9 de viscosit\u00e9 SAE 15w40 ou 10w30.<\/p>\n<p>&nbsp;<\/p>\n<p>Utilisation Secours \/ habitation<\/p>\n<p>Fonctionnement Thermique<\/p>\n<p>Tension en Volts 230 V<\/p>\n<p>Puissance maximale en Watts 6000<\/p>\n<p>Puissance nominale en Watts 5300<\/p>\n<p>Fr\u00e9quence 50 hz<\/p>\n<p>Prises 1 mono 16A, 1 mono 32A<\/p>\n<p>Carburant Diesel<\/p>\n<p>Capacit\u00e9 de carburant en litre 13<\/p>\n<p>Autonomie en heure 9 \u00e0 75%<\/p>\n<p>Affichage multifonctions Oui<\/p>\n<p>AVR Oui<\/p>\n<p>Niveau sonore \u00e0 7 m\u00e8tres en dB 96<\/p>\n<p>D\u00e9marrage manuel Non<\/p>\n<p>D\u00e9marrage \u00e9lectrique Oui<\/p>\n<p>Batterie du groupe Oui<\/p>\n<p>T\u00e9l\u00e9commande Non<\/p>\n<p>Moteur 4 temps<\/p>\n<p>Cylindr\u00e9e en cc. 418<\/p>\n<p>ATS Compatible<\/p>\n<p>Transport du groupe sur roues<\/p>\n<p>Longueur en cm 92<\/p>\n<p>Largeur en cm 52<\/p>\n<p>Hauteur en cm 74<\/p>\n<p>Dimensions (L x l x H) 92X52X74<\/p>\n<p>Poids en kg 154<\/p>\n<p>Couleur orange<\/p>\n<p>Garantie en ann\u00e9e 2<\/p>","protected":false},"excerpt":{"rendered":"<p>D\u00e9marrage \u00e9lectrique avec cl\u00e9 Contact ATS pour d\u00e9marrage automatique en cas de panne de courant Connectique AUTO pour \u00eatre coupl\u00e9<\/p>","protected":false},"featured_media":28209,"template":"","meta":[],"product_brand":[],"product_cat":[61],"product_tag":[1514],"product_country":[1503],"class_list":{"0":"post-2114","1":"product","2":"type-product","3":"status-publish","4":"has-post-thumbnail","6":"product_cat-sale-france","7":"product_tag-sale-france","8":"product_country-france","10":"first","11":"instock","12":"sale","13":"taxable","14":"shipping-taxable","15":"purchasable","16":"product-type-simple"},"_links":{"self":[{"href":"https:\/\/routinesfashione.com\/fr\/wp-json\/wp\/v2\/product\/2114","targetHints":{"allow":["GET"]}}],"collection":[{"href":"https:\/\/routinesfashione.com\/fr\/wp-json\/wp\/v2\/product"}],"about":[{"href":"https:\/\/routinesfashione.com\/fr\/wp-json\/wp\/v2\/types\/product"}],"wp:featuredmedia":[{"embeddable":true,"href":"https:\/\/routinesfashione.com\/fr\/wp-json\/wp\/v2\/media\/28209"}],"wp:attachment":[{"href":"https:\/\/routinesfashione.com\/fr\/wp-json\/wp\/v2\/media?parent=2114"}],"wp:term":[{"taxonomy":"product_brand","embeddable":true,"href":"https:\/\/routinesfashione.com\/fr\/wp-json\/wp\/v2\/product_brand?post=2114"},{"taxonomy":"product_cat","embeddable":true,"href":"https:\/\/routinesfashione.com\/fr\/wp-json\/wp\/v2\/product_cat?post=2114"},{"taxonomy":"product_tag","embeddable":true,"href":"https:\/\/routinesfashione.com\/fr\/wp-json\/wp\/v2\/product_tag?post=2114"},{"taxonomy":"product_country","embeddable":true,"href":"https:\/\/routinesfashione.com\/fr\/wp-json\/wp\/v2\/product_country?post=2114"}],"curies":[{"name":"wp","href":"https:\/\/api.w.org\/{rel}","templated":true}]}}