{"id":2118,"date":"2025-09-30T20:53:31","date_gmt":"2025-09-30T20:53:31","guid":{"rendered":"https:\/\/lightgray-crow-170497.hostingersite.com\/?post_type=product&#038;p=2118"},"modified":"2025-09-30T20:53:31","modified_gmt":"2025-09-30T20:53:31","slug":"blackstone-sgb-8500-3-d-es-groupe-electrogene-diesel-triphase","status":"publish","type":"product","link":"https:\/\/routinesfashione.com\/fr\/produit\/blackstone-sgb-8500-3-d-es-groupe-electrogene-diesel-triphase\/","title":{"rendered":"Blackstone SGB 8500-3 D-ES Groupe \u00e9lectrog\u00e8ne diesel triphas\u00e9"},"content":{"rendered":"<p><strong>Le groupe \u00e9lectrog\u00e8ne<\/strong>\u00a0<strong>DIESEL SILENCIEUX Blackstone SGB 8500-3 D-ES\u00a0<\/strong>Il s&#039;agit d&#039;un produit semi-professionnel id\u00e9al pour les participants. Ce mod\u00e8le dispose d&#039;une enveloppe totale alternative.<strong>\u00a0cuivre\u00a0<\/strong>et un r\u00e9servoir de bien<strong>\u00a012,7 L\u00a0<\/strong>Ce mod\u00e8le fait partie de la s\u00e9rie silencieuse insonoris\u00e9e, \u00e9mettant un niveau sonore\u00a0<strong>76 dBA.\u00a0<\/strong>Il poss\u00e8de un\u00a0<strong>moteur diesel 4 temps\u00a0<\/strong>avec une cylindrique de<strong>\u00a0498 cc\u00a0<\/strong>capable de g\u00e9n\u00e9rer une alimentation \u00e9lectrique<strong>\u00a013 CV (9,6 kW)<\/strong>. L&#039;allumage est simple et gracieux<strong>\u00a0d\u00e9marrage comode \u00e9lectrique \u00e0 cl\u00e9s.\u00a0<\/strong>Gr\u00e2ce \u00e0 sa forme tr\u00e8s compacte et aux 4 roues, il r\u00e9sulte \u00e9galement tr\u00e8s simple m\u00eame dans les lieux plus difficiles. Le pouvoir atteindre \u00e9quivaut \u00e0 une puissance maximale<strong>\u00a06300 W<br \/>\n<\/strong><\/p>\n<p>Avec le rev\u00eatement et le pot d&#039;\u00e9chappement r\u00e9sidentiel, le groupe \u00e9lectrog\u00e8ne diesel est particuli\u00e8rement indiqu\u00e9 pour un travail \u00e0 proximit\u00e9 des centres habit\u00e9s.<\/p>\n<p><strong>Dot\u00e9 de la technologie AVR :<\/strong>\u00a0Le groupe \u00e9lectrique poss\u00e8de un circuit imprim\u00e9 qui r\u00e9gule automatiquement la tension du tri, et la tension principale est constante de la m\u00eame mani\u00e8re que la charge varie.<\/p>\n<p>La position de l&#039;image est modifi\u00e9e, elle fait r\u00e9f\u00e9rence \u00e0 l&#039;image correspondante.<\/p>","protected":false},"excerpt":{"rendered":"<p>Le groupe \u00e9lectrog\u00e8ne\u00a0DIESEL SILENCIEUX Blackstone SGB 8500-3 D-ES\u00a0est un produit semi-professionnel id\u00e9al pour les particuliers. Ce mod\u00e8le poss\u00e8de un alternateur<\/p>","protected":false},"featured_media":14383,"template":"","meta":[],"product_brand":[],"product_cat":[61],"product_tag":[1514],"product_country":[1503],"class_list":{"0":"post-2118","1":"product","2":"type-product","3":"status-publish","4":"has-post-thumbnail","6":"product_cat-sale-france","7":"product_tag-sale-france","8":"product_country-france","10":"first","11":"instock","12":"sale","13":"taxable","14":"shipping-taxable","15":"purchasable","16":"product-type-simple"},"_links":{"self":[{"href":"https:\/\/routinesfashione.com\/fr\/wp-json\/wp\/v2\/product\/2118","targetHints":{"allow":["GET"]}}],"collection":[{"href":"https:\/\/routinesfashione.com\/fr\/wp-json\/wp\/v2\/product"}],"about":[{"href":"https:\/\/routinesfashione.com\/fr\/wp-json\/wp\/v2\/types\/product"}],"wp:featuredmedia":[{"embeddable":true,"href":"https:\/\/routinesfashione.com\/fr\/wp-json\/wp\/v2\/media\/14383"}],"wp:attachment":[{"href":"https:\/\/routinesfashione.com\/fr\/wp-json\/wp\/v2\/media?parent=2118"}],"wp:term":[{"taxonomy":"product_brand","embeddable":true,"href":"https:\/\/routinesfashione.com\/fr\/wp-json\/wp\/v2\/product_brand?post=2118"},{"taxonomy":"product_cat","embeddable":true,"href":"https:\/\/routinesfashione.com\/fr\/wp-json\/wp\/v2\/product_cat?post=2118"},{"taxonomy":"product_tag","embeddable":true,"href":"https:\/\/routinesfashione.com\/fr\/wp-json\/wp\/v2\/product_tag?post=2118"},{"taxonomy":"product_country","embeddable":true,"href":"https:\/\/routinesfashione.com\/fr\/wp-json\/wp\/v2\/product_country?post=2118"}],"curies":[{"name":"wp","href":"https:\/\/api.w.org\/{rel}","templated":true}]}}