{"id":2140,"date":"2025-09-30T20:53:31","date_gmt":"2025-09-30T20:53:31","guid":{"rendered":"https:\/\/lightgray-crow-170497.hostingersite.com\/?post_type=product&#038;p=2140"},"modified":"2025-09-30T20:53:31","modified_gmt":"2025-09-30T20:53:31","slug":"fossibot-f3600pro-centrale-electrique-420w-foldable-panneau-solaire-3840wh-3600w-lfp-max-generateur-electrique-portableac-xt90","status":"publish","type":"product","link":"https:\/\/routinesfashione.com\/fr\/produit\/fossibot-f3600pro-centrale-electrique-420w-foldable-panneau-solaire-3840wh-3600w-lfp-max-generateur-electrique-portableac-xt90\/","title":{"rendered":"Fossibot F3600pro Centrale \u00c9lectrique + 420W Panneau Solaire pliable, 3840Wh 3600W Lfp Max g\u00e9n\u00e9rateur Electrique Portable, Ac\/Xt90"},"content":{"rendered":"<p><strong>Haute capacit\u00e9 de 3840 Wh<\/strong><br \/>\nLe FOSSiBOT F3600 Pro est \u00e9quip\u00e9 d&#039;une batterie principale d&#039;une capacit\u00e9 de 3\u00a0840 Wh, pouvant atteindre 11\u00a0520 Wh et \u00eatre connect\u00e9e \u00e0 des batteries suppl\u00e9mentaires.<\/p>\n<p><strong>Technologie de charge avanc\u00e9e<\/strong><br \/>\nLe F3600 Pro utilise une technologie avanc\u00e9e de charge rapide pour recharger compl\u00e8tement sa batterie en 1,5 heure, avec une capacit\u00e9 de charge allant jusqu&#039;\u00e0 4\u00a0200 W. Cette vitesse de charge in\u00e9gal\u00e9e vous permet d&#039;\u00eatre toujours pr\u00eat pour votre prochaine aventure ou urgence.<\/p>\n<p><strong>Des options de charge compl\u00e8tes<\/strong><br \/>\nLe F3600 Pro est \u00e9quip\u00e9 de nombreux ports de charge, dont 1 PD 100 W, 3 PD 20 W, 2 QC3.0, 1 allume-cigare, 2 DC5521 12 V\/3 A, 1 XT60 12 V\/25 A et 3 CA. Cette large gamme de connectivit\u00e9 est compatible avec tous les appareils, ordinateurs portables et smartphones, ainsi qu&#039;avec les appareils et outils de grande taille.<\/p>\n<p><strong>Batteries LiFePO4 pour une s\u00e9curit\u00e9 \u00e9lev\u00e9e<\/strong><br \/>\nLe F3600 Pro est \u00e9quip\u00e9 d&#039;une batterie LiFePO4 haute s\u00e9curit\u00e9 qui assure un fonctionnement stable et une dur\u00e9e de vie de plus de 6\u00a0500 cycles de charge\/d\u00e9charge, comparable \u00e0 celle d&#039;une cellule de v\u00e9hicule \u00e9lectrique. Cette technologie de batterie avanc\u00e9e garantit des performances fiables pendant plus de dix ans.<\/p>\n<p><strong>Concept l\u00e9ger et portable<\/strong><br \/>\nGr\u00e2ce \u00e0 son \u00e9norme capacit\u00e9 de stockage d&#039;\u00e9nergie, le F3600 est extr\u00eamement portable et p\u00e8se 42 kg. Ses dimensions compactes, ses roues robustes et sa position r\u00e9tractable facilitent son transport. Il est id\u00e9al pour le camping, en fin de journ\u00e9e ou comme source d&#039;\u00e9nergie.<\/p>\n<h2>Caract\u00e9ristiques<\/h2>\n<p>Capacit\u00e9 : 3840 Wh LiFePO4<br \/>\nCapacit\u00e9 maximale de la batterie : 11520 Wh<br \/>\nPuissance de sortie CA : 3600 W<br \/>\nPuissance maximale : 4200 W<br \/>\nPuissance maximale : 4168W<br \/>\nCharge compl\u00e8te : 1,5 heure 4200W<br \/>\nChargement maximum en courant alternatif : 2200W<br \/>\nCharge solaire maximale : 2000 W<br \/>\nForme d&#039;onde : &lt;10 ms<br \/>\nPorts de sortie : 1 * PD 100W, 3 * PD 20W, 2 * QC3.0, 1 * Allume-cigare, 2 * DC5521 12V\/3A, 1 * XT60 12V\/25A, 3 * Alimentation CA<\/p>\n<h2>Poids et dimensions<\/h2>\n<p>Poids du produit : 37,8 kg<br \/>\nPoids de l&#039;emballage : 40 kg<br \/>\nDimensions de l&#039;emballage (L x L x H) : 69,4 x 40,4 x 58,7 cm<\/p>","protected":false},"excerpt":{"rendered":"<p>Haute capacit\u00e9 de 3840 Wh Le FOSSiBOT F3600 Pro est dot\u00e9 d&#8217;une batterie principale de grande capacit\u00e9 de 3840 Wh,<\/p>","protected":false},"featured_media":28252,"template":"","meta":[],"product_brand":[],"product_cat":[61],"product_tag":[1514],"product_country":[1503],"class_list":{"0":"post-2140","1":"product","2":"type-product","3":"status-publish","4":"has-post-thumbnail","6":"product_cat-sale-france","7":"product_tag-sale-france","8":"product_country-france","10":"first","11":"instock","12":"sale","13":"taxable","14":"shipping-taxable","15":"purchasable","16":"product-type-simple"},"_links":{"self":[{"href":"https:\/\/routinesfashione.com\/fr\/wp-json\/wp\/v2\/product\/2140","targetHints":{"allow":["GET"]}}],"collection":[{"href":"https:\/\/routinesfashione.com\/fr\/wp-json\/wp\/v2\/product"}],"about":[{"href":"https:\/\/routinesfashione.com\/fr\/wp-json\/wp\/v2\/types\/product"}],"wp:featuredmedia":[{"embeddable":true,"href":"https:\/\/routinesfashione.com\/fr\/wp-json\/wp\/v2\/media\/28252"}],"wp:attachment":[{"href":"https:\/\/routinesfashione.com\/fr\/wp-json\/wp\/v2\/media?parent=2140"}],"wp:term":[{"taxonomy":"product_brand","embeddable":true,"href":"https:\/\/routinesfashione.com\/fr\/wp-json\/wp\/v2\/product_brand?post=2140"},{"taxonomy":"product_cat","embeddable":true,"href":"https:\/\/routinesfashione.com\/fr\/wp-json\/wp\/v2\/product_cat?post=2140"},{"taxonomy":"product_tag","embeddable":true,"href":"https:\/\/routinesfashione.com\/fr\/wp-json\/wp\/v2\/product_tag?post=2140"},{"taxonomy":"product_country","embeddable":true,"href":"https:\/\/routinesfashione.com\/fr\/wp-json\/wp\/v2\/product_country?post=2140"}],"curies":[{"name":"wp","href":"https:\/\/api.w.org\/{rel}","templated":true}]}}