{"id":2147,"date":"2025-09-30T20:53:31","date_gmt":"2025-09-30T20:53:31","guid":{"rendered":"https:\/\/lightgray-crow-170497.hostingersite.com\/?post_type=product&#038;p=2147"},"modified":"2025-09-30T20:53:31","modified_gmt":"2025-09-30T20:53:31","slug":"groupe-electrogene-eu22i-honda","status":"publish","type":"product","link":"https:\/\/routinesfashione.com\/fr\/produit\/groupe-electrogene-eu22i-honda\/","title":{"rendered":"Groupe \u00e9lectrog\u00e8ne EU22i Honda"},"content":{"rendered":"<div class=\"product-carac\">\n<div class=\"titre-sections titre-sections-left\">\n<h2>Caract\u00e9ristiques Techniques<\/h2>\n<\/div>\n<ul>\n<li>Groupe \u00e9lectrog\u00e8ne HONDA EU 22 I TF<\/li>\n<li>Moteur Honda 4 temps GXR 120<\/li>\n<li>Fonctionne \u00e0 l&#039;essence sans plomb<\/li>\n<li>Puissance : 2200 w<\/li>\n<li>Tension 230 V<\/li>\n<li>Poids : 20.7 kg<\/li>\n<li>Groupe \u00e9lectrog\u00e8ne insonoris\u00e9<\/li>\n<\/ul>\n<\/div>\n<div class=\"product-avantages\">\n<div class=\"titre-sections titre-sections-left\">\n<h2>Les \u00ab Plus \u00bb du produit<\/h2>\n<\/div>\n<ul>\n<li>Autonomie de 3h50<\/li>\n<li>R\u00e9gulation : Onduleur<\/li>\n<li>Syst\u00e8me anti-vibration et d&#039;alerte avec chauffage int\u00e9gr\u00e9<\/li>\n<\/ul>\n<\/div>","protected":false},"excerpt":{"rendered":"<p>Caract\u00e9ristiques Techniques Groupe \u00e9lectrog\u00e8ne HONDA EU 22 I TF Moteur Honda 4 temps GXR 120 Fonctionne \u00e0 l&#8217;essence sans plomb<\/p>","protected":false},"featured_media":28194,"template":"","meta":[],"product_brand":[],"product_cat":[61],"product_tag":[1514],"product_country":[1503],"class_list":{"0":"post-2147","1":"product","2":"type-product","3":"status-publish","4":"has-post-thumbnail","6":"product_cat-sale-france","7":"product_tag-sale-france","8":"product_country-france","10":"first","11":"instock","12":"sale","13":"taxable","14":"shipping-taxable","15":"purchasable","16":"product-type-simple"},"_links":{"self":[{"href":"https:\/\/routinesfashione.com\/fr\/wp-json\/wp\/v2\/product\/2147","targetHints":{"allow":["GET"]}}],"collection":[{"href":"https:\/\/routinesfashione.com\/fr\/wp-json\/wp\/v2\/product"}],"about":[{"href":"https:\/\/routinesfashione.com\/fr\/wp-json\/wp\/v2\/types\/product"}],"wp:featuredmedia":[{"embeddable":true,"href":"https:\/\/routinesfashione.com\/fr\/wp-json\/wp\/v2\/media\/28194"}],"wp:attachment":[{"href":"https:\/\/routinesfashione.com\/fr\/wp-json\/wp\/v2\/media?parent=2147"}],"wp:term":[{"taxonomy":"product_brand","embeddable":true,"href":"https:\/\/routinesfashione.com\/fr\/wp-json\/wp\/v2\/product_brand?post=2147"},{"taxonomy":"product_cat","embeddable":true,"href":"https:\/\/routinesfashione.com\/fr\/wp-json\/wp\/v2\/product_cat?post=2147"},{"taxonomy":"product_tag","embeddable":true,"href":"https:\/\/routinesfashione.com\/fr\/wp-json\/wp\/v2\/product_tag?post=2147"},{"taxonomy":"product_country","embeddable":true,"href":"https:\/\/routinesfashione.com\/fr\/wp-json\/wp\/v2\/product_country?post=2147"}],"curies":[{"name":"wp","href":"https:\/\/api.w.org\/{rel}","templated":true}]}}