{"id":2149,"date":"2025-09-30T20:53:31","date_gmt":"2025-09-30T20:53:31","guid":{"rendered":"https:\/\/lightgray-crow-170497.hostingersite.com\/?post_type=product&#038;p=2149"},"modified":"2025-09-30T20:53:31","modified_gmt":"2025-09-30T20:53:31","slug":"euro-expos-generateur-moteur-honda-87-kw","status":"publish","type":"product","link":"https:\/\/routinesfashione.com\/fr\/produit\/euro-expos-generateur-moteur-honda-87-kw\/","title":{"rendered":"G\u00e9n\u00e9rateur Honda 6600 Watt\u00a0EUROM HM8001"},"content":{"rendered":"<h2>G\u00e9n\u00e9rateur Honda 6600 Watt\u00a0EUROM HM8001<\/h2>\n<p><strong>Le<\/strong>\u00a0<strong>g\u00e9n\u00e9rateur EUROM HM8001 Honda d&#8217;une<\/strong>\u00a0<strong>puissance de 6600<\/strong>\u00a0<strong>watt\u00a0<\/strong>est un groupe \u00e9lectrog\u00e8ne \u00e0 essence d&#8217;une puissance de 8,7 kW et d&#8217;un r\u00e9servoir de 6,1 litres. Ce g\u00e9n\u00e9rateur silencieux produit peu de bruit tout en fournissant suffisamment de puissance pour les appareils \u00e9lectriques et les outils. EUROM HM 8001 avec moteur Honda est construit sur un ch\u00e2ssis robuste, ce qui le rend r\u00e9sistant aux chocs et aux chutes.<\/p>\n<h2>Groupe \u00e9lectrog\u00e8ne avec moteur Honda<\/h2>\n<p><strong>Ce groupe \u00e9lectrog\u00e8ne EUROM avec<\/strong>\u00a0<strong>moteur<\/strong>\u00a0<strong>Honda\u00a0<\/strong>d\u00e9livre 6600 watts et 8,7 kW de puissance avec 11,7 CV. Il convient donc parfaitement \u00e0 un usage professionnel et intensif. Le g\u00e9n\u00e9rateur avec moteur Honda est tr\u00e8s fiable pour une performance constante en toutes circonstances, est \u00e9quip\u00e9 de deux prises de 230 volts pour alimenter tous vos outils et appareils \u00e9lectriques.<\/p>\n<h3>Caract\u00e9ristiques du g\u00e9n\u00e9rateur Honda EUROM HM8001<\/h3>\n<ul>\n<li>G\u00e9n\u00e9rateur professionnel avec moteur Honda<\/li>\n<li>Puissance de 6600 Watt<\/li>\n<li>D\u00e9marrage manuel du g\u00e9n\u00e9rateur<\/li>\n<li>Cadre robuste r\u00e9sistant aux chocs<\/li>\n<li>Peut fonctionner pendant 2,5 heures d&#8217;affil\u00e9e<\/li>\n<li>Fonctionne \u00e0 l&#8217;essence<\/li>\n<li>Garantie de 2 ans<\/li>\n<\/ul>","protected":false},"excerpt":{"rendered":"<p>G\u00e9n\u00e9rateur Honda 6600 Watt\u00a0EUROM HM8001 Le\u00a0g\u00e9n\u00e9rateur EUROM HM8001 Honda d&#8217;une\u00a0puissance de 6600\u00a0Watt\u00a0est un groupe \u00e9lectrog\u00e8ne \u00e0 essence d&#8217;une puissance de<\/p>","protected":false},"featured_media":14405,"template":"","meta":[],"product_brand":[],"product_cat":[61],"product_tag":[1514],"product_country":[1503],"class_list":{"0":"post-2149","1":"product","2":"type-product","3":"status-publish","4":"has-post-thumbnail","6":"product_cat-sale-france","7":"product_tag-sale-france","8":"product_country-france","10":"first","11":"instock","12":"sale","13":"taxable","14":"shipping-taxable","15":"purchasable","16":"product-type-simple"},"_links":{"self":[{"href":"https:\/\/routinesfashione.com\/fr\/wp-json\/wp\/v2\/product\/2149","targetHints":{"allow":["GET"]}}],"collection":[{"href":"https:\/\/routinesfashione.com\/fr\/wp-json\/wp\/v2\/product"}],"about":[{"href":"https:\/\/routinesfashione.com\/fr\/wp-json\/wp\/v2\/types\/product"}],"wp:featuredmedia":[{"embeddable":true,"href":"https:\/\/routinesfashione.com\/fr\/wp-json\/wp\/v2\/media\/14405"}],"wp:attachment":[{"href":"https:\/\/routinesfashione.com\/fr\/wp-json\/wp\/v2\/media?parent=2149"}],"wp:term":[{"taxonomy":"product_brand","embeddable":true,"href":"https:\/\/routinesfashione.com\/fr\/wp-json\/wp\/v2\/product_brand?post=2149"},{"taxonomy":"product_cat","embeddable":true,"href":"https:\/\/routinesfashione.com\/fr\/wp-json\/wp\/v2\/product_cat?post=2149"},{"taxonomy":"product_tag","embeddable":true,"href":"https:\/\/routinesfashione.com\/fr\/wp-json\/wp\/v2\/product_tag?post=2149"},{"taxonomy":"product_country","embeddable":true,"href":"https:\/\/routinesfashione.com\/fr\/wp-json\/wp\/v2\/product_country?post=2149"}],"curies":[{"name":"wp","href":"https:\/\/api.w.org\/{rel}","templated":true}]}}