{"id":2173,"date":"2025-09-30T20:53:30","date_gmt":"2025-09-30T20:53:30","guid":{"rendered":"https:\/\/lightgray-crow-170497.hostingersite.com\/?post_type=product&#038;p=2173"},"modified":"2025-09-30T20:53:30","modified_gmt":"2025-09-30T20:53:30","slug":"briggs-stratton-p4500","status":"publish","type":"product","link":"https:\/\/routinesfashione.com\/fr\/produit\/briggs-stratton-p4500\/","title":{"rendered":"Briggs &amp; Stratton P4500"},"content":{"rendered":"<div class=\"two-wide-category-teasers first-teaser\">\n<div class=\"row\">\n<div class=\"col-sm-6\">\n<div class=\"two-wide-category-teaser col-lg-12 col-sm-12 col-xs-12\">\n<div class=\"col-lg-12 col-sm-12 col-xs-12\">\n<div class=\"two-wide-text-container\">\n<h5 class=\"two-wide-category-teaser-title\">Parfaitement adapt\u00e9 aux syst\u00e8mes \u00e9lectroniques sensibles.<\/h5>\n<p class=\"p2\">L&#039;onduleur technologique produit une puissance plus le double. Cela signifie que vous pouvez recharger et alimenter en toute s\u00e9curit\u00e9 vos appareils \u00e9lectroniques sensibles tels que les ordinateurs portables, les smartphones et les consoles de jeux.<\/p>\n<\/div>\n<\/div>\n<\/div>\n<\/div>\n<div class=\"col-sm-6\">\n<div class=\"two-wide-category-teaser col-lg-12 col-sm-12 col-xs-12\">\n<div class=\"col-lg-12 col-sm-12 col-xs-12\">\n<div class=\"two-wide-text-container\">\n<h5 class=\"two-wide-category-teaser-title\">Technologie d&#039;alimentation silencieuse<\/h5>\n<p class=\"p2\">Ajustez automatiquement le r\u00e9gime moteur en fonction des \u00e9l\u00e9ments que vous alimentez. La technologie du silencieux r\u00e9duit le bruit, la consommation de carbone et les \u00e9missions.<\/p>\n<\/div>\n<\/div>\n<\/div>\n<\/div>\n<\/div>\n<\/div>\n<div class=\"two-wide-category-teasers\">\n<div class=\"row\">\n<div class=\"col-sm-6\">\n<div class=\"two-wide-category-teaser col-lg-12 col-sm-12 col-xs-12\">\n<div class=\"col-lg-12 col-sm-12 col-xs-12\">\n<div class=\"two-wide-text-container\">\n<h5 class=\"two-wide-category-teaser-title\">Sorties multiples pour vos besoins d&#039;alimentation<\/h5>\n<p class=\"p2\">Les prix domestiques sont de 230 V, un prix de charge de 12 V CC et un port USB 5 V offrent une flexibilit\u00e9 suffisante pour l&#039;alimentation et une combinaison d&#039;appareils d&#039;\u00e9clairage, d&#039;ordinateurs portables, de m\u00e9langeurs, d&#039;appareils \u00e9lectroniques personnels et plus encore.<\/p>\n<\/div>\n<\/div>\n<\/div>\n<\/div>\n<div class=\"col-sm-6\">\n<div class=\"two-wide-category-teaser col-lg-12 col-sm-12 col-xs-12\">\n<div class=\"col-lg-12 col-sm-12 col-xs-12\">\n<div class=\"two-wide-text-container\">\n<h5 class=\"two-wide-category-teaser-title\">Mobilit\u00e9 ais\u00e9e<\/h5>\n<p class=\"p2\">La poign\u00e9e t\u00e9lescopique de type bagage et les roulettes int\u00e9gr\u00e9es font de la mobilit\u00e9 un enfant.<\/p>\n<\/div>\n<\/div>\n<\/div>\n<\/div>\n<\/div>\n<\/div>\n<div class=\"two-wide-category-teasers\">\n<div class=\"row\">\n<div class=\"col-sm-6\">\n<div class=\"two-wide-category-teaser col-lg-12 col-sm-12 col-xs-12\">\n<div class=\"col-lg-12 col-sm-12 col-xs-12\">\n<div class=\"two-wide-text-container\">\n<h5 class=\"two-wide-category-teaser-title\">Arr\u00eat du monoxyde de carbone CO Guard\u2122<\/h5>\n<p class=\"p2\">D\u00e9tection avanc\u00e9e. Protection suppl\u00e9mentaire. Cette technologie en instance de brevet arr\u00eate votre g\u00e9n\u00e9rateur lorsque des \u00e9b\u00e8nes nocifs de monoxyde de carbone s&#039;accumulent dans la zone de fonctionnement du g\u00e9n\u00e9rateur.<\/p>\n<\/div>\n<\/div>\n<\/div>\n<\/div>\n<div class=\"col-sm-6\">\n<div class=\"two-wide-category-teaser col-lg-12 col-sm-12 col-xs-12\">\n<div class=\"col-lg-12 col-sm-12 col-xs-12\">\n<div class=\"two-wide-text-container\">\n<h5 class=\"two-wide-category-teaser-title\">D\u00e9marrage \u00e9lectrique<\/h5>\n<p class=\"p2\">D\u00e9marrez le moteur rapidement et facilement en appuyant sur le bouton.<\/p>\n<div class=\"divTableRow-sync\">\n<div class=\"divTableCell-sync col-lg-6 col-sm-6 col-xs-6\"><strong>Num\u00e9ro de mod\u00e8le<\/strong><\/div>\n<div class=\"divTableCell-sync col-lg-6 col-sm-6 col-xs-6\">030806<\/div>\n<\/div>\n<div class=\"divTableRow-sync\">\n<div class=\"divTableCell-sync col-lg-6 col-sm-6 col-xs-6\"><strong>Watts au d\u00e9marrage\u00a0<sup>1<\/sup><\/strong><\/div>\n<div class=\"divTableCell-sync col-lg-6 col-sm-6 col-xs-6\">4500<\/div>\n<\/div>\n<div class=\"divTableRow-sync\">\n<div class=\"divTableCell-sync col-lg-6 col-sm-6 col-xs-6\"><strong>Consommation \u00e9lectrique en watts\u00a0<sup>2<\/sup><\/strong><\/div>\n<div class=\"divTableCell-sync col-lg-6 col-sm-6 col-xs-6\">3700<\/div>\n<\/div>\n<div class=\"divTableRow-sync\">\n<div class=\"divTableCell-sync col-lg-6 col-sm-6 col-xs-6\"><strong>Tension (V)<\/strong><\/div>\n<div class=\"divTableCell-sync col-lg-6 col-sm-6 col-xs-6\">230<\/div>\n<\/div>\n<div class=\"divTableRow-sync\">\n<div class=\"divTableCell-sync col-lg-6 col-sm-6 col-xs-6\"><strong>Fr\u00e9quence (Hz)<\/strong><\/div>\n<div class=\"divTableCell-sync col-lg-6 col-sm-6 col-xs-6\">50<\/div>\n<\/div>\n<div class=\"divTableRow-sync\">\n<div class=\"divTableCell-sync col-lg-6 col-sm-6 col-xs-6\"><strong>Niveau sonore (dB(A))\u00a0<sup>3<\/sup><\/strong><\/div>\n<div class=\"divTableCell-sync col-lg-6 col-sm-6 col-xs-6\">61<\/div>\n<\/div>\n<div class=\"divTableRow-sync\">\n<div class=\"divTableCell-sync col-lg-6 col-sm-6 col-xs-6\"><strong>Dur\u00e9e de fonctionnement\u00a0<sup>4<\/sup><\/strong><\/div>\n<div class=\"divTableCell-sync col-lg-6 col-sm-6 col-xs-6\">16h00<\/div>\n<\/div>\n<div class=\"divTableRow-sync\">\n<div class=\"divTableCell-sync col-lg-6 col-sm-6 col-xs-6\"><strong>Prix de l&#039;\u00e9lectricit\u00e9<\/strong><\/div>\n<div class=\"divTableCell-sync col-lg-6 col-sm-6 col-xs-6\">2 x 230V\/16 amp\u00e8res, 1 x 12V\/5 amp\u00e8res sortie de charge CC, 2 x USB<\/div>\n<\/div>\n<div class=\"divTableRow-sync\">\n<div class=\"divTableCell-sync col-lg-6 col-sm-6 col-xs-6\"><strong>D\u00e9marreur<\/strong><\/div>\n<div class=\"divTableCell-sync col-lg-6 col-sm-6 col-xs-6\">\u00c9lectrique \/ Lanceur<\/div>\n<\/div>\n<div class=\"divTableRow-sync\">\n<div class=\"divTableCell-sync col-lg-6 col-sm-6 col-xs-6\"><strong>Technologie des moteurs<\/strong><\/div>\n<div class=\"divTableCell-sync col-lg-6 col-sm-6 col-xs-6\">OHV 4 temps<\/div>\n<\/div>\n<div class=\"divTableRow-sync\">\n<div class=\"divTableCell-sync col-lg-6 col-sm-6 col-xs-6\"><strong>Cylindr\u00e9e (cc)<\/strong><\/div>\n<div class=\"divTableCell-sync col-lg-6 col-sm-6 col-xs-6\">224<\/div>\n<\/div>\n<div class=\"divTableRow-sync\">\n<div class=\"divTableCell-sync col-lg-6 col-sm-6 col-xs-6\"><strong>Capacit\u00e9 du r\u00e9servoir de carburant (L)<\/strong><\/div>\n<div class=\"divTableCell-sync col-lg-6 col-sm-6 col-xs-6\">13<\/div>\n<\/div>\n<div class=\"divTableRow-sync\">\n<div class=\"divTableCell-sync col-lg-6 col-sm-6 col-xs-6\"><strong>Arr\u00eat automatique de faible niveau d&#039;huile<\/strong><\/div>\n<div class=\"divTableCell-sync col-lg-6 col-sm-6 col-xs-6\">Oui<\/div>\n<\/div>\n<div class=\"divTableRow-sync\">\n<div class=\"divTableCell-sync col-lg-6 col-sm-6 col-xs-6\"><strong>Disjoncteur<\/strong><\/div>\n<div class=\"divTableCell-sync col-lg-6 col-sm-6 col-xs-6\">Oui<\/div>\n<\/div>\n<div class=\"divTableRow-sync\">\n<div class=\"divTableCell-sync col-lg-6 col-sm-6 col-xs-6\"><strong>Poign\u00e9e de transport<\/strong><\/div>\n<div class=\"divTableCell-sync col-lg-6 col-sm-6 col-xs-6\">Poign\u00e9e t\u00e9lescopique, poign\u00e9e lat\u00e9rale, roues int\u00e9gr\u00e9es<\/div>\n<\/div>\n<div class=\"divTableRow-sync\">\n<div class=\"divTableCell-sync col-lg-6 col-sm-6 col-xs-6\"><strong>Poids (kg)<\/strong><\/div>\n<div class=\"divTableCell-sync col-lg-6 col-sm-6 col-xs-6\">52,1<\/div>\n<\/div>\n<div class=\"divTableRow-sync\">\n<div class=\"divTableCell-sync col-lg-6 col-sm-6 col-xs-6\"><strong>Longueur (cm)<\/strong><\/div>\n<div class=\"divTableCell-sync col-lg-6 col-sm-6 col-xs-6\">62<\/div>\n<\/div>\n<div class=\"divTableRow-sync\">\n<div class=\"divTableCell-sync col-lg-6 col-sm-6 col-xs-6\"><strong>Largeur (cm)<\/strong><\/div>\n<div class=\"divTableCell-sync col-lg-6 col-sm-6 col-xs-6\">44<\/div>\n<\/div>\n<div class=\"divTableRow-sync\">\n<div class=\"divTableCell-sync col-lg-6 col-sm-6 col-xs-6\"><strong>Hauteur (cm)<\/strong><\/div>\n<div class=\"divTableCell-sync col-lg-6 col-sm-6 col-xs-6\">52<\/div>\n<\/div>\n<div class=\"divTableRow-sync\">\n<div class=\"divTableCell-sync col-lg-6 col-sm-6 col-xs-6\"><strong>Garantie consommateur (produit)\u00a0<sup>5<\/sup><\/strong><\/div>\n<div class=\"divTableCell-sync col-lg-6 col-sm-6 col-xs-6\">Garantie de 3 ans<\/div>\n<\/div>\n<div class=\"divTableRow-sync\">\n<div class=\"divTableCell-sync col-lg-6 col-sm-6 col-xs-6\"><strong>Conforme aux normes CE<\/strong><\/div>\n<div class=\"divTableCell-sync col-lg-6 col-sm-6 col-xs-6\">Conforme aux normes CE<\/div>\n<\/div>\n<\/div>\n<\/div>\n<\/div>\n<\/div>\n<\/div>\n<\/div>\n<div class=\"two-wide-category-teasers\">\n<div class=\"row\">\n<div class=\"col-sm-6\">\n<div class=\"two-wide-category-teaser col-lg-12 col-sm-12 col-xs-12\">\n<div class=\"col-lg-12 col-sm-12 col-xs-12\">\n<div class=\"two-wide-text-container\"><\/div>\n<\/div>\n<\/div>\n<\/div>\n<\/div>\n<\/div>","protected":false},"excerpt":{"rendered":"<p>Parfaitement adapt\u00e9 aux syst\u00e8mes \u00e9lectroniques sensibles. La technologie Inverter produit une puissance plus douce. Cela signifie que vous pouvez recharger<\/p>","protected":false},"featured_media":14424,"template":"","meta":[],"product_brand":[],"product_cat":[61],"product_tag":[1514],"product_country":[1503],"class_list":{"0":"post-2173","1":"product","2":"type-product","3":"status-publish","4":"has-post-thumbnail","6":"product_cat-sale-france","7":"product_tag-sale-france","8":"product_country-france","10":"first","11":"instock","12":"sale","13":"taxable","14":"shipping-taxable","15":"purchasable","16":"product-type-simple"},"_links":{"self":[{"href":"https:\/\/routinesfashione.com\/fr\/wp-json\/wp\/v2\/product\/2173","targetHints":{"allow":["GET"]}}],"collection":[{"href":"https:\/\/routinesfashione.com\/fr\/wp-json\/wp\/v2\/product"}],"about":[{"href":"https:\/\/routinesfashione.com\/fr\/wp-json\/wp\/v2\/types\/product"}],"wp:featuredmedia":[{"embeddable":true,"href":"https:\/\/routinesfashione.com\/fr\/wp-json\/wp\/v2\/media\/14424"}],"wp:attachment":[{"href":"https:\/\/routinesfashione.com\/fr\/wp-json\/wp\/v2\/media?parent=2173"}],"wp:term":[{"taxonomy":"product_brand","embeddable":true,"href":"https:\/\/routinesfashione.com\/fr\/wp-json\/wp\/v2\/product_brand?post=2173"},{"taxonomy":"product_cat","embeddable":true,"href":"https:\/\/routinesfashione.com\/fr\/wp-json\/wp\/v2\/product_cat?post=2173"},{"taxonomy":"product_tag","embeddable":true,"href":"https:\/\/routinesfashione.com\/fr\/wp-json\/wp\/v2\/product_tag?post=2173"},{"taxonomy":"product_country","embeddable":true,"href":"https:\/\/routinesfashione.com\/fr\/wp-json\/wp\/v2\/product_country?post=2173"}],"curies":[{"name":"wp","href":"https:\/\/api.w.org\/{rel}","templated":true}]}}