{"id":2256,"date":"2025-09-30T20:51:21","date_gmt":"2025-09-30T20:51:21","guid":{"rendered":"https:\/\/lightgray-crow-170497.hostingersite.com\/?post_type=product&#038;p=2256"},"modified":"2025-09-30T20:51:21","modified_gmt":"2025-09-30T20:51:21","slug":"champion-generators-champion-3400-watt","status":"publish","type":"product","link":"https:\/\/routinesfashione.com\/fr\/produit\/champion-generators-champion-3400-watt\/","title":{"rendered":"G\u00e9n\u00e9rateurs Champion Champion 3400 Watt"},"content":{"rendered":"<p>Notre g\u00e9n\u00e9rateur Champion Inverter est aliment\u00e9 par une interface USB suppl\u00e9mentaire et un commutateur 3:1, aliment\u00e9 par un moteur de 3\u00a0400 kW. Tr\u00e8s performants, les g\u00e9n\u00e9rateurs Champion utilisent la technologie et les fonctionnalit\u00e9s de leurs moteurs propri\u00e9taires. Con\u00e7us, d\u00e9velopp\u00e9s et test\u00e9s dans diff\u00e9rents environnements, ils peuvent \u00e9galement \u00eatre d\u00e9mont\u00e9s et visionn\u00e9s en vid\u00e9o sur notre site web. Ce g\u00e9n\u00e9rateur, inspir\u00e9 du g\u00e9n\u00e9rateur portable Champion Power Equipment 73001I-EU, est \u00e9quip\u00e9 d&#039;un moteur \u00e0 soupapes et de deux groupes monocylindriques 4 temps Champion de 192 cm\u00b3 d\u00e9veloppant 3\u00a0400 watts.<\/p>\n<p>Gr\u00e2ce \u00e0 son r\u00e9servoir de carburant de 6 litres, le 25% offre une autonomie de seulement 8 heures par charge. Notre moteur OHV est \u00e9quip\u00e9 d&#039;un capteur de niveau d&#039;huile de base, garantissant une longue dur\u00e9e de vie et un acc\u00e8s facile. Cet appareil int\u00e8gre une technologie sinuso\u00efdale qui assure la s\u00e9curit\u00e9 des appareils \u00e9lectroniques sensibles et une alimentation optimale. Id\u00e9al pour le camping, la route, les voyages et les pique-niques, il est dot\u00e9 d&#039;une poign\u00e9e int\u00e9gr\u00e9e aux roues, ce qui le rend facile \u00e0 transporter.<\/p>\n<ul class=\"product-details-list\">\n<li><span class=\"spec-label\">Tension CC :<\/span><span class=\"spec-value\">Oui<\/span><\/li>\n<li class=\"even\"><span class=\"spec-label\">Type de moteur :<\/span><span class=\"spec-value\">192 cm\u00b3 OHV<\/span><\/li>\n<li><span class=\"spec-label\">Cylindrique:<\/span><span class=\"spec-value\">192cc<\/span><\/li>\n<li class=\"even\"><span class=\"spec-label\">Vitesse de rotation nominale :<\/span><span class=\"spec-value\">1500 tr\/min<\/span><\/li>\n<li><span class=\"spec-label\">Capacit\u00e9 du r\u00e9servoir:<\/span><span class=\"spec-value\">6 litres<\/span><\/li>\n<li class=\"even\"><span class=\"spec-label\">Consommation (\u00e0 75 %) :<\/span><span class=\"spec-value\">L\/h<\/span><\/li>\n<li><span class=\"spec-label\">Niveau sonore :<\/span><span class=\"spec-value\">58 dB<\/span><\/li>\n<li class=\"even\"><span class=\"spec-label\">Alarme d&#039;huile :<\/span><span class=\"spec-value\">Oui<\/span><\/li>\n<li><span class=\"spec-label\">Dimensions:<\/span><span class=\"spec-value\">61 x 47 x 50 cm<\/span><\/li>\n<li class=\"even\"><span class=\"spec-label\">Poids:<\/span><span class=\"spec-value\">36,9 kg<\/span><\/li>\n<li><span class=\"spec-label\">Garantie:<\/span><span class=\"spec-value\">2 ans<\/span><\/li>\n<li class=\"even\"><span class=\"spec-label\">Service:<\/span><span class=\"spec-value\">Mat\u00e9riaux de service<\/span><\/li>\n<li><span class=\"spec-label\">Accessoires:<\/span><span class=\"spec-value\">Pr\u00e9sent<\/span><\/li>\n<\/ul>","protected":false},"excerpt":{"rendered":"<p>Il s&#8217;agit de notre g\u00e9n\u00e9rateur Champion Inverter qui est surcharg\u00e9 avec des extras tels qu&#8217;une interface USB et un commutateur<\/p>","protected":false},"featured_media":28083,"template":"","meta":[],"product_brand":[],"product_cat":[61],"product_tag":[1514],"product_country":[1503],"class_list":{"0":"post-2256","1":"product","2":"type-product","3":"status-publish","4":"has-post-thumbnail","6":"product_cat-sale-france","7":"product_tag-sale-france","8":"product_country-france","10":"first","11":"instock","12":"sale","13":"taxable","14":"shipping-taxable","15":"purchasable","16":"product-type-simple"},"_links":{"self":[{"href":"https:\/\/routinesfashione.com\/fr\/wp-json\/wp\/v2\/product\/2256","targetHints":{"allow":["GET"]}}],"collection":[{"href":"https:\/\/routinesfashione.com\/fr\/wp-json\/wp\/v2\/product"}],"about":[{"href":"https:\/\/routinesfashione.com\/fr\/wp-json\/wp\/v2\/types\/product"}],"wp:featuredmedia":[{"embeddable":true,"href":"https:\/\/routinesfashione.com\/fr\/wp-json\/wp\/v2\/media\/28083"}],"wp:attachment":[{"href":"https:\/\/routinesfashione.com\/fr\/wp-json\/wp\/v2\/media?parent=2256"}],"wp:term":[{"taxonomy":"product_brand","embeddable":true,"href":"https:\/\/routinesfashione.com\/fr\/wp-json\/wp\/v2\/product_brand?post=2256"},{"taxonomy":"product_cat","embeddable":true,"href":"https:\/\/routinesfashione.com\/fr\/wp-json\/wp\/v2\/product_cat?post=2256"},{"taxonomy":"product_tag","embeddable":true,"href":"https:\/\/routinesfashione.com\/fr\/wp-json\/wp\/v2\/product_tag?post=2256"},{"taxonomy":"product_country","embeddable":true,"href":"https:\/\/routinesfashione.com\/fr\/wp-json\/wp\/v2\/product_country?post=2256"}],"curies":[{"name":"wp","href":"https:\/\/api.w.org\/{rel}","templated":true}]}}