{"id":2262,"date":"2025-09-30T20:51:21","date_gmt":"2025-09-30T20:51:21","guid":{"rendered":"https:\/\/lightgray-crow-170497.hostingersite.com\/?post_type=product&#038;p=2262"},"modified":"2025-09-30T20:51:21","modified_gmt":"2025-09-30T20:51:21","slug":"groupe-electrogene-diesel-insonorise-k6100se-53-kw-kompak","status":"publish","type":"product","link":"https:\/\/routinesfashione.com\/fr\/produit\/groupe-electrogene-diesel-insonorise-k6100se-53-kw-kompak\/","title":{"rendered":"Groupe \u00e9lectrog\u00e8ne diesel insonoris\u00e9 K6100SE 5,3 kW Kompak"},"content":{"rendered":"<h2>G\u00e9n\u00e9rateur \u00e9lectrique diesel Kompak K6100SE<\/h2>\n<p>Le\u00a0<strong>g\u00e9n\u00e9rateur \u00e9lectrique diesel K6100SE Kompak\u00a0<\/strong>offre des performances fiables gr\u00e2ce \u00e0 son\u00a0<strong>moteur 4 temps<\/strong>\u00a0refroidi par air et aliment\u00e9 par injection directe de carburant diesel.<\/p>\n<p>Ce g\u00e9n\u00e9rateur robuste est dot\u00e9 d&#8217;une\u00a0<strong>alarme de bas niveau d&#8217;huile<\/strong>\u00a0qui active automatiquement l&#8217;arr\u00eat du moteur, garantissant un fonctionnement s\u00fbr et prolongeant la dur\u00e9e de vie de l&#8217;\u00e9quipement.<\/p>\n<p>Sa double\u00a0<strong>base de support contribue \u00e0 la r\u00e9duction des vibrations<\/strong>, offrant une plate-forme stable et efficace. Avec une puissance nominale de 5 kW et une puissance maximale de 5,3 kW, ce g\u00e9n\u00e9rateur est con\u00e7u pour r\u00e9pondre facilement aux demandes d&#8217;\u00e9nergie.<\/p>\n<p>Soleil\u00a0<strong>syst\u00e8me d&#8217;injection directe<\/strong>\u00a0et son r\u00e9servoir de carburant largement dimensionn\u00e9 garantissent un fonctionnement efficace et une faible consommation de carburant. En outre, sa disponibilit\u00e9 de signal de d\u00e9marrage et son d\u00e9marrage \u00e9lectrique avec batterie sans entretien incluse rendent l&#8217;installation compacte et n\u00e9cessitent peu d&#8217;entretien, ce qui facilite son int\u00e9gration dans divers environnements.<\/p>\n<h3>Caract\u00e9ristiques<\/h3>\n<table class=\"tableresponsive table table-hover\">\n<tbody>\n<tr>\n<td>Fr\u00e9quence<\/td>\n<td>50 Hz<\/td>\n<\/tr>\n<tr>\n<td>Puissance nominale<\/td>\n<td>5 kW<\/td>\n<\/tr>\n<tr>\n<td>Puissance maximale<\/td>\n<td>5,3 kW<\/td>\n<\/tr>\n<tr>\n<td>Tension d&#8217;alimentation<\/td>\n<td>220 V<\/td>\n<\/tr>\n<tr>\n<td>Prises de courant<\/td>\n<td>2 schuko 16A<\/td>\n<\/tr>\n<tr>\n<td>Alternateur<\/td>\n<td>A5S<\/td>\n<\/tr>\n<tr>\n<td>Type d&#8217;alternateur<\/td>\n<td>AVR<\/td>\n<\/tr>\n<tr>\n<td>Moteur<\/td>\n<td>4 temps<\/td>\n<\/tr>\n<tr>\n<td>Mod\u00e8le de moteur<\/td>\n<td>D400E<\/td>\n<\/tr>\n<tr>\n<td>Type de carburant<\/td>\n<td>Diesel<\/td>\n<\/tr>\n<tr>\n<td>Cylindree<\/td>\n<td>418 cc<\/td>\n<\/tr>\n<tr>\n<td>Pouvoir<\/td>\n<td>10 Hp<\/td>\n<\/tr>\n<tr>\n<td>D\u00e9marreur<\/td>\n<td>\u00c9lectrique<\/td>\n<\/tr>\n<tr>\n<td>Capacit\u00e9 du r\u00e9servoir<\/td>\n<td>12 L<\/td>\n<\/tr>\n<tr>\n<td>Niveau sonore \u00e0 7 mts (dB)<\/td>\n<td>72 dB<\/td>\n<\/tr>\n<tr>\n<td>Dimensions de l&#039;appareil<\/td>\n<td>920x520x760 mm<\/td>\n<\/tr>\n<tr>\n<td>Poids<\/td>\n<td>152 Kg<\/td>\n<\/tr>\n<\/tbody>\n<\/table>","protected":false},"excerpt":{"rendered":"<p>G\u00e9n\u00e9rateur \u00e9lectrique diesel Kompak K6100SE Le\u00a0g\u00e9n\u00e9rateur \u00e9lectrique diesel K6100SE Kompak\u00a0offre des performances fiables gr\u00e2ce \u00e0 son\u00a0moteur 4 temps\u00a0refroidi par air<\/p>","protected":false},"featured_media":14492,"template":"","meta":[],"product_brand":[],"product_cat":[61],"product_tag":[1514],"product_country":[1503],"class_list":{"0":"post-2262","1":"product","2":"type-product","3":"status-publish","4":"has-post-thumbnail","6":"product_cat-sale-france","7":"product_tag-sale-france","8":"product_country-france","10":"first","11":"instock","12":"sale","13":"taxable","14":"shipping-taxable","15":"purchasable","16":"product-type-simple"},"_links":{"self":[{"href":"https:\/\/routinesfashione.com\/fr\/wp-json\/wp\/v2\/product\/2262","targetHints":{"allow":["GET"]}}],"collection":[{"href":"https:\/\/routinesfashione.com\/fr\/wp-json\/wp\/v2\/product"}],"about":[{"href":"https:\/\/routinesfashione.com\/fr\/wp-json\/wp\/v2\/types\/product"}],"wp:featuredmedia":[{"embeddable":true,"href":"https:\/\/routinesfashione.com\/fr\/wp-json\/wp\/v2\/media\/14492"}],"wp:attachment":[{"href":"https:\/\/routinesfashione.com\/fr\/wp-json\/wp\/v2\/media?parent=2262"}],"wp:term":[{"taxonomy":"product_brand","embeddable":true,"href":"https:\/\/routinesfashione.com\/fr\/wp-json\/wp\/v2\/product_brand?post=2262"},{"taxonomy":"product_cat","embeddable":true,"href":"https:\/\/routinesfashione.com\/fr\/wp-json\/wp\/v2\/product_cat?post=2262"},{"taxonomy":"product_tag","embeddable":true,"href":"https:\/\/routinesfashione.com\/fr\/wp-json\/wp\/v2\/product_tag?post=2262"},{"taxonomy":"product_country","embeddable":true,"href":"https:\/\/routinesfashione.com\/fr\/wp-json\/wp\/v2\/product_country?post=2262"}],"curies":[{"name":"wp","href":"https:\/\/api.w.org\/{rel}","templated":true}]}}