{"id":23278,"date":"2025-08-24T23:14:15","date_gmt":"2025-08-24T23:14:15","guid":{"rendered":"https:\/\/lightgray-crow-170497.hostingersite.com\/?post_type=product&#038;p=23278"},"modified":"2025-09-30T21:09:17","modified_gmt":"2025-09-30T21:09:17","slug":"dyu-stroll-1-700c-city-electric-bike","status":"publish","type":"product","link":"https:\/\/routinesfashione.com\/fr\/produit\/dyu-stroll-1-700c-city-electric-bike\/","title":{"rendered":"DYU Stroll 1 700C City Electric Bike"},"content":{"rendered":"<div id=\"shopify-section-template--18422611476704__slide_show_bHrdch\" class=\"shopify-section sections-slide-show\">\n<div id=\"slideshow-wrapper-template--18422611476704__slide_show_bHrdch\" class=\"slideshow-wrapper section-block-template--18422611476704__slide_show_bHrdch\">\n<div class=\"container\">\n<div class=\"slideshow\" data-auto-video=\"true\">\n<div id=\"block-image_e8qbnN\" class=\"item slide-block-image_e8qbnN\" data-animate=\"none\" data-show-lookbook-container=\"\" data-style=\"1\" data-index=\"1\">\n<div class=\"images-contain lookbook-image-item\" data-lookbook-item-container=\"\">\n<div class=\"adaptive_height slide-pc\">\n<section>\n<h2><span dir=\"auto\" style=\"vertical-align: inherit;\">DYU Stroll 1 700C elektrische stadsfiets &#8211; De lichtgewicht kampioen voor stadsritten<\/span><\/h2>\n<p><span dir=\"auto\" style=\"vertical-align: inherit;\">De DYU Stroll 1 combineert een strak design met een ultralicht aluminium frame voor een moeiteloze, aerodynamische ervaring voor stadsbewoners. Of u nu door drukke straten navigeert of geniet van een rustige rit op de openbare weg, deze fiets biedt onge\u00ebvenaarde wendbaarheid, stabiliteit en comfort.<\/span><\/p>\n<h4><span dir=\"auto\" style=\"vertical-align: inherit;\">Robuuste veelzijdigheid<\/span><\/h4>\n<p><span dir=\"auto\" style=\"vertical-align: inherit;\">Uitgerust met 700*38C CST lekbestendige banden biedt de Stroll 1 uitstekende grip op natte of gladde oppervlakken zonder extra gewicht toe te voegen. De ingebouwde voormand, bagagedrager en bidonhouder maken deze fiets praktisch voor boodschappen, woon-werkverkeer of weekenduitstapjes.<\/span><\/p>\n<h4><span dir=\"auto\" style=\"vertical-align: inherit;\">Geavanceerde bediening en verlichting<\/span><\/h4>\n<p><span dir=\"auto\" style=\"vertical-align: inherit;\">Het intu\u00eftieve led-display biedt essenti\u00eble ritgegevens in \u00e9\u00e9n oogopslag, zoals snelheid en batterijstatus. De krachtige zoeklamp aan de voorkant en de reflector aan de achterkant verbeteren de zichtbaarheid tijdens nachtelijke ritten en zorgen voor veiligheid in donkere straten.<\/span><\/p>\n<h4><span dir=\"auto\" style=\"vertical-align: inherit;\">Veiligheid en controle<\/span><\/h4>\n<p><span dir=\"auto\" style=\"vertical-align: inherit;\">De Stroll 1 is ontworpen voor gemak en veiligheid en beschikt over een verwijderbaar antidiefstalaccusysteem dat met een sleutel kan worden vergrendeld of verwijderd. Schakel tussen trapondersteuning en volledig handmatig trappen voor een rit op maat en geniet van de vrijheid van een actieradius van 100 km op \u00e9\u00e9n acculading.<\/span><\/p>\n<h4><span dir=\"auto\" style=\"vertical-align: inherit;\">Langdurig comfort<\/span><\/h4>\n<p><span dir=\"auto\" style=\"vertical-align: inherit;\">Met een indrukwekkende actieradius tot wel 100 km garandeert de Stroll 1 comfort op lange afstanden zonder in te leveren op energie-effici\u00ebntie. Of u nu naar uw werk fietst of langere weekendtrips maakt, deze fiets is gebouwd om uw reis gemakkelijk te maken.<\/span><\/p>\n<h4><strong><span dir=\"auto\" style=\"vertical-align: inherit;\">DYU Stroll 1: De ultieme stads-e-bike voor stijl, comfort en prestaties<\/span><\/strong><\/h4>\n<p><span dir=\"auto\" style=\"vertical-align: inherit;\">Geef uw woon-werkverkeer een nieuwe betekenis met de Stroll 1. Met een lichtgewicht ontwerp, geavanceerde functies en de nadruk op comfort en veiligheid is deze e-bike de perfecte metgezel voor iedere stadsfietser.\u00a0<\/span><\/p>\n<h4><span dir=\"auto\" style=\"vertical-align: inherit;\">Compact LED-display: blijf op de hoogte, rijd slimmer<\/span><\/h4>\n<p><span dir=\"auto\" style=\"vertical-align: inherit;\">Het compacte digitale led-display van de DYU Stroll 1 biedt cruciale realtime informatie binnen handbereik, zoals vermogensniveaus, snelheid, accuspanning en wielmaat. Deze intu\u00eftieve functie zorgt ervoor dat u de prestaties van uw fiets gemakkelijk kunt volgen terwijl u onderweg bent. Dankzij de mogelijkheid om uw fietsschema in realtime aan te passen op basis van deze gegevens, geniet u van verbeterde controle, veiligheid en gemak. Of u nu door de stad rijdt of uitdagende routes aflegt, dit gebruiksvriendelijke display houdt u op de hoogte, wat zorgt voor een soepelere en plezierigere rit.<\/span><\/p>\n<p>&nbsp;<\/p>\n<h4><span dir=\"auto\" style=\"vertical-align: inherit;\">Shimano 7-speed versnellingssysteem: pas je gemakkelijk aan elk terrein aan<\/span><\/h4>\n<p><span dir=\"auto\" style=\"vertical-align: inherit;\">De DYU Stroll 1 is voorzien van een\u00a0 <\/span><strong><span dir=\"auto\" style=\"vertical-align: inherit;\">Shimano 7-speed schakelsysteem<\/span><\/strong><span dir=\"auto\" style=\"vertical-align: inherit;\"> \u00a0waarmee je je naadloos kunt aanpassen aan verschillende rijomstandigheden. Of je nu door drukke stadsstraten navigeert, steile heuvels beklimt of over vlakke wegen rijdt, de zeven versnellingen zorgen voor soepele overgangen tussen de snelheden.<\/span><\/p>\n<p><span dir=\"auto\" style=\"vertical-align: inherit;\">Deze veelzijdigheid zorgt voor een comfortabelere, effici\u00ebntere en plezierigere rit, waardoor u gemakkelijker verschillende terreinen vol vertrouwen kunt trotseren. Ervaar meer controle en flexibiliteit, waardoor uw fietservaring elke keer dat u de weg op gaat, wordt verbeterd.<\/span><\/p>\n<h4 class=\"title\"><span dir=\"auto\" style=\"vertical-align: inherit;\">ELEGANTE FLESSENHOUDER<\/span><\/h4>\n<p><span class=\"post\"><span dir=\"auto\" style=\"vertical-align: inherit;\">Dankzij de ingebouwde waterfleshouder blijft u tijdens lange ritten gemakkelijk gehydrateerd.<\/span><\/span><\/p>\n<\/section>\n<section><\/section>\n<section>\n<h4><span dir=\"auto\" style=\"vertical-align: inherit;\">Verwijderbare batterij: handig opladen met extra veiligheid<\/span><\/h4>\n<p><span dir=\"auto\" style=\"vertical-align: inherit;\">De DYU Stroll 1 heeft een\u00a0 <\/span><strong><span dir=\"auto\" style=\"vertical-align: inherit;\">uitneembare 36V 9Ah accu<\/span><\/strong><span dir=\"auto\" style=\"vertical-align: inherit;\"> \u00a0die een betrouwbare actieradius van meer dan 60 km op \u00e9\u00e9n lading levert. Je kunt de accu gemakkelijk opladen terwijl deze nog op de fiets zit, of hem verwijderen voor eenvoudig opladen thuis of op het werk. Met een laadtijd van ongeveer 7-8 uur is hij klaar voor gebruik wanneer jij dat wilt.<\/span><\/p>\n<div class=\"yg-section-heading\"><\/div>\n<div class=\"yg-section-main\">\n<div class=\"yg-blocks__content\">\n<div class=\"yg-blocks__content-item active\">\n<div class=\"yg-blocks__content-basic\">\n<div class=\"yg-blocks__content-basic-geometry\">\n<div class=\"yg-blocks__content-basic-geometry-textlist\">\n<div class=\"yg-section-heading\">\n<h4 class=\"title\"><span dir=\"auto\" style=\"vertical-align: inherit;\">MEERDERE RIJMODI<\/span><\/h4>\n<p><span class=\"post\"><span dir=\"auto\" style=\"vertical-align: inherit;\">Er zijn twee rijmodi (trapondersteuning en pedaal), er is er altijd een die het beste bij u past.<\/span><\/span><\/p>\n<h2><span dir=\"auto\" style=\"vertical-align: inherit;\">Productdetails<\/span><\/h2>\n<\/div>\n<div class=\"yg-section-main\">\n<div class=\"yg-blocks__content\">\n<div class=\"yg-blocks__content-item active\">\n<div class=\"yg-blocks__content-basic\">\n<div class=\"yg-blocks__content-basic-image\"><strong><span dir=\"auto\" style=\"vertical-align: inherit;\">Aanbevolen hoogte:<\/span><\/strong><span dir=\"auto\" style=\"vertical-align: inherit;\"> 5,24-6,39 ft<\/span><\/div>\n<div class=\"yg-blocks__content-basic-geometry\">\n<div class=\"yg-blocks__content-basic-geometry-iconlist\">\n<div class=\"yg-blocks__content-basic-geometry-icon\"><strong><span dir=\"auto\" style=\"vertical-align: inherit;\">Laadvermogen &#8211;<\/span><\/strong><span dir=\"auto\" style=\"vertical-align: inherit;\"> 120 kg<\/span><\/div>\n<div class=\"yg-blocks__content-basic-geometry-icon\"><strong><span dir=\"auto\" style=\"vertical-align: inherit;\">Gewicht fiets:<\/span><\/strong><span dir=\"auto\" style=\"vertical-align: inherit;\"> 19,5 kg<\/span><\/div>\n<\/div>\n<div class=\"yg-blocks__content-basic-geometry-textlist\"><strong><span dir=\"auto\" style=\"vertical-align: inherit;\">A.<\/span><\/strong><span dir=\"auto\" style=\"vertical-align: inherit;\"> 71,7 inch &#8211; 182 cm<\/span><\/div>\n<div class=\"yg-blocks__content-basic-geometry-textlist\"><strong><span dir=\"auto\" style=\"vertical-align: inherit;\">B.<\/span><\/strong><span dir=\"auto\" style=\"vertical-align: inherit;\"> 40,9 inch &#8211; 104 cm<\/span><\/div>\n<div class=\"yg-blocks__content-basic-geometry-textlist\"><strong><span dir=\"auto\" style=\"vertical-align: inherit;\">C.<\/span><\/strong><span dir=\"auto\" style=\"vertical-align: inherit;\"> 22,8 inch &#8211; 58 cm<\/span><\/div>\n<div class=\"yg-blocks__content-basic-geometry-textlist\"><strong><span dir=\"auto\" style=\"vertical-align: inherit;\">D.<\/span><\/strong><span dir=\"auto\" style=\"vertical-align: inherit;\"> 25,6 inch &#8211; 65 cm<\/span><\/div>\n<div class=\"yg-blocks__content-basic-geometry-textlist\"><strong><span dir=\"auto\" style=\"vertical-align: inherit;\">E.<\/span><\/strong><span dir=\"auto\" style=\"vertical-align: inherit;\"> 43,9 inch &#8211; 111,5 cm<\/span><\/div>\n<div class=\"yg-blocks__content-basic-geometry-textlist\"><strong><span dir=\"auto\" style=\"vertical-align: inherit;\">F.<\/span><\/strong><span dir=\"auto\" style=\"vertical-align: inherit;\"> 28,3 inch &#8211; 72 cm<\/span><\/div>\n<div class=\"yg-blocks__content-basic-geometry-textlist\"><strong><span dir=\"auto\" style=\"vertical-align: inherit;\">G.<\/span><\/strong><span dir=\"auto\" style=\"vertical-align: inherit;\"> 39,3 inch &#8211; 100 cm<\/span><\/div>\n<\/div>\n<\/div>\n<\/div>\n<\/div>\n<\/div>\n<\/div>\n<div class=\"yg-blocks__content-basic-geometry-textlist\"><\/div>\n<div class=\"yg-blocks__content-basic-geometry-textlist\"><\/div>\n<\/div>\n<\/div>\n<\/div>\n<\/div>\n<\/div>\n<h3><span dir=\"auto\" style=\"vertical-align: inherit;\">Specificatie:<\/span><\/h3>\n<\/section>\n<section>\n<table class=\"spec-table\">\n<tbody>\n<tr>\n<th style=\"text-align: left;\"><span dir=\"auto\" style=\"vertical-align: inherit;\">Specificatie<\/span><\/th>\n<th style=\"text-align: left;\"><span dir=\"auto\" style=\"vertical-align: inherit;\">Details<\/span><\/th>\n<\/tr>\n<tr>\n<td><span dir=\"auto\" style=\"vertical-align: inherit;\">Framemateriaal<\/span><\/td>\n<td><span dir=\"auto\" style=\"vertical-align: inherit;\">Aluminiumlegering<\/span><\/td>\n<\/tr>\n<tr>\n<td><span dir=\"auto\" style=\"vertical-align: inherit;\">Nettogewicht<\/span><\/td>\n<td><span dir=\"auto\" style=\"vertical-align: inherit;\">19,5 kg<\/span><\/td>\n<\/tr>\n<tr>\n<td><span dir=\"auto\" style=\"vertical-align: inherit;\">Maximale laadcapaciteit<\/span><\/td>\n<td><span dir=\"auto\" style=\"vertical-align: inherit;\">120 kg<\/span><\/td>\n<\/tr>\n<tr>\n<td><span dir=\"auto\" style=\"vertical-align: inherit;\">Bandenmaat<\/span><\/td>\n<td><span dir=\"auto\" style=\"vertical-align: inherit;\">700*38C<\/span><\/td>\n<\/tr>\n<tr>\n<td><span dir=\"auto\" style=\"vertical-align: inherit;\">Batterijcapaciteit<\/span><\/td>\n<td><span dir=\"auto\" style=\"vertical-align: inherit;\">9Ah (324Wh)<\/span><\/td>\n<\/tr>\n<tr>\n<td><span dir=\"auto\" style=\"vertical-align: inherit;\">Motorvermogen<\/span><\/td>\n<td><span dir=\"auto\" style=\"vertical-align: inherit;\">250W (500W piek)<\/span><\/td>\n<\/tr>\n<tr>\n<td><span dir=\"auto\" style=\"vertical-align: inherit;\">Maximale snelheid<\/span><\/td>\n<td><span dir=\"auto\" style=\"vertical-align: inherit;\">25 km\/u<\/span><\/td>\n<\/tr>\n<tr>\n<td><span dir=\"auto\" style=\"vertical-align: inherit;\">Bereik<\/span><\/td>\n<td><span dir=\"auto\" style=\"vertical-align: inherit;\">Tot 100 km in de trapondersteuningsmodus<\/span><\/td>\n<\/tr>\n<tr>\n<td><span dir=\"auto\" style=\"vertical-align: inherit;\">Oplaadtijd<\/span><\/td>\n<td><span dir=\"auto\" style=\"vertical-align: inherit;\">7-8 uur<\/span><\/td>\n<\/tr>\n<tr>\n<td><span dir=\"auto\" style=\"vertical-align: inherit;\">Klimaatkracht<\/span><\/td>\n<td><span dir=\"auto\" style=\"vertical-align: inherit;\">15 graden helling<\/span><\/td>\n<\/tr>\n<tr>\n<td><span dir=\"auto\" style=\"vertical-align: inherit;\">LED-scherm<\/span><\/td>\n<td><span dir=\"auto\" style=\"vertical-align: inherit;\">Toont snelheid, vermogen, batterijspanning en meer<\/span><\/td>\n<\/tr>\n<tr>\n<td><span dir=\"auto\" style=\"vertical-align: inherit;\">Antidiefstalbatterij<\/span><\/td>\n<td><span dir=\"auto\" style=\"vertical-align: inherit;\">Verwijdering met sleutel vereist<\/span><\/td>\n<\/tr>\n<tr>\n<td><span dir=\"auto\" style=\"vertical-align: inherit;\">Framekleuren<\/span><\/td>\n<td><span dir=\"auto\" style=\"vertical-align: inherit;\">Zwart\/Zilver<\/span><\/td>\n<\/tr>\n<tr>\n<td><span dir=\"auto\" style=\"vertical-align: inherit;\">Pedaalgrondspeling<\/span><\/td>\n<td><span dir=\"auto\" style=\"vertical-align: inherit;\">100 mm<\/span><\/td>\n<\/tr>\n<tr>\n<td><span dir=\"auto\" style=\"vertical-align: inherit;\">Stuurbreedte<\/span><\/td>\n<td><span dir=\"auto\" style=\"vertical-align: inherit;\">640 mm<\/span><\/td>\n<\/tr>\n<tr>\n<td><span dir=\"auto\" style=\"vertical-align: inherit;\">Verstelbare zithoogte<\/span><\/td>\n<td><span dir=\"auto\" style=\"vertical-align: inherit;\">900 mm &#8211; 1050 mm<\/span><\/td>\n<\/tr>\n<tr>\n<td><span dir=\"auto\" style=\"vertical-align: inherit;\">Ingangsspanning van de lader<\/span><\/td>\n<td><span dir=\"auto\" style=\"vertical-align: inherit;\">Wisselstroom 100-240V<\/span><\/td>\n<\/tr>\n<\/tbody>\n<\/table>\n<\/section>\n<\/div>\n<\/div>\n<\/div>\n<\/div>\n<\/div>\n<\/div>\n<\/div>\n<section id=\"shopify-section-template--18422611476704__yg_preview_swiper_3JAiVB\" class=\"shopify-section spaced-section\">\n<div class=\"section-template--18422611476704__yg_preview_swiper_3JAiVB\">\n<div class=\"container\">\n<div class=\"swiper yg-video-list swiper-fade swiper-initialized swiper-horizontal swiper-pointer-events swiper-watch-progress swiper-backface-hidden\">\n<div id=\"swiper-wrapper-34deee90b8146a64\" class=\"swiper-wrapper\" aria-live=\"polite\">\n<div class=\"swiper-slide yg-video-swiper-item swiper-slide-prev\" role=\"group\" aria-label=\"1 \/ 5\"><\/div>\n<\/div>\n<\/div>\n<\/div>\n<\/div>\n<\/section>\n<section id=\"shopify-section-template--18422611476704__yg_banner_with_item_JXpyiU\" class=\"shopify-section spaced-section\">\n<div class=\"section-template--18422611476704__yg_banner_with_item_JXpyiU\">\n<div class=\"yg-default\">\n<div class=\"yg-material\">\n<div class=\"yg-image-background\"><\/div>\n<\/div>\n<\/div>\n<\/div>\n<\/section>","protected":false},"excerpt":{"rendered":"<p>DYU Stroll 1 700C elektrische stadsfiets &#8211; De lichtgewicht kampioen voor stadsritten De DYU Stroll 1 combineert een strak design<\/p>","protected":false},"featured_media":23306,"template":"","meta":[],"product_brand":[],"product_cat":[86],"product_tag":[829,830,123,286,96,97,831,832,115,177,251],"product_country":[1504],"class_list":{"0":"post-23278","1":"product","2":"type-product","3":"status-publish","4":"has-post-thumbnail","6":"product_cat-electric-bike","7":"product_tag-100-km-range","8":"product_tag-120-kg-load","9":"product_tag-250w","10":"product_tag-27-5-inch","11":"product_tag-active","12":"product_tag-aluminum-alloy-frame","13":"product_tag-battery-9ah","14":"product_tag-dual-hydraulic-oil-disc-brake","15":"product_tag-europe-stock","16":"product_tag-intelis","17":"product_tag-lcd-display","18":"product_country-netherlands","20":"first","21":"instock","22":"sale","23":"taxable","24":"shipping-taxable","25":"purchasable","26":"product-type-variable"},"_links":{"self":[{"href":"https:\/\/routinesfashione.com\/fr\/wp-json\/wp\/v2\/product\/23278","targetHints":{"allow":["GET"]}}],"collection":[{"href":"https:\/\/routinesfashione.com\/fr\/wp-json\/wp\/v2\/product"}],"about":[{"href":"https:\/\/routinesfashione.com\/fr\/wp-json\/wp\/v2\/types\/product"}],"wp:featuredmedia":[{"embeddable":true,"href":"https:\/\/routinesfashione.com\/fr\/wp-json\/wp\/v2\/media\/23306"}],"wp:attachment":[{"href":"https:\/\/routinesfashione.com\/fr\/wp-json\/wp\/v2\/media?parent=23278"}],"wp:term":[{"taxonomy":"product_brand","embeddable":true,"href":"https:\/\/routinesfashione.com\/fr\/wp-json\/wp\/v2\/product_brand?post=23278"},{"taxonomy":"product_cat","embeddable":true,"href":"https:\/\/routinesfashione.com\/fr\/wp-json\/wp\/v2\/product_cat?post=23278"},{"taxonomy":"product_tag","embeddable":true,"href":"https:\/\/routinesfashione.com\/fr\/wp-json\/wp\/v2\/product_tag?post=23278"},{"taxonomy":"product_country","embeddable":true,"href":"https:\/\/routinesfashione.com\/fr\/wp-json\/wp\/v2\/product_country?post=23278"}],"curies":[{"name":"wp","href":"https:\/\/api.w.org\/{rel}","templated":true}]}}