{"id":2338,"date":"2025-09-30T20:51:20","date_gmt":"2025-09-30T20:51:20","guid":{"rendered":"https:\/\/lightgray-crow-170497.hostingersite.com\/?post_type=product&#038;p=2338"},"modified":"2025-09-30T20:51:20","modified_gmt":"2025-09-30T20:51:20","slug":"groupe-electrique-a-inverter-insonorise-2000-watts","status":"publish","type":"product","link":"https:\/\/routinesfashione.com\/fr\/produit\/groupe-electrique-a-inverter-insonorise-2000-watts\/","title":{"rendered":"Groupe \u00e9lectrique \u00e0 inverter insonoris\u00e9 2000 Watts"},"content":{"rendered":"<p>Le\u00a0<b>groupe \u00e9lectrog\u00e8ne inverter GG1-IS2000 d&#8217;EBERTH\u00a0<\/b>vous rend\u00a0<b>ind\u00e9pendant du courant de secteur<\/b>, avec sa puissance continue de\u00a0<b>2000 watts<\/b>, le g\u00e9n\u00e9rateur de courant est\u00a0<b>id\u00e9al<\/b>\u00a0pour de nombreuses utilisations. Par exemple,\u00a0<b>camping, cabane de chasse, chantier, festival, garden-party et r\u00e9serve de courant de secours.<\/b><\/p>\n<h3>Caract\u00e9ritiques principales<\/h3>\n<p><b>PUISSANCE:<\/b><\/p>\n<ul>\n<li style=\"list-style-type: none;\">\n<ul>\u00a0Le groupe \u00e9lectrog\u00e8ne inverter 2000 watts d&#8217;EBERTH est entra\u00een\u00e9 par un moteur \u00e0 essence de 3 CV \/ 2,2 kW, refroidi par air, 1 cylindre \u00e0 4 temps avec s\u00e9curit\u00e9 en cas de manque d&#8217;huile et d&#8217;une cylindr\u00e9e de 79,8 cc. Il peut \u00eatre d\u00e9marr\u00e9 sans grand effort par c\u00e2ble.<\/ul>\n<\/li>\n<\/ul>\n<p><b>GROUPE \u00c9LECTRIQUE INVERTER:<\/b><\/p>\n<ul>\n<li style=\"list-style-type: none;\">\n<ul>\u00a0Le groupe \u00e9lectrog\u00e8ne de secours a une puissance maximale de 2050 watts et une puissance continue de 2000 watts. La technologie d&#8217;inverseur int\u00e9gr\u00e9e fournit une qualit\u00e9 de courant optimale sans pics de tension, ce qui permet d&#8217;utiliser en toute s\u00e9curit\u00e9 des appareils sensibles comme les t\u00e9l\u00e9phones portables, les ordinateurs portables et les t\u00e9l\u00e9viseurs.<\/ul>\n<\/li>\n<\/ul>\n<p><b>ENTRETIEN:<\/b><\/p>\n<ul>\n<li style=\"list-style-type: none;\">\n<ul>\u00a0Le g\u00e9n\u00e9rateur d&#8217;\u00e9lectricit\u00e9 dispose d&#8217;un r\u00e9servoir de carburant de 4 litres et peut \u00eatre ravitaill\u00e9 en essence Super ou Super Plus. Selon le type de consommateurs utilis\u00e9s et la charge, un plein de carburant permet d&#8217;atteindre des dur\u00e9es de fonctionnement de 5 \u00e0 6 heures.<\/ul>\n<\/li>\n<\/ul>\n<p><b>HAUTE QUALIT\u00c9 ET SILENCE:<\/b><\/p>\n<ul>\n<li style=\"list-style-type: none;\">\n<ul>\u00a0Le groupe \u00e9lectrog\u00e8ne de secours dispose d&#8217;un mode ECO et MAX, d&#8217;un interrupteur de surcharge, de deux prises de courant de 230 volts et de deux ports USB (12V). Le niveau sonore LWA est de 95 dB, \u00e0 une distance de 7 m, le volume sonore est d&#8217;environ 69 dB.<\/ul>\n<\/li>\n<\/ul>\n<p><b>MOBILE ET IND\u00c9PENDANT:<\/b><\/p>\n<ul>\u00a0O\u00f9 que l&#8217;on soit, le groupe \u00e9lectrog\u00e8ne inverter 2000 watts d&#8217;EBERTH vous permet de g\u00e9n\u00e9rer votre propre \u00e9lectricit\u00e9 et de vous prot\u00e9ger contre une alimentation \u00e9lectrique d\u00e9ficiente. Le groupe \u00e9lectrog\u00e8ne de secours a un bo\u00eetier robuste avec poign\u00e9e, des dimensions de 46x31x42 cm et p\u00e8se environ 20 kg sans les consommables.<\/ul>\n<h3>Fiche technique du moteur<\/h3>\n<ul>\n<li>Type de moteur : moteur \u00e0 essence 4 temps, refroidi par air, OHV, 1 cylindre<\/li>\n<li>Cylindr\u00e9e : 79,8 cc<\/li>\n<li>Puissance du moteur : 3 CV \/ 2,2 kW<\/li>\n<li>Carburant : essence sans plomb<\/li>\n<li>Taille du r\u00e9servoir de carburant : 4 litres<\/li>\n<li>Autonomie par plein : env. 6 heures<\/li>\n<li>Quantit\u00e9 d&#8217;huile : env. 0,4 litre<\/li>\n<li>Huile moteur : 15W-40<\/li>\n<li>Niveau de puissance acoustique LWA : 95 db<\/li>\n<li>Volume sonore (7m) : 69 db<\/li>\n<li>Syst\u00e8me de d\u00e9marrage : D\u00e9marrage manuel par c\u00e2ble<\/li>\n<\/ul>\n<h3>Fiche technique de l&#8217;onduleur de traction \u00e9lectrique<\/h3>\n<ul>\n<li>R\u00e9gulateur de tension : Inverter<\/li>\n<li>Tension nominale (AC) : 230 V \/ 50 Hz \/ 32A<\/li>\n<li>Puissance continue 230V : 2000 Watt<\/li>\n<li>Puissance maximale 230V : 2050 Watt<\/li>\n<li>Prises : 2x 230V, 2x USb<\/li>\n<li>Tension nominale (DC) : 12 V \/ 3,5 A (ports USb)<\/li>\n<li>Puissance nominale des ports USb : 42 watts<\/li>\n<li>Dimensions : 455 x 305 x 420 mm<\/li>\n<li>Poids net : environ 20 kg<\/li>\n<\/ul>","protected":false},"excerpt":{"rendered":"<p>Le\u00a0groupe \u00e9lectrog\u00e8ne inverter GG1-IS2000 d&#8217;EBERTH\u00a0vous rend\u00a0ind\u00e9pendant du courant de secteur, avec sa puissance continue de\u00a02000 watts, le g\u00e9n\u00e9rateur de courant<\/p>","protected":false},"featured_media":14552,"template":"","meta":[],"product_brand":[],"product_cat":[61],"product_tag":[1514],"product_country":[1503],"class_list":{"0":"post-2338","1":"product","2":"type-product","3":"status-publish","4":"has-post-thumbnail","6":"product_cat-sale-france","7":"product_tag-sale-france","8":"product_country-france","10":"first","11":"instock","12":"sale","13":"taxable","14":"shipping-taxable","15":"purchasable","16":"product-type-simple"},"_links":{"self":[{"href":"https:\/\/routinesfashione.com\/fr\/wp-json\/wp\/v2\/product\/2338","targetHints":{"allow":["GET"]}}],"collection":[{"href":"https:\/\/routinesfashione.com\/fr\/wp-json\/wp\/v2\/product"}],"about":[{"href":"https:\/\/routinesfashione.com\/fr\/wp-json\/wp\/v2\/types\/product"}],"wp:featuredmedia":[{"embeddable":true,"href":"https:\/\/routinesfashione.com\/fr\/wp-json\/wp\/v2\/media\/14552"}],"wp:attachment":[{"href":"https:\/\/routinesfashione.com\/fr\/wp-json\/wp\/v2\/media?parent=2338"}],"wp:term":[{"taxonomy":"product_brand","embeddable":true,"href":"https:\/\/routinesfashione.com\/fr\/wp-json\/wp\/v2\/product_brand?post=2338"},{"taxonomy":"product_cat","embeddable":true,"href":"https:\/\/routinesfashione.com\/fr\/wp-json\/wp\/v2\/product_cat?post=2338"},{"taxonomy":"product_tag","embeddable":true,"href":"https:\/\/routinesfashione.com\/fr\/wp-json\/wp\/v2\/product_tag?post=2338"},{"taxonomy":"product_country","embeddable":true,"href":"https:\/\/routinesfashione.com\/fr\/wp-json\/wp\/v2\/product_country?post=2338"}],"curies":[{"name":"wp","href":"https:\/\/api.w.org\/{rel}","templated":true}]}}