{"id":2376,"date":"2025-09-30T20:51:20","date_gmt":"2025-09-30T20:51:20","guid":{"rendered":"https:\/\/lightgray-crow-170497.hostingersite.com\/?post_type=product&#038;p=2376"},"modified":"2025-09-30T20:51:20","modified_gmt":"2025-09-30T20:51:20","slug":"konner-sohnen-groupe-electrogene-8000w-gaz-essence-inverter","status":"publish","type":"product","link":"https:\/\/routinesfashione.com\/fr\/produit\/konner-sohnen-groupe-electrogene-8000w-gaz-essence-inverter\/","title":{"rendered":"Konner &amp; Sohnen Groupe \u00c9lectrog\u00e8ne Onduleur gaz\/essence 8000w"},"content":{"rendered":"<ul class=\"a-unordered-list a-vertical a-spacing-mini\">\n<li class=\"a-spacing-mini\"><span class=\"a-list-item\"><span dir=\"auto\">L&#8217;unit\u00e9 \u00e9lectronique int\u00e9gr\u00e9e contr\u00f4l\u00e9e par microprocesseur assure le fonctionnement du g\u00e9n\u00e9rateur et fournit une fr\u00e9quence maximale stable de 50 Hz et une tension de 230 V, ce qui est optimal pour un fonctionnement fiable de l&#8217;\u00e9lectronique sensible et de haute pr\u00e9cision.<\/span><\/span><\/li>\n<li class=\"a-spacing-mini\"><span class=\"a-list-item\"><span dir=\"auto\">Fonctionnant aussi bien \u00e0 l&#8217;essence qu&#8217;au gaz (propane-butane), il comprend tout le n\u00e9cessaire pour utiliser le gaz comme carburant\u00a0: un tuyau avec r\u00e9ducteur qui se connecte \u00e0 la bouteille de gaz et garantit la fiabilit\u00e9 du raccordement. Raccord DIN477.<\/span><\/span><\/li>\n<li class=\"a-spacing-mini\"><span class=\"a-list-item\"><span dir=\"auto\">Le mode \u00e9conomie de carburant r\u00e9duit la consommation jusqu&#8217;\u00e0 50 % \u00e0 faible charge gr\u00e2ce \u00e0 la r\u00e9duction du r\u00e9gime moteur. Il surveille tous les indicateurs cl\u00e9s de fonctionnement\u00a0: arr\u00eat automatique en cas de niveau d&#8217;huile trop bas, protection contre les surcharges et les courts-circuits, capteur de niveau de carburant.<\/span><\/span><\/li>\n<li class=\"a-spacing-mini\"><span class=\"a-list-item\"><span dir=\"auto\">Le moteur fiable de la marque K&amp;S se distingue par une r\u00e9sistance \u00e0 l&#8217;usure accrue, un fonctionnement stable et r\u00e9pond \u00e0 toutes les normes de qualit\u00e9 europ\u00e9ennes, y compris la norme environnementale moderne EURO V. L&#8217;alternateur de type synchrone de haute qualit\u00e9 avec enroulement 100% cuivre peut supporter des charges maximales sans aucun dommage et assure un fonctionnement fiable du g\u00e9n\u00e9rateur.<\/span><\/span><\/li>\n<li class=\"a-spacing-mini\"><span class=\"a-list-item\"><span dir=\"auto\">Le panneau de commande ergonomique est \u00e9quip\u00e9 d&#8217;un \u00e9cran LED, de deux prises Schuko 16A et 32A, de deux prises USB 5V\/1A, 5V\/2,1A, d&#8217;un commutateur de mode \u00e9conomique, d&#8217;indicateurs d&#8217;\u00e9tat de fonctionnement et d&#8217;un bouton RESET pour r\u00e9initialiser le syst\u00e8me de contr\u00f4le (lorsque le disjoncteur automatique est d\u00e9clench\u00e9) et r\u00e9tablir la tension de sortie.<\/span><\/span><\/li>\n<\/ul>\n<table class=\"a-normal a-spacing-micro\" role=\"list\">\n<tbody>\n<tr class=\"a-spacing-small po-brand\" role=\"listitem\">\n<td class=\"a-span3\" role=\"presentation\"><span class=\"a-size-base a-text-bold\"><span dir=\"auto\">Nom de marque<\/span><\/span><\/td>\n<td class=\"a-span9\" role=\"presentation\"><span class=\"a-size-base po-break-word\"><span dir=\"auto\">K&amp;S K\u00f6nner&amp;S\u00f6hnen<\/span><\/span><\/td>\n<\/tr>\n<tr class=\"a-spacing-small po-wattage\" role=\"listitem\">\n<td class=\"a-span3\" role=\"presentation\"><span class=\"a-size-base a-text-bold\"><span dir=\"auto\">Pouvoir<\/span><\/span><\/td>\n<td class=\"a-span9\" role=\"presentation\"><span class=\"a-size-base po-break-word\"><span dir=\"auto\">8000 watts<\/span><\/span><\/td>\n<\/tr>\n<tr class=\"a-spacing-small po-fuel_type\" role=\"listitem\">\n<td class=\"a-span3\" role=\"presentation\"><span class=\"a-size-base a-text-bold\"><span dir=\"auto\">Type de carburant<\/span><\/span><\/td>\n<td class=\"a-span9\" role=\"presentation\"><span class=\"a-size-base po-break-word\"><span dir=\"auto\">gaz de p\u00e9trole liqu\u00e9fi\u00e9<\/span><\/span><\/td>\n<\/tr>\n<tr class=\"a-spacing-small po-power_source_type\" role=\"listitem\">\n<td class=\"a-span3\" role=\"presentation\"><span class=\"a-size-base a-text-bold\"><span dir=\"auto\">Source d&#8217;\u00e9nergie<\/span><\/span><\/td>\n<td class=\"a-span9\" role=\"presentation\"><span class=\"a-size-base po-break-word\"><span dir=\"auto\">Aliment\u00e9 par carburant<\/span><\/span><\/td>\n<\/tr>\n<tr class=\"a-spacing-small po-recommended_uses_for_product\" role=\"listitem\">\n<td class=\"a-span3\" role=\"presentation\"><span class=\"a-size-base a-text-bold\"><span dir=\"auto\">Utilisations recommand\u00e9es pour le produit<\/span><\/span><\/td>\n<td class=\"a-span9\" role=\"presentation\"><span class=\"a-size-base po-break-word\"><span dir=\"auto\">Camping<\/span><\/span><\/td>\n<\/tr>\n<tr class=\"a-spacing-small po-item_weight\" role=\"listitem\">\n<td class=\"a-span3\" role=\"presentation\"><span class=\"a-size-base a-text-bold\"><span dir=\"auto\">Poids de l&#039;article<\/span><\/span><\/td>\n<td class=\"a-span9\" role=\"presentation\"><span class=\"a-size-base po-break-word\"><span dir=\"auto\">65,8 kilogrammes<\/span><\/span><\/td>\n<\/tr>\n<tr class=\"a-spacing-small po-voltage\" role=\"listitem\">\n<td class=\"a-span3\" role=\"presentation\"><span class=\"a-size-base a-text-bold\"><span dir=\"auto\">Tension<\/span><\/span><\/td>\n<td class=\"a-span9\" role=\"presentation\"><span class=\"a-size-base po-break-word\"><span dir=\"auto\">230 volts<\/span><\/span><\/td>\n<\/tr>\n<tr class=\"a-spacing-small po-output_wattage\" role=\"listitem\">\n<td class=\"a-span3\" role=\"presentation\"><span class=\"a-size-base a-text-bold\"><span dir=\"auto\">Puissance de sortie<\/span><\/span><\/td>\n<td class=\"a-span9\" role=\"presentation\"><span class=\"a-size-base po-break-word\"><span dir=\"auto\">8000 watts<\/span><\/span><\/td>\n<\/tr>\n<tr class=\"a-spacing-small po-special_feature\" role=\"listitem\">\n<td class=\"a-span3\" role=\"presentation\"><span class=\"a-size-base a-text-bold\"><span dir=\"auto\">Caract\u00e9ristiques sp\u00e9ciales<\/span><\/span><\/td>\n<td class=\"a-span9\" role=\"presentation\"><span class=\"a-size-base\"><span class=\"a-truncate po-truncate-attribute\" data-a-word-break=\"normal\" data-a-truncate-name=\"po-attribute-truncate-8\" data-a-max-rows=\"3\" data-a-overflow-marker=\"&amp;hellip;\" data-a-recalculate=\"false\" data-a-updated=\"true\"><span class=\"a-truncate-full a-offscreen\"><span dir=\"auto\">Affichage LED, mode \u00e9conomie de carburant, fonctionnement \u00e0 l&#8217;essence et au gaz, roues de transport, poign\u00e9e ergonomique, courant \u00e9lectrique sinuso\u00efdal pur<\/span><\/span><span class=\"a-truncate-cut\" aria-hidden=\"true\"><span dir=\"auto\">Affichage LED, mode \u00e9conomie de carburant, fonctionnement \u00e0 l&#8217;essence et au gaz, roues de transport, poign\u00e9e ergonomique, courant \u00e9lectrique sinuso\u00efdal pur<\/span><\/span><\/span><\/span><\/td>\n<\/tr>\n<tr class=\"a-spacing-small po-included_components\" role=\"listitem\">\n<td class=\"a-span3\" role=\"presentation\"><span class=\"a-size-base a-text-bold\"><span dir=\"auto\">Composants inclus<\/span><\/span><\/td>\n<td class=\"a-span9\" role=\"presentation\"><span class=\"a-size-base\"><span class=\"a-truncate po-truncate-attribute\" data-a-word-break=\"normal\" data-a-truncate-name=\"po-attribute-truncate-9\" data-a-max-rows=\"3\" data-a-overflow-marker=\"&amp;hellip;\" data-a-recalculate=\"false\" data-a-updated=\"true\"><span class=\"a-truncate-full a-offscreen\"><span dir=\"auto\">G\u00e9n\u00e9rateur, emballage, manuel d&#8217;instructions, tuyau avec r\u00e9ducteur, cl\u00e9 \u00e0 bougie, batterie, bougie, tournevis PH2 6 mm<\/span><\/span><span class=\"a-truncate-cut\" aria-hidden=\"true\"><span dir=\"auto\">G\u00e9n\u00e9rateur, emballage, manuel d&#8217;instructions, tuyau avec r\u00e9ducteur, cl\u00e9 \u00e0 bougie, batterie, bougie, tournevis PH2 6<\/span><\/span><\/span><\/span><\/td>\n<\/tr>\n<\/tbody>\n<\/table>","protected":false},"excerpt":{"rendered":"<p>L&#8217;unit\u00e9 \u00e9lectronique int\u00e9gr\u00e9e contr\u00f4l\u00e9e par microprocesseur assure le fonctionnement du g\u00e9n\u00e9rateur et fournit une fr\u00e9quence maximale stable de 50 Hz<\/p>","protected":false},"featured_media":28043,"template":"","meta":[],"product_brand":[],"product_cat":[61],"product_tag":[1514],"product_country":[1503],"class_list":{"0":"post-2376","1":"product","2":"type-product","3":"status-publish","4":"has-post-thumbnail","6":"product_cat-sale-france","7":"product_tag-sale-france","8":"product_country-france","10":"first","11":"instock","12":"sale","13":"taxable","14":"shipping-taxable","15":"purchasable","16":"product-type-simple"},"_links":{"self":[{"href":"https:\/\/routinesfashione.com\/fr\/wp-json\/wp\/v2\/product\/2376","targetHints":{"allow":["GET"]}}],"collection":[{"href":"https:\/\/routinesfashione.com\/fr\/wp-json\/wp\/v2\/product"}],"about":[{"href":"https:\/\/routinesfashione.com\/fr\/wp-json\/wp\/v2\/types\/product"}],"wp:featuredmedia":[{"embeddable":true,"href":"https:\/\/routinesfashione.com\/fr\/wp-json\/wp\/v2\/media\/28043"}],"wp:attachment":[{"href":"https:\/\/routinesfashione.com\/fr\/wp-json\/wp\/v2\/media?parent=2376"}],"wp:term":[{"taxonomy":"product_brand","embeddable":true,"href":"https:\/\/routinesfashione.com\/fr\/wp-json\/wp\/v2\/product_brand?post=2376"},{"taxonomy":"product_cat","embeddable":true,"href":"https:\/\/routinesfashione.com\/fr\/wp-json\/wp\/v2\/product_cat?post=2376"},{"taxonomy":"product_tag","embeddable":true,"href":"https:\/\/routinesfashione.com\/fr\/wp-json\/wp\/v2\/product_tag?post=2376"},{"taxonomy":"product_country","embeddable":true,"href":"https:\/\/routinesfashione.com\/fr\/wp-json\/wp\/v2\/product_country?post=2376"}],"curies":[{"name":"wp","href":"https:\/\/api.w.org\/{rel}","templated":true}]}}