{"id":2390,"date":"2025-09-30T20:51:20","date_gmt":"2025-09-30T20:51:20","guid":{"rendered":"https:\/\/lightgray-crow-170497.hostingersite.com\/?post_type=product&#038;p=2390"},"modified":"2025-09-30T20:51:20","modified_gmt":"2025-09-30T20:51:20","slug":"honda-groupe-electrogene-eg-3600-cl","status":"publish","type":"product","link":"https:\/\/routinesfashione.com\/fr\/produit\/honda-groupe-electrogene-eg-3600-cl\/","title":{"rendered":"Honda Groupe Electrog\u00e8ne EG 3600 CL"},"content":{"rendered":"<div id=\"description\" class=\"\">\n<div id=\"js-descr-product\" class=\"product-description show\">\n<p>Parfaite pour les activit\u00e9s commerciales et de location les plus exigeantes, la gamme EG a \u00e9t\u00e9 con\u00e7ue et fabriqu\u00e9e pour fournir une\u00a0<strong>alimentation \u00e9lectrique fiable et \u00e9conomique<\/strong>\u00a0aux professionnels.<\/p>\n<ul class=\"list2column\">\n<li>La gamme EG b\u00e9n\u00e9ficie du moteur Honda GX\u00a0<strong>basse consommation<\/strong>\u00a0\u00e0 faibles \u00e9missions polluantes et d\u2019un r\u00e9servoir de carburant de grande capacit\u00e9.<\/li>\n<li>Nos groupes offrent une\u00a0<strong>autonomie exceptionnelle<\/strong>\u00a0de pr\u00e8s de 12 heures, soit une journ\u00e9e compl\u00e8te de travail intensif.<\/li>\n<li>M\u00eame apr\u00e8s les p\u00e9riodes prolong\u00e9es d&#8217;inutilisation, les groupes \u00e9lectrog\u00e8nes EG sont\u00a0<strong>faciles \u00e0 d\u00e9marrer<\/strong>\u00a0et sont prot\u00e9g\u00e9s des environnements les plus rudes par une armature robuste en acier.<\/li>\n<li>Afin de minimiser les vibrations, nous avons incorpor\u00e9 des supports moteur dans l&#8217;armature. Des amortisseurs exclusifs Honda en caoutchouc sont plac\u00e9s \u00e0 45\u00b0 de part et d&#8217;autre du moteur et\u00a0<strong>r\u00e9duisent de fa\u00e7on significative les vibrations<\/strong>.<\/li>\n<li><strong>Technologie D-AVR<\/strong>\u00a0: Ces groupes \u00e9lectrog\u00e8nes assurent un approvisionnement constant et stable en \u00e9nergie, ceci gr\u00e2ce au D-AVR (Digital Auto Voltage Regulator) Honda, qui contr\u00f4le pr\u00e9cis\u00e9ment la tension de sortie gr\u00e2ce \u00e0 un syst\u00e8me de r\u00e9gulation \u00e9lectronique. Cela permet d\u2019alimenter des composants sensibles et prolonge la dur\u00e9e de vie du produit.<\/li>\n<\/ul>\n<\/div>\n<\/div>\n<div id=\"product-details\" class=\"js-product-details\" role=\"tabpanel\" data-product=\"{&quot;id_shop_default&quot;:&quot;1&quot;,&quot;id_manufacturer&quot;:&quot;52&quot;,&quot;id_supplier&quot;:&quot;85&quot;,&quot;reference&quot;:&quot;EG3600CL&quot;,&quot;is_virtual&quot;:&quot;0&quot;,&quot;delivery_in_stock&quot;:&quot;3&quot;,&quot;delivery_out_stock&quot;:&quot;20&quot;,&quot;id_category_default&quot;:&quot;272&quot;,&quot;on_sale&quot;:&quot;0&quot;,&quot;online_only&quot;:&quot;0&quot;,&quot;ecotax&quot;:0,&quot;minimal_quantity&quot;:&quot;1&quot;,&quot;low_stock_threshold&quot;:&quot;0&quot;,&quot;low_stock_alert&quot;:&quot;0&quot;,&quot;price&quot;:&quot;1u202f599,00u00a0u20ac&quot;,&quot;unity&quot;:&quot;&quot;,&quot;unit_price_ratio&quot;:&quot;0.000000&quot;,&quot;additional_shipping_cost&quot;:&quot;0.000000&quot;,&quot;customizable&quot;:&quot;0&quot;,&quot;text_fields&quot;:&quot;0&quot;,&quot;uploadable_files&quot;:&quot;0&quot;,&quot;redirect_type&quot;:&quot;404&quot;,&quot;id_type_redirected&quot;:&quot;0&quot;,&quot;available_for_order&quot;:&quot;1&quot;,&quot;available_date&quot;:&quot;0000-00-00&quot;,&quot;show_condition&quot;:&quot;0&quot;,&quot;condition&quot;:&quot;new&quot;,&quot;show_price&quot;:&quot;1&quot;,&quot;indexed&quot;:&quot;1&quot;,&quot;visibility&quot;:&quot;both&quot;,&quot;cache_default_attribute&quot;:&quot;0&quot;,&quot;advanced_stock_management&quot;:&quot;0&quot;,&quot;date_add&quot;:&quot;2017-07-13 10:17:21&quot;,&quot;date_upd&quot;:&quot;2025-07-11 10:35:23&quot;,&quot;pack_stock_type&quot;:&quot;3&quot;,&quot;meta_description&quot;:&quot;Commandez Honda EG3600CL sur Foliatura | u2713 Livraison Offerte du00e8s 200u20ac u2713 Paiement 3\/4X u2713 SAV | 3600W - Moteur Honda GX270T2 - 270 cm3 - 12h d'autonomie - Du00e9ma...&quot;,&quot;meta_keywords&quot;:&quot;Honda EG 3600CL - Groupe u00e9lectrogu00e8ne EG3600CL&quot;,&quot;meta_title&quot;:&quot;Honda EG 3600CL - Groupe u00e9lectrogu00e8ne&quot;,&quot;link_rewrite&quot;:&quot;honda-eg-3600cl-groupe-electrogene-eg3600cl&quot;,&quot;name&quot;:&quot;Honda EG 3600CL - Groupe u00e9lectrogu00e8ne&quot;,&quot;description&quot;:&quot;&lt;h1 class=&quot;productdesctitle&quot; style=&quot;text-align:center;&quot;&gt;Groupe u00e9lectrogu00e8ne Honda&lt;\/h1&gt; &lt;h2 class=&quot;productdescsubtitle&quot; style=&quot;text-align:center;&quot;&gt;Modu00e8le : EG 3600CL&lt;\/h2&gt; &lt;p&gt;u00a0&lt;\/p&gt; &lt;p&gt;&lt;\/p&gt; &lt;p&gt;Parfaite pour les activitu00e9s commerciales et de location les plus exigeantes, la gamme EG a u00e9tu00e9 conu00e7ue et fabriquu00e9e pour fournir une &lt;strong&gt;alimentation u00e9lectrique fiable et u00e9conomique&lt;\/strong&gt; aux professionnels.&lt;\/p&gt; &lt;p&gt;&lt;\/p&gt; &lt;ul class=&quot;list2column&quot;&gt; &lt;li&gt;La gamme EG bu00e9nu00e9ficie du moteur Honda GX &lt;strong&gt;basse consommation&lt;\/strong&gt; u00e0 faibles u00e9missions polluantes et du2019un ru00e9servoir de carburant de grande capacitu00e9.&lt;\/li&gt; &lt;li&gt;Nos groupes offrent une &lt;strong&gt;autonomie exceptionnelle&lt;\/strong&gt; de pru00e8s de 12 heures, soit une journu00e9e complu00e8te de travail intensif.&lt;\/li&gt; &lt;li&gt;Mu00eame apru00e8s les pu00e9riodes prolongu00e9es d'inutilisation, les groupes u00e9lectrogu00e8nes EG sont &lt;strong&gt;faciles u00e0 du00e9marrer&lt;\/strong&gt; et sont protu00e9gu00e9s des environnements les plus rudes par une armature robuste en acier.&lt;\/li&gt; &lt;li&gt;Afin de minimiser les vibrations, nous avons incorporu00e9 des supports moteur dans l'armature. Des amortisseurs exclusifs Honda en caoutchouc sont placu00e9s u00e0 45u00b0 de part et d'autre du moteur et &lt;strong&gt;ru00e9duisent de fau00e7on significative les vibrations&lt;\/strong&gt;.&lt;\/li&gt; &lt;li&gt;&lt;strong&gt;Technologie D-AVR&lt;\/strong&gt; : Ces groupes u00e9lectrogu00e8nes assurent un approvisionnement constant et stable en u00e9nergie, ceci gru00e2ce au D-AVR (Digital Auto Voltage Regulator) Honda, qui contru00f4le pru00e9cisu00e9ment la tension de sortie gru00e2ce u00e0 un systu00e8me de ru00e9gulation u00e9lectronique. Cela permet du2019alimenter des composants sensibles et prolonge la duru00e9e de vie du produit.&lt;\/li&gt; &lt;\/ul&gt;&quot;,&quot;description_short&quot;:&quot;&lt;p&gt;3600W - Moteur Honda GX270T2 - 270 cm3 - 12h d'autonomie - Du00e9marrage lanceur - Technologie de courant : D-AVR&lt;\/p&gt;&quot;,&quot;available_now&quot;:&quot;&quot;,&quot;available_later&quot;:&quot;&quot;,&quot;id&quot;:3725,&quot;id_product&quot;:3725,&quot;out_of_stock&quot;:2,&quot;new&quot;:0,&quot;id_product_attribute&quot;:&quot;0&quot;,&quot;quantity_wanted&quot;:1,&quot;extraContent&quot;:[{&quot;title&quot;:&quot;FAQ&quot;,&quot;content&quot;:&quot; &lt;style&gt; .faqbox .card-header .btn{ overflow: hidden; white-space: normal; text-align: left; padding: 3px 5px; } .faqbox .card-header{ padding: 5px 5px; } .faqbox{ background: #fff; padding: 15px; margin-bottom: 20px; } #my-account .tabs .collapse{ display: none; } #my-account .tabs .collapse.in { display: block; } &lt;\/style&gt; &quot;,&quot;attr&quot;:{&quot;id&quot;:&quot;&quot;,&quot;class&quot;:&quot;&quot;},&quot;moduleName&quot;:&quot;tmdfaq&quot;}],&quot;allow_oosp&quot;:1,&quot;category&quot;:&quot;groupe-electrogene&quot;,&quot;category_name&quot;:&quot;Groupe u00e9lectrogu00e8ne&quot;,&quot;link&quot;:&quot;https:\/\/www.foliatura.com\/groupe-electrogene\/3725-honda-eg-3600cl-groupe-electrogene-eg3600cl-3573390020172.html&quot;,&quot;attribute_price&quot;:0,&quot;price_tax_exc&quot;:1332.496667,&quot;price_without_reduction&quot;:2238.996,&quot;reduction&quot;:640,&quot;specific_prices&quot;:{&quot;id_specific_price&quot;:&quot;47495&quot;,&quot;id_specific_price_rule&quot;:&quot;0&quot;,&quot;id_cart&quot;:&quot;0&quot;,&quot;id_product&quot;:&quot;3725&quot;,&quot;id_shop&quot;:&quot;1&quot;,&quot;id_shop_group&quot;:&quot;0&quot;,&quot;id_currency&quot;:&quot;0&quot;,&quot;id_country&quot;:&quot;0&quot;,&quot;id_group&quot;:&quot;0&quot;,&quot;id_customer&quot;:&quot;0&quot;,&quot;id_product_attribute&quot;:&quot;0&quot;,&quot;price&quot;:&quot;-1.000000&quot;,&quot;from_quantity&quot;:&quot;1&quot;,&quot;reduction&quot;:&quot;640.000000&quot;,&quot;reduction_tax&quot;:&quot;1&quot;,&quot;reduction_type&quot;:&quot;amount&quot;,&quot;from&quot;:&quot;0000-00-00 00:00:00&quot;,&quot;to&quot;:&quot;0000-00-00 00:00:00&quot;,&quot;score&quot;:&quot;48&quot;},&quot;quantity&quot;:0,&quot;quantity_all_versions&quot;:0,&quot;id_image&quot;:&quot;fr-default&quot;,&quot;features&quot;:[{&quot;name&quot;:&quot;Marque&quot;,&quot;value&quot;:&quot;Honda&quot;,&quot;id_feature&quot;:&quot;327&quot;,&quot;position&quot;:&quot;0&quot;},{&quot;name&quot;:&quot;Cylindru00e9e (cmu00b3)&quot;,&quot;value&quot;:&quot;270&quot;,&quot;id_feature&quot;:&quot;225&quot;,&quot;position&quot;:&quot;2&quot;},{&quot;name&quot;:&quot;Moteur marque&quot;,&quot;value&quot;:&quot;Honda&quot;,&quot;id_feature&quot;:&quot;226&quot;,&quot;position&quot;:&quot;3&quot;},{&quot;name&quot;:&quot;Moteur modu00e8le&quot;,&quot;value&quot;:&quot;GX270T2 - 4 temps - soupapes en tu00eates - 1 cylindre&quot;,&quot;id_feature&quot;:&quot;227&quot;,&quot;position&quot;:&quot;4&quot;},{&quot;name&quot;:&quot;Du00e9marrage&quot;,&quot;value&quot;:&quot;Lanceur&quot;,&quot;id_feature&quot;:&quot;237&quot;,&quot;position&quot;:&quot;13&quot;},{&quot;name&quot;:&quot;Puissance (W)&quot;,&quot;value&quot;:&quot;3600&quot;,&quot;id_feature&quot;:&quot;239&quot;,&quot;position&quot;:&quot;16&quot;},{&quot;name&quot;:&quot;Capacitu00e9 reservoir (L)&quot;,&quot;value&quot;:&quot;24&quot;,&quot;id_feature&quot;:&quot;253&quot;,&quot;position&quot;:&quot;29&quot;},{&quot;name&quot;:&quot;Autonomie (h)&quot;,&quot;value&quot;:&quot;12h&quot;,&quot;id_feature&quot;:&quot;314&quot;,&quot;position&quot;:&quot;81&quot;},{&quot;name&quot;:&quot;Puissance continue (W)&quot;,&quot;value&quot;:&quot;3200&quot;,&quot;id_feature&quot;:&quot;322&quot;,&quot;position&quot;:&quot;88&quot;},{&quot;name&quot;:&quot;Fru00e9quence (Hz)&quot;,&quot;value&quot;:&quot;50&quot;,&quot;id_feature&quot;:&quot;323&quot;,&quot;position&quot;:&quot;89&quot;},{&quot;name&quot;:&quot;Intensitu00e9 (A)&quot;,&quot;value&quot;:&quot;13.9&quot;,&quot;id_feature&quot;:&quot;324&quot;,&quot;position&quot;:&quot;90&quot;},{&quot;name&quot;:&quot;Systu00e8me de refroidissement&quot;,&quot;value&quot;:&quot;Air forcu00e9&quot;,&quot;id_feature&quot;:&quot;325&quot;,&quot;position&quot;:&quot;91&quot;},{&quot;name&quot;:&quot;Puissance acoustique (dB)&quot;,&quot;value&quot;:&quot;96&quot;,&quot;id_feature&quot;:&quot;326&quot;,&quot;position&quot;:&quot;92&quot;},{&quot;name&quot;:&quot;Phase&quot;,&quot;value&quot;:&quot;Monophasu00e9&quot;,&quot;id_feature&quot;:&quot;340&quot;,&quot;position&quot;:&quot;105&quot;},{&quot;name&quot;:&quot;Carburant&quot;,&quot;value&quot;:&quot;Essence&quot;,&quot;id_feature&quot;:&quot;341&quot;,&quot;position&quot;:&quot;106&quot;},{&quot;name&quot;:&quot;Ru00e9gulation de tension&quot;,&quot;value&quot;:&quot;D-AVR&quot;,&quot;id_feature&quot;:&quot;511&quot;,&quot;position&quot;:&quot;155&quot;},{&quot;name&quot;:&quot;Prises&quot;,&quot;value&quot;:&quot;2 prises 250V et 1 prise 240V&quot;,&quot;id_feature&quot;:&quot;585&quot;,&quot;position&quot;:&quot;229&quot;},{&quot;name&quot;:&quot;Insonorisu00e9&quot;,&quot;value&quot;:&quot;Non&quot;,&quot;id_feature&quot;:&quot;587&quot;,&quot;position&quot;:&quot;231&quot;},{&quot;name&quot;:&quot;Poids (kg)&quot;,&quot;value&quot;:&quot;68&quot;,&quot;id_feature&quot;:&quot;233&quot;,&quot;position&quot;:&quot;242&quot;},{&quot;name&quot;:&quot;Dimensions&quot;,&quot;value&quot;:&quot;681 x 530 x 571 mm&quot;,&quot;id_feature&quot;:&quot;317&quot;,&quot;position&quot;:&quot;244&quot;},{&quot;name&quot;:&quot;Garantie&quot;,&quot;value&quot;:&quot;2 ans&quot;,&quot;id_feature&quot;:&quot;234&quot;,&quot;position&quot;:&quot;249&quot;}],&quot;attachments&quot;:[],&quot;virtual&quot;:0,&quot;pack&quot;:0,&quot;packItems&quot;:[],&quot;nopackprice&quot;:0,&quot;customization_required&quot;:false,&quot;rate&quot;:20,&quot;tax_name&quot;:&quot;TVA FR 20%&quot;,&quot;ecotax_rate&quot;:0,&quot;unit_price&quot;:&quot;&quot;,&quot;customizations&quot;:{&quot;fields&quot;:[]},&quot;id_customization&quot;:0,&quot;is_customizable&quot;:false,&quot;show_quantities&quot;:false,&quot;quantity_label&quot;:&quot;Produit&quot;,&quot;quantity_discounts&quot;:[],&quot;customer_group_discount&quot;:0,&quot;images&quot;:[{&quot;bySize&quot;:{&quot;small_default&quot;:{&quot;url&quot;:&quot;https:\/\/www.foliatura.com\/5869-small_default\/honda-eg-3600cl-groupe-electrogene-eg3600cl.jpg&quot;,&quot;width&quot;:98,&quot;height&quot;:98},&quot;cart_default&quot;:{&quot;url&quot;:&quot;https:\/\/www.foliatura.com\/5869-cart_default\/honda-eg-3600cl-groupe-electrogene-eg3600cl.jpg&quot;,&quot;width&quot;:125,&quot;height&quot;:125},&quot;home_default&quot;:{&quot;url&quot;:&quot;https:\/\/www.foliatura.com\/5869-home_default\/honda-eg-3600cl-groupe-electrogene-eg3600cl.jpg&quot;,&quot;width&quot;:250,&quot;height&quot;:250},&quot;medium_default&quot;:{&quot;url&quot;:&quot;https:\/\/www.foliatura.com\/5869-medium_default\/honda-eg-3600cl-groupe-electrogene-eg3600cl.jpg&quot;,&quot;width&quot;:452,&quot;height&quot;:452},&quot;large_default&quot;:{&quot;url&quot;:&quot;https:\/\/www.foliatura.com\/5869-large_default\/honda-eg-3600cl-groupe-electrogene-eg3600cl.jpg&quot;,&quot;width&quot;:800,&quot;height&quot;:800}},&quot;small&quot;:{&quot;url&quot;:&quot;https:\/\/www.foliatura.com\/5869-small_default\/honda-eg-3600cl-groupe-electrogene-eg3600cl.jpg&quot;,&quot;width&quot;:98,&quot;height&quot;:98},&quot;medium&quot;:{&quot;url&quot;:&quot;https:\/\/www.foliatura.com\/5869-home_default\/honda-eg-3600cl-groupe-electrogene-eg3600cl.jpg&quot;,&quot;width&quot;:250,&quot;height&quot;:250},&quot;large&quot;:{&quot;url&quot;:&quot;https:\/\/www.foliatura.com\/5869-large_default\/honda-eg-3600cl-groupe-electrogene-eg3600cl.jpg&quot;,&quot;width&quot;:800,&quot;height&quot;:800},&quot;legend&quot;:&quot;Groupe u00e9lectrogu00e8ne Honda EG3600CL&quot;,&quot;id_image&quot;:&quot;5869&quot;,&quot;cover&quot;:&quot;1&quot;,&quot;position&quot;:&quot;1&quot;,&quot;associatedVariants&quot;:[]},{&quot;bySize&quot;:{&quot;small_default&quot;:{&quot;url&quot;:&quot;https:\/\/www.foliatura.com\/15872-small_default\/honda-eg-3600cl-groupe-electrogene-eg3600cl.jpg&quot;,&quot;width&quot;:98,&quot;height&quot;:98},&quot;cart_default&quot;:{&quot;url&quot;:&quot;https:\/\/www.foliatura.com\/15872-cart_default\/honda-eg-3600cl-groupe-electrogene-eg3600cl.jpg&quot;,&quot;width&quot;:125,&quot;height&quot;:125},&quot;home_default&quot;:{&quot;url&quot;:&quot;https:\/\/www.foliatura.com\/15872-home_default\/honda-eg-3600cl-groupe-electrogene-eg3600cl.jpg&quot;,&quot;width&quot;:250,&quot;height&quot;:250},&quot;medium_default&quot;:{&quot;url&quot;:&quot;https:\/\/www.foliatura.com\/15872-medium_default\/honda-eg-3600cl-groupe-electrogene-eg3600cl.jpg&quot;,&quot;width&quot;:452,&quot;height&quot;:452},&quot;large_default&quot;:{&quot;url&quot;:&quot;https:\/\/www.foliatura.com\/15872-large_default\/honda-eg-3600cl-groupe-electrogene-eg3600cl.jpg&quot;,&quot;width&quot;:800,&quot;height&quot;:800}},&quot;small&quot;:{&quot;url&quot;:&quot;https:\/\/www.foliatura.com\/15872-small_default\/honda-eg-3600cl-groupe-electrogene-eg3600cl.jpg&quot;,&quot;width&quot;:98,&quot;height&quot;:98},&quot;medium&quot;:{&quot;url&quot;:&quot;https:\/\/www.foliatura.com\/15872-home_default\/honda-eg-3600cl-groupe-electrogene-eg3600cl.jpg&quot;,&quot;width&quot;:250,&quot;height&quot;:250},&quot;large&quot;:{&quot;url&quot;:&quot;https:\/\/www.foliatura.com\/15872-large_default\/honda-eg-3600cl-groupe-electrogene-eg3600cl.jpg&quot;,&quot;width&quot;:800,&quot;height&quot;:800},&quot;legend&quot;:&quot;Groupe u00e9lectrogu00e8ne&quot;,&quot;id_image&quot;:&quot;15872&quot;,&quot;cover&quot;:null,&quot;position&quot;:&quot;2&quot;,&quot;associatedVariants&quot;:[]},{&quot;bySize&quot;:{&quot;small_default&quot;:{&quot;url&quot;:&quot;https:\/\/www.foliatura.com\/15873-small_default\/honda-eg-3600cl-groupe-electrogene-eg3600cl.jpg&quot;,&quot;width&quot;:98,&quot;height&quot;:98},&quot;cart_default&quot;:{&quot;url&quot;:&quot;https:\/\/www.foliatura.com\/15873-cart_default\/honda-eg-3600cl-groupe-electrogene-eg3600cl.jpg&quot;,&quot;width&quot;:125,&quot;height&quot;:125},&quot;home_default&quot;:{&quot;url&quot;:&quot;https:\/\/www.foliatura.com\/15873-home_default\/honda-eg-3600cl-groupe-electrogene-eg3600cl.jpg&quot;,&quot;width&quot;:250,&quot;height&quot;:250},&quot;medium_default&quot;:{&quot;url&quot;:&quot;https:\/\/www.foliatura.com\/15873-medium_default\/honda-eg-3600cl-groupe-electrogene-eg3600cl.jpg&quot;,&quot;width&quot;:452,&quot;height&quot;:452},&quot;large_default&quot;:{&quot;url&quot;:&quot;https:\/\/www.foliatura.com\/15873-large_default\/honda-eg-3600cl-groupe-electrogene-eg3600cl.jpg&quot;,&quot;width&quot;:800,&quot;height&quot;:800}},&quot;small&quot;:{&quot;url&quot;:&quot;https:\/\/www.foliatura.com\/15873-small_default\/honda-eg-3600cl-groupe-electrogene-eg3600cl.jpg&quot;,&quot;width&quot;:98,&quot;height&quot;:98},&quot;medium&quot;:{&quot;url&quot;:&quot;https:\/\/www.foliatura.com\/15873-home_default\/honda-eg-3600cl-groupe-electrogene-eg3600cl.jpg&quot;,&quot;width&quot;:250,&quot;height&quot;:250},&quot;large&quot;:{&quot;url&quot;:&quot;https:\/\/www.foliatura.com\/15873-large_default\/honda-eg-3600cl-groupe-electrogene-eg3600cl.jpg&quot;,&quot;width&quot;:800,&quot;height&quot;:800},&quot;legend&quot;:&quot;Groupe u00e9lectrogu00e8ne&quot;,&quot;id_image&quot;:&quot;15873&quot;,&quot;cover&quot;:null,&quot;position&quot;:&quot;3&quot;,&quot;associatedVariants&quot;:[]},{&quot;bySize&quot;:{&quot;small_default&quot;:{&quot;url&quot;:&quot;https:\/\/www.foliatura.com\/15874-small_default\/honda-eg-3600cl-groupe-electrogene-eg3600cl.jpg&quot;,&quot;width&quot;:98,&quot;height&quot;:98},&quot;cart_default&quot;:{&quot;url&quot;:&quot;https:\/\/www.foliatura.com\/15874-cart_default\/honda-eg-3600cl-groupe-electrogene-eg3600cl.jpg&quot;,&quot;width&quot;:125,&quot;height&quot;:125},&quot;home_default&quot;:{&quot;url&quot;:&quot;https:\/\/www.foliatura.com\/15874-home_default\/honda-eg-3600cl-groupe-electrogene-eg3600cl.jpg&quot;,&quot;width&quot;:250,&quot;height&quot;:250},&quot;medium_default&quot;:{&quot;url&quot;:&quot;https:\/\/www.foliatura.com\/15874-medium_default\/honda-eg-3600cl-groupe-electrogene-eg3600cl.jpg&quot;,&quot;width&quot;:452,&quot;height&quot;:452},&quot;large_default&quot;:{&quot;url&quot;:&quot;https:\/\/www.foliatura.com\/15874-large_default\/honda-eg-3600cl-groupe-electrogene-eg3600cl.jpg&quot;,&quot;width&quot;:800,&quot;height&quot;:800}},&quot;small&quot;:{&quot;url&quot;:&quot;https:\/\/www.foliatura.com\/15874-small_default\/honda-eg-3600cl-groupe-electrogene-eg3600cl.jpg&quot;,&quot;width&quot;:98,&quot;height&quot;:98},&quot;medium&quot;:{&quot;url&quot;:&quot;https:\/\/www.foliatura.com\/15874-home_default\/honda-eg-3600cl-groupe-electrogene-eg3600cl.jpg&quot;,&quot;width&quot;:250,&quot;height&quot;:250},&quot;large&quot;:{&quot;url&quot;:&quot;https:\/\/www.foliatura.com\/15874-large_default\/honda-eg-3600cl-groupe-electrogene-eg3600cl.jpg&quot;,&quot;width&quot;:800,&quot;height&quot;:800},&quot;legend&quot;:&quot;Groupe u00e9lectrogu00e8ne&quot;,&quot;id_image&quot;:&quot;15874&quot;,&quot;cover&quot;:null,&quot;position&quot;:&quot;4&quot;,&quot;associatedVariants&quot;:[]}],&quot;cover&quot;:{&quot;bySize&quot;:{&quot;small_default&quot;:{&quot;url&quot;:&quot;https:\/\/www.foliatura.com\/5869-small_default\/honda-eg-3600cl-groupe-electrogene-eg3600cl.jpg&quot;,&quot;width&quot;:98,&quot;height&quot;:98},&quot;cart_default&quot;:{&quot;url&quot;:&quot;https:\/\/www.foliatura.com\/5869-cart_default\/honda-eg-3600cl-groupe-electrogene-eg3600cl.jpg&quot;,&quot;width&quot;:125,&quot;height&quot;:125},&quot;home_default&quot;:{&quot;url&quot;:&quot;https:\/\/www.foliatura.com\/5869-home_default\/honda-eg-3600cl-groupe-electrogene-eg3600cl.jpg&quot;,&quot;width&quot;:250,&quot;height&quot;:250},&quot;medium_default&quot;:{&quot;url&quot;:&quot;https:\/\/www.foliatura.com\/5869-medium_default\/honda-eg-3600cl-groupe-electrogene-eg3600cl.jpg&quot;,&quot;width&quot;:452,&quot;height&quot;:452},&quot;large_default&quot;:{&quot;url&quot;:&quot;https:\/\/www.foliatura.com\/5869-large_default\/honda-eg-3600cl-groupe-electrogene-eg3600cl.jpg&quot;,&quot;width&quot;:800,&quot;height&quot;:800}},&quot;small&quot;:{&quot;url&quot;:&quot;https:\/\/www.foliatura.com\/5869-small_default\/honda-eg-3600cl-groupe-electrogene-eg3600cl.jpg&quot;,&quot;width&quot;:98,&quot;height&quot;:98},&quot;medium&quot;:{&quot;url&quot;:&quot;https:\/\/www.foliatura.com\/5869-home_default\/honda-eg-3600cl-groupe-electrogene-eg3600cl.jpg&quot;,&quot;width&quot;:250,&quot;height&quot;:250},&quot;large&quot;:{&quot;url&quot;:&quot;https:\/\/www.foliatura.com\/5869-large_default\/honda-eg-3600cl-groupe-electrogene-eg3600cl.jpg&quot;,&quot;width&quot;:800,&quot;height&quot;:800},&quot;legend&quot;:&quot;Groupe u00e9lectrogu00e8ne Honda EG3600CL&quot;,&quot;id_image&quot;:&quot;5869&quot;,&quot;cover&quot;:&quot;1&quot;,&quot;position&quot;:&quot;1&quot;,&quot;associatedVariants&quot;:[]},&quot;has_discount&quot;:true,&quot;discount_type&quot;:&quot;amount&quot;,&quot;discount_percentage&quot;:&quot;-64u202f000%&quot;,&quot;discount_percentage_absolute&quot;:&quot;64u202f000%&quot;,&quot;discount_amount&quot;:&quot;640,00u00a0u20ac&quot;,&quot;discount_amount_to_display&quot;:&quot;-640,00u00a0u20ac&quot;,&quot;price_amount&quot;:1599,&quot;unit_price_full&quot;:&quot;&quot;,&quot;show_availability&quot;:true,&quot;availability_message&quot;:&quot;&quot;,&quot;availability_date&quot;:null,&quot;availability&quot;:&quot;available&quot;}\">\n<section id=\"product-features\">\n<h2 class=\"h2\">Caract\u00e9ristiques techniques<\/h2>\n<div class=\"caracteristiques-list\">\n<div class=\"bloc-caract\">\n<div class=\"name\">Marque<\/div>\n<div class=\"value\">Honda<\/div>\n<\/div>\n<div class=\"bloc-caract\">\n<div class=\"name\">Cylindre (cm\u00b3)<\/div>\n<div class=\"value\">270<\/div>\n<\/div>\n<div class=\"bloc-caract\">\n<div class=\"name\">Marque de moteur<\/div>\n<div class=\"value\">Honda<\/div>\n<\/div>\n<div class=\"bloc-caract\">\n<div class=\"name\">Mod\u00e8le de moteur<\/div>\n<div class=\"value\">GX270T2 &#8211; 4 temps &#8211; soupapes en t\u00eates &#8211; 1 cylindre<\/div>\n<\/div>\n<div class=\"bloc-caract\">\n<div class=\"name\">D\u00e9marrage<\/div>\n<div class=\"value\">Lanceur<\/div>\n<\/div>\n<div class=\"bloc-caract\">\n<div class=\"name\">Puissance (W)<\/div>\n<div class=\"value\">3600<\/div>\n<\/div>\n<div class=\"bloc-caract\">\n<div class=\"name\">Capacit\u00e9 reservoir (L)<\/div>\n<div class=\"value\">24<\/div>\n<\/div>\n<div class=\"bloc-caract\">\n<div class=\"name\">Autonomie (h)<\/div>\n<div class=\"value\">12h<\/div>\n<\/div>\n<div class=\"bloc-caract\">\n<div class=\"name\">Puissance continue (W)<\/div>\n<div class=\"value\">3200<\/div>\n<\/div>\n<div class=\"bloc-caract\">\n<div class=\"name\">Fr\u00e9quence (Hz)<\/div>\n<div class=\"value\">50<\/div>\n<\/div>\n<div class=\"bloc-caract\">\n<div class=\"name\">Intensit\u00e9 (A)<\/div>\n<div class=\"value\">13.9<\/div>\n<\/div>\n<div class=\"bloc-caract\">\n<div class=\"name\">Syst\u00e8me de refroidissement<\/div>\n<div class=\"value\">Air forc\u00e9<\/div>\n<\/div>\n<div class=\"bloc-caract\">\n<div class=\"name\">Puissance acoustique (dB)<\/div>\n<div class=\"value\">96<\/div>\n<\/div>\n<div class=\"bloc-caract\">\n<div class=\"name\">Phase<\/div>\n<div class=\"value\">Monophas\u00e9<\/div>\n<\/div>\n<div class=\"bloc-caract\">\n<div class=\"name\">Carburant<\/div>\n<div class=\"value\">Essence<\/div>\n<\/div>\n<div class=\"bloc-caract\">\n<div class=\"name\">R\u00e9gulation de la tension<\/div>\n<div class=\"value\">D-AVR<\/div>\n<\/div>\n<div class=\"bloc-caract\">\n<div class=\"name\">Prix<\/div>\n<div class=\"value\">2 prises 250V et 1 prise 240V<\/div>\n<\/div>\n<div class=\"bloc-caract\">\n<div class=\"name\">Insonoris\u00e9<\/div>\n<div class=\"value\">Non<\/div>\n<\/div>\n<div class=\"bloc-caract\">\n<div class=\"name\">Poids (kg)<\/div>\n<div class=\"value\">68<\/div>\n<\/div>\n<div class=\"bloc-caract\">\n<div class=\"name\">Dimensions<\/div>\n<div class=\"value\">681 x 530 x 571 mm<\/div>\n<\/div>\n<div class=\"bloc-caract\">\n<div class=\"name\">garantie<\/div>\n<div class=\"value\">2 ans<\/div>\n<\/div>\n<\/div>\n<\/section>\n<\/div>","protected":false},"excerpt":{"rendered":"<p>Parfaite pour les activit\u00e9s commerciales et de location les plus exigeantes, la gamme EG a \u00e9t\u00e9 con\u00e7ue et fabriqu\u00e9e pour<\/p>","protected":false},"featured_media":14593,"template":"","meta":[],"product_brand":[],"product_cat":[61],"product_tag":[1514],"product_country":[1503],"class_list":{"0":"post-2390","1":"product","2":"type-product","3":"status-publish","4":"has-post-thumbnail","6":"product_cat-sale-france","7":"product_tag-sale-france","8":"product_country-france","10":"first","11":"instock","12":"sale","13":"taxable","14":"shipping-taxable","15":"purchasable","16":"product-type-simple"},"_links":{"self":[{"href":"https:\/\/routinesfashione.com\/fr\/wp-json\/wp\/v2\/product\/2390","targetHints":{"allow":["GET"]}}],"collection":[{"href":"https:\/\/routinesfashione.com\/fr\/wp-json\/wp\/v2\/product"}],"about":[{"href":"https:\/\/routinesfashione.com\/fr\/wp-json\/wp\/v2\/types\/product"}],"wp:featuredmedia":[{"embeddable":true,"href":"https:\/\/routinesfashione.com\/fr\/wp-json\/wp\/v2\/media\/14593"}],"wp:attachment":[{"href":"https:\/\/routinesfashione.com\/fr\/wp-json\/wp\/v2\/media?parent=2390"}],"wp:term":[{"taxonomy":"product_brand","embeddable":true,"href":"https:\/\/routinesfashione.com\/fr\/wp-json\/wp\/v2\/product_brand?post=2390"},{"taxonomy":"product_cat","embeddable":true,"href":"https:\/\/routinesfashione.com\/fr\/wp-json\/wp\/v2\/product_cat?post=2390"},{"taxonomy":"product_tag","embeddable":true,"href":"https:\/\/routinesfashione.com\/fr\/wp-json\/wp\/v2\/product_tag?post=2390"},{"taxonomy":"product_country","embeddable":true,"href":"https:\/\/routinesfashione.com\/fr\/wp-json\/wp\/v2\/product_country?post=2390"}],"curies":[{"name":"wp","href":"https:\/\/api.w.org\/{rel}","templated":true}]}}