{"id":2405,"date":"2025-09-30T20:51:20","date_gmt":"2025-09-30T20:51:20","guid":{"rendered":"https:\/\/lightgray-crow-170497.hostingersite.com\/?post_type=product&#038;p=2405"},"modified":"2025-09-30T20:51:20","modified_gmt":"2025-09-30T20:51:20","slug":"centrale-electrique-portative-oscal-powemax3600-3600wh","status":"publish","type":"product","link":"https:\/\/routinesfashione.com\/fr\/produit\/centrale-electrique-portative-oscal-powemax3600-3600wh\/","title":{"rendered":"Centrale \u00e9lectrique portable Oscal Powemax3600 3600Wh"},"content":{"rendered":"<p><strong>Points forts<\/strong><br \/>\n14 prises polyvalentes<br \/>\nAvec une source d&#039;alimentation sinuso\u00efdale pure de haute qualit\u00e9 de 3600 W, les 14 sources du Blackview Oscal PowerMax 3600 peuvent satisfaire vos besoins pour un fonctionnement \u00e9quitable pour votre f\u00eate, votre s\u00e9jour en camping ou tout simplement pour votre maison en cas de panne inattendue.<\/p>\n<p>Batterie de 57600 Wh max.<br \/>\nR\u00e9pondant \u00e0 diff\u00e9rentes activit\u00e9s \u00e9nerg\u00e9tiques, externes et internes, le Blackview Oscal PowerMax 3600 offre la flexibilit\u00e9 de la capacit\u00e9 d&#039;adaptation de votre batterie avec une conception modulaire % de 100, tous de 3,6 kWh \u00e0 57,6 kWh avec seulement 15 packs de batteries (3600 Wh\/pack par).<\/p>\n<p>Modes d&#039;\u00e9clairage LED et signal en code Morse<br \/>\nEn plus des 5 modes d&#039;\u00e9clairage LED standards, les informations peuvent \u00eatre vues via les signaux lumineux en faisant varier la luminosit\u00e9 et les modes de clignotement des lumi\u00e8res, ce qui est utile la nuit, par mauvais temps ou dans des situations de visibilit\u00e9 pour mettre des signes, en particulier des appels de d\u00e9tresse.<\/p>\n<p>Bo\u00eetier d&#039;allumage anti-UV et UL94V-0<br \/>\nQue ce soit dans l&#039;environnement du jardin ou de l&#039;exploration du d\u00e9sert, la fonction anti-UV du PowerMax 3600 le prot\u00e8ge contre la d\u00e9coloration et vous expose \u00e0 une exposition prolong\u00e9e au soleil, et le bo\u00eetier ignifuge UL94V-0 garantit qu&#039;il n&#039;y aura aucun risque d&#039;incendie r\u00e9sultant de la g\u00e9n\u00e9ration de chaleur.<\/p>\n<p>Conception antichute verticale de 0,8 m<br \/>\nForg\u00e9 pour s&#039;adapter au terrain difficile de vos exp\u00e9ditions, le PowerMax 3600 est m\u00e9ticuleusement con\u00e7u pour r\u00e9sister aux chutes d&#039;une hauteur allant \u00e0 0,8 m\u00e8tre, att\u00e9nuant ainsi les risques de chutes involontaires de votre main lorsque vous les d\u00e9tails de la voiture ou des escaliers m\u00e9caniques.<\/p>\n<p>Corps r\u00e9sistant aux \u00e9claboussures et \u00e0 la poussi\u00e8re<br \/>\nAux bords du lac par une matin\u00e9e humide au d\u00e9sert poussi\u00e9reux au cr\u00e9puscule, vous pouvez vous d\u00e9placer partout sans soucis : la protection sans effort contre les gouttelettes d&#039;eau verticales et certaines particules solides qui p\u00e9n\u00e8trent dans l&#039;enceinte.<\/p>\n<p>Capacit\u00e9 extensible de 3,6 \u00e0 57,6 kWh<br \/>\nLa premi\u00e8re tentative au monde de centrale \u00e9lectrique portable robuste.<\/p>\n<p>&nbsp;<\/p>\n<p>S&#039;appuyant sur des ann\u00e9es d&#039;expertise dans la fabrication de t\u00e9l\u00e9phone robustes, Blackview, reconnu comme un leader dans l&#039;industrie des t\u00e9l\u00e9phones robustes, se lance dans une aventure pionni\u00e8re en int\u00e9grant les capacit\u00e9s incassables des t\u00e9l\u00e9phone robustes dans des centrales \u00e9lectriques.<\/p>\n<p>&nbsp;<\/p>\n<h3>Pr\u00e9sentation du PowerMax 3600<\/h3>\n<ul>\n<li>De 3600Wh \u00e0 57600Wh<\/li>\n<li>Seulement 30 jours d&#039;\u00e9lectricit\u00e9 pour terminer la maison<\/li>\n<li>UPS de secours 24h\/24 et 7j\/7, communication rapide de 5 \u00e0 8 ms<\/li>\n<li>3600 W 14 prises polyvalentes<\/li>\n<li>Puce TI avanc\u00e9e int\u00e9gr\u00e9e<\/li>\n<li>Renforcez-vous avec une \u00e9nergie verte et sans frais<\/li>\n<li>La dur\u00e9e totale est de 80 % et 0,96 heure<\/li>\n<li>R\u00e9sistant aux chutes verticales de 0,8 m<\/li>\n<li>R\u00e9sistant aux \u00e9claboussures<\/li>\n<li>\u00c9tanche \u00e0 la poussi\u00e8re<\/li>\n<li>Anti-UV, ignifuge, certifi\u00e9 UL94V-0<\/li>\n<\/ul>","protected":false},"excerpt":{"rendered":"<p>Points continuent 14 prix polyvalents Avec et onduleur CA \u00e0 onde sinuso\u00efdale pure de haute qualit\u00e9 de 3600 W, les<\/p>","protected":false},"featured_media":27859,"template":"","meta":[],"product_brand":[],"product_cat":[61],"product_tag":[1514],"product_country":[1503],"class_list":{"0":"post-2405","1":"product","2":"type-product","3":"status-publish","4":"has-post-thumbnail","6":"product_cat-sale-france","7":"product_tag-sale-france","8":"product_country-france","10":"first","11":"instock","12":"sale","13":"taxable","14":"shipping-taxable","15":"purchasable","16":"product-type-simple"},"_links":{"self":[{"href":"https:\/\/routinesfashione.com\/fr\/wp-json\/wp\/v2\/product\/2405","targetHints":{"allow":["GET"]}}],"collection":[{"href":"https:\/\/routinesfashione.com\/fr\/wp-json\/wp\/v2\/product"}],"about":[{"href":"https:\/\/routinesfashione.com\/fr\/wp-json\/wp\/v2\/types\/product"}],"wp:featuredmedia":[{"embeddable":true,"href":"https:\/\/routinesfashione.com\/fr\/wp-json\/wp\/v2\/media\/27859"}],"wp:attachment":[{"href":"https:\/\/routinesfashione.com\/fr\/wp-json\/wp\/v2\/media?parent=2405"}],"wp:term":[{"taxonomy":"product_brand","embeddable":true,"href":"https:\/\/routinesfashione.com\/fr\/wp-json\/wp\/v2\/product_brand?post=2405"},{"taxonomy":"product_cat","embeddable":true,"href":"https:\/\/routinesfashione.com\/fr\/wp-json\/wp\/v2\/product_cat?post=2405"},{"taxonomy":"product_tag","embeddable":true,"href":"https:\/\/routinesfashione.com\/fr\/wp-json\/wp\/v2\/product_tag?post=2405"},{"taxonomy":"product_country","embeddable":true,"href":"https:\/\/routinesfashione.com\/fr\/wp-json\/wp\/v2\/product_country?post=2405"}],"curies":[{"name":"wp","href":"https:\/\/api.w.org\/{rel}","templated":true}]}}