{"id":2414,"date":"2025-09-30T20:51:19","date_gmt":"2025-09-30T20:51:19","guid":{"rendered":"https:\/\/lightgray-crow-170497.hostingersite.com\/?post_type=product&#038;p=2414"},"modified":"2025-09-30T20:51:19","modified_gmt":"2025-09-30T20:51:19","slug":"black-decker-groupe-electrogene-essence-6500w-inverter-insonorise-blackdecker-bxgni6500e","status":"publish","type":"product","link":"https:\/\/routinesfashione.com\/fr\/produit\/black-decker-groupe-electrogene-essence-6500w-inverter-insonorise-blackdecker-bxgni6500e\/","title":{"rendered":"Black + Decker Groupe \u00e9lectrog\u00e8ne Essence 6500W Onduleur Insonoris\u00e9 BLACK+DECKER BXGNi6500E"},"content":{"rendered":"<p><strong>BLACK+DECKER<\/strong>, une marque europ\u00e9enne mondialement r\u00e9put\u00e9e pour la\u00a0<strong>qualit\u00e9<\/strong>\u00a0de ses outils de chantier.<\/p>\n<p><strong>Les ing\u00e9nieurs<\/strong>\u00a0du bureau d\u2019\u00e9tude de BLACK+DECKER travaillent avec passion depuis des ann\u00e9es pour d\u00e9velopper des\u00a0<strong>machines fiables et solides<\/strong>.<br \/>\nToutes les machines sont\u00a0<strong>conformes<\/strong>\u00a0aux diff\u00e9rentes\u00a0<strong>normes europ\u00e9ennes<\/strong>.<\/p>\n<p>Les moteurs BLACK+DECKER sont con\u00e7us, assembl\u00e9s,\u00a0<strong>test\u00e9s pour garantir<\/strong>\u00a0un haut niveau de fiabilit\u00e9.<\/p>\n<p>Les g\u00e9n\u00e9ratrices de nos\u00a0<strong>groupes \u00e9lectrog\u00e8nes<\/strong>\u00a0sont \u00e9quip\u00e9es d\u2019alternateurs \u00e0 bobinage en cuivre pour\u00a0<strong>assurer une qualit\u00e9<\/strong>\u00a0de courant optimale.<\/p>\n<table class=\"table-data-sheet\">\n<tbody>\n<tr class=\"odd\">\n<td>Utilisation<\/td>\n<td>Secours \/ habitation<\/td>\n<\/tr>\n<tr class=\"even\">\n<td>Fonction<\/td>\n<td>Thermique<\/td>\n<\/tr>\n<tr class=\"odd\">\n<td>Tension en Volts<\/td>\n<td>230 V<\/td>\n<\/tr>\n<tr class=\"even\">\n<td>Puissance maximale en watts<\/td>\n<td>6500<\/td>\n<\/tr>\n<tr class=\"odd\">\n<td>Puissance nominale en watts<\/td>\n<td>6000<\/td>\n<\/tr>\n<tr class=\"even\">\n<td>Fr\u00e9quence<\/td>\n<td>50 Hz<\/td>\n<\/tr>\n<tr class=\"odd\">\n<td>Intensit\u00e9 de courant<\/td>\n<td>28.3<\/td>\n<\/tr>\n<tr class=\"even\">\n<td>Prix<\/td>\n<td>2 x 230 V 16 A \/ 2 x 230 V 32 A<\/td>\n<\/tr>\n<tr class=\"odd\">\n<td>Carburant<\/td>\n<td>Essence<\/td>\n<\/tr>\n<tr class=\"even\">\n<td>Capacit\u00e9 du carburant en litres<\/td>\n<td>18.5<\/td>\n<\/tr>\n<tr class=\"odd\">\n<td>Capacit\u00e9 d&#039;huile en litre<\/td>\n<td>0.92<\/td>\n<\/tr>\n<tr class=\"even\">\n<td>Autonomie en heure<\/td>\n<td>8h \u00e0 75% de charge<\/td>\n<\/tr>\n<tr class=\"odd\">\n<td>Affichage multifonction<\/td>\n<td>Oui<\/td>\n<\/tr>\n<tr class=\"even\">\n<td>Onduleur<\/td>\n<td>Oui<\/td>\n<\/tr>\n<tr class=\"odd\">\n<td>AVR<\/td>\n<td>Non<\/td>\n<\/tr>\n<tr class=\"even\">\n<td>Connexion parall\u00e8le<\/td>\n<td>Non<\/td>\n<\/tr>\n<tr class=\"odd\">\n<td>Niveau sonore de 7 m\u00e8tres et dB<\/td>\n<td>58<\/td>\n<\/tr>\n<tr class=\"even\">\n<td>Silence<\/td>\n<td>Oui<\/td>\n<\/tr>\n<tr class=\"odd\">\n<td>D\u00e9marrage manuel<\/td>\n<td>Non<\/td>\n<\/tr>\n<tr class=\"even\">\n<td>D\u00e9marrage \u00e9lectrique<\/td>\n<td>Oui<\/td>\n<\/tr>\n<tr class=\"odd\">\n<td>Batterie du groupe<\/td>\n<td>Oui<\/td>\n<\/tr>\n<tr class=\"even\">\n<td>T\u00e9l\u00e9commande<\/td>\n<td>Non<\/td>\n<\/tr>\n<tr class=\"odd\">\n<td>Moteur<\/td>\n<td>4 temps refroidi par air<\/td>\n<\/tr>\n<tr class=\"even\">\n<td>Cylindr\u00e9e en cc.<\/td>\n<td>389<\/td>\n<\/tr>\n<tr class=\"odd\">\n<td>Vitesse du moteur<\/td>\n<td>3000 tr\/min<\/td>\n<\/tr>\n<tr class=\"even\">\n<td>S\u00e9curit\u00e9 manque d&#039;huile<\/td>\n<td>Oui<\/td>\n<\/tr>\n<tr class=\"odd\">\n<td>Disjoncteur thermique<\/td>\n<td>Oui<\/td>\n<\/tr>\n<tr class=\"even\">\n<td>Alternateur<\/td>\n<td>Cuivre<\/td>\n<\/tr>\n<tr class=\"odd\">\n<td>ATS<\/td>\n<td>Compatible<\/td>\n<\/tr>\n<tr class=\"even\">\n<td>Classe de protection<\/td>\n<td>IP23M<\/td>\n<\/tr>\n<tr class=\"odd\">\n<td>Transport de groupe<\/td>\n<td>sur roues<\/td>\n<\/tr>\n<tr class=\"even\">\n<td>Longueur en cm<\/td>\n<td>80<\/td>\n<\/tr>\n<tr class=\"odd\">\n<td>Largeur en cm<\/td>\n<td>59<\/td>\n<\/tr>\n<tr class=\"even\">\n<td>Hauteur en cm<\/td>\n<td>67<\/td>\n<\/tr>\n<tr class=\"odd\">\n<td>Poids en kg<\/td>\n<td>89<\/td>\n<\/tr>\n<tr class=\"even\">\n<td>Couleur<\/td>\n<td>Orange<\/td>\n<\/tr>\n<tr class=\"odd\">\n<td>Garantie en ann\u00e9e<\/td>\n<td>2<\/td>\n<\/tr>\n<\/tbody>\n<\/table>","protected":false},"excerpt":{"rendered":"<p>BLACK+DECKER, une marque europ\u00e9enne mondialement r\u00e9put\u00e9e pour la\u00a0qualit\u00e9\u00a0de ses outils de chantier. Les ing\u00e9nieurs\u00a0du bureau d\u2019\u00e9tude de BLACK+DECKER travaillent avec<\/p>","protected":false},"featured_media":27930,"template":"","meta":[],"product_brand":[],"product_cat":[61],"product_tag":[1514],"product_country":[1503],"class_list":{"0":"post-2414","1":"product","2":"type-product","3":"status-publish","4":"has-post-thumbnail","6":"product_cat-sale-france","7":"product_tag-sale-france","8":"product_country-france","10":"first","11":"instock","12":"sale","13":"taxable","14":"shipping-taxable","15":"purchasable","16":"product-type-simple"},"_links":{"self":[{"href":"https:\/\/routinesfashione.com\/fr\/wp-json\/wp\/v2\/product\/2414","targetHints":{"allow":["GET"]}}],"collection":[{"href":"https:\/\/routinesfashione.com\/fr\/wp-json\/wp\/v2\/product"}],"about":[{"href":"https:\/\/routinesfashione.com\/fr\/wp-json\/wp\/v2\/types\/product"}],"wp:featuredmedia":[{"embeddable":true,"href":"https:\/\/routinesfashione.com\/fr\/wp-json\/wp\/v2\/media\/27930"}],"wp:attachment":[{"href":"https:\/\/routinesfashione.com\/fr\/wp-json\/wp\/v2\/media?parent=2414"}],"wp:term":[{"taxonomy":"product_brand","embeddable":true,"href":"https:\/\/routinesfashione.com\/fr\/wp-json\/wp\/v2\/product_brand?post=2414"},{"taxonomy":"product_cat","embeddable":true,"href":"https:\/\/routinesfashione.com\/fr\/wp-json\/wp\/v2\/product_cat?post=2414"},{"taxonomy":"product_tag","embeddable":true,"href":"https:\/\/routinesfashione.com\/fr\/wp-json\/wp\/v2\/product_tag?post=2414"},{"taxonomy":"product_country","embeddable":true,"href":"https:\/\/routinesfashione.com\/fr\/wp-json\/wp\/v2\/product_country?post=2414"}],"curies":[{"name":"wp","href":"https:\/\/api.w.org\/{rel}","templated":true}]}}