{"id":2419,"date":"2025-09-30T20:51:19","date_gmt":"2025-09-30T20:51:19","guid":{"rendered":"https:\/\/lightgray-crow-170497.hostingersite.com\/?post_type=product&#038;p=2419"},"modified":"2025-09-30T20:51:19","modified_gmt":"2025-09-30T20:51:19","slug":"groupe-electrogene-inverter-silencieux-genergy-madeira-4kw","status":"publish","type":"product","link":"https:\/\/routinesfashione.com\/fr\/produit\/groupe-electrogene-inverter-silencieux-genergy-madeira-4kw\/","title":{"rendered":"Groupe \u00e9lectrog\u00e9ne inverter silencieux Genergy Madeira 4KW"},"content":{"rendered":"<p>Moteur GENERGY SGH225E EURO V, efficace et tr\u00e8s fiable. Il garantit un d\u00e9marrage simple et en douce dans n\u2019importe quelle condition.<\/p>\n<p>D\u00e9marrage \u00e9lectrique \u00ab PUSH ST \u00bb, permet de d\u00e9marrer en appuyant uniquement sur un bouton, comprend une batterie en guise de cadeau*<\/p>\n<p>Mode \u00ab ECO drive \u00bb, r\u00e9glage automatique du nombre de tours du moteur \u00e0 la charge connect\u00e9e \u00e0 tout moment, facilite une importante \u00e9conomie de carburant, en particulier \u00e0 faibles charges.<\/p>\n<p>Arr\u00eat automatique en cas de manque d\u2019huile, prot\u00e8ge le moteur contre les dommages graves en cas d\u2019absence ou de niveau bas d\u2019huile de graissage.<\/p>\n<p>L\u00e9ger et portatif, seulement 35 kg de poids pour un puissant g\u00e9n\u00e9rateur de 4000 W. Possibilit\u00e9 de transport par une seule personne.<\/p>\n<p>Niveau de bruit bas, plus respectueux dans les environnements urbains ou semi-urbains. Mieux pour vous \u2026 mieux pour les autres.<\/p>\n<p>Syst\u00e8me forc\u00e9 de recirculation d\u2019air, permet un meilleur refroidissement ainsi qu\u2019une temp\u00e9rature optimale d\u2019admission d\u2019air pour la combustion.<\/p>\n<p>Panneau de commande int\u00e9gr\u00e9, con\u00e7u pour avoir \u00e0 disposition toutes les commandes dans le m\u00eame endroit, afin de faciliter la mise en marche de l\u2019appareil.<\/p>\n<p>Production d\u2019\u00e9lectricit\u00e9 de tr\u00e8s haute qualit\u00e9, la tension et la fr\u00e9quence restent enti\u00e8rement stables, de la m\u00eame mani\u00e8re que la distorsion des harmoniques est presque n\u00e9gligeable. Ces caract\u00e9ristiques le rendent compatible avec tout \u00e9quipement \u00e9lectronique, quel que soit l\u2019exigence de son syst\u00e8me de discrimination d\u2019alimentation \u00e9lectrique.<\/p>\n<p>Protection contre les surcharges et court-circuit avec d\u00e9connexion automatique du courant. Prot\u00e8ge le g\u00e9n\u00e9rateur contre l\u2019utilisation d\u2019appareils inappropri\u00e9s ou en mauvais \u00e9tat.<\/p>\n<p>Horloge num\u00e9rique interne pour la surveillance des heures de travail, elle permet de g\u00e9rer le programme d\u2019entretien pr\u00e9ventif de la mani\u00e8re la plus pratique et simple.<\/p>\n<p>Prise d\u2019alimentation 12V de courant continu, id\u00e9al pour charger de petites batteries de type moto.<\/p>\n<p>2 bases de livraison monophas\u00e9es de 16A (IP44).<\/p>\n<p>&nbsp;<\/p>\n<p>MODELE MADEIRA 4000W E-START<\/p>\n<p>Syst\u00e8me de stabilisation de l&#8217;\u00e9lectricit\u00e9 Inverter<\/p>\n<p>Voltage &#8211; Fr\u00e9quence 230V &#8211; 50Hz<\/p>\n<p>AC 230V Maximum 4000W<\/p>\n<p>AC 230V Nominal\u00a0 3600W<\/p>\n<p>Monophas\u00e9<\/p>\n<p>Type de moteur essence, 4 temps OHV refroidissement par air<\/p>\n<p>Niveau sonore \u00e0 7m 57dB \u2013 71dB<\/p>\n<p>D\u00e9marrage manuel et \u00e9lectrique<\/p>\n<p>Type de moteur\u00a0SGH225E<\/p>\n<p>Cylindr\u00e9 224cc<\/p>\n<p>Capacit\u00e9 carburant 4L<\/p>\n<p>Consommation \u00e0 25-50-75% de charge 0.73 L\/H \u2014 1.1L\/H \u2014 1.6L\/H<\/p>\n<p>Autonomie 25-50-75% de charge\u00a0 11H \u20147H \u2014 5H<\/p>\n<p>Capacit\u00e9 huile 0.6L \u2014 SAE10W40<\/p>\n<p>Standard ISO 8528-13:2016<\/p>\n<p>Kit de roue: oui<\/p>\n<p>Dimensions 605x320x560mm<\/p>\n<p>Poids 35Kg<\/p>","protected":false},"excerpt":{"rendered":"<p>Moteur GENERGY SGH225E EURO V, efficace et tr\u00e8s fiable. Il garantit un d\u00e9marrage simple et en douce dans n\u2019importe quelle<\/p>","protected":false},"featured_media":27944,"template":"","meta":[],"product_brand":[],"product_cat":[61],"product_tag":[1514],"product_country":[1503],"class_list":{"0":"post-2419","1":"product","2":"type-product","3":"status-publish","4":"has-post-thumbnail","6":"product_cat-sale-france","7":"product_tag-sale-france","8":"product_country-france","10":"first","11":"instock","12":"sale","13":"taxable","14":"shipping-taxable","15":"purchasable","16":"product-type-simple"},"_links":{"self":[{"href":"https:\/\/routinesfashione.com\/fr\/wp-json\/wp\/v2\/product\/2419","targetHints":{"allow":["GET"]}}],"collection":[{"href":"https:\/\/routinesfashione.com\/fr\/wp-json\/wp\/v2\/product"}],"about":[{"href":"https:\/\/routinesfashione.com\/fr\/wp-json\/wp\/v2\/types\/product"}],"wp:featuredmedia":[{"embeddable":true,"href":"https:\/\/routinesfashione.com\/fr\/wp-json\/wp\/v2\/media\/27944"}],"wp:attachment":[{"href":"https:\/\/routinesfashione.com\/fr\/wp-json\/wp\/v2\/media?parent=2419"}],"wp:term":[{"taxonomy":"product_brand","embeddable":true,"href":"https:\/\/routinesfashione.com\/fr\/wp-json\/wp\/v2\/product_brand?post=2419"},{"taxonomy":"product_cat","embeddable":true,"href":"https:\/\/routinesfashione.com\/fr\/wp-json\/wp\/v2\/product_cat?post=2419"},{"taxonomy":"product_tag","embeddable":true,"href":"https:\/\/routinesfashione.com\/fr\/wp-json\/wp\/v2\/product_tag?post=2419"},{"taxonomy":"product_country","embeddable":true,"href":"https:\/\/routinesfashione.com\/fr\/wp-json\/wp\/v2\/product_country?post=2419"}],"curies":[{"name":"wp","href":"https:\/\/api.w.org\/{rel}","templated":true}]}}