{"id":2446,"date":"2025-09-30T20:51:19","date_gmt":"2025-09-30T20:51:19","guid":{"rendered":"https:\/\/lightgray-crow-170497.hostingersite.com\/?post_type=product&#038;p=2446"},"modified":"2025-09-30T20:51:19","modified_gmt":"2025-09-30T20:51:19","slug":"groupe-electrogene-inverter-3900w-hyundai-hy4000ei","status":"publish","type":"product","link":"https:\/\/routinesfashione.com\/fr\/produit\/groupe-electrogene-inverter-3900w-hyundai-hy4000ei\/","title":{"rendered":"Groupe \u00e9lectrog\u00e8ne Onduleur 3900W Hyundai HY4000Ei"},"content":{"rendered":"<p>Groupe \u00e9lectrique HYUNDAI HY4000Ei<\/p>\n<p>G\u00e9n\u00e9rateur onduleur \u00e0 essence ouverte d&#039;une puissance maximale de 3900 W et d&#039;une puissance nominale de 3500 W.<\/p>\n<p>Avec d\u00e9marrage \u00e9lectrique.<\/p>\n<p>Id\u00e9al pour les \u00e9quipements \u00e9lectroniques et les outils aliment\u00e9s par batterie.<\/p>\n<p>Conception compacte et portable, id\u00e9ale pour les applications \u00e0 la maison et au camping.<\/p>\n<p>Technologie Inverter qui garantit une tension de 100 % stable.<\/p>\n<p>Comprend : Indicateur LED de charge et de fonctionnement, connexion \u00e0 la terre, affichage num\u00e9rique avec lecture des heures, KW, tension et fr\u00e9quence.<\/p>\n<p>Faibles vibrations et faible niveau sonore.<\/p>\n<p>D\u00e9marrage rapide et en douceur.<\/p>\n<p>Faible consommation d&#039;essence.<\/p>\n<p>Fichier de donn\u00e9es<\/p>\n<p>Poids net<\/p>\n<p>41 kg<\/p>\n<p>Puissance nominale<\/p>\n<p>3,5 kW<\/p>\n<p>Tension<\/p>\n<p>230 V<\/p>\n<p>D\u00e9placement<\/p>\n<p>223cc<\/p>\n<p>Puissance maximale<\/p>\n<p>3,9 kW<\/p>\n<p>Capacit\u00e9 du r\u00e9servoir<\/p>\n<p>15L<\/p>\n<p>Dimensions du produit<\/p>\n<p>570x430x490mm<\/p>\n<p>Dimensions de la bo\u00eete<\/p>\n<p>590x450x520<\/p>\n<p>Fr\u00e9quence<\/p>\n<p>50 Hz<\/p>\n<p>Actuel<\/p>\n<p>17,4A<\/p>\n<p>Bouchons<\/p>\n<p>2x16A<\/p>\n<p>\u00c9cran<\/p>\n<p>Num\u00e9rique<\/p>\n<p>Fonction \u00e0 50 % de charge (heure)<\/p>\n<p>12 heures<\/p>\n<p>Niveau sonore \u00e0 7 m\u00e8tres ; 50\u00a0% de charge (dBA)<\/p>\n<p>73 dBA<\/p>\n<p>Sortie CC<\/p>\n<p>12\/5<\/p>\n<p>batterie<\/p>\n<p>Ouais<\/p>\n<p>Type de moteur<\/p>\n<p>Essence 4T<\/p>\n<p>Mod\u00e8le de moteur<\/p>\n<p>HY170F-1<\/p>\n<p>Puissance du moteur (CV)<\/p>\n<p>7,5 CV<\/p>\n<p>Bateau<\/p>\n<p>Manuel \/ \u00c9lectrique<\/p>\n<p>Capacit\u00e9 d&#039;huile<\/p>\n<p>0,75 L<\/p>\n<p>Alternateur<\/p>\n<p>A4i<\/p>\n<p>facteur de puissance<\/p>\n<p>1<\/p>\n<p>R\u00e9gulation de la tension<\/p>\n<p>Num\u00e9rique<\/p>\n<p>Poids brut<\/p>\n<p>44 kg<\/p>\n<p>Puissance de l&#039;alternateur<\/p>\n<p>4 kVa<\/p>","protected":false},"excerpt":{"rendered":"<p>HYUNDAI groupe \u00e9lectrog\u00e8ne HY4000Ei G\u00e9n\u00e9rateur Inverter \u00e0 essence ouvert avec une puissance maximale de 3900 W et une puissance nominale<\/p>","protected":false},"featured_media":14634,"template":"","meta":[],"product_brand":[],"product_cat":[61],"product_tag":[1514],"product_country":[1503],"class_list":{"0":"post-2446","1":"product","2":"type-product","3":"status-publish","4":"has-post-thumbnail","6":"product_cat-sale-france","7":"product_tag-sale-france","8":"product_country-france","10":"first","11":"instock","12":"sale","13":"taxable","14":"shipping-taxable","15":"purchasable","16":"product-type-simple"},"_links":{"self":[{"href":"https:\/\/routinesfashione.com\/fr\/wp-json\/wp\/v2\/product\/2446","targetHints":{"allow":["GET"]}}],"collection":[{"href":"https:\/\/routinesfashione.com\/fr\/wp-json\/wp\/v2\/product"}],"about":[{"href":"https:\/\/routinesfashione.com\/fr\/wp-json\/wp\/v2\/types\/product"}],"wp:featuredmedia":[{"embeddable":true,"href":"https:\/\/routinesfashione.com\/fr\/wp-json\/wp\/v2\/media\/14634"}],"wp:attachment":[{"href":"https:\/\/routinesfashione.com\/fr\/wp-json\/wp\/v2\/media?parent=2446"}],"wp:term":[{"taxonomy":"product_brand","embeddable":true,"href":"https:\/\/routinesfashione.com\/fr\/wp-json\/wp\/v2\/product_brand?post=2446"},{"taxonomy":"product_cat","embeddable":true,"href":"https:\/\/routinesfashione.com\/fr\/wp-json\/wp\/v2\/product_cat?post=2446"},{"taxonomy":"product_tag","embeddable":true,"href":"https:\/\/routinesfashione.com\/fr\/wp-json\/wp\/v2\/product_tag?post=2446"},{"taxonomy":"product_country","embeddable":true,"href":"https:\/\/routinesfashione.com\/fr\/wp-json\/wp\/v2\/product_country?post=2446"}],"curies":[{"name":"wp","href":"https:\/\/api.w.org\/{rel}","templated":true}]}}