{"id":2452,"date":"2025-09-30T20:51:19","date_gmt":"2025-09-30T20:51:19","guid":{"rendered":"https:\/\/lightgray-crow-170497.hostingersite.com\/?post_type=product&#038;p=2452"},"modified":"2025-09-30T20:51:19","modified_gmt":"2025-09-30T20:51:19","slug":"generateur-inverter-automatique-8000w-geta-ats-hispanus","status":"publish","type":"product","link":"https:\/\/routinesfashione.com\/fr\/produit\/generateur-inverter-automatique-8000w-geta-ats-hispanus\/","title":{"rendered":"G\u00e9n\u00e9rateur Inverter automatique 8000W GETA ATS Hispanus"},"content":{"rendered":"<div class=\"o-product-detail-informations__description\">\n<p>AUTOMATIQUE ATS D\u00e9marrage Automatique: \u00c9quip\u00e9 d&#8217;un syst\u00e8me de d\u00e9marrage automatique en cas de coupure de r\u00e9seau, id\u00e9al pour fournir de l&#8217;\u00e9nergie lors des pannes de courant et retourner en mode repos une fois que l&#8217;alimentation est r\u00e9tablie Id\u00e9al pour les Coupures de Courant: Ce g\u00e9n\u00e9rateur se met en marche automatiquement en cas de coupure de courant, fournissant une \u00e9nergie imm\u00e9diate. Une fois que l&#8217;alimentation \u00e9lectrique est r\u00e9tablie, le g\u00e9n\u00e9rateur retourne automatiquement \u00e0 son \u00e9tat de repos, garantissant un fonctionnement efficace et sans interruption. Protection par Faible Niveau de Carburant: Le g\u00e9n\u00e9rateur est prot\u00e9g\u00e9 par un faible niveau de carburant; il tente de d\u00e9marrer 3 fois et, en cas de manque de carburant, il prot\u00e8ge la machine pour \u00e9viter les dommages. Haute Qualit\u00e9 d&#8217;\u00c9nergie: Parfait pour l&#8217;utilisation avec des appareils tels que TV, ordinateurs et informatique Efficacit\u00e9 Am\u00e9lior\u00e9e: Poids et dimensions r\u00e9duits, fonctionnement silencieux avec un bruit inf\u00e9rieur \u00e0 65 dB et une r\u00e9duction de 30% de la consommation. \u00c0 mi-charge, une consommation r\u00e9duite de 50%, avec une diff\u00e9rence consid\u00e9rable par rapport \u00e0 la concurrence. Carburateur Intelligent: Il r\u00e9gule automatiquement l&#8217;air, donc il n&#8217;est pas n\u00e9cessaire de le r\u00e9gler manuellement par temps froid pour d\u00e9marrer. Le syst\u00e8me d\u00e9marre toujours le g\u00e9n\u00e9rateur dans n&#8217;importe quelle condition climatique. Syst\u00e8me STOP UP: Arr\u00eat automatique en cas de manque d&#8217;huile, avec activation en cas de faible niveau d&#8217;huile Moteur HISPANUS\u00ae HS Series: Forts de nombreuses ann\u00e9es d&#8217;exp\u00e9rience, nous avons obtenu l&#8217;un des moteurs les plus fiables du march\u00e9. Avec des pi\u00e8ces directement de l&#8217;usine, nous pouvons garantir l&#8217;exp\u00e9dition vers n&#8217;importe quel endroit en Europe dans un d\u00e9lai record. Alternateur 100% Cuivre: Chez HISPANUS, nous fabriquons toujours toute la s\u00e9rie d&#8217;alternateurs en cuivre 100% haute performance, garantissant un fonctionnement parfait et stabilisant la tension avec pr\u00e9cision. MOLIFER CLOCK Inside: Nous avons l&#8217;exclusivit\u00e9 de la prestigieuse marque espagnole en horlogerie industrielle MOLIFER pour l&#8217;Europe et les \u00c9tats-Unis. Cet indicateur montre la tension, la fr\u00e9quence et les heures de travail, facilitant la gestion de la maintenance. Indicateur de Niveau d&#8217;Huile: Indicateur de niveau d&#8217;huile et plusieurs sorties de courant ind\u00e9pendantes pour une utilisation facile. Garantie de 2 Ans: &#8222;TAKE and TAKE&#8220; pour les particuliers, 1 an pour les professionnels et un an suppl\u00e9mentaire si achet\u00e9 directement sur le site du fabricant. Nous sommes des pionniers de la garantie porte-\u00e0-porte pour toute l&#8217;Europe, offrant un service beaucoup plus rapide en cas de panne avec le client final, car les r\u00e9parations sont toujours effectu\u00e9es en usine. Aucun frais de transport, de main-d&#8217;\u0153uvre ou de pi\u00e8ces, \u00e9vitant ainsi que l&#8217;utilisateur doive apporter la machine dans un magasin et revenir la r\u00e9cup\u00e9rer apr\u00e8s la r\u00e9paration.<\/p>\n<\/div>\n<table class=\"o-product-features\" role=\"presentation\" data-cerberus=\"TABLE_AttributesProduct\">\n<caption class=\"kl-hidden-accessibility\">\u00a0<\/caption>\n<tbody>\n<tr class=\"m-product-attr-row\">\n<th class=\"m-product-attr-row__name\" scope=\"row\">Puissance en utilisation continuer (en W)<\/th>\n<td class=\"m-product-attr-row__value\">7000<\/td>\n<\/tr>\n<tr class=\"m-product-attr-row\">\n<th class=\"m-product-attr-row__name\" scope=\"row\">Niveau de bruit (en dB(A))<\/th>\n<td class=\"m-product-attr-row__value\">60<\/td>\n<\/tr>\n<tr class=\"m-product-attr-row\">\n<th class=\"m-product-attr-row__name\" scope=\"row\">Capacit\u00e9 du r\u00e9servoir (en l)<\/th>\n<td class=\"m-product-attr-row__value\">25<\/td>\n<\/tr>\n<tr class=\"m-product-attr-row\">\n<th class=\"m-product-attr-row__name\" scope=\"row\">Type de start-up<\/th>\n<td class=\"m-product-attr-row__value\">Automatique<\/td>\n<\/tr>\n<tr class=\"m-product-attr-row\">\n<th class=\"m-product-attr-row__name\" scope=\"row\">Puissance maximale \u00e0 l&#039;allumage (en W)<\/th>\n<td class=\"m-product-attr-row__value\">8000<\/td>\n<\/tr>\n<tr class=\"m-product-attr-row\">\n<th class=\"m-product-attr-row__name\" scope=\"row\">Puissance maximum du compresseur (en W)<\/th>\n<td class=\"m-product-attr-row__value\">Plus de 1500<\/td>\n<\/tr>\n<tr class=\"m-product-attr-row\">\n<th class=\"m-product-attr-row__name\" scope=\"row\">Carburant utilis\u00e9<\/th>\n<td class=\"m-product-attr-row__value\">Essence<\/td>\n<\/tr>\n<tr class=\"m-product-attr-row\">\n<th class=\"m-product-attr-row__name\" scope=\"row\">Type de moteur<\/th>\n<td class=\"m-product-attr-row__value\">4 temps OHV essence<\/td>\n<\/tr>\n<tr class=\"m-product-attr-row\">\n<th class=\"m-product-attr-row__name\" scope=\"row\">Cylindr\u00e9e (en cm\u00b3)<\/th>\n<td class=\"m-product-attr-row__value\">460<\/td>\n<\/tr>\n<tr class=\"m-product-attr-row\">\n<th class=\"m-product-attr-row__name\" scope=\"row\">Tension de sortie (en V)<\/th>\n<td class=\"m-product-attr-row__value\">220<\/td>\n<\/tr>\n<\/tbody>\n<\/table>","protected":false},"excerpt":{"rendered":"<p>AUTOMATIQUE ATS D\u00e9marrage Automatique: \u00c9quip\u00e9 d&#8217;un syst\u00e8me de d\u00e9marrage automatique en cas de coupure de r\u00e9seau, id\u00e9al pour fournir de<\/p>","protected":false},"featured_media":27881,"template":"","meta":[],"product_brand":[],"product_cat":[61],"product_tag":[1514],"product_country":[1503],"class_list":{"0":"post-2452","1":"product","2":"type-product","3":"status-publish","4":"has-post-thumbnail","6":"product_cat-sale-france","7":"product_tag-sale-france","8":"product_country-france","10":"first","11":"instock","12":"sale","13":"taxable","14":"shipping-taxable","15":"purchasable","16":"product-type-simple"},"_links":{"self":[{"href":"https:\/\/routinesfashione.com\/fr\/wp-json\/wp\/v2\/product\/2452","targetHints":{"allow":["GET"]}}],"collection":[{"href":"https:\/\/routinesfashione.com\/fr\/wp-json\/wp\/v2\/product"}],"about":[{"href":"https:\/\/routinesfashione.com\/fr\/wp-json\/wp\/v2\/types\/product"}],"wp:featuredmedia":[{"embeddable":true,"href":"https:\/\/routinesfashione.com\/fr\/wp-json\/wp\/v2\/media\/27881"}],"wp:attachment":[{"href":"https:\/\/routinesfashione.com\/fr\/wp-json\/wp\/v2\/media?parent=2452"}],"wp:term":[{"taxonomy":"product_brand","embeddable":true,"href":"https:\/\/routinesfashione.com\/fr\/wp-json\/wp\/v2\/product_brand?post=2452"},{"taxonomy":"product_cat","embeddable":true,"href":"https:\/\/routinesfashione.com\/fr\/wp-json\/wp\/v2\/product_cat?post=2452"},{"taxonomy":"product_tag","embeddable":true,"href":"https:\/\/routinesfashione.com\/fr\/wp-json\/wp\/v2\/product_tag?post=2452"},{"taxonomy":"product_country","embeddable":true,"href":"https:\/\/routinesfashione.com\/fr\/wp-json\/wp\/v2\/product_country?post=2452"}],"curies":[{"name":"wp","href":"https:\/\/api.w.org\/{rel}","templated":true}]}}