{"id":2469,"date":"2025-09-30T20:51:19","date_gmt":"2025-09-30T20:51:19","guid":{"rendered":"https:\/\/lightgray-crow-170497.hostingersite.com\/?post_type=product&#038;p=2469"},"modified":"2025-09-30T20:51:19","modified_gmt":"2025-09-30T20:51:19","slug":"eberth-5000-watt-groupe-electrogene-diesel","status":"publish","type":"product","link":"https:\/\/routinesfashione.com\/fr\/produit\/eberth-5000-watt-groupe-electrogene-diesel\/","title":{"rendered":"EBERTH 5000 Watt Groupe \u00c9lectrog\u00e8ne Diesel"},"content":{"rendered":"<p>Le groupe \u00e9lectrog\u00e8ne diesel GG1-ERD5000SE-1 d&#8217;EBERTH est un appareil monophas\u00e9. Si une seule prise de courant de 230V est utilis\u00e9e, la puissance maximale de 5000 watts y est disponible. Cela permet d&#8217;utiliser des consommateurs avec des courants de d\u00e9marrage \u00e9lev\u00e9s.<\/p>\n<p>Le groupe \u00e9lectrog\u00e8ne mobile a un bo\u00eetier m\u00e9tallique et peut \u00eatre d\u00e9plac\u00e9 facilement \u00e0 l&#8217;aide de deux poign\u00e9es robustes et de quatre roulettes.<\/p>\n<p>Attention: Cet appareil n&#8217;a pas de prise de courant fort (400V)!<\/p>\n<p>Gr\u00e2ce au d\u00e9marrage \u00e9lectrique, le groupe \u00e9lectrog\u00e8ne est facilement mis en marche avec la cl\u00e9 de contact. Le r\u00e9gulateur automatique de tension (AVR) assure une tension de sortie stable. Le groupe \u00e9lectrog\u00e8ne dispose en outre d&#8217;une s\u00e9curit\u00e9 contre le manque d&#8217;huile pour prot\u00e9ger le moteur. Avec une maintenance et un entretien appropri\u00e9s, cet appareil offre les meilleures conditions pour une utilisation fiable et une longue dur\u00e9e de vie.<\/p>\n<p>Livr\u00e9 sans huile ni diesel, utiliser uniquement du carburant diesel!<\/p>\n<h3>Caract\u00e9ristiques principales<\/h3>\n<ul>\n<li>PUISSANT: Le groupe \u00e9lectrog\u00e8ne EBERTH est entra\u00een\u00e9 par un moteur diesel 4 temps, 1 cylindre, refroidi par air, d&#8217;une puissance de 10 CV \/ 7,36 kW, avec s\u00e9curit\u00e9 en cas de manque d&#8217;huile et d&#8217;une cylindr\u00e9e de 410 ccm, batterie de d\u00e9marrage de 24 Ah incluse, le groupe \u00e9lectrog\u00e8ne peut \u00eatre d\u00e9marr\u00e9 \u00e0 tout moment et confortablement par la cl\u00e9 de contact (d\u00e9marrage \u00e9lectrique)<\/li>\n<li>G\u00c9N\u00c9RATEUR 1 PHASE: Le groupe \u00e9lectrog\u00e8ne \u00e0 moteur diesel a une puissance maximale de 5000 watts et une puissance continue de 3600 watts. En cas d&#8217;utilisation d&#8217;une seule prise de courant de 230V, 3600 watts maximum sont disponibles sur celle-ci, si les deux prises de courant de 230V sont utilis\u00e9es, la puissance maximale se r\u00e9partit en cons\u00e9quence<\/li>\n<li>EN DUR\u00c9E: Le g\u00e9n\u00e9rateur \u00e9lectrique dispose d&#8217;un r\u00e9servoir de carburant de 16 litres et peut \u00eatre ravitaill\u00e9 exclusivement en diesel. Selon le type de consommateurs utilis\u00e9s et la charge, un plein de carburant permet d&#8217;atteindre des dur\u00e9es de fonctionnement entre 6 et 7 heures<\/li>\n<li>HAUTE QUALIT\u00c9: Le g\u00e9n\u00e9rateur \u00e9lectrique dispose d&#8217;un indicateur de tension et de niveau de carburant, d&#8217;un interrupteur de surcharge, de deux prises de courant 230V et d&#8217;une prise de courant continu 12V. Le niveau de puissance acoustique LWA est de 96 dB, \u00e0 une distance de 7 m, le volume sonore est d&#8217;environ 71 dB<\/li>\n<li>IND\u00c9PENDANT: O\u00f9 que l&#8217;on soit, le groupe \u00e9lectrog\u00e8ne d&#8217;EBERTH vous permet de g\u00e9n\u00e9rer votre propre \u00e9lectricit\u00e9 \u00e0 n&#8217;importe quel endroit et de vous prot\u00e9ger contre une alimentation \u00e9lectrique d\u00e9ficiente. Le groupe \u00e9lectrog\u00e8ne mobile a un bo\u00eetier m\u00e9tallique avec deux poign\u00e9es robustes et quatre roulettes. Les dimensions sont de 91x53x70 cm et le poids sans les consommables est d&#8217;environ 131 kg<\/li>\n<\/ul>\n<h3>Moteur<\/h3>\n<ul>\n<li>Type de moteur: moteur diesel \u00e0 4 temps, refroidi par air<\/li>\n<li>Cylindr\u00e9e: 410 ccm<\/li>\n<li>Puissance du moteur: 10 CV \/ 7,36 kW<\/li>\n<li>Carburant: diesel<\/li>\n<li>Capacit\u00e9 du r\u00e9servoir: 16 litres<\/li>\n<li>Quantit\u00e9 d&#8217;huile: 1,65 litre (15W-40)<\/li>\n<li>Dur\u00e9e de fonctionnement: 6-7 heures<\/li>\n<li>Niveau de puissance acoustique LWA: 96 dB<\/li>\n<\/ul>\n<h3>Fiche technique<\/h3>\n<ul>\n<li>Puissance continue 230V: 3600 Watt<\/li>\n<li>Puissance maximale 230V: 5000 Watt<\/li>\n<li>Tension nominale (1 phase): 230 V \/ 50 Hz<\/li>\n<li>Courant continu (DC): 12 Volt (max. 8,3 A)<\/li>\n<li>Dimensions: 910 x 530 x 700 mm<\/li>\n<li>Poids: env. 131 kg<\/li>\n<\/ul>\n<h3>Contenu de la livraison<\/h3>\n<ul>\n<li>1x EBERTH GG1-ERD5000SE-1 groupe \u00e9lectrog\u00e8ne<\/li>\n<li>1x batterie de d\u00e9marrage<\/li>\n<li>1x outillage de bord pour l&#8217;utilisation\/maintenance<\/li>\n<li>1x manuel d&#8217;utilisation<\/li>\n<\/ul>","protected":false},"excerpt":{"rendered":"<p>Le groupe \u00e9lectrog\u00e8ne diesel GG1-ERD5000SE-1 d&#8217;EBERTH est un appareil monophas\u00e9. Si une seule prise de courant de 230V est utilis\u00e9e,<\/p>","protected":false},"featured_media":14656,"template":"","meta":[],"product_brand":[],"product_cat":[61],"product_tag":[1514],"product_country":[1503],"class_list":{"0":"post-2469","1":"product","2":"type-product","3":"status-publish","4":"has-post-thumbnail","6":"product_cat-sale-france","7":"product_tag-sale-france","8":"product_country-france","10":"first","11":"instock","12":"sale","13":"taxable","14":"shipping-taxable","15":"purchasable","16":"product-type-simple"},"_links":{"self":[{"href":"https:\/\/routinesfashione.com\/fr\/wp-json\/wp\/v2\/product\/2469","targetHints":{"allow":["GET"]}}],"collection":[{"href":"https:\/\/routinesfashione.com\/fr\/wp-json\/wp\/v2\/product"}],"about":[{"href":"https:\/\/routinesfashione.com\/fr\/wp-json\/wp\/v2\/types\/product"}],"wp:featuredmedia":[{"embeddable":true,"href":"https:\/\/routinesfashione.com\/fr\/wp-json\/wp\/v2\/media\/14656"}],"wp:attachment":[{"href":"https:\/\/routinesfashione.com\/fr\/wp-json\/wp\/v2\/media?parent=2469"}],"wp:term":[{"taxonomy":"product_brand","embeddable":true,"href":"https:\/\/routinesfashione.com\/fr\/wp-json\/wp\/v2\/product_brand?post=2469"},{"taxonomy":"product_cat","embeddable":true,"href":"https:\/\/routinesfashione.com\/fr\/wp-json\/wp\/v2\/product_cat?post=2469"},{"taxonomy":"product_tag","embeddable":true,"href":"https:\/\/routinesfashione.com\/fr\/wp-json\/wp\/v2\/product_tag?post=2469"},{"taxonomy":"product_country","embeddable":true,"href":"https:\/\/routinesfashione.com\/fr\/wp-json\/wp\/v2\/product_country?post=2469"}],"curies":[{"name":"wp","href":"https:\/\/api.w.org\/{rel}","templated":true}]}}