{"id":2485,"date":"2025-09-30T20:51:19","date_gmt":"2025-09-30T20:51:19","guid":{"rendered":"https:\/\/lightgray-crow-170497.hostingersite.com\/?post_type=product&#038;p=2485"},"modified":"2025-09-30T20:51:19","modified_gmt":"2025-09-30T20:51:19","slug":"allpowers-2400w-generateur-solaire-s2000-pro-avec-pv-s2000-pv","status":"publish","type":"product","link":"https:\/\/routinesfashione.com\/fr\/produit\/allpowers-2400w-generateur-solaire-s2000-pro-avec-pv-s2000-pv\/","title":{"rendered":"G\u00e9n\u00e9rateur solaire ALLPOWERS 2400W S2000 Pro avec PV S2000 PV"},"content":{"rendered":"<ul>\n<li>Capacit\u00e9 de 1451 Wh;<\/li>\n<li>Onduleur \u00e0 onde sinuso\u00efdale pure 2 400 W CA (surtension de 4 000 W) ;<\/li>\n<li>Recharge de 0 \u00e0 100 % en 1h30 (entr\u00e9e AC+solaire) ;<\/li>\n<li>Batterie avec plus de 2 500 cycles par 80 % ;<\/li>\n<li>MPPT maximum de 1 000 W. Apport solaire ;<\/li>\n<li>Batterie de secours UPS avec 6 protections ;<\/li>\n<li>Respectueux de l&#039;environnement\/sans gaz\/rentable ;<\/li>\n<\/ul>\n<p>Remarque 2 : Vous avez un produit qui combine l&#039;alimentation \u00e9lectrique centrale et les panneaux solaires, les panneaux solaires et l&#039;alimentation \u00e9lectrique centrale sont disponibles s\u00e9par\u00e9ment.<\/p>\n<div class=\"feature-chart__table-row\">\n<div class=\"feature-chart__heading bold\">Capacit\u00e9<\/div>\n<div class=\"feature-chart__value prose text-subdued\">\n<p>1451 Wh<\/p>\n<\/div>\n<\/div>\n<div class=\"feature-chart__table-row\">\n<div class=\"feature-chart__heading bold\">Type de batterie<\/div>\n<div class=\"feature-chart__value prose text-subdued\">\n<p>Batterie ternaire au lithium<\/p>\n<\/div>\n<\/div>\n<div class=\"feature-chart__table-row\">\n<div class=\"feature-chart__heading bold\">Dimensions<\/div>\n<div class=\"feature-chart__value prose text-subdued\">\n<p>37,5 x 24,5 x 25 cm\/ 14,76 x 9,64 x 9,84 pouces<\/p>\n<\/div>\n<\/div>\n<div class=\"feature-chart__table-row\">\n<div class=\"feature-chart__heading bold\">Poids<\/div>\n<div class=\"feature-chart__value prose text-subdued\">\n<p>13 kg<\/p>\n<\/div>\n<\/div>\n<div class=\"feature-chart__table-row\">\n<div class=\"feature-chart__heading bold\">4* sorties USB A<\/div>\n<div class=\"feature-chart__value prose text-subdued\">\n<p>USB-A*2 : 5 V = 2,4 A, 12 W max.<br \/>\nCharge rapide USB-A*2\u00a0: 5 V = 3 A, 9 V = 2 A, 12 V = 1,5 A, 18 W max<\/p>\n<\/div>\n<\/div>\n<div class=\"feature-chart__table-row\">\n<div class=\"feature-chart__heading bold\">2 ports USB C<\/div>\n<div class=\"feature-chart__value prose text-subdued\">\n<p>5\/9\/12\/15 V = 3 A, 20 V = 5 A, 100 W maximum<\/p>\n<\/div>\n<\/div>\n<div class=\"feature-chart__table-row\">\n<div class=\"feature-chart__heading bold\">1 * sortie de voiture<\/div>\n<div class=\"feature-chart__value prose text-subdued\">\n<p>12 V = 10 A, 120 W maximum<\/p>\n<\/div>\n<\/div>\n<div class=\"feature-chart__table-row\">\n<div class=\"feature-chart__heading bold\">Entr\u00e9e CA<\/div>\n<div class=\"feature-chart__value prose text-subdued\">\n<p>1500 W (220 V-240 V)<\/p>\n<\/div>\n<\/div>\n<div class=\"feature-chart__table-row\">\n<div class=\"feature-chart__heading bold\">Entr\u00e9e solaire<\/div>\n<div class=\"feature-chart__value prose text-subdued\">\n<p>(12~150)V 13A, 1000W maximum (Interface XT60)<\/p>\n<\/div>\n<\/div>","protected":false},"excerpt":{"rendered":"<p>Capacit\u00e9 de 1451 Wh; Onduleur \u00e0 onde sinuso\u00efdale pure 2 400 W CA (surtension de 4 000 W)\u00a0; Recharge de<\/p>","protected":false},"featured_media":14668,"template":"","meta":[],"product_brand":[],"product_cat":[61],"product_tag":[1514],"product_country":[1503],"class_list":{"0":"post-2485","1":"product","2":"type-product","3":"status-publish","4":"has-post-thumbnail","6":"product_cat-sale-france","7":"product_tag-sale-france","8":"product_country-france","10":"first","11":"instock","12":"sale","13":"taxable","14":"shipping-taxable","15":"purchasable","16":"product-type-simple"},"_links":{"self":[{"href":"https:\/\/routinesfashione.com\/fr\/wp-json\/wp\/v2\/product\/2485","targetHints":{"allow":["GET"]}}],"collection":[{"href":"https:\/\/routinesfashione.com\/fr\/wp-json\/wp\/v2\/product"}],"about":[{"href":"https:\/\/routinesfashione.com\/fr\/wp-json\/wp\/v2\/types\/product"}],"wp:featuredmedia":[{"embeddable":true,"href":"https:\/\/routinesfashione.com\/fr\/wp-json\/wp\/v2\/media\/14668"}],"wp:attachment":[{"href":"https:\/\/routinesfashione.com\/fr\/wp-json\/wp\/v2\/media?parent=2485"}],"wp:term":[{"taxonomy":"product_brand","embeddable":true,"href":"https:\/\/routinesfashione.com\/fr\/wp-json\/wp\/v2\/product_brand?post=2485"},{"taxonomy":"product_cat","embeddable":true,"href":"https:\/\/routinesfashione.com\/fr\/wp-json\/wp\/v2\/product_cat?post=2485"},{"taxonomy":"product_tag","embeddable":true,"href":"https:\/\/routinesfashione.com\/fr\/wp-json\/wp\/v2\/product_tag?post=2485"},{"taxonomy":"product_country","embeddable":true,"href":"https:\/\/routinesfashione.com\/fr\/wp-json\/wp\/v2\/product_country?post=2485"}],"curies":[{"name":"wp","href":"https:\/\/api.w.org\/{rel}","templated":true}]}}