{"id":250,"date":"2025-09-30T20:55:53","date_gmt":"2025-09-30T20:55:53","guid":{"rendered":"https:\/\/lightgray-crow-170497.hostingersite.com\/?post_type=product&#038;p=250"},"modified":"2025-09-30T20:55:53","modified_gmt":"2025-09-30T20:55:53","slug":"debroussailleuse-fs-131-stihl-couteau-taillis","status":"publish","type":"product","link":"https:\/\/routinesfashione.com\/fr\/produit\/debroussailleuse-fs-131-stihl-couteau-taillis\/","title":{"rendered":"D\u00e9broussailleuse FS 131 Stihl-couteau taillis"},"content":{"rendered":"<p data-start=\"160\" data-end=\"488\">La <strong data-start=\"163\" data-end=\"179\">STIHL FS 131<\/strong> Il s&#039;agit d&#039;un isolant thermique professionnel, construit et robuste, con\u00e7u pour les travaux de coupe exigeants dans les zones denses et les v\u00e9g\u00e9tations \u00e9paisses. \u00c9quip\u00e9e d&#039;un <strong data-start=\"361\" data-end=\"380\">couteau taillis<\/strong>, elle est id\u00e9ale pour d\u00e9gager des broussailles, des ronciers, des jeunes repouss\u00e9s ou encore des sous-bois.<\/p>\n<h4 data-start=\"490\" data-end=\"529\"><strong data-start=\"495\" data-end=\"529\">Caract\u00e9ristiques principales :<\/strong><\/h4>\n<ul data-start=\"531\" data-end=\"1194\">\n<li data-start=\"531\" data-end=\"693\">\n<p data-start=\"533\" data-end=\"693\"><strong data-start=\"533\" data-end=\"569\">Moteur 4-MIX\u00ae de 1,4 kW (1,9 ch)<\/strong> : combinez les avantages du moteur 2 temps et 4 temps pour plus de puissance, un couple \u00e9lev\u00e9 et une consommation r\u00e9duite.<\/p>\n<\/li>\n<li data-start=\"694\" data-end=\"784\">\n<p data-start=\"696\" data-end=\"784\"><strong data-start=\"696\" data-end=\"725\">Couteau taillis \u00e0 3 dents<\/strong> : con\u00e7u pour trancher les v\u00e9g\u00e9tations ligneuses et denses.<\/p>\n<\/li>\n<li data-start=\"785\" data-end=\"910\">\n<p data-start=\"787\" data-end=\"910\"><strong data-start=\"787\" data-end=\"819\">Arbre de transmission rigide<\/strong> :assure un transfert de puissance optimal et une grande r\u00e9sistance aux efforts prolong\u00e9s.<\/p>\n<\/li>\n<li data-start=\"911\" data-end=\"1021\">\n<p data-start=\"913\" data-end=\"1021\"><strong data-start=\"913\" data-end=\"946\">Syst\u00e8mes anti-vibrations STIHL<\/strong> : offre un confort de travail sup\u00e9rieur, similaire aux longues sessions.<\/p>\n<\/li>\n<li data-start=\"1022\" data-end=\"1116\">\n<p data-start=\"1024\" data-end=\"1116\"><strong data-start=\"1024\" data-end=\"1052\">Harnais double rembourr\u00e9<\/strong> : pour une r\u00e9partition \u00e9quilibr\u00e9e du poids et moins de fatigue.<\/p>\n<\/li>\n<li data-start=\"1117\" data-end=\"1194\">\n<p data-start=\"1119\" data-end=\"1194\"><strong data-start=\"1119\" data-end=\"1142\">D\u00e9marrage simplifi\u00e9<\/strong> avec pompe d&#039;amor\u00e7age et d\u00e9compression automatique.<\/p>\n<\/li>\n<\/ul>\n<h4 data-start=\"1196\" data-end=\"1232\"><strong data-start=\"1201\" data-end=\"1232\">Applications recommand\u00e9es :<\/strong><\/h4>\n<ul data-start=\"1234\" data-end=\"1410\">\n<li data-start=\"1234\" data-end=\"1271\">\n<p data-start=\"1236\" data-end=\"1271\">D\u00e9broussaillage de terrains envahis<\/p>\n<\/li>\n<li data-start=\"1272\" data-end=\"1317\">\n<p data-start=\"1274\" data-end=\"1317\">Entretien de foss\u00e9s, talus, bords de routes<\/p>\n<\/li>\n<li data-start=\"1318\" data-end=\"1362\">\n<p data-start=\"1320\" data-end=\"1362\">Coupe de v\u00e9g\u00e9tation ligneuse et de taillis<\/p>\n<\/li>\n<li data-start=\"1363\" data-end=\"1410\">\n<p data-start=\"1365\" data-end=\"1410\">Pr\u00e9paration des zones foresti\u00e8res et agricoles<\/p>\n<\/li>\n<\/ul>","protected":false},"excerpt":{"rendered":"<p>La STIHL FS 131 est une d\u00e9broussailleuse thermique professionnelle, puissante et robuste, con\u00e7ue pour les travaux de coupe exigeants dans<\/p>","protected":false},"featured_media":12996,"template":"","meta":[],"product_brand":[],"product_cat":[61],"product_tag":[],"product_country":[1503],"class_list":{"0":"post-250","1":"product","2":"type-product","3":"status-publish","4":"has-post-thumbnail","6":"product_cat-sale-france","7":"product_country-france","9":"first","10":"instock","11":"sale","12":"taxable","13":"shipping-taxable","14":"purchasable","15":"product-type-simple"},"_links":{"self":[{"href":"https:\/\/routinesfashione.com\/fr\/wp-json\/wp\/v2\/product\/250","targetHints":{"allow":["GET"]}}],"collection":[{"href":"https:\/\/routinesfashione.com\/fr\/wp-json\/wp\/v2\/product"}],"about":[{"href":"https:\/\/routinesfashione.com\/fr\/wp-json\/wp\/v2\/types\/product"}],"wp:featuredmedia":[{"embeddable":true,"href":"https:\/\/routinesfashione.com\/fr\/wp-json\/wp\/v2\/media\/12996"}],"wp:attachment":[{"href":"https:\/\/routinesfashione.com\/fr\/wp-json\/wp\/v2\/media?parent=250"}],"wp:term":[{"taxonomy":"product_brand","embeddable":true,"href":"https:\/\/routinesfashione.com\/fr\/wp-json\/wp\/v2\/product_brand?post=250"},{"taxonomy":"product_cat","embeddable":true,"href":"https:\/\/routinesfashione.com\/fr\/wp-json\/wp\/v2\/product_cat?post=250"},{"taxonomy":"product_tag","embeddable":true,"href":"https:\/\/routinesfashione.com\/fr\/wp-json\/wp\/v2\/product_tag?post=250"},{"taxonomy":"product_country","embeddable":true,"href":"https:\/\/routinesfashione.com\/fr\/wp-json\/wp\/v2\/product_country?post=250"}],"curies":[{"name":"wp","href":"https:\/\/api.w.org\/{rel}","templated":true}]}}