{"id":2501,"date":"2025-09-30T20:51:18","date_gmt":"2025-09-30T20:51:18","guid":{"rendered":"https:\/\/lightgray-crow-170497.hostingersite.com\/?post_type=product&#038;p=2501"},"modified":"2025-09-30T20:51:18","modified_gmt":"2025-09-30T20:51:18","slug":"allpowers-2500w-generateur-portable-electrique-generateur-electrique-portable-solaire","status":"publish","type":"product","link":"https:\/\/routinesfashione.com\/fr\/produit\/allpowers-2500w-generateur-portable-electrique-generateur-electrique-portable-solaire\/","title":{"rendered":"G\u00e9n\u00e9rateur \u00e9lectrique portable ALLPOWERS 2500 W, g\u00e9n\u00e9rateur \u00e9lectrique portable"},"content":{"rendered":"<ul>\n<li>Capacit\u00e9 de 2016 Wh\u00a0;<\/li>\n<li>Onduleur \u00e0 onde sinuso\u00efdale pure de 2 500 W (cr\u00eate de 4 000 W)\u00a0;<\/li>\n<li>Double entr\u00e9e maximale de 2 500 W en 1 heure (AC + Solaire)\u00a0;<\/li>\n<li>Charge solaire maximale de 1000 W en 2 heures ;<\/li>\n<li>5 fa\u00e7ons de charger (AC\/solaire\/auto\/g\u00e9n\u00e9rateur\/double AC+solaire) ;<\/li>\n<li>UPS de secours domestique ininterrompu de 15 ms\u00a0;<\/li>\n<li>Batterie LiFeP04 longue dur\u00e9e avec plus de 3\u00a0500 cycles de charge\u00a0;<\/li>\n<li>Extensible avec 3 batteries d&#8217;extension B1000 ;\n<div class=\"feature-chart__table-row\">\n<div class=\"feature-chart__heading bold\">Capacit\u00e9<\/div>\n<div class=\"feature-chart__value prose text-subdued\">\n<p>2016Wh 48V 42Ah<\/p>\n<\/div>\n<\/div>\n<div class=\"feature-chart__table-row\">\n<div class=\"feature-chart__heading bold\">Type de batterie<\/div>\n<div class=\"feature-chart__value prose text-subdued\">\n<p>LiFePO4<\/p>\n<\/div>\n<\/div>\n<div class=\"feature-chart__table-row\">\n<div class=\"feature-chart__heading bold\">Sortie CA<\/div>\n<div class=\"feature-chart__value prose text-subdued\">\n<p>4x 220-240 V, 2 500 W maximum (surtension 4 000 W)<\/p>\n<\/div>\n<\/div>\n<div class=\"feature-chart__table-row\">\n<div class=\"feature-chart__heading bold\">Port USB-C<\/div>\n<div class=\"feature-chart__value prose text-subdued\">\n<p>2x 5\/9\/15V\u23933A, 20V\u23935A, 200W maximum.<\/p>\n<\/div>\n<\/div>\n<div class=\"feature-chart__table-row\">\n<div class=\"feature-chart__heading bold\">Prises USB-A<\/div>\n<div class=\"feature-chart__value prose text-subdued\">\n<p>2x 5V\u23932.4A, 12W Max.<br \/>\n2x 5V\u23933A, 9V\u23932A, 12V\u23931.5A, 36W Max.<\/p>\n<\/div>\n<\/div>\n<div class=\"feature-chart__table-row\">\n<div class=\"feature-chart__heading bold\">Port DC5525\/VOITURE<\/div>\n<div class=\"feature-chart__value prose text-subdued\">\n<p>12V\u239310A, 120W maximum.<\/p>\n<\/div>\n<\/div>\n<div class=\"feature-chart__table-row\">\n<div class=\"feature-chart__heading bold\">Entr\u00e9e CA<\/div>\n<div class=\"feature-chart__value prose text-subdued\">\n<p>230V 7A, 1500W maximum.<\/p>\n<\/div>\n<\/div>\n<div class=\"feature-chart__table-row\">\n<div class=\"feature-chart__heading bold\">Entr\u00e9e solaire<\/div>\n<div class=\"feature-chart__value prose text-subdued\">\n<p>12~150V 20A, 1000W maximum.<\/p>\n<\/div>\n<\/div>\n<div class=\"feature-chart__table-row\">\n<div class=\"feature-chart__heading bold\">Entr\u00e9e de voiture<\/div>\n<div class=\"feature-chart__value prose text-subdued\">\n<p>12V\/24V DC<\/p>\n<\/div>\n<\/div>\n<div class=\"feature-chart__table-row\">\n<div class=\"feature-chart__heading bold\">Double entr\u00e9e (AC + solaire)<\/div>\n<div class=\"feature-chart__value prose text-subdued\">\n<p>120W maximum.<\/p>\n<\/div>\n<\/div>\n<div class=\"feature-chart__table-row\">\n<div class=\"feature-chart__heading bold\">Dimensions<\/div>\n<div class=\"feature-chart__value prose text-subdued\">\n<p>maximum. 2500W<\/p>\n<\/div>\n<\/div>\n<div class=\"feature-chart__table-row\">\n<div class=\"feature-chart__heading bold\">Poids<\/div>\n<div class=\"feature-chart__value prose text-subdued\">\n<p>456 x 360 x 346 mm<\/p>\n<p>17.95 x 14.17 x 13.62 inch<\/p>\n<\/div>\n<\/div>\n<div class=\"feature-chart__table-row\">\n<div class=\"feature-chart__heading bold\">UPS<\/div>\n<div class=\"feature-chart__value prose text-subdued\">\n<p>Moins de 15\u00a0ms<\/p>\n<\/div>\n<\/div>\n<div class=\"feature-chart__table-row\">\n<div class=\"feature-chart__heading bold\">Connexion \u00e0 l&#8217;application<\/div>\n<div class=\"feature-chart__value prose text-subdued\">\n<p>Wi-Fi \/ Bluetooth<\/p>\n<\/div>\n<\/div>\n<div class=\"feature-chart__table-row\">\n<div class=\"feature-chart__heading bold\">Attestation<\/div>\n<div class=\"feature-chart__value prose text-subdued\">\n<p>UL \/ PSE \/ CE \/ FCC \/ RoHS \/ UKCA<\/p>\n<\/div>\n<\/div>\n<\/li>\n<\/ul>","protected":false},"excerpt":{"rendered":"<p>Capacit\u00e9 de 2016 Wh\u00a0; Onduleur \u00e0 onde sinuso\u00efdale pure de 2 500 W (cr\u00eate de 4 000 W)\u00a0; Double entr\u00e9e<\/p>","protected":false},"featured_media":14679,"template":"","meta":[],"product_brand":[],"product_cat":[61],"product_tag":[1514],"product_country":[1503],"class_list":{"0":"post-2501","1":"product","2":"type-product","3":"status-publish","4":"has-post-thumbnail","6":"product_cat-sale-france","7":"product_tag-sale-france","8":"product_country-france","10":"first","11":"instock","12":"sale","13":"taxable","14":"shipping-taxable","15":"purchasable","16":"product-type-simple"},"_links":{"self":[{"href":"https:\/\/routinesfashione.com\/fr\/wp-json\/wp\/v2\/product\/2501","targetHints":{"allow":["GET"]}}],"collection":[{"href":"https:\/\/routinesfashione.com\/fr\/wp-json\/wp\/v2\/product"}],"about":[{"href":"https:\/\/routinesfashione.com\/fr\/wp-json\/wp\/v2\/types\/product"}],"wp:featuredmedia":[{"embeddable":true,"href":"https:\/\/routinesfashione.com\/fr\/wp-json\/wp\/v2\/media\/14679"}],"wp:attachment":[{"href":"https:\/\/routinesfashione.com\/fr\/wp-json\/wp\/v2\/media?parent=2501"}],"wp:term":[{"taxonomy":"product_brand","embeddable":true,"href":"https:\/\/routinesfashione.com\/fr\/wp-json\/wp\/v2\/product_brand?post=2501"},{"taxonomy":"product_cat","embeddable":true,"href":"https:\/\/routinesfashione.com\/fr\/wp-json\/wp\/v2\/product_cat?post=2501"},{"taxonomy":"product_tag","embeddable":true,"href":"https:\/\/routinesfashione.com\/fr\/wp-json\/wp\/v2\/product_tag?post=2501"},{"taxonomy":"product_country","embeddable":true,"href":"https:\/\/routinesfashione.com\/fr\/wp-json\/wp\/v2\/product_country?post=2501"}],"curies":[{"name":"wp","href":"https:\/\/api.w.org\/{rel}","templated":true}]}}