{"id":2538,"date":"2025-09-30T20:51:18","date_gmt":"2025-09-30T20:51:18","guid":{"rendered":"https:\/\/lightgray-crow-170497.hostingersite.com\/?post_type=product&#038;p=2538"},"modified":"2025-09-30T20:51:18","modified_gmt":"2025-09-30T20:51:18","slug":"champion-power-equipment-generateur-de-courant-appareil-mobile-essence-3200-watts-telecommande-3200-w-6-l","status":"publish","type":"product","link":"https:\/\/routinesfashione.com\/fr\/produit\/champion-power-equipment-generateur-de-courant-appareil-mobile-essence-3200-watts-telecommande-3200-w-6-l\/","title":{"rendered":"Champion Power Equipment, groupe \u00e9lectrog\u00e8ne, appareil essence mobile 3200 watts, + t\u00e9l\u00e9commande (3200 W, 6 l)"},"content":{"rendered":"<ul class=\"a-unordered-list a-vertical a-spacing-mini\">\n<li class=\"a-spacing-mini\"><span class=\"a-list-item\">Le g\u00e9n\u00e9rateur avec onduleur \u00e0 essence portable 73001IP-EU de Champion Power Equipment est aliment\u00e9 par un cylindre de 192 cc et un moteur OHV 4 temps de 3200 W max<\/span><\/li>\n<li class=\"a-spacing-mini\"><span class=\"a-list-item\">Gr\u00e2ce \u00e0 la t\u00e9l\u00e9commande sans fil, l&#039;unit\u00e9 \u00e9lectrique peut \u00eatre facilement command\u00e9e \u00e0 distance<\/span><\/li>\n<li class=\"a-spacing-mini\"><span class=\"a-list-item\">Le volume est convaincant avec une fonction extr\u00eamement silencieuse de 58 dB(A) \u00e0 7 m de distance<\/span><\/li>\n<li class=\"a-spacing-mini\"><span class=\"a-list-item\">Avec le r\u00e9servoir de carburateur de 6 litres, cet appareil fonctionne pendant seulement 8 heures \u00e0 25 % de charge<\/span><\/li>\n<li class=\"a-spacing-mini\"><span class=\"a-list-item\">D\u00e9tails techniques : moteur 4 temps CHAMPION OHV, 1 cylindre\/type de carburant essence (volume du r\u00e9servoir 6.0 l) \/ puissance 3200 W (puissance de marrage 3500 W)<\/span><br \/>\n<h4 class=\"a-spacing-mini a-color-secondary a-text-italic\">Entretien du mat\u00e9riel avec un nouveau moteur am\u00e9lior\u00e9 de 192 cc et une alimentation \u00e9lectrique<\/h4>\n<p class=\"a-spacing-base\">Il ne s&#039;agit pas d&#039;un g\u00e9n\u00e9rateur-onduleur de la marque Champion, mais d&#039;options facultatives telles que le chargement \u00e0 distance sans fil et l&#039;interface USB double. Dot\u00e9 d&#039;un r\u00e9servoir de charbon de 6 litres, cet appareil peut fonctionner jusqu&#039;\u00e0 8 heures avec une charge de 25 %. Il int\u00e8gre une technologie bas\u00e9e sur la polyvalence sinuso\u00efdale, qui assure l&#039;alimentation des appareils \u00e9lectroniques sensibles. Cet appareil est id\u00e9al pour les s\u00e9jours en camping et les voyages.<\/p>\n<table id=\"productDetails_techSpec_section_1\" class=\"a-keyvalue prodDetTable\">\n<tbody>\n<tr>\n<th class=\"a-color-secondary a-size-base prodDetSectionEntry\">Fabricant<\/th>\n<td class=\"a-size-base prodDetAttrValue\">Champion Power Equipment<\/td>\n<\/tr>\n<tr>\n<th class=\"a-color-secondary a-size-base prodDetSectionEntry\">Dimensions du produit (L xlxh)<\/th>\n<td class=\"a-size-base prodDetAttrValue\">\u200e68 x 49 x 51 cm; 43 kilogrammes<\/td>\n<\/tr>\n<tr>\n<th class=\"a-color-secondary a-size-base prodDetSectionEntry\">R\u00e9f\u00e9rence<\/th>\n<td class=\"a-size-base prodDetAttrValue\">73001i-P-EU<\/td>\n<\/tr>\n<tr>\n<th class=\"a-color-secondary a-size-base prodDetSectionEntry\">Couleur<\/th>\n<td class=\"a-size-base prodDetAttrValue\">Jaune<\/td>\n<\/tr>\n<tr>\n<th class=\"a-color-secondary a-size-base prodDetSectionEntry\">Style<\/th>\n<td class=\"a-size-base prodDetAttrValue\">\u200eEssence 3100 W + t\u00e9l\u00e9commande<\/td>\n<\/tr>\n<tr>\n<th class=\"a-color-secondary a-size-base prodDetSectionEntry\">Type d&#039;alimentation<\/th>\n<td class=\"a-size-base prodDetAttrValue\">Aliment\u00e9 par carburant<\/td>\n<\/tr>\n<tr>\n<th class=\"a-color-secondary a-size-base prodDetSectionEntry\">Tension<\/th>\n<td class=\"a-size-base prodDetAttrValue\">230 volts<\/td>\n<\/tr>\n<tr>\n<th class=\"a-color-secondary a-size-base prodDetSectionEntry\">watt<\/th>\n<td class=\"a-size-base prodDetAttrValue\">3200 watts<\/td>\n<\/tr>\n<tr>\n<th class=\"a-color-secondary a-size-base prodDetSectionEntry\">Quantit\u00e9 d&#039;articles<\/th>\n<td class=\"a-size-base prodDetAttrValue\">\u200e1<\/td>\n<\/tr>\n<tr>\n<th class=\"a-color-secondary a-size-base prodDetSectionEntry\">Fonctions sp\u00e9ciales<\/th>\n<td class=\"a-size-base prodDetAttrValue\">\u200eT\u00e9l\u00e9commande extr\u00eamement silencieuse<\/td>\n<\/tr>\n<tr>\n<th class=\"a-color-secondary a-size-base prodDetSectionEntry\">Composants inclus<\/th>\n<td class=\"a-size-base prodDetAttrValue\">\u200eChampion Groupe \u00e9lectrog\u00e8ne inverseur 3100 W (220 V EURO) Premium avec t\u00e9l\u00e9commande, double port USB<\/td>\n<\/tr>\n<tr>\n<th class=\"a-color-secondary a-size-base prodDetSectionEntry\">Piles incluses ?<\/th>\n<td class=\"a-size-base prodDetAttrValue\">Non<\/td>\n<\/tr>\n<tr>\n<th class=\"a-color-secondary a-size-base prodDetSectionEntry\">Besoin(s) en batteries\/piles<\/th>\n<td class=\"a-size-base prodDetAttrValue\">Non<\/td>\n<\/tr>\n<tr>\n<th class=\"a-color-secondary a-size-base prodDetSectionEntry\">Poids<\/th>\n<td class=\"a-size-base prodDetAttrValue\">43 kilogrammes<\/td>\n<\/tr>\n<tr>\n<th class=\"a-color-secondary a-size-base prodDetSectionEntry\">Disponibilit\u00e9 des pi\u00e8ces d\u00e9tach\u00e9es<\/th>\n<td class=\"a-size-base prodDetAttrValue\">\u200eInformation indisponible sur les pi\u00e8ces d\u00e9tach\u00e9es<\/td>\n<\/tr>\n<\/tbody>\n<\/table>\n<\/li>\n<\/ul>","protected":false},"excerpt":{"rendered":"<p>Le g\u00e9n\u00e9rateur \u00e0 essence inverseur portable 73001IP-EU de Champion Power Equipment est aliment\u00e9 par un cylindre de 192 cc et<\/p>","protected":false},"featured_media":14703,"template":"","meta":[],"product_brand":[],"product_cat":[61],"product_tag":[1514],"product_country":[1503],"class_list":{"0":"post-2538","1":"product","2":"type-product","3":"status-publish","4":"has-post-thumbnail","6":"product_cat-sale-france","7":"product_tag-sale-france","8":"product_country-france","10":"first","11":"instock","12":"sale","13":"taxable","14":"shipping-taxable","15":"purchasable","16":"product-type-simple"},"_links":{"self":[{"href":"https:\/\/routinesfashione.com\/fr\/wp-json\/wp\/v2\/product\/2538","targetHints":{"allow":["GET"]}}],"collection":[{"href":"https:\/\/routinesfashione.com\/fr\/wp-json\/wp\/v2\/product"}],"about":[{"href":"https:\/\/routinesfashione.com\/fr\/wp-json\/wp\/v2\/types\/product"}],"wp:featuredmedia":[{"embeddable":true,"href":"https:\/\/routinesfashione.com\/fr\/wp-json\/wp\/v2\/media\/14703"}],"wp:attachment":[{"href":"https:\/\/routinesfashione.com\/fr\/wp-json\/wp\/v2\/media?parent=2538"}],"wp:term":[{"taxonomy":"product_brand","embeddable":true,"href":"https:\/\/routinesfashione.com\/fr\/wp-json\/wp\/v2\/product_brand?post=2538"},{"taxonomy":"product_cat","embeddable":true,"href":"https:\/\/routinesfashione.com\/fr\/wp-json\/wp\/v2\/product_cat?post=2538"},{"taxonomy":"product_tag","embeddable":true,"href":"https:\/\/routinesfashione.com\/fr\/wp-json\/wp\/v2\/product_tag?post=2538"},{"taxonomy":"product_country","embeddable":true,"href":"https:\/\/routinesfashione.com\/fr\/wp-json\/wp\/v2\/product_country?post=2538"}],"curies":[{"name":"wp","href":"https:\/\/api.w.org\/{rel}","templated":true}]}}