{"id":2556,"date":"2025-09-30T20:51:17","date_gmt":"2025-09-30T20:51:17","guid":{"rendered":"https:\/\/lightgray-crow-170497.hostingersite.com\/?post_type=product&#038;p=2556"},"modified":"2025-09-30T20:51:17","modified_gmt":"2025-09-30T20:51:17","slug":"sdmo-groupe-electrogene-portable-power-perform-6500-c5","status":"publish","type":"product","link":"https:\/\/routinesfashione.com\/fr\/produit\/sdmo-groupe-electrogene-portable-power-perform-6500-c5\/","title":{"rendered":"SDMO Groupe \u00e9lectrog\u00e8ne portable PERFORM 6500 C5"},"content":{"rendered":"<table class=\"datasheet-list expanded\">\n<tbody>\n<tr class=\"datasheet-listItem datasheet-listItem--properties\">\n<td class=\"datasheet-listItemKey small-6 larger-4 columns\">Type de produit<\/td>\n<td class=\"datasheet-listItemValue small-6 larger-8 columns\">Groupe \u00e9lectrog\u00e8ne essence<\/td>\n<\/tr>\n<tr class=\"datasheet-listItem datasheet-listItem--properties\">\n<td class=\"datasheet-listItemKey small-6 larger-4 columns\">Carburant<\/td>\n<td class=\"datasheet-listItemValue small-6 larger-8 columns\">Essence<\/td>\n<\/tr>\n<\/tbody>\n<tbody>\n<tr class=\"datasheet-listItem datasheet-listItem--group\">\n<th>\u00c9quipement<\/th>\n<\/tr>\n<tr class=\"datasheet-listItem datasheet-listItem--properties\">\n<td class=\"datasheet-listItemKey small-6 larger-4 columns\">Tension de sortie<\/td>\n<td class=\"datasheet-listItemValue small-6 larger-8 columns\">230 V<\/td>\n<\/tr>\n<tr class=\"datasheet-listItem datasheet-listItem--properties\">\n<td class=\"datasheet-listItemKey small-6 larger-4 columns\">Fr\u00e9quence de<\/td>\n<td class=\"datasheet-listItemValue small-6 larger-8 columns\">50 Hz<\/td>\n<\/tr>\n<tr class=\"datasheet-listItem datasheet-listItem--properties\">\n<td class=\"datasheet-listItemKey small-6 larger-4 columns\">Capacit\u00e9 du r\u00e9servoir<\/td>\n<td class=\"datasheet-listItemValue small-6 larger-8 columns\">7,3 L<\/td>\n<\/tr>\n<tr class=\"datasheet-listItem datasheet-listItem--properties\">\n<td class=\"datasheet-listItemKey small-6 larger-4 columns\">Motorisation<\/td>\n<td class=\"datasheet-listItemValue small-6 larger-8 columns\">VTT<\/td>\n<\/tr>\n<tr class=\"datasheet-listItem datasheet-listItem--properties\">\n<td class=\"datasheet-listItemKey small-6 larger-4 columns\">Nombre de phases<\/td>\n<td class=\"datasheet-listItemValue small-6 larger-8 columns\">1<\/td>\n<\/tr>\n<tr class=\"datasheet-listItem datasheet-listItem--properties\">\n<td class=\"datasheet-listItemKey small-6 larger-4 columns\">Mode de d\u00e9part<\/td>\n<td class=\"datasheet-listItemValue small-6 larger-8 columns\">Avec lanceur<\/td>\n<\/tr>\n<\/tbody>\n<tbody>\n<tr class=\"datasheet-listItem datasheet-listItem--group\">\n<th>performance<\/th>\n<\/tr>\n<tr class=\"datasheet-listItem datasheet-listItem--properties\">\n<td class=\"datasheet-listItemKey small-6 larger-4 columns\">Puissance maximale<\/td>\n<td class=\"datasheet-listItemValue small-6 larger-8 columns\">6,5 kW<\/td>\n<\/tr>\n<tr class=\"datasheet-listItem datasheet-listItem--properties\">\n<td class=\"datasheet-listItemKey small-6 larger-4 columns\">Puissance continue<\/td>\n<td class=\"datasheet-listItemValue small-6 larger-8 columns\">5,5 kW<\/td>\n<\/tr>\n<tr class=\"datasheet-listItem datasheet-listItem--properties\">\n<td class=\"datasheet-listItemKey small-6 larger-4 columns\">autonomie<\/td>\n<td class=\"datasheet-listItemValue small-6 larger-8 columns\">3 heures<\/td>\n<\/tr>\n<\/tbody>\n<tbody>\n<tr class=\"datasheet-listItem datasheet-listItem--group\">\n<th>Dimensions et poids<\/th>\n<\/tr>\n<tr class=\"datasheet-listItem datasheet-listItem--properties\">\n<td class=\"datasheet-listItemKey small-6 larger-4 columns\">Poids<\/td>\n<td class=\"datasheet-listItemValue small-6 larger-8 columns\">96,5 kg<\/td>\n<\/tr>\n<\/tbody>\n<tbody>\n<tr class=\"datasheet-listItem datasheet-listItem--group datasheet-listItem--collapsible\">\n<th>Autres fonctionnalit\u00e9s<\/th>\n<\/tr>\n<tr class=\"datasheet-listItem datasheet-listItem--properties datasheet-listItem--collapsible\">\n<td class=\"datasheet-listItemKey small-6 larger-4 columns\">Consommation<\/td>\n<td class=\"datasheet-listItemValue small-6 larger-8 columns\">2,6 L\/h<\/td>\n<\/tr>\n<tr class=\"datasheet-listItem datasheet-listItem--properties datasheet-listItem--collapsible\">\n<td class=\"datasheet-listItemKey small-6 larger-4 columns\">Niveau sonore<\/td>\n<td class=\"datasheet-listItemValue small-6 larger-8 columns\">69 dB<\/td>\n<\/tr>\n<tr class=\"datasheet-listItem datasheet-listItem--properties datasheet-listItem--collapsible\">\n<td class=\"datasheet-listItemKey small-6 larger-4 columns\">Marque du moteur<\/td>\n<td class=\"datasheet-listItemValue small-6 larger-8 columns\">Kohler<\/td>\n<\/tr>\n<tr class=\"datasheet-listItem datasheet-listItem--properties datasheet-listItem--collapsible\">\n<td class=\"datasheet-listItemKey small-6 larger-4 columns\">S\u00e9rie<\/td>\n<td class=\"datasheet-listItemValue small-6 larger-8 columns\">SDMO Perform<\/td>\n<\/tr>\n<tr class=\"datasheet-listItem datasheet-listItem--properties datasheet-listItem--collapsible\">\n<td class=\"datasheet-listItemKey small-6 larger-4 columns\">Couleur du corps<\/td>\n<td class=\"datasheet-listItemValue small-6 larger-8 columns\">Bleu<\/td>\n<\/tr>\n<tr class=\"datasheet-listItem datasheet-listItem--properties datasheet-listItem--collapsible\">\n<td class=\"datasheet-listItemKey small-6 larger-4 columns\">Indice de protection<\/td>\n<td class=\"datasheet-listItemValue small-6 larger-8 columns\">IP23<\/td>\n<\/tr>\n<tr class=\"datasheet-listItem datasheet-listItem--properties datasheet-listItem--collapsible\">\n<td class=\"datasheet-listItemKey small-6 larger-4 columns\">Utilisation<\/td>\n<td class=\"datasheet-listItemValue small-6 larger-8 columns\">Ext\u00e9rieur<\/td>\n<\/tr>\n<tr class=\"datasheet-listItem datasheet-listItem--properties datasheet-listItem--collapsible\">\n<td class=\"datasheet-listItemKey small-6 larger-4 columns\">Temp\u00e9rature de fonctionnement<\/td>\n<td class=\"datasheet-listItemValue small-6 larger-8 columns\">-20\u00b0C \u00e0 +50\u00b0C<\/td>\n<\/tr>\n<\/tbody>\n<\/table>","protected":false},"excerpt":{"rendered":"<p>Type de produit Groupe \u00e9lectrog\u00e8ne essence Carburant Essence \u00c9quipement Tension de sortie 230 V Fr\u00e9quence de 50 Hz Capacit\u00e9 du r\u00e9servoir 7.3 L<\/p>","protected":false},"featured_media":27772,"template":"","meta":[],"product_brand":[],"product_cat":[61],"product_tag":[1514],"product_country":[1503],"class_list":{"0":"post-2556","1":"product","2":"type-product","3":"status-publish","4":"has-post-thumbnail","6":"product_cat-sale-france","7":"product_tag-sale-france","8":"product_country-france","10":"first","11":"instock","12":"sale","13":"taxable","14":"shipping-taxable","15":"purchasable","16":"product-type-simple"},"_links":{"self":[{"href":"https:\/\/routinesfashione.com\/fr\/wp-json\/wp\/v2\/product\/2556","targetHints":{"allow":["GET"]}}],"collection":[{"href":"https:\/\/routinesfashione.com\/fr\/wp-json\/wp\/v2\/product"}],"about":[{"href":"https:\/\/routinesfashione.com\/fr\/wp-json\/wp\/v2\/types\/product"}],"wp:featuredmedia":[{"embeddable":true,"href":"https:\/\/routinesfashione.com\/fr\/wp-json\/wp\/v2\/media\/27772"}],"wp:attachment":[{"href":"https:\/\/routinesfashione.com\/fr\/wp-json\/wp\/v2\/media?parent=2556"}],"wp:term":[{"taxonomy":"product_brand","embeddable":true,"href":"https:\/\/routinesfashione.com\/fr\/wp-json\/wp\/v2\/product_brand?post=2556"},{"taxonomy":"product_cat","embeddable":true,"href":"https:\/\/routinesfashione.com\/fr\/wp-json\/wp\/v2\/product_cat?post=2556"},{"taxonomy":"product_tag","embeddable":true,"href":"https:\/\/routinesfashione.com\/fr\/wp-json\/wp\/v2\/product_tag?post=2556"},{"taxonomy":"product_country","embeddable":true,"href":"https:\/\/routinesfashione.com\/fr\/wp-json\/wp\/v2\/product_country?post=2556"}],"curies":[{"name":"wp","href":"https:\/\/api.w.org\/{rel}","templated":true}]}}