{"id":2581,"date":"2025-09-30T20:51:17","date_gmt":"2025-09-30T20:51:17","guid":{"rendered":"https:\/\/lightgray-crow-170497.hostingersite.com\/?post_type=product&#038;p=2581"},"modified":"2025-09-30T20:51:17","modified_gmt":"2025-09-30T20:51:17","slug":"groupe-electrogene-4-kva-essence","status":"publish","type":"product","link":"https:\/\/routinesfashione.com\/fr\/produit\/groupe-electrogene-4-kva-essence\/","title":{"rendered":"Groupe \u00e9lectrog\u00e8ne 4 kVA essence"},"content":{"rendered":"<p>Groupe \u00e9lectrog\u00e8ne inverseur \u00e0 essence 4,0 kW 230 V<\/p>\n<p>Groupe \u00e9lectrog\u00e8ne \u00e0 essence inverseur monophas\u00e9 avec une tension de sortie stable \u00e0 onde sinuso\u00efdale pure, pour une utilisation avec des appareils \u00e9lectroniques tels que les ordinateurs, les smartphones, les chargeurs de batterie, les appareils m\u00e9nagers, etc.<\/p>\n<p>G\u00e9n\u00e9rateur d&#8217;\u00e9lectricit\u00e9 compact sur roues, id\u00e9al pour une utilisation sur les chantiers de construction, les habitations, les \u00e9v\u00e9nements en plein air, les d\u00e9pannages, comme g\u00e9n\u00e9rateur de secours, etc.<\/p>\n<p><strong>Avantages :<\/strong><\/p>\n<ul>\n<li><strong>Technologie d&#8217;onduleur<\/strong>\u00a0avec onde sinuso\u00efdale pure 230V, adapt\u00e9e \u00e0 tous les appareils \u00e9lectroniques.<\/li>\n<li><strong>Contact parall\u00e8le<\/strong>, le groupe \u00e9lectrog\u00e8ne\u00a0peut \u00eatre coupl\u00e9 pour obtenir une puissance combin\u00e9e plus \u00e9lev\u00e9e.<\/li>\n<li><strong>Moteur certifi\u00e9 Euro V<\/strong>\u00a0: r\u00e9pond aux exigences l\u00e9gales en mati\u00e8re d&#8217;\u00e9missions et \u00e9conomise de l&#8217;\u00e9nergie avec des performances optimales<\/li>\n<li><strong>Jeu de roues<\/strong>\u00a0et poign\u00e9e de chariot int\u00e9gr\u00e9s<\/li>\n<li>Faible consommation d&#8217;essence<\/li>\n<li>Type avec\u00a0<strong>cadre ouvert<\/strong><\/li>\n<\/ul>\n<p><strong>Caract\u00e9ristiques:<\/strong><\/p>\n<ul>\n<li>Puissance maximale de 4,0 kW<\/li>\n<li>3,6 kW de puissance continue<\/li>\n<li>La commande \u00e9lectronique de l&#8217;onduleur fournit une tension de sortie sinuso\u00efdale pure de 230 V +- 2%, adapt\u00e9e \u00e0 tous les appareils \u00e9lectroniques, ordinateurs, serveurs, appareils m\u00e9nagers et chargeurs USB.<\/li>\n<li>Type ouvert avec acc\u00e8s facile \u00e0 tous les composants<\/li>\n<li>2 prises 230 V 16A avec mise \u00e0 la terre de protection<\/li>\n<li>2 prises USB 5 V, 1A (1x) et 2,1A (1x) pour la charge rapide des smartphones et autres appareils portables aliment\u00e9s par batterie.<\/li>\n<li>1 Prise parall\u00e8le sur le panneau avant, pour connecter 2 g\u00e9n\u00e9rateurs \u00e0 la prise parall\u00e8le optionnelle (Art. 724562442). Les g\u00e9n\u00e9rateurs fournissent alors du courant ensemble par le biais de la prise, ce qui vous permet de tirer plus de courant que des (petits) g\u00e9n\u00e9rateurs individuels. Ceci est utile pour les gros consommateurs tels que les pompes \u00e0 chaleur, les machines plus lourdes avec des moteurs \u00e9lectriques, les serveurs, les chauffages, etc.<\/li>\n<li>Le BGI40M peut \u00eatre coupl\u00e9 via une prise parall\u00e8le avec un autre g\u00e9n\u00e9rateur MWTOOLS de type BGI22M, BGI35M et BGI40M.<\/li>\n<li>Economique en mati\u00e8re de consommation d&#8217;essence. Cela donne une bonne autonomie de 10 heures (50% de charge).<\/li>\n<li>Consommation de carburant de 1,25 l\/h (50% de charge) ou 2,5 l\/h (100% de charge)<\/li>\n<li>Mode Eco pour une consommation de carburant r\u00e9duite \u00e0 faible charge. Dans ce mode, le g\u00e9n\u00e9rateur fonctionne \u00e0 une vitesse plus faible.<\/li>\n<li>R\u00e9servoir de carburant de taille moyenne de 12,5 litres<\/li>\n<li>Moteur \u00e0 essence 8hp 4 temps OHC avec refroidissement par air 223cc<\/li>\n<li>Cadre en tube d&#8217;acier r\u00e9sistant aux chocs pour prot\u00e9ger les composants et le r\u00e9servoir.<\/li>\n<li>2 grandes roues arri\u00e8re en plastique.<\/li>\n<li>Affichage num\u00e9rique avec affichage des param\u00e8tres : Tension (V), Fr\u00e9quence (Hz), compteur d&#8217;heures (total) et compteur d&#8217;heures depuis le d\u00e9marrage<\/li>\n<li>Un indicateur LED pr\u00e9vient lorsque le niveau d&#8217;huile est trop bas et \u00e9teint automatiquement le g\u00e9n\u00e9rateur.<\/li>\n<li>L&#8217;indicateur LED avertit en cas de surcharge de 10 % et s&#8217;arr\u00eate automatiquement en cas de surcharge plus importante.<\/li>\n<li>Bouton de r\u00e9initialisation CA, pour r\u00e9initialiser imm\u00e9diatement le g\u00e9n\u00e9rateur (apr\u00e8s une surcharge), sans avoir \u00e0 l&#8217;\u00e9teindre au pr\u00e9alable.<\/li>\n<li>Point de connexion sur le panneau de fonte pour une mise \u00e0 la terre (broche de mise \u00e0 la terre et c\u00e2ble non inclus).<\/li>\n<li>Bouton de starter manuel<\/li>\n<li>D\u00e9marrage manuel avec cordon de d\u00e9marrage<\/li>\n<li>Carburants appropri\u00e9s : essence de type E5 (98), E10 (95), E15 (maximum 15% d&#8217;\u00e9thanol) et \u00e9galement essence alkyl\u00e9e pour les moteurs \u00e0 4 temps. Carburants inadapt\u00e9s : E85, \u00e9thanol, bio\u00e9thanol<\/li>\n<\/ul>\n<p><strong>Options :<\/strong><\/p>\n<ul>\n<li>Huile moteur MOTOROIL 650 15W40 (ref. MOTOROIL 650 15W40). La machine est fournie sans huile moteur en standard<\/li>\n<li>Cuve mobile 55 litres avec pompe manuelle pour le transport d\u2019essence (ref. TB55M)<\/li>\n<li>Cuve mobile 110 litres avec pompe manuelle pour le transport d\u2019essence (ref. TB110M)<\/li>\n<li>Cuve mobile 110 litres\u00a0<strong>certification ATEX<\/strong>\u00a0avec pompe 12V pour le transport d\u2019essence\u00a0 (ref. TB11012)<\/li>\n<li>Cuve mobile de 53L pour le transport de carburant (ref. TBC53M)<\/li>\n<li>Cuve mobile de 75L pour le transport d\u2019essence et d\u2019huiles (ref. TBC75M)<\/li>\n<li>Jerrycan pour carburants 10L avec bec flexible (ref. JERRYC10)Groupe \u00e9lectrog\u00e8ne inverseur \u00e0 essence 4,0 kW 230 VGroupe \u00e9lectrog\u00e8ne \u00e0 essence inverseur monophas\u00e9 avec une tension de sortie stable \u00e0 onde sinuso\u00efdale pure, pour une utilisation avec des appareils \u00e9lectroniques tels que les ordinateurs, les smartphones, les chargeurs de batterie, les appareils m\u00e9nagers, etc.G\u00e9n\u00e9rateur d&#8217;\u00e9lectricit\u00e9 compact sur roues, id\u00e9al pour une utilisation sur les chantiers de construction, les habitations, les \u00e9v\u00e9nements en plein air, les d\u00e9pannages, comme g\u00e9n\u00e9rateur de secours, etc.<strong>Avantages :<\/strong>\n<ul>\n<li><strong>Technologie d&#8217;onduleur<\/strong>\u00a0avec onde sinuso\u00efdale pure 230V, adapt\u00e9e \u00e0 tous les appareils \u00e9lectroniques.<\/li>\n<li><strong>Contact parall\u00e8le<\/strong>, le groupe \u00e9lectrog\u00e8ne\u00a0peut \u00eatre coupl\u00e9 pour obtenir une puissance combin\u00e9e plus \u00e9lev\u00e9e.<\/li>\n<li><strong>Moteur certifi\u00e9 Euro V<\/strong>\u00a0: r\u00e9pond aux exigences l\u00e9gales en mati\u00e8re d&#8217;\u00e9missions et \u00e9conomise de l&#8217;\u00e9nergie avec des performances optimales<\/li>\n<li><strong>Jeu de roues<\/strong>\u00a0et poign\u00e9e de chariot int\u00e9gr\u00e9s<\/li>\n<li>Faible consommation d&#8217;essence<\/li>\n<li>Type avec\u00a0<strong>cadre ouvert<\/strong><\/li>\n<\/ul>\n<p><strong>Caract\u00e9ristiques:<\/strong><\/p>\n<ul>\n<li>Puissance maximale de 4,0 kW<\/li>\n<li>3,6 kW de puissance continue<\/li>\n<li>La commande \u00e9lectronique de l&#8217;onduleur fournit une tension de sortie sinuso\u00efdale pure de 230 V +- 2%, adapt\u00e9e \u00e0 tous les appareils \u00e9lectroniques, ordinateurs, serveurs, appareils m\u00e9nagers et chargeurs USB.<\/li>\n<li>Type ouvert avec acc\u00e8s facile \u00e0 tous les composants<\/li>\n<li>2 prises 230 V 16A avec mise \u00e0 la terre de protection<\/li>\n<li>2 prises USB 5 V, 1A (1x) et 2,1A (1x) pour la charge rapide des smartphones et autres appareils portables aliment\u00e9s par batterie.<\/li>\n<li>1 Prise parall\u00e8le sur le panneau avant, pour connecter 2 g\u00e9n\u00e9rateurs \u00e0 la prise parall\u00e8le optionnelle (Art. 724562442). Les g\u00e9n\u00e9rateurs fournissent alors du courant ensemble par le biais de la prise, ce qui vous permet de tirer plus de courant que des (petits) g\u00e9n\u00e9rateurs individuels. Ceci est utile pour les gros consommateurs tels que les pompes \u00e0 chaleur, les machines plus lourdes avec des moteurs \u00e9lectriques, les serveurs, les chauffages, etc.<\/li>\n<li>Le BGI40M peut \u00eatre coupl\u00e9 via une prise parall\u00e8le avec un autre g\u00e9n\u00e9rateur MWTOOLS de type BGI22M, BGI35M et BGI40M.<\/li>\n<li>Economique en mati\u00e8re de consommation d&#8217;essence. Cela donne une bonne autonomie de 10 heures (50% de charge).<\/li>\n<li>Consommation de carburant de 1,25 l\/h (50% de charge) ou 2,5 l\/h (100% de charge)<\/li>\n<li>Mode Eco pour une consommation de carburant r\u00e9duite \u00e0 faible charge. Dans ce mode, le g\u00e9n\u00e9rateur fonctionne \u00e0 une vitesse plus faible.<\/li>\n<li>R\u00e9servoir de carburant de taille moyenne de 12,5 litres<\/li>\n<li>Moteur \u00e0 essence 8hp 4 temps OHC avec refroidissement par air 223cc<\/li>\n<li>Cadre en tube d&#8217;acier r\u00e9sistant aux chocs pour prot\u00e9ger les composants et le r\u00e9servoir.<\/li>\n<li>2 grandes roues arri\u00e8re en plastique.<\/li>\n<li>Affichage num\u00e9rique avec affichage des param\u00e8tres : Tension (V), Fr\u00e9quence (Hz), compteur d&#8217;heures (total) et compteur d&#8217;heures depuis le d\u00e9marrage<\/li>\n<li>Un indicateur LED pr\u00e9vient lorsque le niveau d&#8217;huile est trop bas et \u00e9teint automatiquement le g\u00e9n\u00e9rateur.<\/li>\n<li>L&#8217;indicateur LED avertit en cas de surcharge de 10 % et s&#8217;arr\u00eate automatiquement en cas de surcharge plus importante.<\/li>\n<li>Bouton de r\u00e9initialisation CA, pour r\u00e9initialiser imm\u00e9diatement le g\u00e9n\u00e9rateur (apr\u00e8s une surcharge), sans avoir \u00e0 l&#8217;\u00e9teindre au pr\u00e9alable.<\/li>\n<li>Point de connexion sur le panneau de fonte pour une mise \u00e0 la terre (broche de mise \u00e0 la terre et c\u00e2ble non inclus).<\/li>\n<li>Bouton de starter manuel<\/li>\n<li>D\u00e9marrage manuel avec cordon de d\u00e9marrage<\/li>\n<li>Carburants appropri\u00e9s : essence de type E5 (98), E10 (95), E15 (maximum 15% d&#8217;\u00e9thanol) et \u00e9galement essence alkyl\u00e9e pour les moteurs \u00e0 4 temps. Carburants inadapt\u00e9s : E85, \u00e9thanol, bio\u00e9thanol<\/li>\n<\/ul>\n<p><strong>Options :<\/strong><\/p>\n<ul>\n<li>Huile moteur MOTOROIL 650 15W40 (ref. MOTOROIL 650 15W40). La machine est fournie sans huile moteur en standard<\/li>\n<li>Cuve mobile 55 litres avec pompe manuelle pour le transport d\u2019essence (ref. TB55M)<\/li>\n<li>Cuve mobile 110 litres avec pompe manuelle pour le transport d\u2019essence (ref. TB110M)<\/li>\n<li>Cuve mobile 110 litres\u00a0<strong>certification ATEX<\/strong>\u00a0avec pompe 12V pour le transport d\u2019essence\u00a0 (ref. TB11012)<\/li>\n<li>Cuve mobile de 53L pour le transport de carburant (ref. TBC53M)<\/li>\n<li>Cuve mobile de 75L pour le transport d\u2019essence et d\u2019huiles (ref. TBC75M)<\/li>\n<li>Jerrycan pour carburants 10L avec bec flexible (ref. JERRYC10)Groupe \u00e9lectrog\u00e8ne inverseur \u00e0 essence 4,0 kW 230 VGroupe \u00e9lectrog\u00e8ne \u00e0 essence inverseur monophas\u00e9 avec une tension de sortie stable \u00e0 onde sinuso\u00efdale pure, pour une utilisation avec des appareils \u00e9lectroniques tels que les ordinateurs, les smartphones, les chargeurs de batterie, les appareils m\u00e9nagers, etc.G\u00e9n\u00e9rateur d&#8217;\u00e9lectricit\u00e9 compact sur roues, id\u00e9al pour une utilisation sur les chantiers de construction, les habitations, les \u00e9v\u00e9nements en plein air, les d\u00e9pannages, comme g\u00e9n\u00e9rateur de secours, etc.<strong>Avantages :<\/strong>\n<ul>\n<li><strong>Technologie d&#8217;onduleur<\/strong>\u00a0avec onde sinuso\u00efdale pure 230V, adapt\u00e9e \u00e0 tous les appareils \u00e9lectroniques.<\/li>\n<li><strong>Contact parall\u00e8le<\/strong>, le groupe \u00e9lectrog\u00e8ne\u00a0peut \u00eatre coupl\u00e9 pour obtenir une puissance combin\u00e9e plus \u00e9lev\u00e9e.<\/li>\n<li><strong>Moteur certifi\u00e9 Euro V<\/strong>\u00a0: r\u00e9pond aux exigences l\u00e9gales en mati\u00e8re d&#8217;\u00e9missions et \u00e9conomise de l&#8217;\u00e9nergie avec des performances optimales<\/li>\n<li><strong>Jeu de roues<\/strong>\u00a0et poign\u00e9e de chariot int\u00e9gr\u00e9s<\/li>\n<li>Faible consommation d&#8217;essence<\/li>\n<li>Type avec\u00a0<strong>cadre ouvert<\/strong><\/li>\n<\/ul>\n<p><strong>Caract\u00e9ristiques:<\/strong><\/p>\n<ul>\n<li>Puissance maximale de 4,0 kW<\/li>\n<li>3,6 kW de puissance continue<\/li>\n<li>La commande \u00e9lectronique de l&#8217;onduleur fournit une tension de sortie sinuso\u00efdale pure de 230 V +- 2%, adapt\u00e9e \u00e0 tous les appareils \u00e9lectroniques, ordinateurs, serveurs, appareils m\u00e9nagers et chargeurs USB.<\/li>\n<li>Type ouvert avec acc\u00e8s facile \u00e0 tous les composants<\/li>\n<li>2 prises 230 V 16A avec mise \u00e0 la terre de protection<\/li>\n<li>2 prises USB 5 V, 1A (1x) et 2,1A (1x) pour la charge rapide des smartphones et autres appareils portables aliment\u00e9s par batterie.<\/li>\n<li>1 Prise parall\u00e8le sur le panneau avant, pour connecter 2 g\u00e9n\u00e9rateurs \u00e0 la prise parall\u00e8le optionnelle (Art. 724562442). Les g\u00e9n\u00e9rateurs fournissent alors du courant ensemble par le biais de la prise, ce qui vous permet de tirer plus de courant que des (petits) g\u00e9n\u00e9rateurs individuels. Ceci est utile pour les gros consommateurs tels que les pompes \u00e0 chaleur, les machines plus lourdes avec des moteurs \u00e9lectriques, les serveurs, les chauffages, etc.<\/li>\n<li>Le BGI40M peut \u00eatre coupl\u00e9 via une prise parall\u00e8le avec un autre g\u00e9n\u00e9rateur MWTOOLS de type BGI22M, BGI35M et BGI40M.<\/li>\n<li>Economique en mati\u00e8re de consommation d&#8217;essence. Cela donne une bonne autonomie de 10 heures (50% de charge).<\/li>\n<li>Consommation de carburant de 1,25 l\/h (50% de charge) ou 2,5 l\/h (100% de charge)<\/li>\n<li>Mode Eco pour une consommation de carburant r\u00e9duite \u00e0 faible charge. Dans ce mode, le g\u00e9n\u00e9rateur fonctionne \u00e0 une vitesse plus faible.<\/li>\n<li>R\u00e9servoir de carburant de taille moyenne de 12,5 litres<\/li>\n<li>Moteur \u00e0 essence 8hp 4 temps OHC avec refroidissement par air 223cc<\/li>\n<li>Cadre en tube d&#8217;acier r\u00e9sistant aux chocs pour prot\u00e9ger les composants et le r\u00e9servoir.<\/li>\n<li>2 grandes roues arri\u00e8re en plastique.<\/li>\n<li>Affichage num\u00e9rique avec affichage des param\u00e8tres : Tension (V), Fr\u00e9quence (Hz), compteur d&#8217;heures (total) et compteur d&#8217;heures depuis le d\u00e9marrage<\/li>\n<li>Un indicateur LED pr\u00e9vient lorsque le niveau d&#8217;huile est trop bas et \u00e9teint automatiquement le g\u00e9n\u00e9rateur.<\/li>\n<li>L&#8217;indicateur LED avertit en cas de surcharge de 10 % et s&#8217;arr\u00eate automatiquement en cas de surcharge plus importante.<\/li>\n<li>Bouton de r\u00e9initialisation CA, pour r\u00e9initialiser imm\u00e9diatement le g\u00e9n\u00e9rateur (apr\u00e8s une surcharge), sans avoir \u00e0 l&#8217;\u00e9teindre au pr\u00e9alable.<\/li>\n<li>Point de connexion sur le panneau de fonte pour une mise \u00e0 la terre (broche de mise \u00e0 la terre et c\u00e2ble non inclus).<\/li>\n<li>Bouton de starter manuel<\/li>\n<li>D\u00e9marrage manuel avec cordon de d\u00e9marrage<\/li>\n<li>Carburants appropri\u00e9s : essence de type E5 (98), E10 (95), E15 (maximum 15% d&#8217;\u00e9thanol) et \u00e9galement essence alkyl\u00e9e pour les moteurs \u00e0 4 temps. Carburants inadapt\u00e9s : E85, \u00e9thanol, bio\u00e9thanol<\/li>\n<\/ul>\n<p><strong>Options :<\/strong><\/p>\n<ul>\n<li>Huile moteur MOTOROIL 650 15W40 (ref. MOTOROIL 650 15W40). La machine est fournie sans huile moteur en standard<\/li>\n<li>Cuve mobile 55 litres avec pompe manuelle pour le transport d\u2019essence (ref. TB55M)<\/li>\n<li>Cuve mobile 110 litres avec pompe manuelle pour le transport d\u2019essence (ref. TB110M)<\/li>\n<li>Cuve mobile 110 litres\u00a0<strong>certification ATEX<\/strong>\u00a0avec pompe 12V pour le transport d\u2019essence\u00a0 (ref. TB11012)<\/li>\n<li>Cuve mobile de 53L pour le transport de carburant (ref. TBC53M)<\/li>\n<li>Cuve mobile de 75L pour le transport d\u2019essence et d\u2019huiles (ref. TBC75M)<\/li>\n<li>Jerrycan pour carburants 10L avec bec flexible (ref. JERRYC10)<\/li>\n<\/ul>\n<\/li>\n<\/ul>\n<\/li>\n<\/ul>","protected":false},"excerpt":{"rendered":"<p>Groupe \u00e9lectrog\u00e8ne inverseur \u00e0 essence 4,0 kW 230 V Groupe \u00e9lectrog\u00e8ne \u00e0 essence inverseur monophas\u00e9 avec une tension de sortie<\/p>","protected":false},"featured_media":14739,"template":"","meta":[],"product_brand":[],"product_cat":[61],"product_tag":[1514],"product_country":[1503],"class_list":{"0":"post-2581","1":"product","2":"type-product","3":"status-publish","4":"has-post-thumbnail","6":"product_cat-sale-france","7":"product_tag-sale-france","8":"product_country-france","10":"first","11":"instock","12":"sale","13":"taxable","14":"shipping-taxable","15":"purchasable","16":"product-type-simple"},"_links":{"self":[{"href":"https:\/\/routinesfashione.com\/fr\/wp-json\/wp\/v2\/product\/2581","targetHints":{"allow":["GET"]}}],"collection":[{"href":"https:\/\/routinesfashione.com\/fr\/wp-json\/wp\/v2\/product"}],"about":[{"href":"https:\/\/routinesfashione.com\/fr\/wp-json\/wp\/v2\/types\/product"}],"wp:featuredmedia":[{"embeddable":true,"href":"https:\/\/routinesfashione.com\/fr\/wp-json\/wp\/v2\/media\/14739"}],"wp:attachment":[{"href":"https:\/\/routinesfashione.com\/fr\/wp-json\/wp\/v2\/media?parent=2581"}],"wp:term":[{"taxonomy":"product_brand","embeddable":true,"href":"https:\/\/routinesfashione.com\/fr\/wp-json\/wp\/v2\/product_brand?post=2581"},{"taxonomy":"product_cat","embeddable":true,"href":"https:\/\/routinesfashione.com\/fr\/wp-json\/wp\/v2\/product_cat?post=2581"},{"taxonomy":"product_tag","embeddable":true,"href":"https:\/\/routinesfashione.com\/fr\/wp-json\/wp\/v2\/product_tag?post=2581"},{"taxonomy":"product_country","embeddable":true,"href":"https:\/\/routinesfashione.com\/fr\/wp-json\/wp\/v2\/product_country?post=2581"}],"curies":[{"name":"wp","href":"https:\/\/api.w.org\/{rel}","templated":true}]}}