{"id":263,"date":"2025-09-30T20:55:52","date_gmt":"2025-09-30T20:55:52","guid":{"rendered":"https:\/\/lightgray-crow-170497.hostingersite.com\/?post_type=product&#038;p=263"},"modified":"2025-09-30T20:55:52","modified_gmt":"2025-09-30T20:55:52","slug":"debroussailleuse-honda-umk-450-xe","status":"publish","type":"product","link":"https:\/\/routinesfashione.com\/fr\/produit\/debroussailleuse-honda-umk-450-xe\/","title":{"rendered":"D\u00e9broussailleuse Honda UMK 450 XE"},"content":{"rendered":"<p>Plus d&#039;\u00e9conomies et plus de confort.<br \/>\nLaissez Honda travailler pour vous<\/p>\n<p>ATTENTION AUX IMITATIONS \u2013 NOS D\u00c9BROUSSAILLEUSES SONT 100% ORIGINALES HONDA<\/p>\n<p>Mod\u00e8le\u00a0<strong translate=\"no\">UMK XE<\/strong>\u00a0\u2013 avec syst\u00e8me suppl\u00e9mentaire anti-vibration<\/p>\n<p>Votre travail devient plus agile lorsque vous disposez de la puissance et des hautes performances de la d\u00e9broussailleuse\u00a0<strong translate=\"no\">UMK450<\/strong>\u00a0. Plus d&#039;\u00e9conomies et plus de confort. Laissez Honda travailler pour vous.<\/p>\n<p>La conception de la Honda UMK450 est la conception compl\u00e8te d&#039;utilisation professionnelle, qui se distingue par sa haute technologie et dispose de techniques exclusives.<\/p>\n<p>Principales caract\u00e9ristiques de la nouvelle d\u00e9broussailleuse\u00a0<strong translate=\"no\">Honda UMK450<\/strong><br \/>\n\u2013 D\u00e9velopp\u00e9 pour un usage professionnel ;<br \/>\n\u2013 Moteur 4 temps de 2 CV : plus grande efficacit\u00e9 du coup\u00e9, consommation, pollution et vibrations r\u00e9duites (par rapport aux moteurs 2 temps de la m\u00eame plage de puissance) ;<br \/>\n\u2013 Pas besoin d&#039;ajouter de l&#039;huile au carburant ;<br \/>\n\u2013 Disponible avec lame \u00e0 trois points et fil nylon;<br \/>\n\u2013 T\u00eate en nylon de grande capacit\u00e9 (seulement 4,5 m\u00e8tres de fil de nylon) et technologie TAP &amp; GO ;<br \/>\n\u2013 Roulements en pointe de transmission pendant toute la dur\u00e9e de la vie utile ;<br \/>\n\u2013 Permet une utilisation dans n&#039;importe la position source (360\u00ba);<br \/>\n\u2013 La ceinture rembourr\u00e9e offre plus de confort et d\u2019ergonomie.<\/p>\n<p>L&#039;appareil est \u00e9quip\u00e9 d&#039;un moteur 2 CV \u00e0 4 rapports (fonctionnant en position initiale), une technologie permettant une \u00e9conomie de carburant suppl\u00e9mentaire avec un apport minimal. Il se caract\u00e9rise par un faible niveau sonore, avec de faibles niveaux de bruit et de vibrations. Ces caract\u00e9ristiques, combin\u00e9es \u00e0 l&#039;ergonomie pr\u00e9cise de la barre de commande et de la ceinture rembourr\u00e9e, r\u00e9duisent le nombre d&#039;interruptions de travail, une utilisation intensive continue et des gains de productivit\u00e9 cons\u00e9quents.<\/p>\n<p>Il dispose d&#039;une pompe \u00e0 carburant, obligatoire pour l&#039;\u00e9quipement d&#039;un moteur 2 temps, le robuste moteur Honda de 50 cm3 et 2 ch de puissance pr\u00e9sente des \u00e9missions minimales de polluants et de fum\u00e9e, un aspect positif pour l&#039;environnement et le confort de l&#039;op\u00e9rateur.<\/p>\n<p>Equip d&#039;une lame \u00e0 trois points, pour couper l&#039;herbe plus haute, et d&#039;un fil de nylon, pour l&#039;herbe et la finition, tous deux fournis par Honda. Le mat\u00e9riau en nylon avec technologie TAP&amp;GO pour Honda UMK450 est pr\u00eat \u00e0 \u00eatre r\u00e9par\u00e9 pour remplacer la pi\u00e8ce traditionnelle pour une plus grande efficacit\u00e9 du coup\u00e9, qui est \u00e9galement une option rentable pour un usage professionnel.<\/p>\n<p>La technologie est utilis\u00e9e dans le syst\u00e8me de lubrification interne du moteur pendant 4 heures (l&#039;arbre arrive \u00e0 l&#039;OHC) pour \u00eatre utilis\u00e9e pour la d\u00e9broussailleuse\u00a0<strong translate=\"no\">Honda UMK450<\/strong>\u00a0dans la position source d&#039;importation (360\u00ba). Ces composants internes essentiels tels que les roulements de pointe de transmission, \u00e9quip\u00e9s d&#039;un traitement thermique sp\u00e9cial, assurent une longue dur\u00e9e de vie.<\/p>\n<p>Le fait d&#039;\u00e9liminer l&#039;utilisation d&#039;huile m\u00e9lang\u00e9e au carburant est traditionnellement par pour une op\u00e9ration simplifi\u00e9e de remplissage du r\u00e9servoir, d&#039;une capacit\u00e9 de 0,63 L, et \u00e9galement par de grandes \u00e9conomies par rapport aux concurrents qui utilisent des moteurs \u00e0 2 temps, une \u00c9conomie de temps et de co\u00fbt de remplissage. . . Id\u00e9al pour une utilisation lors d&#039;activit\u00e9s intenses et de voix fortes au bord de la route ou dans les vastes espaces des zones urbaines ou rurales.<\/p>","protected":false},"excerpt":{"rendered":"<p>Plus d&#8217;\u00e9conomies et plus de confort. Laissez Honda travailler pour vous ATTENTION AUX IMITATIONS &#8211; NOS D\u00c9BROUSSAILLEUSES SONT 100% ORIGINALES<\/p>","protected":false},"featured_media":13008,"template":"","meta":[],"product_brand":[],"product_cat":[61],"product_tag":[],"product_country":[1503],"class_list":{"0":"post-263","1":"product","2":"type-product","3":"status-publish","4":"has-post-thumbnail","6":"product_cat-sale-france","7":"product_country-france","9":"first","10":"instock","11":"sale","12":"taxable","13":"shipping-taxable","14":"purchasable","15":"product-type-simple"},"_links":{"self":[{"href":"https:\/\/routinesfashione.com\/fr\/wp-json\/wp\/v2\/product\/263","targetHints":{"allow":["GET"]}}],"collection":[{"href":"https:\/\/routinesfashione.com\/fr\/wp-json\/wp\/v2\/product"}],"about":[{"href":"https:\/\/routinesfashione.com\/fr\/wp-json\/wp\/v2\/types\/product"}],"wp:featuredmedia":[{"embeddable":true,"href":"https:\/\/routinesfashione.com\/fr\/wp-json\/wp\/v2\/media\/13008"}],"wp:attachment":[{"href":"https:\/\/routinesfashione.com\/fr\/wp-json\/wp\/v2\/media?parent=263"}],"wp:term":[{"taxonomy":"product_brand","embeddable":true,"href":"https:\/\/routinesfashione.com\/fr\/wp-json\/wp\/v2\/product_brand?post=263"},{"taxonomy":"product_cat","embeddable":true,"href":"https:\/\/routinesfashione.com\/fr\/wp-json\/wp\/v2\/product_cat?post=263"},{"taxonomy":"product_tag","embeddable":true,"href":"https:\/\/routinesfashione.com\/fr\/wp-json\/wp\/v2\/product_tag?post=263"},{"taxonomy":"product_country","embeddable":true,"href":"https:\/\/routinesfashione.com\/fr\/wp-json\/wp\/v2\/product_country?post=263"}],"curies":[{"name":"wp","href":"https:\/\/api.w.org\/{rel}","templated":true}]}}