{"id":268,"date":"2025-09-30T20:55:52","date_gmt":"2025-09-30T20:55:52","guid":{"rendered":"https:\/\/lightgray-crow-170497.hostingersite.com\/?post_type=product&#038;p=268"},"modified":"2025-09-30T20:55:53","modified_gmt":"2025-09-30T20:55:53","slug":"stiga-multiclip-547-ae-kit-45-cm","status":"publish","type":"product","link":"https:\/\/routinesfashione.com\/fr\/produit\/stiga-multiclip-547-ae-kit-45-cm\/","title":{"rendered":"Kit Stiga Multiclip 547 AE 45 cm"},"content":{"rendered":"<h2 class=\"default\">Description du produit<\/h2>\n<div id=\"productDescription\" class=\"a-section a-spacing-small\">\n<p>La tondeuse mulching STIGA Multiclip 547 AE Kit offre l&#8217;alliance parfaite entre la puissance d&#8217;une tondeuse thermique et la commodit\u00e9 d&#8217;un mod\u00e8le sans fil. Aliment\u00e9e par une batterie ePower 440 48V de 4Ah, elle permet de tondre jusqu&#8217;\u00e0 800 m\u00b2 en une seule charge. Sp\u00e9cialement con\u00e7ue pour le mulching, elle d\u00e9chiquette finement les d\u00e9chets d&#8217;herbe et les r\u00e9pand sur votre pelouse, agissant ainsi comme un engrais naturel, \u00e9conome en temps et en argent. Avec une largeur de coupe de 45 cm et un moteur puissant de 1,3 kW, cette tondeuse est id\u00e9ale pour couvrir de grandes surfaces. Son pare-chocs avant robuste prot\u00e8ge contre les impacts, tandis que la poign\u00e9e repliable permet un rangement facile.<\/p>\n<h2>Informations sur le produit<\/h2>\n<div class=\"a-row\">\n<div class=\"a-column a-span12 a-span-last\">\n<div class=\"a-row a-spacing-top-base\">\n<div class=\"a-column a-span6\">\n<div class=\"a-row a-spacing-base\">\n<div class=\"a-row a-expander-container a-expander-extend-container\">\n<div class=\"a-row\">\n<div class=\"a-column a-span6\">\n<h1 class=\"a-size-medium a-spacing-small\">Descriptif technique<\/h1>\n<\/div>\n<\/div>\n<div class=\"a-expander-content a-expander-extend-content\" data-expanded=\"true\">\n<div class=\"a-row a-expander-container a-expander-inline-container\">\n<div class=\"a-expander-content a-expander-section-content a-section-expander-inner\" data-expanded=\"true\">\n<table id=\"productDetails_techSpec_section_1\" class=\"a-keyvalue prodDetTable\" style=\"height: 294px;\" width=\"953\">\n<tbody>\n<tr>\n<th class=\"a-color-secondary a-size-base prodDetSectionEntry\">Dimensions du produit (L xlxh)<\/th>\n<td class=\"a-size-base prodDetAttrValue\">\u200e133 x 49,5 x 113 cm; 23 kilogrammes<\/td>\n<\/tr>\n<tr>\n<th class=\"a-color-secondary a-size-base prodDetSectionEntry\">Pile(s) \/ Batterie(s) :<\/th>\n<td class=\"a-size-base prodDetAttrValue\">\u200e1 12\u00a0V &#8211; incluse(s)<\/td>\n<\/tr>\n<tr>\n<th class=\"a-color-secondary a-size-base prodDetSectionEntry\">R\u00e9f\u00e9rence<\/th>\n<td class=\"a-size-base prodDetAttrValue\">\u200e298471058\/ST1<\/td>\n<\/tr>\n<tr>\n<th class=\"a-color-secondary a-size-base prodDetSectionEntry\">Hauteur<\/th>\n<td class=\"a-size-base prodDetAttrValue\">\u200e113 centim\u00e8tres<\/td>\n<\/tr>\n<tr>\n<th class=\"a-color-secondary a-size-base prodDetSectionEntry\">Longueur<\/th>\n<td class=\"a-size-base prodDetAttrValue\">\u200e133 centim\u00e8tres<\/td>\n<\/tr>\n<tr>\n<th class=\"a-color-secondary a-size-base prodDetSectionEntry\">Largeur<\/th>\n<td class=\"a-size-base prodDetAttrValue\">\u200e49,5 centim\u00e8tres<\/td>\n<\/tr>\n<tr>\n<th class=\"a-color-secondary a-size-base prodDetSectionEntry\">Poids<\/th>\n<td class=\"a-size-base prodDetAttrValue\">\u200e23 Kilogrammes<\/td>\n<\/tr>\n<tr>\n<th class=\"a-color-secondary a-size-base prodDetSectionEntry\">Type de mat\u00e9riau<\/th>\n<td class=\"a-size-base prodDetAttrValue\">\u200eM\u00e9tal<\/td>\n<\/tr>\n<tr>\n<th class=\"a-color-secondary a-size-base prodDetSectionEntry\">Source d&#039;alimentation<\/th>\n<td class=\"a-size-base prodDetAttrValue\">\u200eAliment\u00e9 par batterie<\/td>\n<\/tr>\n<tr>\n<th class=\"a-color-secondary a-size-base prodDetSectionEntry\">Disponibilit\u00e9 des pi\u00e8ces d\u00e9tach\u00e9es<\/th>\n<td class=\"a-size-base prodDetAttrValue\">\u200eInformation indisponible sur les pi\u00e8ces d\u00e9tach\u00e9es<\/td>\n<\/tr>\n<\/tbody>\n<\/table>\n<h1 class=\"a-size-base-plus a-text-bold\">\u00c0 propos de cet article<\/h1>\n<ul class=\"a-unordered-list a-vertical a-spacing-mini\">\n<li class=\"a-spacing-mini\"><span class=\"a-list-item\">BATTERIE 48V 4Ah ePOWER &#8211; Permet de tondre jusqu&#8217;\u00e0 800 m\u00b2 sur une seule charge, pour une performance sans interruption<\/span><\/li>\n<li class=\"a-spacing-mini\"><span class=\"a-list-item\">MULCHING EFFICACE &#8211; D\u00e9chiquette les d\u00e9chets d&#8217;herbe et les disperse sur la pelouse, agissant comme un fertilisant naturel<\/span><\/li>\n<li class=\"a-spacing-mini\"><span class=\"a-list-item\">MOTEUR PUISSANT 1.3kW &#8211; Assure une coupe nette et rapide avec une largeur de 45 cm pour un travail de grande envergure<\/span><\/li>\n<li class=\"a-spacing-mini\"><span class=\"a-list-item\">ROBUSSE ET DURABLE &#8211; Pare-chocs avant solide pour prot\u00e9ger la tondeuse des impacts et garantir une longue dur\u00e9e de vie<\/span><\/li>\n<li class=\"a-spacing-mini\"><span class=\"a-list-item\">RANGEMENT PRATIQUE &#8211; Poign\u00e9e repliable pour un rangement compact et facile apr\u00e8s utilisation<\/span><\/li>\n<\/ul>\n<\/div>\n<\/div>\n<\/div>\n<\/div>\n<\/div>\n<\/div>\n<\/div>\n<\/div>\n<\/div>\n<\/div>","protected":false},"excerpt":{"rendered":"<p>Description du produit La tondeuse mulching STIGA Multiclip 547 AE Kit offre l&#8217;alliance parfaite entre la puissance d&#8217;une tondeuse thermique<\/p>","protected":false},"featured_media":19525,"template":"","meta":[],"product_brand":[],"product_cat":[64],"product_tag":[65],"product_country":[1503],"class_list":{"0":"post-268","1":"product","2":"type-product","3":"status-publish","4":"has-post-thumbnail","6":"product_cat-movers","7":"product_tag-movers","8":"product_country-france","10":"first","11":"instock","12":"sale","13":"taxable","14":"shipping-taxable","15":"purchasable","16":"product-type-simple"},"_links":{"self":[{"href":"https:\/\/routinesfashione.com\/fr\/wp-json\/wp\/v2\/product\/268","targetHints":{"allow":["GET"]}}],"collection":[{"href":"https:\/\/routinesfashione.com\/fr\/wp-json\/wp\/v2\/product"}],"about":[{"href":"https:\/\/routinesfashione.com\/fr\/wp-json\/wp\/v2\/types\/product"}],"wp:featuredmedia":[{"embeddable":true,"href":"https:\/\/routinesfashione.com\/fr\/wp-json\/wp\/v2\/media\/19525"}],"wp:attachment":[{"href":"https:\/\/routinesfashione.com\/fr\/wp-json\/wp\/v2\/media?parent=268"}],"wp:term":[{"taxonomy":"product_brand","embeddable":true,"href":"https:\/\/routinesfashione.com\/fr\/wp-json\/wp\/v2\/product_brand?post=268"},{"taxonomy":"product_cat","embeddable":true,"href":"https:\/\/routinesfashione.com\/fr\/wp-json\/wp\/v2\/product_cat?post=268"},{"taxonomy":"product_tag","embeddable":true,"href":"https:\/\/routinesfashione.com\/fr\/wp-json\/wp\/v2\/product_tag?post=268"},{"taxonomy":"product_country","embeddable":true,"href":"https:\/\/routinesfashione.com\/fr\/wp-json\/wp\/v2\/product_country?post=268"}],"curies":[{"name":"wp","href":"https:\/\/api.w.org\/{rel}","templated":true}]}}