{"id":2744,"date":"2025-08-03T21:08:15","date_gmt":"2025-08-03T21:08:15","guid":{"rendered":"https:\/\/lightgray-crow-170497.hostingersite.com\/?post_type=product&#038;p=2744"},"modified":"2025-09-30T21:12:35","modified_gmt":"2025-09-30T21:12:35","slug":"kukirin-c1-pro-elektrische-scooter-500w-motor-48v-26ah-accu-14-inch-luchtband-max-100-km-bereik","status":"publish","type":"product","link":"https:\/\/routinesfashione.com\/fr\/produit\/kukirin-c1-pro-elektrische-scooter-500w-motor-48v-26ah-accu-14-inch-luchtband-max-100-km-bereik\/","title":{"rendered":"KuKirin C1 Pro elektrische scooter, 500W motor, 48V 26Ah accu, 14 inch luchtband, max. 100 km bereik"},"content":{"rendered":"<h3><span id=\"tl_3\">Batterie ultra longue dur\u00e9e<\/span><\/h3>\n<p><span id=\"tl_4\">Le KuKirin C1 Pro am\u00e9lior\u00e9 est \u00e9quip\u00e9 d&#8217;une batterie haute performance sans pr\u00e9c\u00e9dent de 48V\/26Ah. Avec une seule charge, vous pouvez profiter d&#8217;une autonomie de batterie sans souci allant jusqu&#8217;\u00e0 100 kilom\u00e8tres. Qu&#8217;il s&#8217;agisse de trajets quotidiens ou de sorties de week-end, vous pouvez facilement le contr\u00f4ler, rendant chaque voyage plein de confiance et de plaisir.<\/span><\/p>\n<h3><span id=\"tl_5\">Moteur 500W<\/span><\/h3>\n<p><span id=\"tl_6\">Le KuKirin C1 Pro est \u00e9quip\u00e9 d&#8217;un puissant moteur \u00e0 haut rendement de 500W, qui fait exploser instantan\u00e9ment la puissance. Qu&#8217;il s&#8217;agisse d&#8217;une rue de ville douce ou d&#8217;une pente l\u00e9g\u00e8rement difficile, il peut facilement y faire face. L&#8217;acc\u00e9l\u00e9ration douce et l&#8217;escalade puissante vous rendent plein de confiance chaque fois que vous commencez et appr\u00e9ciez le plaisir de la vitesse.<\/span><\/p>\n<h3><span id=\"tl_7\">Chargement rapide intelligent<\/span><\/h3>\n<p><span id=\"tl_8\">Le chargeur rapide intelligent 3A \u00e9quip\u00e9 r\u00e9duit consid\u00e9rablement le temps de charge et permet \u00e0 votre voiture de r\u00e9cup\u00e9rer rapidement. Le syst\u00e8me de gestion de charge intelligent peut \u00e9galement prot\u00e9ger efficacement la batterie et prolonger sa dur\u00e9e de vie, garantissant que chaque d\u00e9part est plein de puissance sans une longue attente.<\/span><\/p>\n<h3><span id=\"tl_9\">Panier de rangement pour si\u00e8ge arri\u00e8re et avant<\/span><\/h3>\n<p><span id=\"tl_10\">Compte tenu des besoins r\u00e9els des d\u00e9placements quotidiens, le KuKirin C1 Pro am\u00e9lior\u00e9 a ajout\u00e9 un panier de rangement et un coussin de si\u00e8ge arri\u00e8re. Le panier de rangement spacieux vous permet de transporter vos affaires, qu&#8217;il s&#8217;agisse de sacs \u00e0 provisions, de sacs \u00e0 dos ou d&#8217;\u00e9quipement personnel, il peut \u00eatre facilement rang\u00e9; et le coussin de si\u00e8ge arri\u00e8re confortable rend votre voyage plus solitaire, si vous prenez des amis pour partager le voyage ou ramasser des enfants de l&#8217;\u00e9cole, Il peut \u00eatre s\u00fbr et confortable.<\/span><\/p>\n<h3><span id=\"tl_11\">R\u00e9troviseur<\/span><\/h3>\n<p><span id=\"tl_12\">La version am\u00e9lior\u00e9e de KuKirin C1 Pro a ajout\u00e9 des r\u00e9flecteurs. Cette am\u00e9lioration des d\u00e9tails a grandement am\u00e9lior\u00e9 la s\u00e9curit\u00e9 de conduite. Les r\u00e9flecteurs non seulement \u00e9largissent votre champ de vision, mais vous permettent \u00e9galement de conna\u00eetre clairement l&#8217;environnement, en veillant \u00e0 ce que chaque voyage soit sans souci.<\/span><\/p>\n<h3><span id=\"tl_13\">Freins \u00e0 double disque avant et arri\u00e8re<\/span><\/h3>\n<p><span id=\"tl_14\">Le KuKirin C1 Pro est \u00e9quip\u00e9 de syst\u00e8mes de freinage \u00e0 double disque avant et arri\u00e8re, qui r\u00e9pondent rapidement et ont un excellent effet de freinage. M\u00eame \u00e0 des vitesses \u00e9lev\u00e9es, il peut obtenir une d\u00e9c\u00e9l\u00e9ration en douceur, vous escorter et rendre chaque frein pr\u00e9cis et fiable.<\/span><\/p>\n<h2><strong><span id=\"tl_15\">\u00a0Sp\u00e9cification<\/span><\/strong><\/h2>\n<table class=\"jbEidtTable\" border=\"1\" cellspacing=\"0\" cellpadding=\"5\">\n<tbody>\n<tr>\n<td align=\"left\"><strong id=\"tl_16\">G\u00e9n\u00e9ral<\/strong><\/td>\n<td align=\"left\"><span id=\"tl_17\">Marque: KuKirin<br \/>\nType: Scooter \u00e9lectrique<br \/>\nMod\u00e8le: C1 Pro (version am\u00e9lior\u00e9e)<\/span><\/td>\n<\/tr>\n<tr>\n<td align=\"left\"><strong id=\"tl_18\">Sp\u00e9cification<\/strong><\/td>\n<td align=\"left\"><span id=\"tl_19\">Charge maximale: 120kg<br \/>\nVitesse maximale: 45 km\/h<br \/>\nKilom\u00e9trage maximum: \u2264 100km<br \/>\nCapacit\u00e9 d&#8217;escalade: pente \u2264 18 \u00b0<br \/>\nSyst\u00e8me de freinage: frein \u00e0 disque avant et arri\u00e8re et frein \u00e9lectrique<br \/>\nDistance de frein: 7-10m<br \/>\nNiveau d&#8217;\u00e9tanch\u00e9it\u00e9: IP54<br \/>\nMoteur: 500W<br \/>\nBatterie: 48V 26Ah<br \/>\nTension d&#8217;entr\u00e9e du chargeur: 100-240V ~ 50\/60Hz<br \/>\nTemps de charge: 8-9 heures<br \/>\nAmortisseur avant: amortisseur \u00e0 ressort de fourche avant<br \/>\nType de phare: LED<br \/>\nPuissance du phare: 6W<br \/>\nAngle d&#8217;\u00e9clairage des phares: 45 \u00b0<br \/>\nTourner la lumi\u00e8re: Oui<br \/>\nFeu arri\u00e8re: oui, les feux arri\u00e8re sont allum\u00e9s lorsque le phare est allum\u00e9, le feu arri\u00e8re clignote en cas de rupture.<br \/>\nPneu: pneu pneumatique 14&#8220;<\/span><\/td>\n<\/tr>\n<tr>\n<td align=\"left\"><strong id=\"tl_20\">Poids et taille<\/strong><\/td>\n<td align=\"left\"><span id=\"tl_21\">Poids du produit: 32.5kg<br \/>\nPoids du colis: 36.25kg<br \/>\nTaille du produit (L x l x H): 145.5&#215;63.5x110cm<br \/>\nTaille de l&#8217;emballage (L x l x H): 120x25x60cm<\/span><\/td>\n<\/tr>\n<\/tbody>\n<\/table>","protected":false},"excerpt":{"rendered":"<p>Batterie ultra longue dur\u00e9e Le KuKirin C1 Pro am\u00e9lior\u00e9 est \u00e9quip\u00e9 d&#8217;une batterie haute performance sans pr\u00e9c\u00e9dent de 48V\/26Ah. Avec<\/p>","protected":false},"featured_media":21326,"template":"","meta":[],"product_brand":[],"product_cat":[82],"product_tag":[83],"product_country":[1504],"class_list":{"0":"post-2744","1":"product","2":"type-product","3":"status-publish","4":"has-post-thumbnail","6":"product_cat-electric-scooters","7":"product_tag-electric-scooters","8":"product_country-netherlands","10":"first","11":"instock","12":"sale","13":"taxable","14":"shipping-taxable","15":"purchasable","16":"product-type-simple"},"_links":{"self":[{"href":"https:\/\/routinesfashione.com\/fr\/wp-json\/wp\/v2\/product\/2744","targetHints":{"allow":["GET"]}}],"collection":[{"href":"https:\/\/routinesfashione.com\/fr\/wp-json\/wp\/v2\/product"}],"about":[{"href":"https:\/\/routinesfashione.com\/fr\/wp-json\/wp\/v2\/types\/product"}],"wp:featuredmedia":[{"embeddable":true,"href":"https:\/\/routinesfashione.com\/fr\/wp-json\/wp\/v2\/media\/21326"}],"wp:attachment":[{"href":"https:\/\/routinesfashione.com\/fr\/wp-json\/wp\/v2\/media?parent=2744"}],"wp:term":[{"taxonomy":"product_brand","embeddable":true,"href":"https:\/\/routinesfashione.com\/fr\/wp-json\/wp\/v2\/product_brand?post=2744"},{"taxonomy":"product_cat","embeddable":true,"href":"https:\/\/routinesfashione.com\/fr\/wp-json\/wp\/v2\/product_cat?post=2744"},{"taxonomy":"product_tag","embeddable":true,"href":"https:\/\/routinesfashione.com\/fr\/wp-json\/wp\/v2\/product_tag?post=2744"},{"taxonomy":"product_country","embeddable":true,"href":"https:\/\/routinesfashione.com\/fr\/wp-json\/wp\/v2\/product_country?post=2744"}],"curies":[{"name":"wp","href":"https:\/\/api.w.org\/{rel}","templated":true}]}}