{"id":2751,"date":"2025-09-30T20:51:15","date_gmt":"2025-09-30T20:51:15","guid":{"rendered":"https:\/\/lightgray-crow-170497.hostingersite.com\/?post_type=product&#038;p=2751"},"modified":"2025-09-30T20:51:15","modified_gmt":"2025-09-30T20:51:15","slug":"secretaire-s-1200","status":"publish","type":"product","link":"https:\/\/routinesfashione.com\/fr\/produit\/secretaire-s-1200\/","title":{"rendered":"Secr\u00e9taire S 1200"},"content":{"rendered":"<p>Le\u00a0<em>secr\u00e9taire S 1200<\/em>\u00a0con\u00e7u par Randolf Schott pour la marque\u00a0<em>Thonet\u00a0<\/em>r\u00e9unit tous les \u00e9l\u00e9ments d&#8217;un bureau contemporain. Ses lignes fluides et \u00e9pur\u00e9es limitent l&#8217;encombrement. \u00c0 l&#8217;heure de la mobilit\u00e9, son poids l\u00e9ger permet de le d\u00e9placer facilement dans les couloirs et les pi\u00e8ces \u00e9troites. Si la compacit\u00e9 est au centre de sa conception, avec des dimensions de l110 x H88 x P87 cm, il s&#8217;immisce harmonieusement dans les petits espaces et facilite l&#8217;agencement. Divis\u00e9 en deux niveaux, il dispose d&#8217;une table \u00e0 \u00e9crire d\u00e9di\u00e9e au courrier et aux t\u00e2ches administratives, ainsi qu&#8217;un emplacement dimensionn\u00e9 pour les accessoires comme les porte-crayons, cartes de visite, blocs de papiers auto-adh\u00e9sifs et agrafeuses. Aussi, son repose-pied offre un agr\u00e9ment de confort appr\u00e9ciable lors des longues journ\u00e9es de travail.<\/p>\n<p>Si\u00a0<em>Thonet<\/em>\u00a0est un pr\u00e9curseur en mati\u00e8re de meubles en tube d&#8217;acier et bois courb\u00e9, le\u00a0<em>secr\u00e9taire S 1200<\/em>\u00a0est une cr\u00e9ation iconique dans l&#8217;univers du design. Outre son cadre en acier tubulaire, ce bureau polyvalent dispose d&#8217;un tableau en bois d\u00e9clin\u00e9 en diff\u00e9rentes cr\u00e9ations : du h\u00eatre teint\u00e9 \u00e9lastique et facile \u00e0 courber, ou du noyer verniss\u00e9 aux accents scandinaves et contemporains. La collection S 1200 propose diff\u00e9rentes variantes de ce secr\u00e9taire.<\/p>","protected":false},"excerpt":{"rendered":"<p>Le\u00a0secr\u00e9taire S 1200\u00a0con\u00e7u par Randolf Schott pour la marque\u00a0Thonet\u00a0r\u00e9unit tous les \u00e9l\u00e9ments d&#8217;un bureau contemporain. Ses lignes fluides et \u00e9pur\u00e9es<\/p>","protected":false},"featured_media":14866,"template":"","meta":[],"product_brand":[],"product_cat":[61],"product_tag":[],"product_country":[1503],"class_list":{"0":"post-2751","1":"product","2":"type-product","3":"status-publish","4":"has-post-thumbnail","6":"product_cat-sale-france","7":"product_country-france","9":"first","10":"instock","11":"sale","12":"taxable","13":"shipping-taxable","14":"purchasable","15":"product-type-simple"},"_links":{"self":[{"href":"https:\/\/routinesfashione.com\/fr\/wp-json\/wp\/v2\/product\/2751","targetHints":{"allow":["GET"]}}],"collection":[{"href":"https:\/\/routinesfashione.com\/fr\/wp-json\/wp\/v2\/product"}],"about":[{"href":"https:\/\/routinesfashione.com\/fr\/wp-json\/wp\/v2\/types\/product"}],"wp:featuredmedia":[{"embeddable":true,"href":"https:\/\/routinesfashione.com\/fr\/wp-json\/wp\/v2\/media\/14866"}],"wp:attachment":[{"href":"https:\/\/routinesfashione.com\/fr\/wp-json\/wp\/v2\/media?parent=2751"}],"wp:term":[{"taxonomy":"product_brand","embeddable":true,"href":"https:\/\/routinesfashione.com\/fr\/wp-json\/wp\/v2\/product_brand?post=2751"},{"taxonomy":"product_cat","embeddable":true,"href":"https:\/\/routinesfashione.com\/fr\/wp-json\/wp\/v2\/product_cat?post=2751"},{"taxonomy":"product_tag","embeddable":true,"href":"https:\/\/routinesfashione.com\/fr\/wp-json\/wp\/v2\/product_tag?post=2751"},{"taxonomy":"product_country","embeddable":true,"href":"https:\/\/routinesfashione.com\/fr\/wp-json\/wp\/v2\/product_country?post=2751"}],"curies":[{"name":"wp","href":"https:\/\/api.w.org\/{rel}","templated":true}]}}