{"id":2823,"date":"2025-09-30T20:51:15","date_gmt":"2025-09-30T20:51:15","guid":{"rendered":"https:\/\/lightgray-crow-170497.hostingersite.com\/?post_type=product&#038;p=2823"},"modified":"2025-09-30T20:51:15","modified_gmt":"2025-09-30T20:51:15","slug":"traeger-pro-d2-780-pellet-grill","status":"publish","type":"product","link":"https:\/\/routinesfashione.com\/fr\/produit\/traeger-pro-d2-780-pellet-grill\/","title":{"rendered":"Barbecue \u00e0 granul\u00e9s Traeger Pro D2 780"},"content":{"rendered":"<p><strong>Transformez votre barbecue en un v\u00e9ritable banquet pour vos amis ou votre famille.<\/strong><\/p>\n<h3>Traeger PRO D2 780 : aper\u00e7u<\/h3>\n<ul>\n<li>Verser\u00a0<strong>ext\u00e9rieur<\/strong><\/li>\n<li>Surface de cuisson en \u00e9mail<\/li>\n<li>Source d&#039;\u00e9nergie : pellets<\/li>\n<\/ul>\n<h3>Un produit aux multiples avantages<\/h3>\n<p>Le barbecue utilise les combustibles tels que le bois, le charbon ou les pellets. Cet appareil de cuisson, class\u00e9 parmi les alternatives les plus courantes du march\u00e9, repr\u00e9sente une option all\u00e9chante pour les amateurs de bonne cuisine \u00e0 la recherche de saveurs fum\u00e9es. Son utilisation est des plus simples puisque la temp\u00e9rature souhait\u00e9e pour vos grillades d\u00e9pend directement de la quantit\u00e9 de braises employ\u00e9e. Il est recommand\u00e9 d&#039;utiliser cet appareil\u00a0<strong>\u00e0 l&#039;ext\u00e9rieur<\/strong>\u00a0pour \u00e9viter les d\u00e9sagr\u00e9ments caus\u00e9s par les odeurs et la fum\u00e9e intempestive. Les 2 roues permettent de le d\u00e9placer : id\u00e9al pour les cellules et les objets disposant d&#039;un petit jardin ou d&#039;une terrasse.<\/p>\n<h3>Tout pour r\u00e9ussir ses grillades<\/h3>\n<p>C\u00f4t\u00e9 \u00e9quipement, le Traeger PRO D2 780 propose une grille. Ce mod\u00e8le offre une surface de cuisson optimale.\u00a0<strong>76 x 48 cm (2x) cm<\/strong>\u00a0Vous \u00eates invit\u00e9s \u00e0 pr\u00e9parer le repas\u00a0<strong>pour une dizaine de convives<\/strong>.<\/p>\n<h3>Informations sur le fabricant<\/h3>\n<p>Le PRO D2 780 fait partie du catalogue disponible \u00e0 la vente\u00a0<strong>marque Traeger<\/strong>. Celui-ci, qui remonte aux USA en 1987, est \u00e0 l&#039;origine du premier barbecue \u00e0 granul\u00e9s de bois, offrant une alternative cons\u00e9quente aux barbecues classiques au charbon ou au gaz.<\/p>","protected":false},"excerpt":{"rendered":"<p>Transformez votre barbecue en v\u00e9ritable banquet pour vos amis ou votre famille. Traeger PRO D2 780 : aper\u00e7u Pour\u00a0l&#8217;ext\u00e9rieur Surface<\/p>","protected":false},"featured_media":14923,"template":"","meta":[],"product_brand":[],"product_cat":[61],"product_tag":[],"product_country":[1503],"class_list":{"0":"post-2823","1":"product","2":"type-product","3":"status-publish","4":"has-post-thumbnail","6":"product_cat-sale-france","7":"product_country-france","9":"first","10":"instock","11":"sale","12":"taxable","13":"shipping-taxable","14":"purchasable","15":"product-type-simple"},"_links":{"self":[{"href":"https:\/\/routinesfashione.com\/fr\/wp-json\/wp\/v2\/product\/2823","targetHints":{"allow":["GET"]}}],"collection":[{"href":"https:\/\/routinesfashione.com\/fr\/wp-json\/wp\/v2\/product"}],"about":[{"href":"https:\/\/routinesfashione.com\/fr\/wp-json\/wp\/v2\/types\/product"}],"wp:featuredmedia":[{"embeddable":true,"href":"https:\/\/routinesfashione.com\/fr\/wp-json\/wp\/v2\/media\/14923"}],"wp:attachment":[{"href":"https:\/\/routinesfashione.com\/fr\/wp-json\/wp\/v2\/media?parent=2823"}],"wp:term":[{"taxonomy":"product_brand","embeddable":true,"href":"https:\/\/routinesfashione.com\/fr\/wp-json\/wp\/v2\/product_brand?post=2823"},{"taxonomy":"product_cat","embeddable":true,"href":"https:\/\/routinesfashione.com\/fr\/wp-json\/wp\/v2\/product_cat?post=2823"},{"taxonomy":"product_tag","embeddable":true,"href":"https:\/\/routinesfashione.com\/fr\/wp-json\/wp\/v2\/product_tag?post=2823"},{"taxonomy":"product_country","embeddable":true,"href":"https:\/\/routinesfashione.com\/fr\/wp-json\/wp\/v2\/product_country?post=2823"}],"curies":[{"name":"wp","href":"https:\/\/api.w.org\/{rel}","templated":true}]}}