{"id":2856,"date":"2025-09-30T20:51:15","date_gmt":"2025-09-30T20:51:15","guid":{"rendered":"https:\/\/lightgray-crow-170497.hostingersite.com\/?post_type=product&#038;p=2856"},"modified":"2025-09-30T20:51:15","modified_gmt":"2025-09-30T20:51:15","slug":"gravity-series-800-digital-charcoal-griddle-grill-smoker899","status":"publish","type":"product","link":"https:\/\/routinesfashione.com\/fr\/produit\/gravity-series-800-digital-charcoal-griddle-grill-smoker899\/","title":{"rendered":"Plaque de cuisson num\u00e9rique au charbon de bois Gravity Series 800, gril et fumoir 899"},"content":{"rendered":"<p><strong>B\u00e9n\u00e9ficie du produit qui apportera \u00e0 vos grillades une saveur sp\u00e9cifique gr\u00e2ce \u00e0 la fum\u00e9e du bois.<\/strong><\/p>\n<h3>Masterbuilt Gravity 800 : vue d&#039;ensemble<\/h3>\n<ul>\n<li>Cuisson indirecte<\/li>\n<li>Barbecue noir<\/li>\n<li>Plaque de cuisson en fonte<\/li>\n<\/ul>\n<h3>Informations sur les premi\u00e8res<\/h3>\n<p>Ce fumoir barbecue combine les fonctions d&#039;un barbecue classique et les cellules d&#039;un fumoir. Il permet par exemple, par son architecture, de griller et de\u00a0<strong>fumer des aliments<\/strong>\u00a0Basse temp\u00e9rature pour le haut-parleur et \u00e9conomie sp\u00e9cifique. Ce mod\u00e8le classique utilise du charbon pour augmenter la chaleur n\u00e9cessaire \u00e0 la cuisson des aliments. Ce combustible est con\u00e7u pour un go\u00fbt unique qui s&#039;accorde parfaitement avec les aliments. Ce mod\u00e8le est disponible sur\u00a0<strong>Un syst\u00e8me de cuisson indirecte<\/strong>\u00a0qui a l&#039;avantage d&#039;assurer une cuisine lente et homog\u00e8ne des aliments. Il est pr\u00e9configur\u00e9 pour utiliser cet appareil\u00a0<strong>hors de votre domicile<\/strong>\u00a0pour r\u00e9soudre les probl\u00e8mes dans l&#039;air et dans la fum\u00e9e.\u00a0<strong>4 roues<\/strong>\u00a0faciliteront le placement des \u00e9quipements et ce, source qui correspond \u00e0 la nature du terrain.<\/p>\n<h3>Autres fonctionnalit\u00e9s<\/h3>\n<p>La pr\u00e9sentation du mod\u00e8le Masterbuilt Gravity 800 comprend :<\/p>\n<ul>\n<li>une plaque \u00e0 plancha<\/li>\n<li>un bac r\u00e9cup\u00e9rateur de grains pour collecter grains et jus<\/li>\n<li>Un thermom\u00e8tre int\u00e9gr\u00e9 dans le couvercle pour surveiller la temp\u00e9rature interne<\/li>\n<\/ul>\n<p>Cette r\u00e9f\u00e9rence offre une\u00a0<strong>surface de la cuisine de 3 610 cm\u00b2<\/strong>\u00a0pour des tabl\u00e9es d&#039;au moins\u00a0<strong>8 \u00e0 10 personnes<\/strong>\u00a0La surface, fabriqu\u00e9e en fonte, assure un haut niveau de r\u00e9tention de chaleur et est \u00e9galement robuste. Grace \u00e0 ses qualit\u00e9s, elle se pr\u00eate particuli\u00e8rement \u00e0 la cuisine des viandes. Concernant les possibilit\u00e9s de rangements, on retrouve une tablette lat\u00e9rale, une tablette frontale et une tablette basse. Pour finir, l&#039;appareil mettant l&#039;accent sur la s\u00e9curit\u00e9 en proposant un\u00a0<strong>flamme de garde<\/strong>.<\/p>\n<h3>Apprendre encore plus<\/h3>\n<p>Le produit Gravity 800 est d\u00e9velopp\u00e9 par le fabricant\u00a0<strong>Marque am\u00e9ricaine Masterbuilt<\/strong>Cr\u00e9\u00e9e en 1973, elle s&#039;est forg\u00e9e une solide exp\u00e9rience dans la fabrication de barbecues et d&#039;\u00e9quipements de cuisson, particuli\u00e8rement dans le domaine des fumoirs et barbecues \u00e0 gaz, \u00e9lectriques et \u00e0 charbon.<\/p>","protected":false},"excerpt":{"rendered":"<p>Profitez de ce produit qui apportera \u00e0 vos grillades une saveur sp\u00e9cifique gr\u00e2ce \u00e0 la fum\u00e9e du bois. Masterbuilt Gravity<\/p>","protected":false},"featured_media":14951,"template":"","meta":[],"product_brand":[],"product_cat":[61],"product_tag":[],"product_country":[1503],"class_list":{"0":"post-2856","1":"product","2":"type-product","3":"status-publish","4":"has-post-thumbnail","6":"product_cat-sale-france","7":"product_country-france","9":"first","10":"instock","11":"sale","12":"taxable","13":"shipping-taxable","14":"purchasable","15":"product-type-simple"},"_links":{"self":[{"href":"https:\/\/routinesfashione.com\/fr\/wp-json\/wp\/v2\/product\/2856","targetHints":{"allow":["GET"]}}],"collection":[{"href":"https:\/\/routinesfashione.com\/fr\/wp-json\/wp\/v2\/product"}],"about":[{"href":"https:\/\/routinesfashione.com\/fr\/wp-json\/wp\/v2\/types\/product"}],"wp:featuredmedia":[{"embeddable":true,"href":"https:\/\/routinesfashione.com\/fr\/wp-json\/wp\/v2\/media\/14951"}],"wp:attachment":[{"href":"https:\/\/routinesfashione.com\/fr\/wp-json\/wp\/v2\/media?parent=2856"}],"wp:term":[{"taxonomy":"product_brand","embeddable":true,"href":"https:\/\/routinesfashione.com\/fr\/wp-json\/wp\/v2\/product_brand?post=2856"},{"taxonomy":"product_cat","embeddable":true,"href":"https:\/\/routinesfashione.com\/fr\/wp-json\/wp\/v2\/product_cat?post=2856"},{"taxonomy":"product_tag","embeddable":true,"href":"https:\/\/routinesfashione.com\/fr\/wp-json\/wp\/v2\/product_tag?post=2856"},{"taxonomy":"product_country","embeddable":true,"href":"https:\/\/routinesfashione.com\/fr\/wp-json\/wp\/v2\/product_country?post=2856"}],"curies":[{"name":"wp","href":"https:\/\/api.w.org\/{rel}","templated":true}]}}