{"id":2867,"date":"2025-09-30T20:51:14","date_gmt":"2025-09-30T20:51:14","guid":{"rendered":"https:\/\/lightgray-crow-170497.hostingersite.com\/?post_type=product&#038;p=2867"},"modified":"2025-09-30T20:51:15","modified_gmt":"2025-09-30T20:51:15","slug":"kamado-forest-grill-xl-22-8-a-12-pers-forest-grill","status":"publish","type":"product","link":"https:\/\/routinesfashione.com\/fr\/produit\/kamado-forest-grill-xl-22-8-a-12-pers-forest-grill\/","title":{"rendered":"Kamado Forest Grill XL 22\u2032 8 \u00e0 12 personnes Forest Grill"},"content":{"rendered":"<ul class=\"c4Y32pt\">\n<li class=\"Cp9IuT\">\n<div class=\"b38yzx jKP2zg zu_yu7 gS1w88 nwczhi\">Longueur<\/div>\n<div class=\"b38yzx jKP2zg c35g1Kh gS1w88 xrGupg\">56 cm<\/div>\n<\/li>\n<li class=\"Cp9IuT\">\n<div class=\"b38yzx jKP2zg zu_yu7 gS1w88 nwczhi\">Largeur<\/div>\n<div class=\"b38yzx jKP2zg c35g1Kh gS1w88 xrGupg\">72 cm<\/div>\n<\/li>\n<li class=\"Cp9IuT\">\n<div class=\"b38yzx jKP2zg zu_yu7 gS1w88 nwczhi\">Hauteur<\/div>\n<div class=\"b38yzx jKP2zg c35g1Kh gS1w88 xrGupg\">83 cm<\/div>\n<\/li>\n<li class=\"Cp9IuT\">\n<div class=\"b38yzx jKP2zg zu_yu7 gS1w88 nwczhi\">Poids<\/div>\n<div class=\"b38yzx jKP2zg c35g1Kh gS1w88 xrGupg\">85 kg<\/div>\n<\/li>\n<li class=\"Cp9IuT\">\n<div class=\"b38yzx jKP2zg zu_yu7 gS1w88 nwczhi\">Mat\u00e9riels<\/div>\n<div class=\"b38yzx jKP2zg c35g1Kh gS1w88 xrGupg\">C\u00e9ramique, Acier, Inox<\/div>\n<\/li>\n<li class=\"Cp9IuT\">\n<div class=\"b38yzx jKP2zg zu_yu7 gS1w88 nwczhi\">Couleur<\/div>\n<div class=\"b38yzx jKP2zg c35g1Kh gS1w88 xrGupg\">Gris<\/div>\n<\/li>\n<li class=\"Cp9IuT\">\n<div class=\"b38yzx jKP2zg zu_yu7 gS1w88 nwczhi\">Formulaire<\/div>\n<div class=\"b38yzx jKP2zg c35g1Kh gS1w88 xrGupg\">Rond<\/div>\n<\/li>\n<li class=\"Cp9IuT\">\n<div class=\"b38yzx jKP2zg zu_yu7 gS1w88 nwczhi\">Quantit\u00e9 par paquet<\/div>\n<div class=\"b38yzx jKP2zg c35g1Kh gS1w88 xrGupg\">1 Nombre<\/div>\n<\/li>\n<li class=\"Cp9IuT\">\n<div class=\"b38yzx jKP2zg zu_yu7 gS1w88 nwczhi\">Type d&#8217;allumage de barbecue<\/div>\n<div class=\"b38yzx jKP2zg c35g1Kh gS1w88 xrGupg\">Charbon<\/div>\n<\/li>\n<li class=\"Cp9IuT\">\n<div class=\"b38yzx jKP2zg zu_yu7 gS1w88 nwczhi\">R\u00e9f. ManoMano<\/div>\n<div class=\"b38yzx jKP2zg c35g1Kh gS1w88 xrGupg\">ME89822811<\/div>\n<\/li>\n<\/ul>\n<p>Kamado Forest-Grill XL 22&#8243; Forest-Grill<\/p>\n<ul>\n<li>22&#8243; = mod\u00e8le familial (56 cm x 83 cm)<\/li>\n<li>Diam\u00e8tre de la grille : 48 cm<\/li>\n<li>Inclus : 2 plateaux en bois rabattables<\/li>\n<li>Trappe de fumage int\u00e9gr\u00e9e<\/li>\n<li>Le + : Pierre \u00e0 pizza en cadeau<\/li>\n<\/ul>\n<p>Sans chariot 56 x 72 x 83 cm (longueur x largeur x hauteur) \/ Avec chariot et plateaux ouverts 130 x 72 x 126 cm (longueur x largeur x hauteur)Garantie 10 ans toutes pi\u00e8cesDimensions produit: Sans chariot 56 x 72 x 83 cm (longueur x largeur x hauteur) \/ Avec chariot et plateaux ouverts 130 x 72 x 126 cm (longueur x largeur x hauteur)Dimensions grille de cuisson: \u00d8 48 cmCombustible: Charbon de boisPoids: 85 kgMat\u00e9riau pi\u00e8ces autour du kamado: Ceinture acier peint, trappe inox, chemin\u00e9e en fonte bruteGarantie: Garantie 10 ans toutes pi\u00e8cesMod\u00e8le: Forest XL &#8211; 22&#8243;Marque: Forest-GrillConvives: 8 \u00e0 12 pers.Cadeau: Pierre \u00e0 pizzaMat\u00e9riau structure: C\u00e9ramique 3 cm d&#8217;\u00e9paisseurMat\u00e9riau grille: Inox 6 mmMat\u00e9riau du chariot: Acier Peinture Epoxy (Parfaitement R\u00e9sistant \u00c0 L&#8217;humidit\u00e9)<\/p>","protected":false},"excerpt":{"rendered":"<p>Longueur 56 cm Largeur 72 cm Hauteur 83 cm Poids 85 kg Mati\u00e8res C\u00e9ramique, Acier, Inox Couleur Gris Forme Rond<\/p>","protected":false},"featured_media":14959,"template":"","meta":[],"product_brand":[],"product_cat":[61],"product_tag":[],"product_country":[1503],"class_list":{"0":"post-2867","1":"product","2":"type-product","3":"status-publish","4":"has-post-thumbnail","6":"product_cat-sale-france","7":"product_country-france","9":"first","10":"instock","11":"sale","12":"taxable","13":"shipping-taxable","14":"purchasable","15":"product-type-simple"},"_links":{"self":[{"href":"https:\/\/routinesfashione.com\/fr\/wp-json\/wp\/v2\/product\/2867","targetHints":{"allow":["GET"]}}],"collection":[{"href":"https:\/\/routinesfashione.com\/fr\/wp-json\/wp\/v2\/product"}],"about":[{"href":"https:\/\/routinesfashione.com\/fr\/wp-json\/wp\/v2\/types\/product"}],"wp:featuredmedia":[{"embeddable":true,"href":"https:\/\/routinesfashione.com\/fr\/wp-json\/wp\/v2\/media\/14959"}],"wp:attachment":[{"href":"https:\/\/routinesfashione.com\/fr\/wp-json\/wp\/v2\/media?parent=2867"}],"wp:term":[{"taxonomy":"product_brand","embeddable":true,"href":"https:\/\/routinesfashione.com\/fr\/wp-json\/wp\/v2\/product_brand?post=2867"},{"taxonomy":"product_cat","embeddable":true,"href":"https:\/\/routinesfashione.com\/fr\/wp-json\/wp\/v2\/product_cat?post=2867"},{"taxonomy":"product_tag","embeddable":true,"href":"https:\/\/routinesfashione.com\/fr\/wp-json\/wp\/v2\/product_tag?post=2867"},{"taxonomy":"product_country","embeddable":true,"href":"https:\/\/routinesfashione.com\/fr\/wp-json\/wp\/v2\/product_country?post=2867"}],"curies":[{"name":"wp","href":"https:\/\/api.w.org\/{rel}","templated":true}]}}