{"id":2888,"date":"2025-09-30T20:51:14","date_gmt":"2025-09-30T20:51:14","guid":{"rendered":"https:\/\/lightgray-crow-170497.hostingersite.com\/?post_type=product&#038;p=2888"},"modified":"2025-09-30T20:51:14","modified_gmt":"2025-09-30T20:51:14","slug":"barbecue-kamado-joe-big-joe-ii","status":"publish","type":"product","link":"https:\/\/routinesfashione.com\/fr\/produit\/barbecue-kamado-joe-big-joe-ii\/","title":{"rendered":"Barbecue Kamado Joe Big Joe II"},"content":{"rendered":"<p>Inspir\u00e9 du concept original et faisant partie du design et de la fonctionnalit\u00e9 sans compromettre le Classic II, qui comprend une surface plus de la cuisine, le Big Joe et le Kamado sont \u00e9galement polyvalents !<\/p>\n<p>Si vous disposez de trois grilles compl\u00e8tes avec barbecue, le Big Joe est adapt\u00e9 pour convenir aux familles de noms ou aux groupes familiaux.<\/p>\n<div class=\"col-1\">\n<p>Con\u00e7u avec de la c\u00e9ramique \u00e0 paroi \u00e9paisse et r\u00e9sistante \u00e0 la chaleur, la viande garde la viande humide en la scellant dans la fum\u00e9e et la saveur.<\/p>\n<p>Le Big Joe c&#039;est tout simple, le fruit et le travail des experts !<\/p>\n<p>Caract\u00e9ristiques:<\/p>\n<ul>\n<li>Un barbecue en c\u00e9ramique avec un chariot et un fer et 4 rang\u00e9es de blocs.<\/li>\n<li>Un thermom\u00e8tre int\u00e9gr\u00e9.<\/li>\n<li>Poign\u00e9e et comprim\u00e9s en plastique, constituants du p\u00e9trole \u00e0 haute densit\u00e9 pour une plus longue dur\u00e9e de vie.<\/li>\n<li>Syst\u00e8me de cuisson flexible pour plusieurs Levelx Divide &amp; Conquer.<\/li>\n<li>Nouveau chapeau pour contr\u00f4ler la sortie d&#039;air.<\/li>\n<li>Syst\u00e8me d&#039;\u00e9quilibrage qui permet de garder votre maison super immobile et ouverte (ce qui signifie le degr\u00e9 d&#039;inclinaison).<\/li>\n<li>Foyer AMP : Foyer organis\u00e9 en 5 zones autonomes pour une meilleure r\u00e9sistance et une dur\u00e9e de vie plus longue.<\/li>\n<li>Jointure en fibre de verre pour une plus longue dur\u00e9e de vie.<\/li>\n<li>Un tiroir pour r\u00e9cup\u00e9rer les cendres.<\/li>\n<li>Poign\u00e9e d&#039;aide pour manipuler les grilles.<\/li>\n<li>Un tisonnier.<\/li>\n<\/ul>\n<\/div>","protected":false},"excerpt":{"rendered":"<p>Inspir\u00e9 du concept d\u2019origine et partageant le design et la fonctionnalit\u00e9 sans compromis du Classic II mais avec encore plus<\/p>","protected":false},"featured_media":14973,"template":"","meta":[],"product_brand":[],"product_cat":[61],"product_tag":[],"product_country":[1503],"class_list":{"0":"post-2888","1":"product","2":"type-product","3":"status-publish","4":"has-post-thumbnail","6":"product_cat-sale-france","7":"product_country-france","9":"first","10":"instock","11":"sale","12":"taxable","13":"shipping-taxable","14":"purchasable","15":"product-type-simple"},"_links":{"self":[{"href":"https:\/\/routinesfashione.com\/fr\/wp-json\/wp\/v2\/product\/2888","targetHints":{"allow":["GET"]}}],"collection":[{"href":"https:\/\/routinesfashione.com\/fr\/wp-json\/wp\/v2\/product"}],"about":[{"href":"https:\/\/routinesfashione.com\/fr\/wp-json\/wp\/v2\/types\/product"}],"wp:featuredmedia":[{"embeddable":true,"href":"https:\/\/routinesfashione.com\/fr\/wp-json\/wp\/v2\/media\/14973"}],"wp:attachment":[{"href":"https:\/\/routinesfashione.com\/fr\/wp-json\/wp\/v2\/media?parent=2888"}],"wp:term":[{"taxonomy":"product_brand","embeddable":true,"href":"https:\/\/routinesfashione.com\/fr\/wp-json\/wp\/v2\/product_brand?post=2888"},{"taxonomy":"product_cat","embeddable":true,"href":"https:\/\/routinesfashione.com\/fr\/wp-json\/wp\/v2\/product_cat?post=2888"},{"taxonomy":"product_tag","embeddable":true,"href":"https:\/\/routinesfashione.com\/fr\/wp-json\/wp\/v2\/product_tag?post=2888"},{"taxonomy":"product_country","embeddable":true,"href":"https:\/\/routinesfashione.com\/fr\/wp-json\/wp\/v2\/product_country?post=2888"}],"curies":[{"name":"wp","href":"https:\/\/api.w.org\/{rel}","templated":true}]}}