{"id":2907,"date":"2025-09-30T20:51:14","date_gmt":"2025-09-30T20:51:14","guid":{"rendered":"https:\/\/lightgray-crow-170497.hostingersite.com\/?post_type=product&#038;p=2907"},"modified":"2025-09-30T20:51:14","modified_gmt":"2025-09-30T20:51:14","slug":"barbecue-kitaway-grill-stainless-steel","status":"publish","type":"product","link":"https:\/\/routinesfashione.com\/fr\/produit\/barbecue-kitaway-grill-stainless-steel\/","title":{"rendered":"Barbecue kitaway grill en acier inoxydable"},"content":{"rendered":"<div class=\"o-product-detail-informations__description\">\n<p>Compos\u00e9 de seulement trois pi\u00e8ces en b\u00e9ton. Plusieurs options de finition. Etag\u00e8re inf\u00e9rieure en m\u00e9tal. Compatible avec la s\u00e9rie Kitaway. Grille en acier inoxydable.<\/p>\n<\/div>\n<table class=\"o-product-features\" role=\"presentation\" data-cerberus=\"TABLE_AttributesProduct\">\n<caption class=\"kl-hidden-accessibility\">\u00a0<\/caption>\n<tbody>\n<tr class=\"m-product-attr-row\">\n<th class=\"m-product-attr-row__name\" scope=\"row\">Marque du produit<\/th>\n<td class=\"m-product-attr-row__value\">TUOZI<\/td>\n<\/tr>\n<tr class=\"m-product-attr-row\">\n<th class=\"m-product-attr-row__name\" scope=\"row\">Largeur hors tout (en cm)<\/th>\n<td class=\"m-product-attr-row__value\">63<\/td>\n<\/tr>\n<tr class=\"m-product-attr-row\">\n<th class=\"m-product-attr-row__name\" scope=\"row\">Hauteur hors tout (en cm)<\/th>\n<td class=\"m-product-attr-row__value\">101<\/td>\n<\/tr>\n<tr class=\"m-product-attr-row\">\n<th class=\"m-product-attr-row__name\" scope=\"row\">Grande taille des grilles\/plaques de cuisine (en cm)<\/th>\n<td class=\"m-product-attr-row__value\">62<\/td>\n<\/tr>\n<\/tbody>\n<\/table>\n<p class=\"a-text-warranty\">Tous les produits vendus par Leroy Merlin et par les vendeurs b\u00e9n\u00e9ficient de la garantie l\u00e9gale de conformit\u00e9 pendant 2 ans \u00e0 compter de la livraison.<br \/>\nRetrouvez les conditions et modalit\u00e9s de mise en \u0153uvre des Garanties (l\u00e9gales et commerciales) dans les fiches produits, les conditions g\u00e9n\u00e9rales de vente, en magasin ou sur la page de chaque vendeur pour les articles signal\u00e9s \u00ab Vendu par \u00bb.<\/p>","protected":false},"excerpt":{"rendered":"<p>Compos\u00e9 de seulement trois pi\u00e8ces en b\u00e9ton. Plusieurs options de finition. \u00c9tag\u00e8re inf\u00e9rieure en m\u00e9tal. Compatible avec la s\u00e9rie Kitaway.<\/p>","protected":false},"featured_media":14990,"template":"","meta":[],"product_brand":[],"product_cat":[61],"product_tag":[],"product_country":[1503],"class_list":{"0":"post-2907","1":"product","2":"type-product","3":"status-publish","4":"has-post-thumbnail","6":"product_cat-sale-france","7":"product_country-france","9":"first","10":"instock","11":"sale","12":"taxable","13":"shipping-taxable","14":"purchasable","15":"product-type-simple"},"_links":{"self":[{"href":"https:\/\/routinesfashione.com\/fr\/wp-json\/wp\/v2\/product\/2907","targetHints":{"allow":["GET"]}}],"collection":[{"href":"https:\/\/routinesfashione.com\/fr\/wp-json\/wp\/v2\/product"}],"about":[{"href":"https:\/\/routinesfashione.com\/fr\/wp-json\/wp\/v2\/types\/product"}],"wp:featuredmedia":[{"embeddable":true,"href":"https:\/\/routinesfashione.com\/fr\/wp-json\/wp\/v2\/media\/14990"}],"wp:attachment":[{"href":"https:\/\/routinesfashione.com\/fr\/wp-json\/wp\/v2\/media?parent=2907"}],"wp:term":[{"taxonomy":"product_brand","embeddable":true,"href":"https:\/\/routinesfashione.com\/fr\/wp-json\/wp\/v2\/product_brand?post=2907"},{"taxonomy":"product_cat","embeddable":true,"href":"https:\/\/routinesfashione.com\/fr\/wp-json\/wp\/v2\/product_cat?post=2907"},{"taxonomy":"product_tag","embeddable":true,"href":"https:\/\/routinesfashione.com\/fr\/wp-json\/wp\/v2\/product_tag?post=2907"},{"taxonomy":"product_country","embeddable":true,"href":"https:\/\/routinesfashione.com\/fr\/wp-json\/wp\/v2\/product_country?post=2907"}],"curies":[{"name":"wp","href":"https:\/\/api.w.org\/{rel}","templated":true}]}}