{"id":2950,"date":"2025-09-30T20:51:14","date_gmt":"2025-09-30T20:51:14","guid":{"rendered":"https:\/\/lightgray-crow-170497.hostingersite.com\/?post_type=product&#038;p=2950"},"modified":"2025-09-30T20:51:14","modified_gmt":"2025-09-30T20:51:14","slug":"kamado-kamal-60-noir-mat-barbecook","status":"publish","type":"product","link":"https:\/\/routinesfashione.com\/fr\/produit\/kamado-kamal-60-noir-mat-barbecook\/","title":{"rendered":"Kamado Kamal 60 Noir Mat Barbecook"},"content":{"rendered":"<div class=\"grid__item large--one-half\">\n<div class=\"product-info__desc\">Vous cherchez un barbecue branch\u00e9 avec lequel vous pouvez absolument tout faire et surtout, un barbecue extr\u00eamement convivial ? Alors le barbecue kamado Kamal de Barbecook est vraiment fait pour vous ! Ce barbecue au charbon de bois est fait de c\u00e9ramique qui assure que la chaleur est conserv\u00e9e pendant une longue p\u00e9riode. Le barbecue kamado fonctionne comme un four, car le bol et le couvercle en c\u00e9ramique vous permettent de maintenir la temp\u00e9rature plus longtemps et de la maintenir constante. Ce barbecue c\u00e9ramique est disponible en plusieurs tailles et finitions : deux mod\u00e8les avec une finition noir brillant, l&#8217;un avec une surface de cuisson de 46 cm, l&#8217;autre avec une surface de cuisson de 53 cm. De plus, ce grill kamado est \u00e9galement disponible en finition noir mat avec une surface de grillade de 53 cm. En plus d&#8217;un beau design, le barbecue kamado Kamal a beaucoup d&#8217;autres avantages. Quatre piliers sont au c\u0153ur de ce barbecue c\u00e9ramique : d\u00e9marrage facile, cuisson facile, am\u00e9lioration facile et nettoyage facile.<\/div>\n<\/div>\n<div class=\"grid__item large--one-half\">\n<div class=\"product-info__usps\">\n<div class=\"product-info__usp\"><\/div>\n<\/div>\n<\/div>","protected":false},"excerpt":{"rendered":"<p>Vous cherchez un barbecue branch\u00e9 avec lequel vous pouvez absolument tout faire et surtout, un barbecue extr\u00eamement convivial ? Alors<\/p>","protected":false},"featured_media":15023,"template":"","meta":[],"product_brand":[],"product_cat":[61],"product_tag":[],"product_country":[1503],"class_list":{"0":"post-2950","1":"product","2":"type-product","3":"status-publish","4":"has-post-thumbnail","6":"product_cat-sale-france","7":"product_country-france","9":"first","10":"instock","11":"sale","12":"taxable","13":"shipping-taxable","14":"purchasable","15":"product-type-simple"},"_links":{"self":[{"href":"https:\/\/routinesfashione.com\/fr\/wp-json\/wp\/v2\/product\/2950","targetHints":{"allow":["GET"]}}],"collection":[{"href":"https:\/\/routinesfashione.com\/fr\/wp-json\/wp\/v2\/product"}],"about":[{"href":"https:\/\/routinesfashione.com\/fr\/wp-json\/wp\/v2\/types\/product"}],"wp:featuredmedia":[{"embeddable":true,"href":"https:\/\/routinesfashione.com\/fr\/wp-json\/wp\/v2\/media\/15023"}],"wp:attachment":[{"href":"https:\/\/routinesfashione.com\/fr\/wp-json\/wp\/v2\/media?parent=2950"}],"wp:term":[{"taxonomy":"product_brand","embeddable":true,"href":"https:\/\/routinesfashione.com\/fr\/wp-json\/wp\/v2\/product_brand?post=2950"},{"taxonomy":"product_cat","embeddable":true,"href":"https:\/\/routinesfashione.com\/fr\/wp-json\/wp\/v2\/product_cat?post=2950"},{"taxonomy":"product_tag","embeddable":true,"href":"https:\/\/routinesfashione.com\/fr\/wp-json\/wp\/v2\/product_tag?post=2950"},{"taxonomy":"product_country","embeddable":true,"href":"https:\/\/routinesfashione.com\/fr\/wp-json\/wp\/v2\/product_country?post=2950"}],"curies":[{"name":"wp","href":"https:\/\/api.w.org\/{rel}","templated":true}]}}