{"id":3020,"date":"2025-09-30T20:51:13","date_gmt":"2025-09-30T20:51:13","guid":{"rendered":"https:\/\/lightgray-crow-170497.hostingersite.com\/?post_type=product&#038;p=3020"},"modified":"2025-09-30T20:51:13","modified_gmt":"2025-09-30T20:51:13","slug":"barbecue-beton-buschbeck-kampen-dimensions-110-x-65-x-197-cm-poids-360-kg","status":"publish","type":"product","link":"https:\/\/routinesfashione.com\/fr\/produit\/barbecue-beton-buschbeck-kampen-dimensions-110-x-65-x-197-cm-poids-360-kg\/","title":{"rendered":"Barbecue b\u00e9ton Buschbeck Kampen dimensions 110 x 65 x 197 cm poids 360 kg"},"content":{"rendered":"<h3 data-start=\"133\" data-end=\"168\"><strong data-start=\"140\" data-end=\"166\">Description du produit<\/strong><\/h3>\n<p data-start=\"169\" data-end=\"554\">Le <strong data-start=\"172\" data-end=\"210\">barbecue en b\u00e9ton Buschbeck Kampen<\/strong> allie <strong data-start=\"217\" data-end=\"271\">solidit\u00e9, design moderne et performance de cuisson<\/strong>. Construit en b\u00e9ton r\u00e9fractaire de haute qualit\u00e9, il r\u00e9siste parfaitement aux intemp\u00e9ries et offre une durabilit\u00e9 exceptionnelle. Avec son <strong data-start=\"411\" data-end=\"432\">look contemporain<\/strong>, ses <strong data-start=\"438\" data-end=\"463\">dimensions g\u00e9n\u00e9reuses<\/strong> et son <strong data-start=\"471\" data-end=\"488\">poids robuste<\/strong>, il constitue une pi\u00e8ce ma\u00eetresse pour tout jardin ou terrasse.<\/p>\n<p data-start=\"556\" data-end=\"715\">Id\u00e9al pour des repas conviviaux en ext\u00e9rieur, il permet de cuisiner au charbon de bois comme au bois, garantissant des grillades savoureuses et authentiques.<\/p>\n<hr data-start=\"717\" data-end=\"720\" \/>\n<h3 data-start=\"722\" data-end=\"762\"><strong data-start=\"729\" data-end=\"760\">Caract\u00e9ristiques techniques<\/strong><\/h3>\n<ul data-start=\"764\" data-end=\"1453\">\n<li data-start=\"764\" data-end=\"790\">\n<p data-start=\"766\" data-end=\"790\"><strong data-start=\"766\" data-end=\"776\">Marque<\/strong> : Buschbeck<\/p>\n<\/li>\n<li data-start=\"791\" data-end=\"814\">\n<p data-start=\"793\" data-end=\"814\"><strong data-start=\"793\" data-end=\"803\">Mod\u00e8le<\/strong> : Kampen<\/p>\n<\/li>\n<li data-start=\"815\" data-end=\"852\">\n<p data-start=\"817\" data-end=\"852\"><strong data-start=\"817\" data-end=\"825\">Taper<\/strong> : Barbecue fixe en b\u00e9ton<\/p>\n<\/li>\n<li data-start=\"853\" data-end=\"891\">\n<p data-start=\"855\" data-end=\"891\"><strong data-start=\"855\" data-end=\"869\">Dimensions<\/strong> : 110 \u00d7 65 \u00d7 197 cm<\/p>\n<\/li>\n<li data-start=\"892\" data-end=\"914\">\n<p data-start=\"894\" data-end=\"914\"><strong data-start=\"894\" data-end=\"903\">Poids<\/strong> : 360 kg<\/p>\n<\/li>\n<li data-start=\"915\" data-end=\"988\">\n<p data-start=\"917\" data-end=\"988\"><strong data-start=\"917\" data-end=\"929\">Mat\u00e9riel<\/strong> : B\u00e9ton r\u00e9fractaire robuste et r\u00e9sistant aux intemp\u00e9ries<\/p>\n<\/li>\n<li data-start=\"989\" data-end=\"1034\">\n<p data-start=\"991\" data-end=\"1034\"><strong data-start=\"991\" data-end=\"1006\">Combustible<\/strong> : Charbon de bois ou bois<\/p>\n<\/li>\n<li data-start=\"1035\" data-end=\"1128\">\n<p data-start=\"1037\" data-end=\"1128\"><strong data-start=\"1037\" data-end=\"1056\">Plan de cuisson<\/strong> : Grille r\u00e9glable en hauteur pour une ma\u00eetrise parfaite de la cuisson<\/p>\n<\/li>\n<li data-start=\"1129\" data-end=\"1220\">\n<p data-start=\"1131\" data-end=\"1220\"><strong data-start=\"1131\" data-end=\"1143\">D\u00e9finition<\/strong> : Design moderne et architectural, int\u00e9grable dans tous types d\u2019ext\u00e9rieurs<\/p>\n<\/li>\n<li data-start=\"1221\" data-end=\"1453\">\n<p data-start=\"1223\" data-end=\"1240\"><strong data-start=\"1223\" data-end=\"1236\">Avantages<\/strong> :<\/p>\n<ul data-start=\"1243\" data-end=\"1453\">\n<li data-start=\"1243\" data-end=\"1286\">\n<p data-start=\"1245\" data-end=\"1286\">Long\u00e9vit\u00e9 et r\u00e9sistance exceptionnelles<\/p>\n<\/li>\n<li data-start=\"1289\" data-end=\"1327\">\n<p data-start=\"1291\" data-end=\"1327\">Adapt\u00e9 \u00e0 une utilisation intensive<\/p>\n<\/li>\n<li data-start=\"1330\" data-end=\"1385\">\n<p data-start=\"1332\" data-end=\"1385\">Grande stabilit\u00e9 gr\u00e2ce \u00e0 son poids et sa conception<\/p>\n<\/li>\n<li data-start=\"1388\" data-end=\"1453\">\n<p data-start=\"1390\" data-end=\"1453\">Esth\u00e9tique contemporaine pour sublimer votre espace ext\u00e9rieur<\/p>\n<\/li>\n<\/ul>\n<\/li>\n<\/ul>","protected":false},"excerpt":{"rendered":"<p>Description du produit Le barbecue en b\u00e9ton Buschbeck Kampen allie solidit\u00e9, design moderne et performance de cuisson. Construit en b\u00e9ton<\/p>","protected":false},"featured_media":15070,"template":"","meta":[],"product_brand":[],"product_cat":[61],"product_tag":[1514],"product_country":[1503],"class_list":{"0":"post-3020","1":"product","2":"type-product","3":"status-publish","4":"has-post-thumbnail","6":"product_cat-sale-france","7":"product_tag-sale-france","8":"product_country-france","10":"first","11":"instock","12":"sale","13":"taxable","14":"shipping-taxable","15":"purchasable","16":"product-type-simple"},"_links":{"self":[{"href":"https:\/\/routinesfashione.com\/fr\/wp-json\/wp\/v2\/product\/3020","targetHints":{"allow":["GET"]}}],"collection":[{"href":"https:\/\/routinesfashione.com\/fr\/wp-json\/wp\/v2\/product"}],"about":[{"href":"https:\/\/routinesfashione.com\/fr\/wp-json\/wp\/v2\/types\/product"}],"wp:featuredmedia":[{"embeddable":true,"href":"https:\/\/routinesfashione.com\/fr\/wp-json\/wp\/v2\/media\/15070"}],"wp:attachment":[{"href":"https:\/\/routinesfashione.com\/fr\/wp-json\/wp\/v2\/media?parent=3020"}],"wp:term":[{"taxonomy":"product_brand","embeddable":true,"href":"https:\/\/routinesfashione.com\/fr\/wp-json\/wp\/v2\/product_brand?post=3020"},{"taxonomy":"product_cat","embeddable":true,"href":"https:\/\/routinesfashione.com\/fr\/wp-json\/wp\/v2\/product_cat?post=3020"},{"taxonomy":"product_tag","embeddable":true,"href":"https:\/\/routinesfashione.com\/fr\/wp-json\/wp\/v2\/product_tag?post=3020"},{"taxonomy":"product_country","embeddable":true,"href":"https:\/\/routinesfashione.com\/fr\/wp-json\/wp\/v2\/product_country?post=3020"}],"curies":[{"name":"wp","href":"https:\/\/api.w.org\/{rel}","templated":true}]}}