{"id":303,"date":"2025-09-30T20:55:52","date_gmt":"2025-09-30T20:55:52","guid":{"rendered":"https:\/\/lightgray-crow-170497.hostingersite.com\/?post_type=product&#038;p=303"},"modified":"2025-09-30T20:55:52","modified_gmt":"2025-09-30T20:55:52","slug":"lavor-xtr-r-1007-nettoyeur-haute-pression-a-eau-chaude","status":"publish","type":"product","link":"https:\/\/routinesfashione.com\/fr\/produit\/lavor-xtr-r-1007-nettoyeur-haute-pression-a-eau-chaude\/","title":{"rendered":"Lavor XTR-R 1007 Nettoyeur haute pression \u00e0 eau chaude"},"content":{"rendered":"<h2><span dir=\"auto\" style=\"vertical-align: inherit;\">Lavor XTR-R 1007 &#8211; Nettoyeur haute pression \u00e0 chaud 135 bars<\/span><\/h2>\n<p><span dir=\"auto\" style=\"vertical-align: inherit;\">Lavor XTR-R 1007 est un\u00a0<\/span><strong><span dir=\"auto\" style=\"vertical-align: inherit;\">nettoyeur haute pression \u00e0 chaud de 135 bars.<\/span><\/strong><span dir=\"auto\" style=\"vertical-align: inherit;\">\u00a0Avec\u00a0<\/span><strong><span dir=\"auto\" style=\"vertical-align: inherit;\">moteur monophas\u00e9<\/span><\/strong>\u00a0<strong><span dir=\"auto\" style=\"vertical-align: inherit;\">230 V<\/span><\/strong><span dir=\"auto\" style=\"vertical-align: inherit;\">\u00a0verser\u00a0<\/span><strong><span dir=\"auto\" style=\"vertical-align: inherit;\">2,1 kW<\/span><\/strong><span dir=\"auto\" style=\"vertical-align: inherit;\">\u00a0, ce nettoyeur haute pression Lavor dispose\u00a0<\/span><strong><span dir=\"auto\" style=\"vertical-align: inherit;\">d&#8217;un moteur auxiliaire pour la ventilation de la chaudi\u00e8re<\/span><\/strong><span dir=\"auto\" style=\"vertical-align: inherit;\">\u00a0, pour une temp\u00e9rature d&#8217;eau maximale de\u00a0<\/span><strong><span dir=\"auto\" style=\"vertical-align: inherit;\">80\u00b0C.<\/span><\/strong><\/p>\n<p><span dir=\"auto\" style=\"vertical-align: inherit;\">Nettoyeur haute pression avec\u00a0<\/span><strong><span dir=\"auto\" style=\"vertical-align: inherit;\">roues<\/span><\/strong><span dir=\"auto\" style=\"vertical-align: inherit;\">\u00a0,\u00a0<\/span><strong><span dir=\"auto\" style=\"vertical-align: inherit;\">poign\u00e9e confortable avec poign\u00e9e<\/span><\/strong>\u00a0<strong><span dir=\"auto\" style=\"vertical-align: inherit;\">ergonomique<\/span><\/strong><span dir=\"auto\" style=\"vertical-align: inherit;\">\u00a0et\u00a0<\/span><strong><span dir=\"auto\" style=\"vertical-align: inherit;\">porte-accessoires<\/span><\/strong><span dir=\"auto\" style=\"vertical-align: inherit;\">\u00a0, con\u00e7u pour \u00eatre facilement transport\u00e9 partout o\u00f9 un nettoyeur haute pression est n\u00e9cessaire.<\/span><\/p>\n<h3><span dir=\"auto\" style=\"vertical-align: inherit;\">Sp\u00e9cifications fonctionnelles<\/span><\/h3>\n<h4><span dir=\"auto\" style=\"vertical-align: inherit;\">Pompe axiale, t\u00eate en aluminium<\/span><\/h4>\n<p><span dir=\"auto\" style=\"vertical-align: inherit;\">Lavor XTR-R 1007 a une\u00a0<\/span><strong><span dir=\"auto\" style=\"vertical-align: inherit;\">pompe axiale<\/span><\/strong><span dir=\"auto\" style=\"vertical-align: inherit;\">\u00a0, avec\u00a0<\/span><strong><span dir=\"auto\" style=\"vertical-align: inherit;\">t\u00eate en aluminium<\/span><\/strong><span dir=\"auto\" style=\"vertical-align: inherit;\">\u00a0\u00e0\u00a0<\/span><strong><span dir=\"auto\" style=\"vertical-align: inherit;\">3 pistons<\/span><\/strong><span dir=\"auto\" style=\"vertical-align: inherit;\">\u00a0en acier \u00e0 haute r\u00e9sistance.<\/span><\/p>\n<h4><span dir=\"auto\" style=\"vertical-align: inherit;\">R\u00e9glage du br\u00fbleur et de la temp\u00e9rature<\/span><\/h4>\n<p><span dir=\"auto\" style=\"vertical-align: inherit;\">Ce nettoyeur haute pression Lavor 135 bars dispose d&#8217;un\u00a0<\/span><strong><span dir=\"auto\" style=\"vertical-align: inherit;\">r\u00e9gulateur de br\u00fbleur<\/span><\/strong><span dir=\"auto\" style=\"vertical-align: inherit;\">\u00a0, pour une combustion optimis\u00e9e. Avec\u00a0<\/span><strong><span dir=\"auto\" style=\"vertical-align: inherit;\">r\u00e9gulation<\/span><\/strong><span dir=\"auto\" style=\"vertical-align: inherit;\">\u00a0automatique de la\u00a0<\/span><strong><span dir=\"auto\" style=\"vertical-align: inherit;\">temp\u00e9rature<\/span><\/strong><span dir=\"auto\" style=\"vertical-align: inherit;\">\u00a0.<\/span><\/p>\n<h4><span dir=\"auto\" style=\"vertical-align: inherit;\">Syst\u00e8me d&#8217;arr\u00eat automatique<\/span><\/h4>\n<p><span dir=\"auto\" style=\"vertical-align: inherit;\">Pour l&#8217;arr\u00eat automatique du nettoyeur haute pression.<\/span><\/p>\n<h4><span dir=\"auto\" style=\"vertical-align: inherit;\">Nettoyeur haute pression \u00e0 eau chaude complet<\/span><\/h4>\n<p><span dir=\"auto\" style=\"vertical-align: inherit;\">Lavor XTR-R 1007 a\u00a0<\/span><strong><span dir=\"auto\" style=\"vertical-align: inherit;\">une aspiration directe du d\u00e9tergent<\/span><\/strong><span dir=\"auto\" style=\"vertical-align: inherit;\">\u00a0du r\u00e9servoir. Le r\u00e9servoir est amovible. Le nettoyeur haute pression \u00e0 eau chaude Lavor XTR-R est \u00e9quip\u00e9 d&#8217;un\u00a0<\/span><strong><span dir=\"auto\" style=\"vertical-align: inherit;\">pistolet professionnel<\/span><\/strong><span dir=\"auto\" style=\"vertical-align: inherit;\">\u00a0, d&#8217;un\u00a0<\/span><strong><span dir=\"auto\" style=\"vertical-align: inherit;\">tuyau renforc\u00e9<\/span><\/strong><span dir=\"auto\" style=\"vertical-align: inherit;\">\u00a0et un\u00a0<\/span><strong><span dir=\"auto\" style=\"vertical-align: inherit;\">pied m\u00e9tallique inf\u00e9rieur<\/span><\/strong><span dir=\"auto\" style=\"vertical-align: inherit;\">\u00a0.<\/span><\/p>\n<h3><span dir=\"auto\" style=\"vertical-align: inherit;\">Des d\u00e9tails<\/span><\/h3>\n<p><span dir=\"auto\" style=\"vertical-align: inherit;\">Quelques d\u00e9tails du nettoyeur haute pression Lavor XTR-R 1007.<\/span><\/p>\n<h3><span dir=\"auto\" style=\"vertical-align: inherit;\">Caract\u00e9ristiques<\/span><\/h3>\n<ul>\n<li><span dir=\"auto\" style=\"vertical-align: inherit;\">Nettoyeur haute pression eau chaude 135 bars<\/span><\/li>\n<li><span dir=\"auto\" style=\"vertical-align: inherit;\">Moteur monophas\u00e9 et moteur auxiliaire ventilation chaudi\u00e8re<\/span><\/li>\n<li><span dir=\"auto\" style=\"vertical-align: inherit;\">Roues, poign\u00e9e et porte-accessoires<\/span><\/li>\n<li><span dir=\"auto\" style=\"vertical-align: inherit;\">Pompe axiale<\/span><\/li>\n<li><span dir=\"auto\" style=\"vertical-align: inherit;\">T\u00eate en aluminium<\/span><\/li>\n<li><span dir=\"auto\" style=\"vertical-align: inherit;\">R\u00e9gulateur de br\u00fbleur et r\u00e9gulateur de temp\u00e9rature<\/span><\/li>\n<li><span dir=\"auto\" style=\"vertical-align: inherit;\">Aspiration directe du d\u00e9tergent<\/span><\/li>\n<li><span dir=\"auto\" style=\"vertical-align: inherit;\">Equipement complet<\/span><\/li>\n<li><span dir=\"auto\" style=\"vertical-align: inherit;\">Haute qualit\u00e9 technique Made in Italy<\/span><\/li>\n<li>\n<h3><span dir=\"auto\" style=\"vertical-align: inherit;\">\u00c9quipement standard<\/span><\/h3>\n<\/li>\n<li><span dir=\"auto\" style=\"vertical-align: inherit;\">Morue pistolet. 3 700,0036<\/span><\/li>\n<li><span dir=\"auto\" style=\"vertical-align: inherit;\">Morue de lance r\u00e9glable. 3 712,0019<\/span><\/li>\n<li><span dir=\"auto\" style=\"vertical-align: inherit;\">Tuyau haute pression R1 8 m cod. 4 618,0049<\/span><\/li>\n<li><span dir=\"auto\" style=\"vertical-align: inherit;\">Code raccord 3.100.0062<\/span><\/li>\n<li>\n<h3><span dir=\"auto\" style=\"vertical-align: inherit;\">Donn\u00e9es techniques<\/span><\/h3>\n<div class=\"tablen0\">\n<table class=\"table table-striped table-bordered table-hover\">\n<tbody>\n<tr>\n<td><span dir=\"auto\" style=\"vertical-align: inherit;\">Mod\u00e8le<\/span><\/td>\n<td><span dir=\"auto\" style=\"vertical-align: inherit;\">XTR-R 1007<\/span><\/td>\n<\/tr>\n<tr>\n<td><span dir=\"auto\" style=\"vertical-align: inherit;\">R\u00e9gime<\/span><\/td>\n<td><span dir=\"auto\" style=\"vertical-align: inherit;\">230 V<\/span><\/td>\n<\/tr>\n<tr>\n<td><span dir=\"auto\" style=\"vertical-align: inherit;\">Pression d&#8217;exercice<\/span><\/td>\n<td><span dir=\"auto\" style=\"vertical-align: inherit;\">100 barres<\/span><\/td>\n<\/tr>\n<tr>\n<td><span dir=\"auto\" style=\"vertical-align: inherit;\">Pression maximale<\/span><\/td>\n<td><span dir=\"auto\" style=\"vertical-align: inherit;\">135 barres<\/span><\/td>\n<\/tr>\n<tr>\n<td><span dir=\"auto\" style=\"vertical-align: inherit;\">Port\u00e9e<\/span><\/td>\n<td><span dir=\"auto\" style=\"vertical-align: inherit;\">420 L\/h<\/span><\/td>\n<\/tr>\n<tr>\n<td><span dir=\"auto\" style=\"vertical-align: inherit;\">Temp\u00e9rature<\/span><\/td>\n<td><span dir=\"auto\" style=\"vertical-align: inherit;\">80\u00b0C<\/span><\/td>\n<\/tr>\n<tr>\n<td><span dir=\"auto\" style=\"vertical-align: inherit;\">Pouvoir absorb\u00e9<\/span><\/td>\n<td><span dir=\"auto\" style=\"vertical-align: inherit;\">2,1 kW<\/span><\/td>\n<\/tr>\n<tr>\n<td><span dir=\"auto\" style=\"vertical-align: inherit;\">Dimensions<\/span><\/td>\n<td><span dir=\"auto\" style=\"vertical-align: inherit;\">63 x 43 x 73 cm<\/span><\/td>\n<\/tr>\n<tr>\n<td><span dir=\"auto\" style=\"vertical-align: inherit;\">Parcelle<\/span><\/td>\n<td><span dir=\"auto\" style=\"vertical-align: inherit;\">42 kg<\/span><\/td>\n<\/tr>\n<\/tbody>\n<\/table>\n<\/div>\n<\/li>\n<\/ul>","protected":false},"excerpt":{"rendered":"<p>Lavor XTR-R 1007 &#8211; Nettoyeur haute pression \u00e0 chaud 135 bars Lavor XTR-R 1007 est un\u00a0nettoyeur haute pression \u00e0 chaud<\/p>","protected":false},"featured_media":13032,"template":"","meta":[],"product_brand":[],"product_cat":[61],"product_tag":[],"product_country":[1503],"class_list":{"0":"post-303","1":"product","2":"type-product","3":"status-publish","4":"has-post-thumbnail","6":"product_cat-sale-france","7":"product_country-france","9":"first","10":"instock","11":"sale","12":"taxable","13":"shipping-taxable","14":"purchasable","15":"product-type-simple"},"_links":{"self":[{"href":"https:\/\/routinesfashione.com\/fr\/wp-json\/wp\/v2\/product\/303","targetHints":{"allow":["GET"]}}],"collection":[{"href":"https:\/\/routinesfashione.com\/fr\/wp-json\/wp\/v2\/product"}],"about":[{"href":"https:\/\/routinesfashione.com\/fr\/wp-json\/wp\/v2\/types\/product"}],"wp:featuredmedia":[{"embeddable":true,"href":"https:\/\/routinesfashione.com\/fr\/wp-json\/wp\/v2\/media\/13032"}],"wp:attachment":[{"href":"https:\/\/routinesfashione.com\/fr\/wp-json\/wp\/v2\/media?parent=303"}],"wp:term":[{"taxonomy":"product_brand","embeddable":true,"href":"https:\/\/routinesfashione.com\/fr\/wp-json\/wp\/v2\/product_brand?post=303"},{"taxonomy":"product_cat","embeddable":true,"href":"https:\/\/routinesfashione.com\/fr\/wp-json\/wp\/v2\/product_cat?post=303"},{"taxonomy":"product_tag","embeddable":true,"href":"https:\/\/routinesfashione.com\/fr\/wp-json\/wp\/v2\/product_tag?post=303"},{"taxonomy":"product_country","embeddable":true,"href":"https:\/\/routinesfashione.com\/fr\/wp-json\/wp\/v2\/product_country?post=303"}],"curies":[{"name":"wp","href":"https:\/\/api.w.org\/{rel}","templated":true}]}}