{"id":3078,"date":"2025-08-19T19:33:35","date_gmt":"2025-08-19T19:33:35","guid":{"rendered":"https:\/\/lightgray-crow-170497.hostingersite.com\/?post_type=product&#038;p=3078"},"modified":"2025-09-30T21:19:46","modified_gmt":"2025-09-30T21:19:46","slug":"iscooter-i12-electric-scooter-with-seat-carry-basket","status":"publish","type":"product","link":"https:\/\/routinesfashione.com\/fr\/produit\/iscooter-i12-electric-scooter-with-seat-carry-basket\/","title":{"rendered":"iScooter i12 Electric Scooter With Seat &amp; Carry Basket"},"content":{"rendered":"<div class=\"session jb_reviews2\">\n<div class=\"decription_cont clearfix\">\n<h2 data-start=\"0\" data-end=\"69\"><strong data-start=\"0\" data-end=\"67\"><span dir=\"auto\" style=\"vertical-align: inherit;\">iScooter i12 elektrische scooter \u2013 Krachtig en handig woon-werkverkeer<\/span><\/strong><\/h2>\n<p class=\"\" data-start=\"71\" data-end=\"691\"><span dir=\"auto\" style=\"vertical-align: inherit;\">De <\/span><strong data-start=\"75\" data-end=\"91\"><span dir=\"auto\" style=\"vertical-align: inherit;\">iScooter i12<\/span><\/strong><span dir=\"auto\" style=\"vertical-align: inherit;\"> combineert kracht en comfort met zijn <\/span><strong data-start=\"128\" data-end=\"142\"><span dir=\"auto\" style=\"vertical-align: inherit;\">500W motor<\/span><\/strong><span dir=\"auto\" style=\"vertical-align: inherit;\"> , waarmee hij snelheden tot <\/span><strong data-start=\"163\" data-end=\"173\"><span dir=\"auto\" style=\"vertical-align: inherit;\">25 km\/u<\/span><\/strong><span dir=\"auto\" style=\"vertical-align: inherit;\"> en een <\/span><strong data-start=\"180\" data-end=\"194\"><span dir=\"auto\" style=\"vertical-align: inherit;\">actieradius van 35 km<\/span><\/strong><span dir=\"auto\" style=\"vertical-align: inherit;\"> bereikt . Dankzij <\/span><strong data-start=\"206\" data-end=\"226\"><span dir=\"auto\" style=\"vertical-align: inherit;\">de dubbele schijfremmen<\/span><\/strong><span dir=\"auto\" style=\"vertical-align: inherit;\"> , <\/span><strong data-start=\"228\" data-end=\"248\"><span dir=\"auto\" style=\"vertical-align: inherit;\">schokabsorptie<\/span><\/strong><span dir=\"auto\" style=\"vertical-align: inherit;\"> en <\/span><strong data-start=\"254\" data-end=\"277\"><span dir=\"auto\" style=\"vertical-align: inherit;\">12&#8243; luchtbanden<\/span><\/strong><span dir=\"auto\" style=\"vertical-align: inherit;\"> rijdt hij soepel en veilig op diverse terreinen. De <\/span><strong data-start=\"335\" data-end=\"354\"><span dir=\"auto\" style=\"vertical-align: inherit;\">verstelbare stoel<\/span><\/strong><span dir=\"auto\" style=\"vertical-align: inherit;\"> , de <\/span><strong data-start=\"356\" data-end=\"377\"><span dir=\"auto\" style=\"vertical-align: inherit;\">bagagemand<\/span><\/strong><span dir=\"auto\" style=\"vertical-align: inherit;\"> en het <\/span><strong data-start=\"383\" data-end=\"410\"><span dir=\"auto\" style=\"vertical-align: inherit;\">in \u00e9\u00e9n stap opvouwbare ontwerp maken hem perfect voor woon-werkverkeer in de stad. <\/span><\/strong><strong data-start=\"482\" data-end=\"518\"><span dir=\"auto\" style=\"vertical-align: inherit;\">Heldere koplampen en achterlichten<\/span><\/strong><span dir=\"auto\" style=\"vertical-align: inherit;\"> zorgen voor een betere zichtbaarheid , terwijl het <\/span><strong data-start=\"530\" data-end=\"545\"><span dir=\"auto\" style=\"vertical-align: inherit;\">led-display<\/span><\/strong><span dir=\"auto\" style=\"vertical-align: inherit;\"> u op de hoogte houdt. Met een <\/span><strong data-start=\"573\" data-end=\"601\"><span dir=\"auto\" style=\"vertical-align: inherit;\">36V 7,5A lithiumbatterij<\/span><\/strong><span dir=\"auto\" style=\"vertical-align: inherit;\"> en <\/span><strong data-start=\"606\" data-end=\"634\"><span dir=\"auto\" style=\"vertical-align: inherit;\">slim batterijbeheer<\/span><\/strong><span dir=\"auto\" style=\"vertical-align: inherit;\"> is de i12 ontworpen voor effici\u00ebntie en betrouwbaarheid.<\/span><\/p>\n<h2><strong><span dir=\"auto\" style=\"vertical-align: inherit;\">500W krachtige motor<\/span><\/strong><\/h2>\n<p><span dir=\"auto\" style=\"vertical-align: inherit;\">De 500W-motor heeft een maximumsnelheid van 20-25 km\/u en een bereik van maximaal 35 km.<\/span><\/p>\n<p><strong><span dir=\"auto\" style=\"vertical-align: inherit;\">Dubbel schijfremsysteem<\/span><\/strong><\/p>\n<p><span dir=\"auto\" style=\"vertical-align: inherit;\">De schijfremmen en het elektrische remsysteem reageren snel, besparen energie en verbeteren uw rijveiligheid. Ze zorgen voor een betrouwbare remwerking bij regen en zonneschijn.<\/span><\/p>\n<p><strong><span dir=\"auto\" style=\"vertical-align: inherit;\">Dubbele schokabsorptie<\/span><\/strong><\/p>\n<p><span dir=\"auto\" style=\"vertical-align: inherit;\">Zelfs als u over een hobbelige weg rijdt, voelt u geen oneffenheden, waardoor u een soepele en comfortabele rit ervaart.<\/span><\/p>\n<p><strong><span dir=\"auto\" style=\"vertical-align: inherit;\">12&#8243; luchtbanden<\/span><\/strong><\/p>\n<p><span dir=\"auto\" style=\"vertical-align: inherit;\">12 inch luchtbanden zorgen voor een soepelere en veiligere rit op oneffen terrein en kunnen moeiteloos hellingen van 15% aan.<\/span><\/p>\n<p><strong><span dir=\"auto\" style=\"vertical-align: inherit;\">Verstelbare stoel<\/span><\/strong><\/p>\n<p><span dir=\"auto\" style=\"vertical-align: inherit;\">U kunt het zadel omhoog en omlaag bewegen, zodat u het comfortabeler kunt maken.<\/span><\/p>\n<p><strong><span dir=\"auto\" style=\"vertical-align: inherit;\">Heldere koplamp en achterlicht<\/span><\/strong><\/p>\n<p><span dir=\"auto\" style=\"vertical-align: inherit;\">De iScooter i12 beschikt over een elektrisch slot, waarschuwende achterlichten en ultrafelle koplampen voor beter zicht tijdens nachtelijke ritten.<\/span><\/p>\n<p><strong><span dir=\"auto\" style=\"vertical-align: inherit;\">Opvouwbaar ontwerp en achtermand<\/span><\/strong><\/p>\n<p><span dir=\"auto\" style=\"vertical-align: inherit;\">Ervaar onge\u00ebvenaard gemak met ons in \u00e9\u00e9n stap opvouwbare ontwerp, perfect voor woon-werkverkeer in de stad, op de campus en op kantoor. De mand achterin voldoet aan al je behoeften voor het vervoeren van boodschappen.<\/span><\/p>\n<p><strong><span dir=\"auto\" style=\"vertical-align: inherit;\">i12 ELEKTRISCHE SCOOTER<\/span><\/strong><\/p>\n<p><span dir=\"auto\" style=\"vertical-align: inherit;\">met zitje en draagmand<\/span><\/p>\n<ul>\n<li><span dir=\"auto\" style=\"vertical-align: inherit;\">35 km reisafstand<\/span><\/li>\n<li><span dir=\"auto\" style=\"vertical-align: inherit;\">Maximale snelheid 25 km\/u<\/span><\/li>\n<li><span dir=\"auto\" style=\"vertical-align: inherit;\">12 inch luchtbanden<\/span><\/li>\n<li><span dir=\"auto\" style=\"vertical-align: inherit;\">Voor- en achtervering<\/span><\/li>\n<li><span dir=\"auto\" style=\"vertical-align: inherit;\">500W krachtige motor<\/span><\/li>\n<li><span dir=\"auto\" style=\"vertical-align: inherit;\">36V 7,5A lange batterij<\/span><\/li>\n<\/ul>\n<p><strong><span dir=\"auto\" style=\"vertical-align: inherit;\">Met een lithium-ionbatterij met groot bereik<\/span><\/strong><\/p>\n<p><span dir=\"auto\" style=\"vertical-align: inherit;\">Slim batterijbeheer (BMS)<\/span><\/p>\n<ul>\n<li><span dir=\"auto\" style=\"vertical-align: inherit;\">36V 7,5A (5-6 uur oplaadtijd)<\/span><\/li>\n<li><span dir=\"auto\" style=\"vertical-align: inherit;\">30-35 km (per lading)<\/span><\/li>\n<\/ul>\n<p><strong><span dir=\"auto\" style=\"vertical-align: inherit;\">LED-scherm en bel<\/span><\/strong><\/p>\n<ul>\n<li><span dir=\"auto\" style=\"vertical-align: inherit;\">Weergave van het batterijniveau<\/span><\/li>\n<li><span dir=\"auto\" style=\"vertical-align: inherit;\">Claxon- en koplampschakelaar<\/span><\/li>\n<\/ul>\n<p><strong><span dir=\"auto\" style=\"vertical-align: inherit;\">500W Ultra-motor<\/span><\/strong><\/p>\n<p><span dir=\"auto\" style=\"vertical-align: inherit;\">Maximaal bereik tot 35 km<\/span><\/p>\n<p><strong><span dir=\"auto\" style=\"vertical-align: inherit;\">15% klimaatenergie<\/span><\/strong><\/p>\n<p><span dir=\"auto\" style=\"vertical-align: inherit;\">Zorg voor meer vermogen om te rijden<\/span><\/p>\n<p><strong><span dir=\"auto\" style=\"vertical-align: inherit;\">Dubbele bescherming en veilig rijden<\/span><\/strong><\/p>\n<ul>\n<li><span dir=\"auto\" style=\"vertical-align: inherit;\">Elektronische rem<\/span><\/li>\n<li><span dir=\"auto\" style=\"vertical-align: inherit;\">Schijfremmen voor en achter<\/span><\/li>\n<\/ul>\n<\/div>\n<\/div>\n<p>&nbsp;<\/p>\n<div class=\"session jb_reviews2\">\n<div class=\"decription_cont clearfix\">\n<p><strong><span dir=\"auto\" style=\"vertical-align: inherit;\">Heldere koplamp en achterlicht<\/span><\/strong><\/p>\n<p><span dir=\"auto\" style=\"vertical-align: inherit;\">Zichtbaarheid van de batterij en rijveiligheid in het donker<\/span><\/p>\n<ul>\n<li><span dir=\"auto\" style=\"vertical-align: inherit;\">LED-voorlicht<\/span><\/li>\n<li><span dir=\"auto\" style=\"vertical-align: inherit;\">Veiligheidswaarschuwingsachterlicht<\/span><\/li>\n<\/ul>\n<p><strong><span dir=\"auto\" style=\"vertical-align: inherit;\">Aanpassen aan verschillende wegen<\/span><\/strong><\/p>\n<p><span dir=\"auto\" style=\"vertical-align: inherit;\">Omstandigheden en zorgen voor een andere rijervaring<\/span><\/p>\n<ul>\n<li><span dir=\"auto\" style=\"vertical-align: inherit;\">12 inch luchtbanden<\/span><\/li>\n<li><span dir=\"auto\" style=\"vertical-align: inherit;\">Comfortabele dubbele voor- en achtervering<\/span><\/li>\n<\/ul>\n<p><strong><span dir=\"auto\" style=\"vertical-align: inherit;\">Handig en comfortabel voor de hele dag rijden<\/span><\/strong><\/p>\n<ul>\n<li><span dir=\"auto\" style=\"vertical-align: inherit;\">Afneembare mand<\/span><\/li>\n<li><span dir=\"auto\" style=\"vertical-align: inherit;\">9 inch breed dek<\/span><\/li>\n<\/ul>\n<p><strong><span dir=\"auto\" style=\"vertical-align: inherit;\">Draagbaar en opvouwbaar<\/span><\/strong><\/p>\n<p><span dir=\"auto\" style=\"vertical-align: inherit;\">De paal en de zitting kunnen omhoog en omlaag worden bewogen om aan verschillende klantlengtes te voldoen<\/span><\/p>\n<h3><span dir=\"auto\" style=\"vertical-align: inherit;\">Goedgekeurd door offici\u00eble autoriteit<\/span><\/h3>\n<p><strong><span dir=\"auto\" style=\"vertical-align: inherit;\">Certificering van de nationale in- en uitreistest van China<\/span><\/strong><\/p>\n<p><span dir=\"auto\" style=\"vertical-align: inherit;\">De iScooter elektrische scooter is al vele malen getest, dus u kunt met een gerust hart kiezen! Het producttesttechnologiecentrum inspecteert en certificeert streng, zodat u de auto veilig kunt gebruiken.<\/span><\/p>\n<p><strong><span dir=\"auto\" style=\"vertical-align: inherit;\">Pakket omvat<\/span><\/strong><\/p>\n<ul>\n<li><span dir=\"auto\" style=\"vertical-align: inherit;\">iScooter i12 elektrische scooter<\/span><\/li>\n<li><span dir=\"auto\" style=\"vertical-align: inherit;\">Moersleutel<\/span><\/li>\n<li><span dir=\"auto\" style=\"vertical-align: inherit;\">Oplader<\/span><\/li>\n<li><span dir=\"auto\" style=\"vertical-align: inherit;\">Handmatig<\/span><\/li>\n<\/ul>\n<p><strong><span dir=\"auto\" style=\"vertical-align: inherit;\">E\u00e9n voor allen<\/span><\/strong><\/p>\n<p><span dir=\"auto\" style=\"vertical-align: inherit;\">Voldoe aan uw verschillende behoeften<\/span><\/p>\n<h3><span dir=\"auto\" style=\"vertical-align: inherit;\">Specificatie<\/span><\/h3>\n<table class=\"jbEidtTable\" border=\"1\" cellspacing=\"0\" cellpadding=\"5\">\n<tbody>\n<tr>\n<td><strong><span dir=\"auto\" style=\"vertical-align: inherit;\">Algemeen<\/span><\/strong><\/td>\n<td><span dir=\"auto\" style=\"vertical-align: inherit;\">Merk: iScooter <\/span><br \/>\n<span dir=\"auto\" style=\"vertical-align: inherit;\">Type: Elektrische scooter <\/span><br \/>\n<span dir=\"auto\" style=\"vertical-align: inherit;\">Model: i12<\/span><\/td>\n<\/tr>\n<tr>\n<td><strong><span dir=\"auto\" style=\"vertical-align: inherit;\">Specificatie<\/span><\/strong><\/td>\n<td><span dir=\"auto\" style=\"vertical-align: inherit;\">Motor: 500W <\/span><br \/>\n<span dir=\"auto\" style=\"vertical-align: inherit;\">Aandrijvingstype: Achterwielaandrijving <\/span><br \/>\n<span dir=\"auto\" style=\"vertical-align: inherit;\">Accu: 36V 7,5AH <\/span><br \/>\n<span dir=\"auto\" style=\"vertical-align: inherit;\">Maximaal bereik: 30-35 km <\/span><br \/>\n<span dir=\"auto\" style=\"vertical-align: inherit;\">Maximale snelheid: 20-25 km\/u <\/span><br \/>\n<span dir=\"auto\" style=\"vertical-align: inherit;\">Maximale belasting: 120 kg <\/span><br \/>\n<span dir=\"auto\" style=\"vertical-align: inherit;\">Maximale helling: 15% <\/span><br \/>\n<span dir=\"auto\" style=\"vertical-align: inherit;\">Rem: Dubbele schijfremmen <\/span><br \/>\n<span dir=\"auto\" style=\"vertical-align: inherit;\">Verlichting: Wit voorlicht en rood achterlicht <\/span><br \/>\n<span dir=\"auto\" style=\"vertical-align: inherit;\">Veringtype: Dubbele voor- en achtervering <\/span><br \/>\n<span dir=\"auto\" style=\"vertical-align: inherit;\">Lader: 42V 1,5A <\/span><br \/>\n<span dir=\"auto\" style=\"vertical-align: inherit;\">Laadtijd: 4-6 uur <\/span><br \/>\n<span dir=\"auto\" style=\"vertical-align: inherit;\">Opvouwbaar: Ja <\/span><br \/>\n<span dir=\"auto\" style=\"vertical-align: inherit;\">Band: 12 inch rubberen luchtband<\/span><\/td>\n<\/tr>\n<tr>\n<td><strong><span dir=\"auto\" style=\"vertical-align: inherit;\">Gewicht en afmetingen<\/span><\/strong><\/td>\n<td><span dir=\"auto\" style=\"vertical-align: inherit;\">Productgewicht: 25 kg <\/span><br \/>\n<span dir=\"auto\" style=\"vertical-align: inherit;\">Pakketgewicht: 29,58 kg <\/span><br \/>\n<span dir=\"auto\" style=\"vertical-align: inherit;\">Productafmetingen (L x B x H): 126 x 60 x 116 cm <\/span><br \/>\n<span dir=\"auto\" style=\"vertical-align: inherit;\">Pakketafmetingen (L x B x H): 116 x 22 x 59 cm<\/span><\/td>\n<\/tr>\n<tr>\n<td><strong><span dir=\"auto\" style=\"vertical-align: inherit;\">Pakketinhoud<\/span><\/strong><\/td>\n<td><span dir=\"auto\" style=\"vertical-align: inherit;\">1 x i12 Elektrische scooter <\/span><br \/>\n<span dir=\"auto\" style=\"vertical-align: inherit;\">1 x Oplader <\/span><br \/>\n<span dir=\"auto\" style=\"vertical-align: inherit;\">1 x T-inbussleutel <\/span><br \/>\n<span dir=\"auto\" style=\"vertical-align: inherit;\">1 x Combinatiesleutel <\/span><br \/>\n<span dir=\"auto\" style=\"vertical-align: inherit;\">1 x Binnenband <\/span><br \/>\n<span dir=\"auto\" style=\"vertical-align: inherit;\">1 x Gebruikershandleiding<\/span><\/td>\n<\/tr>\n<\/tbody>\n<\/table>\n<\/div>\n<\/div>\n<div class=\"jb_reviews jb_reviews2\">\n<div class=\"jb_reviews_content jb_reviews_contentvido\">\n<div class=\"jb_warp\"><\/div>\n<div class=\"jb_tab\"><\/div>\n<\/div>\n<\/div>","protected":false},"excerpt":{"rendered":"<p>iScooter i12 elektrische scooter \u2013 Krachtig en handig woon-werkverkeer De iScooter i12 combineert kracht en comfort met zijn 500W motor<\/p>","protected":false},"featured_media":23178,"template":"","meta":[],"product_brand":[],"product_cat":[86],"product_tag":[163,166,409,140,454,449,216,217,218,451,219,220,115,425,452,455],"product_country":[1504],"class_list":{"0":"post-3078","1":"product","2":"type-product","3":"status-publish","4":"has-post-thumbnail","6":"product_cat-electric-bike","7":"product_tag-0-to-10-ah","8":"product_tag-251-to-500-watt","9":"product_tag-500w","10":"product_tag-7-5-ah","11":"product_tag-basket","12":"product_tag-best-affordable-electric-scooter-ireland","13":"product_tag-electric-scooter","14":"product_tag-electric-scooter-for-sale-ireland","15":"product_tag-electric-scooter-ireland","16":"product_tag-electric-scooter-price","17":"product_tag-electric-scooter-price-ireland","18":"product_tag-electric-scooter-with-seat","19":"product_tag-europe-stock","20":"product_tag-folding-scooter","21":"product_tag-iscooter","22":"product_tag-iscooter-i12-electric-scooter-with-seat-carry-basket","23":"product_country-netherlands","25":"first","26":"instock","27":"sale","28":"taxable","29":"shipping-taxable","30":"purchasable","31":"product-type-simple"},"_links":{"self":[{"href":"https:\/\/routinesfashione.com\/fr\/wp-json\/wp\/v2\/product\/3078","targetHints":{"allow":["GET"]}}],"collection":[{"href":"https:\/\/routinesfashione.com\/fr\/wp-json\/wp\/v2\/product"}],"about":[{"href":"https:\/\/routinesfashione.com\/fr\/wp-json\/wp\/v2\/types\/product"}],"wp:featuredmedia":[{"embeddable":true,"href":"https:\/\/routinesfashione.com\/fr\/wp-json\/wp\/v2\/media\/23178"}],"wp:attachment":[{"href":"https:\/\/routinesfashione.com\/fr\/wp-json\/wp\/v2\/media?parent=3078"}],"wp:term":[{"taxonomy":"product_brand","embeddable":true,"href":"https:\/\/routinesfashione.com\/fr\/wp-json\/wp\/v2\/product_brand?post=3078"},{"taxonomy":"product_cat","embeddable":true,"href":"https:\/\/routinesfashione.com\/fr\/wp-json\/wp\/v2\/product_cat?post=3078"},{"taxonomy":"product_tag","embeddable":true,"href":"https:\/\/routinesfashione.com\/fr\/wp-json\/wp\/v2\/product_tag?post=3078"},{"taxonomy":"product_country","embeddable":true,"href":"https:\/\/routinesfashione.com\/fr\/wp-json\/wp\/v2\/product_country?post=3078"}],"curies":[{"name":"wp","href":"https:\/\/api.w.org\/{rel}","templated":true}]}}