{"id":3181,"date":"2025-09-30T20:51:11","date_gmt":"2025-09-30T20:51:11","guid":{"rendered":"https:\/\/lightgray-crow-170497.hostingersite.com\/?post_type=product&#038;p=3181"},"modified":"2025-09-30T20:51:11","modified_gmt":"2025-09-30T20:51:11","slug":"thonet-bureau-s-285-0","status":"publish","type":"product","link":"https:\/\/routinesfashione.com\/fr\/produit\/thonet-bureau-s-285-0\/","title":{"rendered":"Bureau Thonet S 285\/0"},"content":{"rendered":"<div class=\"lg:flex lg:space-x-[30px] space-y-[0.71rem] lg:space-y-0 p-[1.15rem] sm:p-[1.79rem] lg:p-[2.86rem] lg:w-[62%]\">\n<div class=\"text-[#747474] whitespace-break-spaces [&amp;_a]:underline\">Dessin\u00e9 par Marcel Breuer, le bureau en acier tubulaire <strong>S 285<\/strong> est une pi\u00e8ce iconique du design contemporain. C\u2019est comme si Marcel Breuer avait anticip\u00e9 le home office d\u2019aujourd\u2019hui et les ordinateurs portables : le bureau compact <strong>S 285<\/strong> qu\u2019il a con\u00e7u est un compagnon \u00e9l\u00e9gant pour notre mode de vie moderne et le travail. Le <strong>bureau S 285 Thonet<\/strong> est un parfait exemple du style Bauhaus qui visait \u00e0 combiner l\u2019art et la technologie dans une seule entit\u00e9. Breuer \u00e9tait un menuisier qualifi\u00e9 et il a combin\u00e9 ses connaissances de l\u2019acier tubulaire en tant que mat\u00e9riau avec son exp\u00e9rience en design d\u2019int\u00e9rieur. Le plateau et les \u00e9l\u00e9ments de rangement, r\u00e9alis\u00e9s en bois teint, sont harmonieusement int\u00e9gr\u00e9s dans le cadre en acier tubulaire. La structure est form\u00e9e par des lignes courbes et les \u00e9l\u00e9ments en bois caract\u00e9ris\u00e9s par des formes nettes semblent flotter \u00e0 l\u2019int\u00e9rieur. Avec ses proportions \u00e9quilibr\u00e9es, le <strong>bureau S 285<\/strong> est d\u00e9clin\u00e9 par <strong>Thonet<\/strong> dans diff\u00e9rents mod\u00e8les, tous aussi iconiques et intemporels.<\/div>\n<\/div>\n<div class=\"p-[1.15rem] sm:p-[1.79rem] lg:p-[2.86rem] lg:w-[38%]\">\n<div class=\"lg:table\">\n<div class=\"lg:table-row [&amp;:last-child&gt;div:last-child]:pb-0\">\n<div class=\"lg:table-cell pb-[0.71rem] leading-[1rem] first-letter:uppercase\">Couleur<\/div>\n<div class=\"lg:table-cell text-[#747474] lg:pl-[2.86rem] pb-[1.79rem] lg:pb-[0.71rem] first-letter:uppercase\">noir<\/div>\n<\/div>\n<div class=\"lg:table-row [&amp;:last-child&gt;div:last-child]:pb-0\">\n<div class=\"lg:table-cell pb-[0.71rem] leading-[1rem] first-letter:uppercase\">Mat\u00e9riel<\/div>\n<div class=\"lg:table-cell text-[#747474] lg:pl-[2.86rem] pb-[1.79rem] lg:pb-[0.71rem] first-letter:uppercase\">bois<\/div>\n<\/div>\n<div class=\"lg:table-row [&amp;:last-child&gt;div:last-child]:pb-0\">\n<div class=\"lg:table-cell pb-[0.71rem] leading-[1rem] first-letter:uppercase\">D\u00e9finition<\/div>\n<div class=\"lg:table-cell text-[#747474] lg:pl-[2.86rem] pb-[1.79rem] lg:pb-[0.71rem] first-letter:uppercase\">h\u00eatre teint\u00e9 noir\/ chrome<\/div>\n<\/div>\n<div class=\"lg:table-row [&amp;:last-child&gt;div:last-child]:pb-0\">\n<div class=\"lg:table-cell pb-[0.71rem] leading-[1rem] first-letter:uppercase\">Dimensions<\/div>\n<div class=\"lg:table-cell text-[#747474] lg:pl-[2.86rem] pb-[1.79rem] lg:pb-[0.71rem] first-letter:uppercase\">l 121 x p 76 x h 73 cm<\/div>\n<\/div>\n<div class=\"lg:table-row [&amp;:last-child&gt;div:last-child]:pb-0\">\n<div class=\"lg:table-cell pb-[0.71rem] leading-[1rem] first-letter:uppercase\">Mat\u00e9riels<\/div>\n<div class=\"lg:table-cell text-[#747474] lg:pl-[2.86rem] pb-[1.79rem] lg:pb-[0.71rem] first-letter:uppercase\">panneau de particules avec placage bois v\u00e9ritable, tubes d&#8217;acier<\/div>\n<\/div>\n<div class=\"lg:table-row [&amp;:last-child&gt;div:last-child]:pb-0\">\n<div class=\"lg:table-cell pb-[0.71rem] leading-[1rem] first-letter:uppercase\">Disponibilit\u00e9<\/div>\n<div class=\"lg:table-cell text-[#747474] lg:pl-[2.86rem] pb-[1.79rem] lg:pb-[0.71rem] first-letter:uppercase\">6 \u00e0 8 semaines<\/div>\n<\/div>\n<\/div>\n<\/div>","protected":false},"excerpt":{"rendered":"<p>Dessin\u00e9 par Marcel Breuer, le bureau en acier tubulaire S 285 est une pi\u00e8ce iconique du design contemporain. C\u2019est comme<\/p>","protected":false},"featured_media":15191,"template":"","meta":[],"product_brand":[],"product_cat":[61],"product_tag":[1514],"product_country":[1503],"class_list":{"0":"post-3181","1":"product","2":"type-product","3":"status-publish","4":"has-post-thumbnail","6":"product_cat-sale-france","7":"product_tag-sale-france","8":"product_country-france","10":"first","11":"instock","12":"sale","13":"taxable","14":"shipping-taxable","15":"purchasable","16":"product-type-simple"},"_links":{"self":[{"href":"https:\/\/routinesfashione.com\/fr\/wp-json\/wp\/v2\/product\/3181","targetHints":{"allow":["GET"]}}],"collection":[{"href":"https:\/\/routinesfashione.com\/fr\/wp-json\/wp\/v2\/product"}],"about":[{"href":"https:\/\/routinesfashione.com\/fr\/wp-json\/wp\/v2\/types\/product"}],"wp:featuredmedia":[{"embeddable":true,"href":"https:\/\/routinesfashione.com\/fr\/wp-json\/wp\/v2\/media\/15191"}],"wp:attachment":[{"href":"https:\/\/routinesfashione.com\/fr\/wp-json\/wp\/v2\/media?parent=3181"}],"wp:term":[{"taxonomy":"product_brand","embeddable":true,"href":"https:\/\/routinesfashione.com\/fr\/wp-json\/wp\/v2\/product_brand?post=3181"},{"taxonomy":"product_cat","embeddable":true,"href":"https:\/\/routinesfashione.com\/fr\/wp-json\/wp\/v2\/product_cat?post=3181"},{"taxonomy":"product_tag","embeddable":true,"href":"https:\/\/routinesfashione.com\/fr\/wp-json\/wp\/v2\/product_tag?post=3181"},{"taxonomy":"product_country","embeddable":true,"href":"https:\/\/routinesfashione.com\/fr\/wp-json\/wp\/v2\/product_country?post=3181"}],"curies":[{"name":"wp","href":"https:\/\/api.w.org\/{rel}","templated":true}]}}