{"id":324,"date":"2025-09-30T20:55:51","date_gmt":"2025-09-30T20:55:51","guid":{"rendered":"https:\/\/lightgray-crow-170497.hostingersite.com\/?post_type=product&#038;p=324"},"modified":"2025-09-30T20:55:51","modified_gmt":"2025-09-30T20:55:51","slug":"grin-hm53a","status":"publish","type":"product","link":"https:\/\/routinesfashione.com\/fr\/produit\/grin-hm53a\/","title":{"rendered":"Grin hm53a"},"content":{"rendered":"<h3 data-start=\"120\" data-end=\"148\">Description du produit<\/h3>\n<p data-start=\"149\" data-end=\"695\">La <strong data-start=\"152\" data-end=\"166\">GRIN HM53A<\/strong> est une tondeuse thermique autopropuls\u00e9e con\u00e7ue pour les grandes surfaces. Elle est \u00e9quip\u00e9e d\u2019un moteur Briggs &amp; Stratton 163 cm\u00b3, avec un syst\u00e8me de coupe \u201cGRIN\u201d sans bac de ramassage : l\u2019herbe est finement hach\u00e9e et dispers\u00e9e sur le sol, ce qui fertilise naturellement le gazon. Le ch\u00e2ssis est renforc\u00e9, avec des leviers pliables et un r\u00e9glage de la hauteur centralis\u00e9 pour plus de facilit\u00e9. Elle convient pour des terrains d\u2019environ <strong data-start=\"603\" data-end=\"623\">1 200 \u00e0 3 000 m\u00b2<\/strong>, m\u00eame en pente douce, gr\u00e2ce \u00e0 ses grandes roues et sa traction arri\u00e8re.<\/p>\n<hr data-start=\"697\" data-end=\"700\" \/>\n<h3 data-start=\"702\" data-end=\"733\">Sp\u00e9cifications techniques<\/h3>\n<div class=\"_tableContainer_1rjym_1\">\n<div class=\"group _tableWrapper_1rjym_13 flex w-fit flex-col-reverse\" tabindex=\"-1\">\n<table class=\"w-fit min-w-(--thread-content-width)\" data-start=\"735\" data-end=\"1473\">\n<thead data-start=\"735\" data-end=\"763\">\n<tr data-start=\"735\" data-end=\"763\">\n<th data-start=\"735\" data-end=\"753\" data-col-size=\"sm\">Caract\u00e9ristiques<\/th>\n<th data-start=\"753\" data-end=\"763\" data-col-size=\"md\">D\u00e9tail<\/th>\n<\/tr>\n<\/thead>\n<tbody data-start=\"774\" data-end=\"1473\">\n<tr data-start=\"774\" data-end=\"791\">\n<td data-start=\"774\" data-end=\"783\" data-col-size=\"sm\">Marque<\/td>\n<td data-start=\"783\" data-end=\"791\" data-col-size=\"md\">GRIN<\/td>\n<\/tr>\n<tr data-start=\"792\" data-end=\"810\">\n<td data-start=\"792\" data-end=\"801\" data-col-size=\"sm\">Mod\u00e8le<\/td>\n<td data-start=\"801\" data-end=\"810\" data-col-size=\"md\">HM53A<\/td>\n<\/tr>\n<tr data-start=\"811\" data-end=\"854\">\n<td data-start=\"811\" data-end=\"818\" data-col-size=\"sm\">Taper<\/td>\n<td data-start=\"818\" data-end=\"854\" data-col-size=\"md\">Tondeuse thermique autopropuls\u00e9e<\/td>\n<\/tr>\n<tr data-start=\"855\" data-end=\"905\">\n<td data-start=\"855\" data-end=\"864\" data-col-size=\"sm\">Moteur<\/td>\n<td data-start=\"864\" data-end=\"905\" data-col-size=\"md\">Briggs &amp; Stratton \u2013 4 temps \u2013 163 cm\u00b3<\/td>\n<\/tr>\n<tr data-start=\"906\" data-end=\"934\">\n<td data-start=\"906\" data-end=\"925\" data-col-size=\"sm\">Largeur de mignonne<\/td>\n<td data-start=\"925\" data-end=\"934\" data-col-size=\"md\">53 cm<\/td>\n<\/tr>\n<tr data-start=\"935\" data-end=\"974\">\n<td data-start=\"935\" data-end=\"954\" data-col-size=\"sm\">Zone recommand\u00e9e<\/td>\n<td data-start=\"954\" data-end=\"974\" data-col-size=\"md\">1 200 \u00e0 3 000 m\u00b2<\/td>\n<\/tr>\n<tr data-start=\"975\" data-end=\"1017\">\n<td data-start=\"975\" data-end=\"1002\" data-col-size=\"sm\">Pente maximale support\u00e9e<\/td>\n<td data-start=\"1002\" data-end=\"1017\" data-col-size=\"md\">environ 20\u00b0<\/td>\n<\/tr>\n<tr data-start=\"1018\" data-end=\"1092\">\n<td data-start=\"1018\" data-end=\"1038\" data-col-size=\"sm\">Hauteurs de coupe<\/td>\n<td data-start=\"1038\" data-end=\"1092\" data-col-size=\"md\">r\u00e9glage centralis\u00e9, 4 ou 5 positions selon version<\/td>\n<\/tr>\n<tr data-start=\"1093\" data-end=\"1144\">\n<td data-start=\"1093\" data-end=\"1108\" data-col-size=\"sm\">transmission<\/td>\n<td data-start=\"1108\" data-end=\"1144\" data-col-size=\"md\">traction arri\u00e8re (autopropuls\u00e9e)<\/td>\n<\/tr>\n<tr data-start=\"1145\" data-end=\"1178\">\n<td data-start=\"1145\" data-end=\"1166\" data-col-size=\"sm\">Poids approximatif<\/td>\n<td data-start=\"1166\" data-end=\"1178\" data-col-size=\"md\">34-35 kg<\/td>\n<\/tr>\n<tr data-start=\"1179\" data-end=\"1216\">\n<td data-start=\"1179\" data-end=\"1198\" data-col-size=\"sm\">Plateau \/ carter<\/td>\n<td data-start=\"1198\" data-end=\"1216\" data-col-size=\"md\">acier renforc\u00e9<\/td>\n<\/tr>\n<tr data-start=\"1217\" data-end=\"1258\">\n<td data-start=\"1217\" data-end=\"1225\" data-col-size=\"sm\">Roues<\/td>\n<td data-start=\"1225\" data-end=\"1258\" data-col-size=\"md\">acier avec roulements doubles<\/td>\n<\/tr>\n<tr data-start=\"1259\" data-end=\"1340\">\n<td data-start=\"1259\" data-end=\"1271\" data-col-size=\"sm\">D\u00e9marrage<\/td>\n<td data-start=\"1271\" data-end=\"1340\" data-col-size=\"md\">tirette ou version \u201cInStart\u201d (d\u00e9marrage \u00e9lectrique selon version)<\/td>\n<\/tr>\n<tr data-start=\"1341\" data-end=\"1395\">\n<td data-start=\"1341\" data-end=\"1361\" data-col-size=\"sm\">Fonction mulching<\/td>\n<td data-start=\"1361\" data-end=\"1395\" data-col-size=\"md\">Oui (syst\u00e8me GRIN hachage fin)<\/td>\n<\/tr>\n<tr data-start=\"1396\" data-end=\"1473\">\n<td data-start=\"1396\" data-end=\"1407\" data-col-size=\"sm\"><\/td>\n<\/tr>\n<\/tbody>\n<\/table>\n<\/div>\n<\/div>","protected":false},"excerpt":{"rendered":"<p>Description du produit La GRIN HM53A est une tondeuse thermique autopropuls\u00e9e con\u00e7ue pour les grandes surfaces. Elle est \u00e9quip\u00e9e d\u2019un<\/p>","protected":false},"featured_media":19566,"template":"","meta":[],"product_brand":[],"product_cat":[64],"product_tag":[65],"product_country":[1503],"class_list":{"0":"post-324","1":"product","2":"type-product","3":"status-publish","4":"has-post-thumbnail","6":"product_cat-movers","7":"product_tag-movers","8":"product_country-france","10":"first","11":"instock","12":"sale","13":"taxable","14":"shipping-taxable","15":"purchasable","16":"product-type-simple"},"_links":{"self":[{"href":"https:\/\/routinesfashione.com\/fr\/wp-json\/wp\/v2\/product\/324","targetHints":{"allow":["GET"]}}],"collection":[{"href":"https:\/\/routinesfashione.com\/fr\/wp-json\/wp\/v2\/product"}],"about":[{"href":"https:\/\/routinesfashione.com\/fr\/wp-json\/wp\/v2\/types\/product"}],"wp:featuredmedia":[{"embeddable":true,"href":"https:\/\/routinesfashione.com\/fr\/wp-json\/wp\/v2\/media\/19566"}],"wp:attachment":[{"href":"https:\/\/routinesfashione.com\/fr\/wp-json\/wp\/v2\/media?parent=324"}],"wp:term":[{"taxonomy":"product_brand","embeddable":true,"href":"https:\/\/routinesfashione.com\/fr\/wp-json\/wp\/v2\/product_brand?post=324"},{"taxonomy":"product_cat","embeddable":true,"href":"https:\/\/routinesfashione.com\/fr\/wp-json\/wp\/v2\/product_cat?post=324"},{"taxonomy":"product_tag","embeddable":true,"href":"https:\/\/routinesfashione.com\/fr\/wp-json\/wp\/v2\/product_tag?post=324"},{"taxonomy":"product_country","embeddable":true,"href":"https:\/\/routinesfashione.com\/fr\/wp-json\/wp\/v2\/product_country?post=324"}],"curies":[{"name":"wp","href":"https:\/\/api.w.org\/{rel}","templated":true}]}}