{"id":3274,"date":"2025-09-30T20:51:09","date_gmt":"2025-09-30T20:51:09","guid":{"rendered":"https:\/\/lightgray-crow-170497.hostingersite.com\/?post_type=product&#038;p=3274"},"modified":"2025-09-30T20:51:10","modified_gmt":"2025-09-30T20:51:10","slug":"sunjoy-nebraska-collection-13-ft-x-13-ft-gazebo-octogonal-encadre-de-cedre-avec-toit-rigide-en-acier-a-2-niveaux-sunjoy-brown-other","status":"publish","type":"product","link":"https:\/\/routinesfashione.com\/fr\/produit\/sunjoy-nebraska-collection-13-ft-x-13-ft-gazebo-octogonal-encadre-de-cedre-avec-toit-rigide-en-acier-a-2-niveaux-sunjoy-brown-other\/","title":{"rendered":"Sunjoy Nebraska Collection 13 pi. x 13 pieds. Gazebo octogonal encadr\u00e9 de C\u00e8dre avec toit rigide en acier \u00e0 2 Levelx Sunjoy Brun Autre"},"content":{"rendered":"<h3>Sp\u00e9cifications produit<\/h3>\n<div id=\"productdetails_productinfo\">\n<div class=\"specification-items\">\n<div class=\"specification-item\">\n<p><label>Largeur<\/label><\/p>\n<div class=\"specification-content\">3,00 m.<\/div>\n<\/div>\n<div class=\"specification-item\">\n<p><label>Longueur<\/label><\/p>\n<div class=\"specification-content\">4,00 m.<\/div>\n<\/div>\n<div class=\"specification-item\">\n<p><label>Hauteur des c\u00f4t\u00e9s<\/label><\/p>\n<div class=\"specification-content\">1,95 m.<\/div>\n<\/div>\n<div class=\"specification-item\">\n<p><label>Hauteur sous faiti\u00e9re<\/label><\/p>\n<div class=\"specification-content\">2,79 m.<\/div>\n<\/div>\n<div class=\"specification-item\">\n<p><label>Mat\u00e9riel de toit<\/label><\/p>\n<div class=\"specification-content\">Acier galvanis\u00e9<\/div>\n<\/div>\n<div class=\"specification-item\">\n<p><label>Parties lat\u00e9rales<\/label><\/p>\n<div class=\"specification-content\">Filet en tissu textile et parois lat\u00e9rales en polyester 180g\/m\u00b2<\/div>\n<\/div>\n<div class=\"specification-item\">\n<p><label>Tubes \/ raccords<\/label><\/p>\n<div class=\"specification-content\">aluminium<\/div>\n<\/div>\n<div class=\"specification-item\">\n<p><label>Diam\u00e8tre des tiges<\/label><\/p>\n<div class=\"specification-content\">120x120x1,0mm<\/div>\n<\/div>\n<div class=\"specification-item\">\n<p><label>\u00c9tanche<\/label><\/p>\n<div class=\"specification-content\">100% \u00c9tanche<\/div>\n<\/div>\n<div class=\"specification-item\">\n<p><label>Panneaux de toit<\/label><\/p>\n<div class=\"specification-content\">0,40 mm.<\/div>\n<\/div>\n<div class=\"specification-item\">\n<p><label>Couleur<\/label><\/p>\n<div class=\"specification-content\">Marron<\/div>\n<\/div>\n<div class=\"specification-item\">\n<p><label>Poids<\/label><\/p>\n<div class=\"specification-content\">153,30 kg<\/div>\n<\/div>\n<div class=\"specification-item\">\n<p><label>UV<\/label><\/p>\n<div class=\"specification-content\">R\u00e9sistant \u00e0 l&#8217;influence des rayons UV<\/div>\n<\/div>\n<div class=\"specification-item\">\n<p><label>Dimension des cartons:<\/label><\/p>\n<div class=\"specification-content\">Carton 1: 34,0 x 25,0 x 216,0<br \/>\nCarton 2: 37,0 x 21,0 x 195,0<br \/>\nCarton 3: 37,0 x 21,0 x 164,0<br \/>\nCarton 4: 50,0 x 19,0 x 56,0<br \/>\nCarton 5: 114,0 x 4,0 x 146,5<br \/>\nCarton 6: 102,0 x 4,0 x 114,0<\/div>\n<\/div>\n<\/div>\n<\/div>\n<h3>Info produit:<\/h3>\n<div id=\"productdetails_longdesc\" class=\"longdesc_text no-expand\">\n<ul>\n<li>Tonnelle de haute qualit\u00e9 faite de mat\u00e9riaux robustes et durables<\/li>\n<li>Cadre en aluminium \u2014 pas de rouille, de pourriture ou d\u2019\u00e9caillage<\/li>\n<li>Facile \u00e0 assembler et \u00e0 monter<\/li>\n<li>Purgeur d\u2019air int\u00e9gr\u00e9 dans le toit<\/li>\n<li>Beaucoup de beaux d\u00e9tails<\/li>\n<li>Incluant 4 parois lat\u00e9rales et moustiquaire<\/li>\n<li>Syst\u00e8me de goutti\u00e8res int\u00e9gr\u00e9<\/li>\n<\/ul>\n<p>Cette belle tonnelle sera un bel ajout \u00e0 la plupart des jardins, terrasses, cours et atriums. Sa construction \u00e9l\u00e9gante et robuste deviendra bient\u00f4t le point de rencontre naturel des invit\u00e9s et des h\u00f4tes. Profitez encore plus de votre jardin assis \u00e0 l\u2019int\u00e9rieur de cette \u00e9l\u00e9gante tonnelle, qui vous prot\u00e9gera du soleil, de la pluie, du vent et des insectes volants si vous choisissez de monter les parois lat\u00e9rales ferm\u00e9es et la moustiquaire. Vous pouvez installer sous cette construction robuste une table et des chaises, des chaises longues, un barbecue ou un jacuzzi. Quel que soit votre choix, la tonnelle de jardin vous procurera un abri, du calme et la sensation sp\u00e9ciale de d\u00e9tonnelle et de luxe qu\u2019une tonnelle de cette qualit\u00e9 peut vous procurer.<\/p>\n<p>Le cadre en aluminium peint par poudrage vous offre une structure solide, durable et sans entretien, sans rouille, ni pourriture, ni \u00e9caillage. La tonnelle peut \u00eatre utilis\u00e9e dans de nombreuses combinaisons diff\u00e9rentes avec ou sans les parois lat\u00e9rales ferm\u00e9es et la moustiquaire.<\/p>\n<p>S\u2019il vous pla\u00eet, notez le large assortiment de meubles de jardin et d\u2019autres accessoires tels que les chauffe-terrasse, les jardini\u00e8res, et les \u00e9clairages, qui seront du meilleur effet sous la tonnelle. Vous trouverez tout ici sur dancovershop.com.<\/p>\n<h4>CosyLifeStyle\u00ae<\/h4>\n<p>CosyLifeStyle\u00ae propose un large choix de tonnelles de jardin et de pergolas \u00e9l\u00e9gantes, qui ajouteront du style ainsi qu\u2019une ombre agr\u00e9able \u00e0 votre jardin \u2014 et vous fourniront en m\u00eame temps un endroit sp\u00e9cial, o\u00f9 vous pourrez vous d\u00e9tendre et vous r\u00e9unir avec vos amis et votre famille. Une \u00e9l\u00e9gante tonnelle de jardin en mat\u00e9riaux sans entretien deviendra bient\u00f4t l\u2019endroit naturel pour se retrouver sur la terrasse ou dans le jardin \u2014 peut-\u00eatre m\u00eame \u00e0 c\u00f4t\u00e9 d\u2019une piscine. Vous pouvez vous r\u00e9jouir de profiter de votre tonnelle de jardin ou de votre pergola pendant la journ\u00e9e, o\u00f9 il vous offrira une ombre fra\u00eeche du soleil \u2014 et le soir, o\u00f9 il vous abritera de la ros\u00e9e et de l\u2019air frais du soir. Les tentes avec rideaux peuvent \u00eatre ferm\u00e9es pour cr\u00e9er un endroit merveilleux o\u00f9 vous pourrez profiter du jardin et peut-\u00eatre m\u00eame d\u2019une bonne compagnie jusqu\u2019\u00e0 tard dans la nuit.<\/p>\n<\/div>\n<h3 class=\"show-more-clickable\">Conseils de s\u00e9curit\u00e9<\/h3>\n<div class=\"longdesc_text large-tent-safety\">\n<ul>\n<li>Lors de l\u2019installation d\u2019une tonnelle\/pergola, il est de votre responsabilit\u00e9 de respecter les r\u00e8gles et r\u00e9glementations locales et de vous assurer que la tonnelle est assembl\u00e9e correctement selon le manuel ci-joint. Il est tr\u00e8s important que vous assembliez toutes les pi\u00e8ces conform\u00e9ment aux instructions. Ne sautez aucune pi\u00e8ce ni aucune \u00e9tape.<\/li>\n<li>\u00c9quipement de protection pendant le montage: Veuillez faire attention lors de l\u2019assemblage de la tonnelle\/pergola, car certaines pi\u00e8ces peuvent \u00eatre lourdes et avoir des bords tranchants. Utilisez des gants de travail comme recommand\u00e9 dans le manuel \u2014 et de pr\u00e9f\u00e9rence des chaussures et des lunettes de s\u00e9curit\u00e9. Si vous utilisez une \u00e9chelle ou des outils \u00e9lectriques, veillez \u00e0 suivre les conseils de s\u00e9curit\u00e9 du fabricant. Tenez les enfants \u00e9loign\u00e9s du lieu de montage.<br \/>\nNe vous appuyez pas contre la tonnelle\/pergola pendant la construction. Ne placez pas votre tonnelle\/pergola dans une zone o\u00f9 le vent est excessif. N\u2019essayez pas d\u2019assembler cette tonnelle si vous \u00eates fatigu\u00e9, si vous avez pris des drogues ou de l\u2019alcool.<\/li>\n<li>Les tonnelles\/pergolas ne sont pas des b\u00e2timents permanents: Veuillez noter que m\u00eame si nos tonnelles et pergolas sont des structures solides et durables, elles ne sont pas des b\u00e2timents permanents en tant que tels. Il vous incombe donc de v\u00e9rifier r\u00e9guli\u00e8rement la structure pour vous assurer qu\u2019elle est s\u00fbre et en \u00e9tat de marche. Comme les tonnelles et les pergolas sont fabriqu\u00e9es \u00e0 partir de mat\u00e9riaux l\u00e9gers, vous devez vous assurer qu\u2019elles sont toujours bien fix\u00e9es et attach\u00e9es \u00e0 la base afin que la tonnelle\/pergola ne cause pas de dommages aux autres en cas de mauvais temps. Veillez \u00e0 ne pas heurter de c\u00e2bles ou de tuyaux cach\u00e9s dans le sol lorsque vous ins\u00e9rez les ancrages au sol ou autres.<\/li>\n<li>Veillez \u00e0 placer la tonnelle\/pergola sur une surface ferme et plane, de pr\u00e9f\u00e9rence en b\u00e9ton, mais les dalles, le bois ou le gravier peuvent \u00e9galement convenir. La base doit \u00eatre \u00e0 100 % de niveau et avec les angles droits \u2014 v\u00e9rifiez en mesurant les deux dimensions diagonales.<\/li>\n<li>En cas de neige et de conditions m\u00e9t\u00e9orologiques extr\u00eames: Fixez toujours la structure pour \u00e9viter les accidents en cas de conditions m\u00e9t\u00e9orologiques extr\u00eames. Les tonnelles et les pergolas sont des structures provisoires et doivent \u00eatre fix\u00e9es ou d\u00e9mont\u00e9es pendant l\u2019hiver ou en cas de mauvais temps. En outre, retirez les rideaux, les parois lat\u00e9rales et la moustiquaire en cas de temps venteux.<br \/>\nPour l\u2019hiver, retirez \u00e9galement les rideaux et les parois lat\u00e9rales de la structure et assurez-vous qu\u2019ils soient secs avant de les plier et de les ranger. Veillez \u00e0 d\u00e9neiger le toit de la tonnelle pour \u00e9viter que la structure ne s\u2019effondre sous le poids d\u2019une neige trop lourde. Une autre solution consiste \u00e0 retirer le toit pendant l\u2019hiver si, pour une raison ou une autre, vous ne pouvez pas d\u00e9neiger r\u00e9guli\u00e8rement. Positionnez les lattes de votre pergola \u00e0 la verticale afin que la neige ne s\u2019accumule pas dessus. Si votre tonnelle\/pergola est recouverte de tissu, vous devez retirer toutes les parois lat\u00e9rales ainsi que le toit en cas de conditions m\u00e9t\u00e9orologiques extr\u00eames et pendant l\u2019hiver.<\/li>\n<li>Assurance: Veuillez v\u00e9rifier si une tonnelle\/pergola est couverte par votre assurance habitation. Ne restez pas \u00e0 l\u2019int\u00e9rieur de la structure en cas de conditions m\u00e9t\u00e9orologiques extr\u00eames.<\/li>\n<li>Informations sur la garantie: La garantie Dancover s\u2019applique uniquement \u00e0 l\u2019utilisation normale du produit, \u00e0 l\u2019exception de l\u2019usure normale, conform\u00e9ment aux instructions d\u2019utilisation \u00e9crites ou au manuel. Si vous devez nettoyer votre tonnelle\/pergola \u00e0 un moment donn\u00e9, utilisez uniquement un d\u00e9tergent doux et de l\u2019eau ti\u00e8de ou froide. N\u2019utilisez pas d\u2019agents forts, quels qu\u2019ils soient.<\/li>\n<\/ul>\n<\/div>\n<div class=\"longdesc_text_more_button\"><\/div>","protected":false},"excerpt":{"rendered":"<p>Sp\u00e9cifications produit Largeur 3,00 m. Longueur 4,00 m. Hauteur des c\u00f4t\u00e9s 1,95 m. Hauteur sous faiti\u00e9re 2,79 m. Mat\u00e9riel de<\/p>","protected":false},"featured_media":15271,"template":"","meta":[],"product_brand":[],"product_cat":[61],"product_tag":[1514],"product_country":[1503],"class_list":{"0":"post-3274","1":"product","2":"type-product","3":"status-publish","4":"has-post-thumbnail","6":"product_cat-sale-france","7":"product_tag-sale-france","8":"product_country-france","10":"first","11":"instock","12":"sale","13":"taxable","14":"shipping-taxable","15":"purchasable","16":"product-type-simple"},"_links":{"self":[{"href":"https:\/\/routinesfashione.com\/fr\/wp-json\/wp\/v2\/product\/3274","targetHints":{"allow":["GET"]}}],"collection":[{"href":"https:\/\/routinesfashione.com\/fr\/wp-json\/wp\/v2\/product"}],"about":[{"href":"https:\/\/routinesfashione.com\/fr\/wp-json\/wp\/v2\/types\/product"}],"wp:featuredmedia":[{"embeddable":true,"href":"https:\/\/routinesfashione.com\/fr\/wp-json\/wp\/v2\/media\/15271"}],"wp:attachment":[{"href":"https:\/\/routinesfashione.com\/fr\/wp-json\/wp\/v2\/media?parent=3274"}],"wp:term":[{"taxonomy":"product_brand","embeddable":true,"href":"https:\/\/routinesfashione.com\/fr\/wp-json\/wp\/v2\/product_brand?post=3274"},{"taxonomy":"product_cat","embeddable":true,"href":"https:\/\/routinesfashione.com\/fr\/wp-json\/wp\/v2\/product_cat?post=3274"},{"taxonomy":"product_tag","embeddable":true,"href":"https:\/\/routinesfashione.com\/fr\/wp-json\/wp\/v2\/product_tag?post=3274"},{"taxonomy":"product_country","embeddable":true,"href":"https:\/\/routinesfashione.com\/fr\/wp-json\/wp\/v2\/product_country?post=3274"}],"curies":[{"name":"wp","href":"https:\/\/api.w.org\/{rel}","templated":true}]}}