{"id":337,"date":"2025-09-30T20:55:51","date_gmt":"2025-09-30T20:55:51","guid":{"rendered":"https:\/\/lightgray-crow-170497.hostingersite.com\/?post_type=product&#038;p=337"},"modified":"2025-09-30T20:55:51","modified_gmt":"2025-09-30T20:55:51","slug":"berthoud-pulverisateur-vermorel-2000-pro-confort-16l","status":"publish","type":"product","link":"https:\/\/routinesfashione.com\/fr\/produit\/berthoud-pulverisateur-vermorel-2000-pro-confort-16l\/","title":{"rendered":"Berthoud Pulv\u00e9risateur Vermorel 2000 par confort 16L"},"content":{"rendered":"<div class=\"nq-c-ProductFullDesc-content-head\">\n<h3 class=\"nq-c-ProductFullDesc-content-head-name\"><span dir=\"auto\">Pulv\u00e9risateur \u00e0 dos \u00e0 pression maintenue Berthoud VERMOREL 2000 PRO CONFORT \u2013 16 L<\/span><\/h3>\n<\/div>\n<h3><span dir=\"auto\">Pulv\u00e9risateur Vermorel 2000 Pro Confort Berthoud : con\u00e7u pour votre sant\u00e9 !<\/span><\/h3>\n<p><span dir=\"auto\">R\u00e9servoir : capacit\u00e9 de 16 L avec niveau de liquide visible<\/span><\/p>\n<h3><span dir=\"auto\">\u00c9quipement<\/span><\/h3>\n<p><span dir=\"auto\">\u2013 Cadre de dossier \u00e9pousant parfaitement la forme du dos et \u00e9quip\u00e9 d\u2019un portage sanitaire ultra-confortable<\/span><br \/>\n<span dir=\"auto\">\u2013 Levier de pompage r\u00e9versible gauche droite et r\u00e9glable dans toutes les positions (en largeur et<\/span><br \/>\n<span dir=\"auto\">hauteur \u2013 par crans de 10\u00b0) pour s&#039;adapter \u00e0 la morphologie de chaque utilisateur<\/span><br \/>\n<span dir=\"auto\">\u2013 Pompe \u00e0 membrane et piston curviligne \u00ab haute performance \u00bb (manipulation fluide et faible d\u00e9bit de pompage)<\/span><br \/>\n<span dir=\"auto\">\u2013 Limiteur de pression r\u00e9glable de 1 \u00e0 5 Bar pour un dosage constant<\/span><br \/>\n<span dir=\"auto\">\u2013 Poign\u00e9e de lance ergonomique de type \u00ab PROFILE \u00bb, pour un plus grand confort d\u2019utilisation<\/span><br \/>\n<span dir=\"auto\">\u2013 Lance t\u00e9lescopique composite \u00e0 haute r\u00e9sistance m\u00e9canique et chimique de 60 \u00e0 100 cm<\/span><br \/>\n<span dir=\"auto\">\u2013 Porte-buse universel r\u00e9glable \u00e9quip\u00e9 d\u2019une buse tourbillonnante 15\/10e, d\u2019une buse \u00e0 jet plat bleue de type \u00ab pinceau \u00bb et d\u2019une buse \u00e0 jet plat bleue de type \u00ab miroir \u00bb<\/span><\/p>\n<h3><span dir=\"auto\">\u00c9QUIPEZ-VOUS DU SYST\u00c8ME DE TRANSPORT DE SANT\u00c9<\/span><\/h3>\n<p><span dir=\"auto\">1 an d&#039;\u00e9tudes et de tests pour d\u00e9terminer l&#039;impact du port du pulv\u00e9risateur sur le dos de l&#039;utilisateur<\/span><\/p>\n<p><span dir=\"auto\">D\u00e9veloppement d&#039;un nouveau syst\u00e8me de portage respectueux du dos pour un travail meilleur et plus long !<\/span><br \/>\n<span dir=\"auto\">R\u00e9duction des impacts n\u00e9gatifs sur la colonne vert\u00e9brale et le bassin.<\/span><br \/>\n<span dir=\"auto\">R\u00e9duction significative de la tension associ\u00e9e au transport du pulv\u00e9risateur.<\/span><\/p>\n<p><span dir=\"auto\">\u2013 Renfort dorsal : pas de contact direct avec le r\u00e9servoir pour plus de confort<\/span><br \/>\n<span dir=\"auto\">\u2013 Bretelles r\u00e9glables en mousse renforc\u00e9e et rappels de charge : ajustables \u00e0 la morphologie de l&#039;utilisateur + \u00e9vitent le cisaillement au niveau des \u00e9paules<\/span><br \/>\n<span dir=\"auto\">\u2013 Ceinture r\u00e9glable et renfort dorsal : r\u00e9partition du poids de l&#039;utilisateur 70% hanches \/ 30% \u00e9paules + assure la stabilit\u00e9 du pulv\u00e9risateur<\/span><br \/>\n<span dir=\"auto\">\u2013 Sangle de poitrine : assure la stabilit\u00e9 du pulv\u00e9risateur + r\u00e9duit les tensions lat\u00e9rales<\/span><\/p>\n<p><strong><span dir=\"auto\">Conseil<\/span><\/strong><span dir=\"auto\"> Pour am\u00e9liorer la qualit\u00e9 de vos joints, graissez-les au moins une \u00e0 deux fois par an \u00e0 l&#039;aide de la seringue, plus souvent en cas d&#039;utilisation intensive du pulv\u00e9risateur. Tous les joints doivent \u00eatre graiss\u00e9s (en particulier ceux de la pompe en contact avec le liquide).<\/span><\/p>","protected":false},"excerpt":{"rendered":"<p>Berthoud VERMOREL 2000 PRO CONFORT pressure-maintained backpack sprayer &#8211; 16 L Vermorel 2000 Pro Confort Berthoud sprayer: designed for your<\/p>","protected":false},"featured_media":13061,"template":"","meta":[],"product_brand":[],"product_cat":[61],"product_tag":[],"product_country":[1503],"class_list":{"0":"post-337","1":"product","2":"type-product","3":"status-publish","4":"has-post-thumbnail","6":"product_cat-sale-france","7":"product_country-france","9":"first","10":"instock","11":"sale","12":"taxable","13":"shipping-taxable","14":"purchasable","15":"product-type-simple"},"_links":{"self":[{"href":"https:\/\/routinesfashione.com\/fr\/wp-json\/wp\/v2\/product\/337","targetHints":{"allow":["GET"]}}],"collection":[{"href":"https:\/\/routinesfashione.com\/fr\/wp-json\/wp\/v2\/product"}],"about":[{"href":"https:\/\/routinesfashione.com\/fr\/wp-json\/wp\/v2\/types\/product"}],"wp:featuredmedia":[{"embeddable":true,"href":"https:\/\/routinesfashione.com\/fr\/wp-json\/wp\/v2\/media\/13061"}],"wp:attachment":[{"href":"https:\/\/routinesfashione.com\/fr\/wp-json\/wp\/v2\/media?parent=337"}],"wp:term":[{"taxonomy":"product_brand","embeddable":true,"href":"https:\/\/routinesfashione.com\/fr\/wp-json\/wp\/v2\/product_brand?post=337"},{"taxonomy":"product_cat","embeddable":true,"href":"https:\/\/routinesfashione.com\/fr\/wp-json\/wp\/v2\/product_cat?post=337"},{"taxonomy":"product_tag","embeddable":true,"href":"https:\/\/routinesfashione.com\/fr\/wp-json\/wp\/v2\/product_tag?post=337"},{"taxonomy":"product_country","embeddable":true,"href":"https:\/\/routinesfashione.com\/fr\/wp-json\/wp\/v2\/product_country?post=337"}],"curies":[{"name":"wp","href":"https:\/\/api.w.org\/{rel}","templated":true}]}}