{"id":340,"date":"2025-09-30T20:55:51","date_gmt":"2025-09-30T20:55:51","guid":{"rendered":"https:\/\/lightgray-crow-170497.hostingersite.com\/?post_type=product&#038;p=340"},"modified":"2025-09-30T20:55:51","modified_gmt":"2025-09-30T20:55:51","slug":"stiga-combi-753-se-self-propelled-petrol-lawn-mower-electric-start","status":"publish","type":"product","link":"https:\/\/routinesfashione.com\/fr\/produit\/stiga-combi-753-se-self-propelled-petrol-lawn-mower-electric-start\/","title":{"rendered":"Tondeuse \u00e0 gazon autotract\u00e9e \u00e0 essence Stiga Combi 753 SE (d\u00e9marrage \u00e9lectrique)"},"content":{"rendered":"<h3 data-start=\"177\" data-end=\"205\">Description du produit<\/h3>\n<p data-start=\"206\" data-end=\"908\">La <strong data-start=\"209\" data-end=\"231\">Stiga Combi 753 SE<\/strong> est une tondeuse \u00e0 essence autotract\u00e9e puissante, con\u00e7ue pour les grands jardins. Elle offre un d\u00e9marrage \u00e9lectrique pratique, \u00e9liminant les tracas du lanceur manuel. Dot\u00e9e d\u2019un ch\u00e2ssis en acier galvanis\u00e9 robuste et d\u2019une largeur de coupe g\u00e9n\u00e9reuse, elle propose plusieurs modes de coupe : ramassage, mulching (option fertilisation naturelle), \u00e9jection arri\u00e8re et lat\u00e9rale. Sa poign\u00e9e \u201cFulcrum\u201d est r\u00e9glable en hauteur et angle, pour faciliter la tonte le long des bordures ou sous les haies, et se plie pour un rangement compact. Elle est autopropuls\u00e9e avec roues arri\u00e8re motrices, ce qui r\u00e9duit significativement l\u2019effort, m\u00eame sur terrain l\u00e9g\u00e8rement en pente ou irr\u00e9gulier.<\/p>\n<hr data-start=\"910\" data-end=\"913\" \/>\n<h3 data-start=\"915\" data-end=\"946\">Sp\u00e9cifications techniques<\/h3>\n<div class=\"_tableContainer_1rjym_1\">\n<div class=\"group _tableWrapper_1rjym_13 flex w-fit flex-col-reverse\" tabindex=\"-1\">\n<table class=\"w-fit min-w-(--thread-content-width)\" data-start=\"948\" data-end=\"1932\">\n<thead data-start=\"948\" data-end=\"976\">\n<tr data-start=\"948\" data-end=\"976\">\n<th data-start=\"948\" data-end=\"966\" data-col-size=\"sm\">Caract\u00e9ristiques<\/th>\n<th data-start=\"966\" data-end=\"976\" data-col-size=\"lg\">D\u00e9tail<\/th>\n<\/tr>\n<\/thead>\n<tbody data-start=\"987\" data-end=\"1932\">\n<tr data-start=\"987\" data-end=\"1005\">\n<td data-start=\"987\" data-end=\"996\" data-col-size=\"sm\">Marque<\/td>\n<td data-start=\"996\" data-end=\"1005\" data-col-size=\"lg\">Stiga<\/td>\n<\/tr>\n<tr data-start=\"1006\" data-end=\"1031\">\n<td data-start=\"1006\" data-end=\"1015\" data-col-size=\"sm\">Mod\u00e8le<\/td>\n<td data-start=\"1015\" data-end=\"1031\" data-col-size=\"lg\">Combi 753 SE<\/td>\n<\/tr>\n<tr data-start=\"1032\" data-end=\"1073\">\n<td data-start=\"1032\" data-end=\"1039\" data-col-size=\"sm\">Taper<\/td>\n<td data-start=\"1039\" data-end=\"1073\" data-col-size=\"lg\">Tondeuse \u00e0 essence autotract\u00e9e<\/td>\n<\/tr>\n<tr data-start=\"1074\" data-end=\"1116\">\n<td data-start=\"1074\" data-end=\"1083\" data-col-size=\"sm\">Moteur<\/td>\n<td data-start=\"1083\" data-end=\"1116\" data-col-size=\"lg\">Essence OHV (Stiga ST 170 LS)<\/td>\n<\/tr>\n<tr data-start=\"1117\" data-end=\"1140\">\n<td data-start=\"1117\" data-end=\"1129\" data-col-size=\"sm\">Cylindree<\/td>\n<td data-start=\"1129\" data-end=\"1140\" data-col-size=\"lg\">166 cm\u00b3<\/td>\n<\/tr>\n<tr data-start=\"1141\" data-end=\"1195\">\n<td data-start=\"1141\" data-end=\"1159\" data-col-size=\"sm\">Puissance nette<\/td>\n<td data-start=\"1159\" data-end=\"1195\" data-col-size=\"lg\">Environ 2,6 kW \u00e0 2 900 tours\/min<\/td>\n<\/tr>\n<tr data-start=\"1196\" data-end=\"1231\">\n<td data-start=\"1196\" data-end=\"1208\" data-col-size=\"sm\">D\u00e9marrage<\/td>\n<td data-col-size=\"lg\" data-start=\"1208\" data-end=\"1231\">\u00c9lectrique (bouton)<\/td>\n<\/tr>\n<tr data-start=\"1232\" data-end=\"1260\">\n<td data-start=\"1232\" data-end=\"1251\" data-col-size=\"sm\">Largeur de mignonne<\/td>\n<td data-start=\"1251\" data-end=\"1260\" data-col-size=\"lg\">51 cm<\/td>\n<\/tr>\n<tr data-start=\"1261\" data-end=\"1331\">\n<td data-start=\"1261\" data-end=\"1280\" data-col-size=\"sm\">Hauteur de coupe<\/td>\n<td data-col-size=\"lg\" data-start=\"1280\" data-end=\"1331\">De 22 \u00e0 80 mm, r\u00e9glage centralis\u00e9 (6 positions)<\/td>\n<\/tr>\n<tr data-start=\"1332\" data-end=\"1418\">\n<td data-start=\"1332\" data-end=\"1349\" data-col-size=\"sm\">Modes de coupe<\/td>\n<td data-start=\"1349\" data-end=\"1418\" data-col-size=\"lg\">Ramassage, mulching, \u00e9jection lat\u00e9rale, \u00e9jection arri\u00e8re (4-en-1)<\/td>\n<\/tr>\n<tr data-start=\"1419\" data-end=\"1495\">\n<td data-start=\"1419\" data-end=\"1450\" data-col-size=\"sm\">Capacit\u00e9 du bac de ramassage<\/td>\n<td data-start=\"1450\" data-end=\"1495\" data-col-size=\"lg\">60 litres, avec indicateur de remplissage<\/td>\n<\/tr>\n<tr data-start=\"1496\" data-end=\"1564\">\n<td data-start=\"1496\" data-end=\"1512\" data-col-size=\"sm\">Roues arri\u00e8re<\/td>\n<td data-col-size=\"lg\" data-start=\"1512\" data-end=\"1564\">Grandes, environ 280 mm, pour meilleure traction<\/td>\n<\/tr>\n<tr data-start=\"1565\" data-end=\"1605\">\n<td data-start=\"1565\" data-end=\"1586\" data-col-size=\"sm\">Carrosserie \/ Deck<\/td>\n<td data-start=\"1586\" data-end=\"1605\" data-col-size=\"lg\">Acier galvanis\u00e9<\/td>\n<\/tr>\n<tr data-start=\"1606\" data-end=\"1634\">\n<td data-start=\"1606\" data-end=\"1614\" data-col-size=\"sm\">Poids<\/td>\n<td data-start=\"1614\" data-end=\"1634\" data-col-size=\"lg\">Environ 36-40 kg<\/td>\n<\/tr>\n<tr data-start=\"1635\" data-end=\"1696\">\n<td data-start=\"1635\" data-end=\"1657\" data-col-size=\"sm\">Surface recommand\u00e9e<\/td>\n<td data-start=\"1657\" data-end=\"1696\" data-col-size=\"lg\">Jusqu\u2019\u00e0 ~ 1 800 m\u00b2 selon conditions<\/td>\n<\/tr>\n<\/tbody>\n<\/table>\n<\/div>\n<\/div>","protected":false},"excerpt":{"rendered":"<p>Description du produit La Stiga Combi 753 SE est une tondeuse \u00e0 essence autotract\u00e9e puissante, con\u00e7ue pour les grands jardins.<\/p>","protected":false},"featured_media":19572,"template":"","meta":[],"product_brand":[],"product_cat":[64],"product_tag":[65],"product_country":[1503],"class_list":{"0":"post-340","1":"product","2":"type-product","3":"status-publish","4":"has-post-thumbnail","6":"product_cat-movers","7":"product_tag-movers","8":"product_country-france","10":"first","11":"instock","12":"sale","13":"taxable","14":"shipping-taxable","15":"purchasable","16":"product-type-simple"},"_links":{"self":[{"href":"https:\/\/routinesfashione.com\/fr\/wp-json\/wp\/v2\/product\/340","targetHints":{"allow":["GET"]}}],"collection":[{"href":"https:\/\/routinesfashione.com\/fr\/wp-json\/wp\/v2\/product"}],"about":[{"href":"https:\/\/routinesfashione.com\/fr\/wp-json\/wp\/v2\/types\/product"}],"wp:featuredmedia":[{"embeddable":true,"href":"https:\/\/routinesfashione.com\/fr\/wp-json\/wp\/v2\/media\/19572"}],"wp:attachment":[{"href":"https:\/\/routinesfashione.com\/fr\/wp-json\/wp\/v2\/media?parent=340"}],"wp:term":[{"taxonomy":"product_brand","embeddable":true,"href":"https:\/\/routinesfashione.com\/fr\/wp-json\/wp\/v2\/product_brand?post=340"},{"taxonomy":"product_cat","embeddable":true,"href":"https:\/\/routinesfashione.com\/fr\/wp-json\/wp\/v2\/product_cat?post=340"},{"taxonomy":"product_tag","embeddable":true,"href":"https:\/\/routinesfashione.com\/fr\/wp-json\/wp\/v2\/product_tag?post=340"},{"taxonomy":"product_country","embeddable":true,"href":"https:\/\/routinesfashione.com\/fr\/wp-json\/wp\/v2\/product_country?post=340"}],"curies":[{"name":"wp","href":"https:\/\/api.w.org\/{rel}","templated":true}]}}