{"id":3457,"date":"2025-09-30T20:37:00","date_gmt":"2025-09-30T20:37:00","guid":{"rendered":"https:\/\/lightgray-crow-170497.hostingersite.com\/?post_type=product&#038;p=3457"},"modified":"2025-09-30T20:37:00","modified_gmt":"2025-09-30T20:37:00","slug":"canopia-tonnelle-de-jardin-fermee-ledro-gris-360-x-360","status":"publish","type":"product","link":"https:\/\/routinesfashione.com\/fr\/produit\/canopia-tonnelle-de-jardin-fermee-ledro-gris-360-x-360\/","title":{"rendered":"Auvent Tonnelle de jardin ferm\u00e9e Ledro Gris 360 x 360"},"content":{"rendered":"<h3 data-start=\"158\" data-end=\"193\"><strong data-start=\"165\" data-end=\"191\">Description du produit<\/strong><\/h3>\n<p data-start=\"194\" data-end=\"533\">La <strong data-start=\"197\" data-end=\"232\">tonnelle de jardin ferm\u00e9e Ledro<\/strong> de <strong data-start=\"236\" data-end=\"247\">Canopia<\/strong> transforme votre espace ext\u00e9rieur en <strong data-start=\"285\" data-end=\"311\">v\u00e9ritable pi\u00e8ce de vie<\/strong> utilisable toute l\u2019ann\u00e9e. Avec ses <strong data-start=\"347\" data-end=\"388\">dimensions g\u00e9n\u00e9reuses de 360 x 360 cm<\/strong>, sa <strong data-start=\"393\" data-end=\"414\">structure robuste<\/strong> et ses <strong data-start=\"422\" data-end=\"441\">panneaux ferm\u00e9s<\/strong>, elle offre un confort optimal tout en vous prot\u00e9geant du vent, de la pluie et du soleil.<\/p>\n<p data-start=\"535\" data-end=\"733\">Soleil <strong data-start=\"539\" data-end=\"562\">design contemporain<\/strong> et sa <strong data-start=\"569\" data-end=\"597\">finition gris anthracite<\/strong> s\u2019int\u00e8grent parfaitement \u00e0 tout style d\u2019am\u00e9nagement ext\u00e9rieur, cr\u00e9ant un lieu convivial pour recevoir, se d\u00e9tendre ou abriter un spa.<\/p>\n<hr data-start=\"735\" data-end=\"738\" \/>\n<h3 data-start=\"740\" data-end=\"780\"><strong data-start=\"747\" data-end=\"778\">Caract\u00e9ristiques techniques<\/strong><\/h3>\n<ul data-start=\"782\" data-end=\"1694\">\n<li data-start=\"782\" data-end=\"816\">\n<p data-start=\"784\" data-end=\"816\"><strong data-start=\"784\" data-end=\"794\">Marque<\/strong> : Canopia by Palram<\/p>\n<\/li>\n<li data-start=\"817\" data-end=\"873\">\n<p data-start=\"819\" data-end=\"873\"><strong data-start=\"819\" data-end=\"837\">Nom du produit<\/strong> : Tonnelle de jardin ferm\u00e9e Ledro<\/p>\n<\/li>\n<li data-start=\"874\" data-end=\"907\">\n<p data-start=\"876\" data-end=\"907\"><strong data-start=\"876\" data-end=\"890\">Dimensions<\/strong> : 360 x 360 cm<\/p>\n<\/li>\n<li data-start=\"908\" data-end=\"949\">\n<p data-start=\"910\" data-end=\"949\"><strong data-start=\"910\" data-end=\"918\">Taper<\/strong> : Pavillon \/ tonnelle ferm\u00e9e<\/p>\n<\/li>\n<li data-start=\"950\" data-end=\"1036\">\n<p data-start=\"952\" data-end=\"1036\"><strong data-start=\"952\" data-end=\"965\">Structure<\/strong> : Aluminium thermolaqu\u00e9, r\u00e9sistant \u00e0 la corrosion et aux intemp\u00e9ries<\/p>\n<\/li>\n<li data-start=\"1037\" data-end=\"1081\">\n<p data-start=\"1039\" data-end=\"1081\"><strong data-start=\"1039\" data-end=\"1061\">Couleur \/ finition<\/strong> : Gris anthracite<\/p>\n<\/li>\n<li data-start=\"1082\" data-end=\"1184\">\n<p data-start=\"1084\" data-end=\"1184\"><strong data-start=\"1084\" data-end=\"1094\">Parois<\/strong> : Panneaux en polycarbonate ou acrylique haute r\u00e9sistance (selon mod\u00e8le), protection UV<\/p>\n<\/li>\n<li data-start=\"1185\" data-end=\"1272\">\n<p data-start=\"1187\" data-end=\"1272\"><strong data-start=\"1187\" data-end=\"1195\">Toit<\/strong> : Panneaux polycarbonate double paroi, translucides, filtrant 100 % des UV<\/p>\n<\/li>\n<li data-start=\"1273\" data-end=\"1319\">\n<p data-start=\"1275\" data-end=\"1319\"><strong data-start=\"1275\" data-end=\"1284\">Style<\/strong> : Contemporain, sobre et \u00e9l\u00e9gant<\/p>\n<\/li>\n<\/ul>","protected":false},"excerpt":{"rendered":"<p>Description du produit La tonnelle de jardin ferm\u00e9e Ledro de Canopia transforme votre espace ext\u00e9rieur en v\u00e9ritable pi\u00e8ce de vie<\/p>","protected":false},"featured_media":15414,"template":"","meta":[],"product_brand":[],"product_cat":[61],"product_tag":[1514],"product_country":[1503],"class_list":{"0":"post-3457","1":"product","2":"type-product","3":"status-publish","4":"has-post-thumbnail","6":"product_cat-sale-france","7":"product_tag-sale-france","8":"product_country-france","10":"first","11":"instock","12":"sale","13":"taxable","14":"shipping-taxable","15":"purchasable","16":"product-type-simple"},"_links":{"self":[{"href":"https:\/\/routinesfashione.com\/fr\/wp-json\/wp\/v2\/product\/3457","targetHints":{"allow":["GET"]}}],"collection":[{"href":"https:\/\/routinesfashione.com\/fr\/wp-json\/wp\/v2\/product"}],"about":[{"href":"https:\/\/routinesfashione.com\/fr\/wp-json\/wp\/v2\/types\/product"}],"wp:featuredmedia":[{"embeddable":true,"href":"https:\/\/routinesfashione.com\/fr\/wp-json\/wp\/v2\/media\/15414"}],"wp:attachment":[{"href":"https:\/\/routinesfashione.com\/fr\/wp-json\/wp\/v2\/media?parent=3457"}],"wp:term":[{"taxonomy":"product_brand","embeddable":true,"href":"https:\/\/routinesfashione.com\/fr\/wp-json\/wp\/v2\/product_brand?post=3457"},{"taxonomy":"product_cat","embeddable":true,"href":"https:\/\/routinesfashione.com\/fr\/wp-json\/wp\/v2\/product_cat?post=3457"},{"taxonomy":"product_tag","embeddable":true,"href":"https:\/\/routinesfashione.com\/fr\/wp-json\/wp\/v2\/product_tag?post=3457"},{"taxonomy":"product_country","embeddable":true,"href":"https:\/\/routinesfashione.com\/fr\/wp-json\/wp\/v2\/product_country?post=3457"}],"curies":[{"name":"wp","href":"https:\/\/api.w.org\/{rel}","templated":true}]}}